{"id":7268,"date":"2024-08-17T11:16:19","date_gmt":"2024-08-17T03:16:19","guid":{"rendered":"https:\/\/zojopackaging.com\/?post_type=product&#038;p=7268"},"modified":"2025-03-23T17:52:49","modified_gmt":"2025-03-23T09:52:49","slug":"custom-underwear-paper-boxes","status":"publish","type":"product","link":"https:\/\/zojopackaging.com\/es\/product\/custom-underwear-paper-boxes\/","title":{"rendered":"Cajas de embalaje para ropa interior impresas a medida al por mayor"},"content":{"rendered":"<h1>Cajas de embalaje para ropa interior impresas a medida al por mayor<\/h1>\n<p>Las cajas de empaquetado de ropa interior impresas al por mayor ofrecen una forma \u00fanica y personalizada de presentar la ropa interior como regalo. Estas cajas pueden personalizarse con una gran variedad de dise\u00f1os, colores y acabados para adaptarse a las preferencias del destinatario o a la ocasi\u00f3n. Tanto si regala ropa interior como regalo de cumplea\u00f1os, de San Valent\u00edn o simplemente como detalle sorpresa, estas cajas a\u00f1aden un toque especial que har\u00e1 que el regalo sea a\u00fan m\u00e1s memorable. Las cajas est\u00e1n fabricadas con materiales duraderos que protegen la ropa interior y mantienen su mejor aspecto. Con las cajas de regalo personalizadas para ropa interior, puede hacer un regalo pr\u00e1ctico y c\u00f3modo a la vez que a\u00f1ade un toque personal y elegante.<\/p>\n<ul class=\"product-descript fn-clear\">\n<li><strong>Material principal<\/strong>Cartulina de 1-2 mm, cartulina marfil, cartulina blanca con fondo gris + papel art\u00edstico, papel complejo de protecci\u00f3n medioambiental, papel kraft, sin madera, papel de tipo especial<\/li>\n<li><strong>Talla<\/strong>Seg\u00fan los requisitos espec\u00edficos de los clientes.<\/li>\n<li><strong>Impresi\u00f3n<\/strong>: Colores Pantone y el proceso com\u00fan de 4 colores (CMYK) o 1C 100% Cobertura de tinta+Logotipo<\/li>\n<li><strong>Obras de arte<\/strong>obras de arte dise\u00f1adas por el cliente son bienvenidos, podemos dise\u00f1ar obras de arte que siguen sus comentarios tambi\u00e9n<\/li>\n<li><strong>Formato del logotipo\/obra de arte<\/strong>: 300DPI; PDF, AI, Corel Draw, etc.<\/li>\n<li><strong>Eliminaci\u00f3n en superficie<\/strong>Laminado brillante, laminado mate, barniz, esmalte parcial, lacado UV, bronceado, impresi\u00f3n, relieve, UV localizado<\/li>\n<li>Embalaje por cart\u00f3n corrugado con el desecante, controlar el peso por debajo de 20kgs , o personalizado<\/li>\n<li>Se utiliza para la ropa interior, traje de bikini, trajes de PVC, sujetadores y bragas Sexy Clubwear, Bustiers y cors\u00e9s, calcetines, guantes, bufanda, corbata ...<\/li>\n<li><strong>Cantidad normal para pedidos peque\u00f1os<\/strong>2000 piezas por estilo\/tama\u00f1o\/artwork. (A consultar)<\/li>\n<li><strong>Plazos de entrega<\/strong>tiempo de la muestra: 10 d\u00edas y tiempo del producto: 15-25days despu\u00e9s de confirmar todo, base en su cantidad<\/li>\n<\/ul>\n<p>Arriba es un producto de grupo de\u00a0<strong>cajas de regalo para ropa interior<\/strong>.<\/p>\n<p>Podemos crear varias cajas de regalo r\u00edgidas para ropa interior.<\/p>\n<p>Tambi\u00e9n se pueden ofrecer servicios OEM para satisfacer las necesidades de diversos clientes.<\/p>\n<p>Si necesita m\u00e1s ayuda, no dude en ponerse en contacto con nosotros.<\/p>\n<p>&nbsp;<\/p>","protected":false},"excerpt":{"rendered":"<p>Personalizaci\u00f3n directa por fabricantes chinos, m\u00faltiples tallas para adaptarse a todo tipo de prendas, alto rendimiento de costes, muestras gratuitas y servicios de dise\u00f1o.<\/p>","protected":false},"featured_media":7514,"template":"","meta":[],"product_brand":[],"product_cat":[30,414,430],"product_tag":[490,491,489],"class_list":{"0":"post-7268","1":"product","2":"type-product","3":"status-publish","4":"has-post-thumbnail","6":"product_cat-by-industry","7":"product_cat-custom-apparel-boxes","8":"product_cat-folding-cartons","9":"product_tag-custom-underwear-panty-packaging","10":"product_tag-underwear-packaging-wholesale","11":"product_tag-underwear-panty-packaging","13":"first","14":"instock","15":"shipping-taxable","16":"product-type-simple"},"_links":{"self":[{"href":"https:\/\/zojopackaging.com\/es\/wp-json\/wp\/v2\/product\/7268","targetHints":{"allow":["GET"]}}],"collection":[{"href":"https:\/\/zojopackaging.com\/es\/wp-json\/wp\/v2\/product"}],"about":[{"href":"https:\/\/zojopackaging.com\/es\/wp-json\/wp\/v2\/types\/product"}],"version-history":[{"count":3,"href":"https:\/\/zojopackaging.com\/es\/wp-json\/wp\/v2\/product\/7268\/revisions"}],"predecessor-version":[{"id":8069,"href":"https:\/\/zojopackaging.com\/es\/wp-json\/wp\/v2\/product\/7268\/revisions\/8069"}],"wp:featuredmedia":[{"embeddable":true,"href":"https:\/\/zojopackaging.com\/es\/wp-json\/wp\/v2\/media\/7514"}],"wp:attachment":[{"href":"https:\/\/zojopackaging.com\/es\/wp-json\/wp\/v2\/media?parent=7268"}],"wp:term":[{"taxonomy":"product_brand","embeddable":true,"href":"https:\/\/zojopackaging.com\/es\/wp-json\/wp\/v2\/product_brand?post=7268"},{"taxonomy":"product_cat","embeddable":true,"href":"https:\/\/zojopackaging.com\/es\/wp-json\/wp\/v2\/product_cat?post=7268"},{"taxonomy":"product_tag","embeddable":true,"href":"https:\/\/zojopackaging.com\/es\/wp-json\/wp\/v2\/product_tag?post=7268"}],"curies":[{"name":"wp","href":"https:\/\/api.w.org\/{rel}","templated":true}]}}