{"id":7376,"date":"2024-08-23T10:53:32","date_gmt":"2024-08-23T02:53:32","guid":{"rendered":"https:\/\/zojopackaging.com\/?post_type=product&#038;p=7376"},"modified":"2025-03-24T18:42:09","modified_gmt":"2025-03-24T10:42:09","slug":"custom-cbd-tincture-boxes","status":"publish","type":"product","link":"https:\/\/zojopackaging.com\/es\/product\/custom-cbd-tincture-boxes\/","title":{"rendered":"Almac\u00e9n de envases de cannabis CBD con impresi\u00f3n personalizada de marca"},"content":{"rendered":"<h1>Almac\u00e9n de envases de cannabis CBD con impresi\u00f3n personalizada de marca<\/h1>\n<p>Las cajas personalizadas para tintura de CBD est\u00e1n consideradas como una de las soluciones de envasado m\u00e1s vers\u00e1tiles de la industria del cannabis. Gracias a su protecci\u00f3n extremadamente eficaz, son capaces de mantener y proteger la calidad del producto. Junto con la protecci\u00f3n, tambi\u00e9n vienen en numerosas formas y dise\u00f1os que pueden mejorar la presentaci\u00f3n de sus productos.<\/p>\n<h3>Experiencia en la fabricaci\u00f3n de servicios con <a href=\"https:\/\/zojopackaging.com\/es\/categoria-producto\/custom-e-cigarette-box\/\">Cajas de CBD personalizadas<\/a><\/h3>\n<p>Para que los envases de sus productos llamen la atenci\u00f3n, permiti\u00e9ndole incorporar su logotipo, los colores de su marca y elementos de dise\u00f1o para influir en las decisiones de compra de los consumidores, sus cajas personalizadas pueden dise\u00f1arse para destacar en el lineal y atraer la atenci\u00f3n, fomentando as\u00ed el reconocimiento y la fidelidad a su marca.<\/p>\n<h3><strong>Cajas de CBD personalizadas con dise\u00f1os y estampados \u00fanicos<\/strong><\/h3>\n<p>Es decir <a href=\"https:\/\/zojoprint.en.alibaba.com\/productgrouplist-941131925\/Child_Resistant_Packaging_Box.html\" target=\"_blank\" rel=\"noopener\">Envases de CBD<\/a> ayudan a los fabricantes de productos de CBD a enviar sus productos a los clientes de forma segura. Utilizamos material de embalaje de alta calidad en la producci\u00f3n de estas cajas de CBD Tincture, que garantizan la seguridad de los productos medicinales envasados en su interior. Puede pedirnos que imprimamos los detalles necesarios (ingredientes, fecha de caducidad, modo de empleo, etc.) en las cajas con su marca o logotipo espec\u00edfico para que su nombre sea conocido en el mercado. Estos envases de CBD para tintura impresos a medida pueden hacer que una marca de CBD reci\u00e9n lanzada llame la atenci\u00f3n de los compradores potenciales.<\/p>\n<h3><strong>Cajas de CBD personalizadas econ\u00f3micas al por mayor<\/strong><\/h3>\n<p>Las cajas de tintura de CBD personalizadas se consideran una soluci\u00f3n de envasado asequible y personalizada en la industria del cannabis. Permiten a los comerciantes dise\u00f1ar cajas de envasado \u00fanicas seg\u00fan la imagen de marca y las caracter\u00edsticas del producto, incluidos el tama\u00f1o, la forma, el color y el material, etc. No s\u00f3lo protege el producto, sino que tambi\u00e9n mejora la imagen de marca y el atractivo en el mercado. Las cajas de tintura de CBD personalizadas al por mayor pueden reducir los costes unitarios.<\/p>\n<h3>Las mejores artesan\u00edas para elegir cajas de tintura de CBD personalizadas<\/h3>\n<p>L\u00e1mina de plata\/oro, UV localizado, barnizado acuoso, laminado mate\/brillante, cristales de ventana, troquelado y mucho m\u00e1s. S\u00f3lo tiene que comunicar a nuestros dise\u00f1adores el dise\u00f1o que desea o pedirles que le den una idea \u00fanica de forma gratuita. No cobramos por estos complementos adicionales si desea solicitarlos.<\/p>\n<p>\u00bfQuiere un presupuesto personalizado gratuito? Chatea con nosotros ahora. Tambi\u00e9n puede ponerse en contacto con nosotros por correo electr\u00f3nico dado id o n\u00famero de tel\u00e9fono. Disfrute de nuestros servicios de calidad y descuentos en una compra al por mayor sin env\u00edo gratuito a trav\u00e9s de EE.UU. y Canad\u00e1.<\/p>\n<div class=\"product-specification-details sp-details-sec active full spec-title-details\">\n<h1><strong>Especificaci\u00f3n<\/strong><\/h1>\n<div class=\"widget block block-static-block\">\n<div class=\"landing-page-section option-bottom\">\n<div class=\"custom-materials-tabs-content container container-adjustment\">\n<div class=\"custom-materials-tab-content active\">\n<div class=\"widget block block-static-block\">\n<div class=\"options-items\">\n<div class=\"flex-grid-row-option\">\n<div class=\"flex-grid-item-option\">\n<div class=\"material-box\">\n<div class=\"material-des\">\n<table width=\"1070\">\n<tbody>\n<tr>\n<td width=\"373\">Dimensiones<\/td>\n<td width=\"373\">Todos los tama\u00f1os y formas personalizados<\/td>\n<\/tr>\n<tr>\n<td width=\"373\">MOQ<\/td>\n<td width=\"373\">500 uds (muestra de apoyo control de calidad\uff09<\/td>\n<\/tr>\n<tr>\n<td width=\"373\">Tiempo de muestreo<\/td>\n<td width=\"373\">3-5 d\u00edas laborables<\/td>\n<\/tr>\n<tr>\n<td width=\"373\">Proceso por defecto<\/td>\n<td width=\"373\">Troquelado, encolado, rayado, perforaci\u00f3n<\/td>\n<\/tr>\n<tr>\n<td width=\"373\">Impresi\u00f3n<\/td>\n<td width=\"373\">Cmyk, pms, sin impresi\u00f3n<\/td>\n<\/tr>\n<tr>\n<td width=\"373\">Material Opci\u00f3n<\/td>\n<td width=\"373\">Papel cart\u00f3n blanco, papel estucado, papel art\u00edstico, papel kraft, cart\u00f3n marfil, cart\u00f3n d\u00faplex, papel especial, etc.<\/td>\n<\/tr>\n<tr>\n<td width=\"373\">Acabado de superficies<\/td>\n<td width=\"373\">Laminado mate\/brillante, estampado en relieve, gofrado, estampado en caliente, etc.<\/td>\n<\/tr>\n<tr>\n<td width=\"373\">Uso industrial<\/td>\n<td width=\"373\">cosm\u00e9ticos, perfumes, prendas de vestir, joyas, tabaco, alimentos, regalos y productos de consumo diario,<\/td>\n<\/tr>\n<tr>\n<td width=\"373\">Control de calidad<\/td>\n<td width=\"373\">El equipo avanzado y el equipo experimentado del control de calidad comprobar\u00e1n el material, los productos semielaborados y acabados terminantemente en cada paso antes de que<\/td>\n<\/tr>\n<tr>\n<td width=\"373\">Precio<\/td>\n<td width=\"373\">El precio final se adaptar\u00e1 a su producto y a la cantidad que necesite<\/td>\n<\/tr>\n<tr>\n<td width=\"373\">Plazo de entrega<\/td>\n<td width=\"373\">7-14 d\u00edas laborables<\/td>\n<\/tr>\n<tr>\n<td width=\"373\">Papel<\/td>\n<td width=\"373\">De 10pt a 28pt (de 60lb a 400lb) Kraft ecol\u00f3gico, corrugado e-flute, cart\u00f3n bux, cartulina<\/td>\n<\/tr>\n<tr>\n<td width=\"373\">Formato de las ilustraciones<\/td>\n<td width=\"373\">JPG, PDF, AI, CDR, EPS, GIF....<\/td>\n<\/tr>\n<tr>\n<td width=\"373\">Accesorios<\/td>\n<td width=\"373\">Im\u00e1n, cinta, forma EVA , bandeja de pl\u00e1stico, esponja, ventana de PVC\/PET\/PP,...<\/td>\n<\/tr>\n<tr>\n<td width=\"373\">Plazo de pago<\/td>\n<td width=\"373\">T\/T, Western Union, Paypal, 30% de dep\u00f3sito y 70% de saldo antes del env\u00edo.<\/td>\n<\/tr>\n<\/tbody>\n<\/table>\n<\/div>\n<\/div>\n<\/div>\n<\/div>\n<\/div>\n<\/div>\n<\/div>\n<\/div>\n<\/div>\n<\/div>\n<\/div>","protected":false},"excerpt":{"rendered":"<ul>\n<li>MOQ: 500 piezas<\/li>\n<li>Plazo de entrega:7-14 d\u00edas laborables , Rush<\/li>\n<li>Dimensiones a medida (di\u00e1metro x altura)<\/li>\n<li>Impresi\u00f3n personalizada<\/li>\n<li>Ecol\u00f3gico, reciclable y sin pl\u00e1stico<\/li>\n<li>Precio\uff1aEl precio final se adaptar\u00e1 a su producto y a la cantidad que necesite.<\/li>\n<\/ul>","protected":false},"featured_media":7382,"template":"","meta":[],"product_brand":[],"product_cat":[31,30,420,430],"product_tag":[587,588,589],"class_list":{"0":"post-7376","1":"product","2":"type-product","3":"status-publish","4":"has-post-thumbnail","6":"product_cat-paper-box-style","7":"product_cat-by-industry","8":"product_cat-custom-cannabis-boxes","9":"product_cat-folding-cartons","10":"product_tag-cannabis-cbd-packaging","11":"product_tag-cbd-packaging-warehouse","12":"product_tag-custom-cannabis-packaging","14":"first","15":"instock","16":"shipping-taxable","17":"product-type-simple"},"_links":{"self":[{"href":"https:\/\/zojopackaging.com\/es\/wp-json\/wp\/v2\/product\/7376","targetHints":{"allow":["GET"]}}],"collection":[{"href":"https:\/\/zojopackaging.com\/es\/wp-json\/wp\/v2\/product"}],"about":[{"href":"https:\/\/zojopackaging.com\/es\/wp-json\/wp\/v2\/types\/product"}],"version-history":[{"count":3,"href":"https:\/\/zojopackaging.com\/es\/wp-json\/wp\/v2\/product\/7376\/revisions"}],"predecessor-version":[{"id":8117,"href":"https:\/\/zojopackaging.com\/es\/wp-json\/wp\/v2\/product\/7376\/revisions\/8117"}],"wp:featuredmedia":[{"embeddable":true,"href":"https:\/\/zojopackaging.com\/es\/wp-json\/wp\/v2\/media\/7382"}],"wp:attachment":[{"href":"https:\/\/zojopackaging.com\/es\/wp-json\/wp\/v2\/media?parent=7376"}],"wp:term":[{"taxonomy":"product_brand","embeddable":true,"href":"https:\/\/zojopackaging.com\/es\/wp-json\/wp\/v2\/product_brand?post=7376"},{"taxonomy":"product_cat","embeddable":true,"href":"https:\/\/zojopackaging.com\/es\/wp-json\/wp\/v2\/product_cat?post=7376"},{"taxonomy":"product_tag","embeddable":true,"href":"https:\/\/zojopackaging.com\/es\/wp-json\/wp\/v2\/product_tag?post=7376"}],"curies":[{"name":"wp","href":"https:\/\/api.w.org\/{rel}","templated":true}]}}