{"id":7864,"date":"2025-03-22T15:36:49","date_gmt":"2025-03-22T07:36:49","guid":{"rendered":"https:\/\/zojopackaging.com\/?post_type=product&#038;p=7864"},"modified":"2025-03-22T21:55:19","modified_gmt":"2025-03-22T13:55:19","slug":"premium-quality-custom-perfume-gift-box-from-china-factory","status":"publish","type":"product","link":"https:\/\/zojopackaging.com\/es\/product\/premium-quality-custom-perfume-gift-box-from-china-factory\/","title":{"rendered":"Caja de regalo del perfume de encargo de la calidad superior de la f\u00e1brica de China"},"content":{"rendered":"<p>En el mundo de los perfumes de lujo, la presentaci\u00f3n lo es todo. La primera impresi\u00f3n que causa su perfume suele ser a trav\u00e9s de su envase, que prepara el escenario para la experiencia sensorial posterior. Por eso nos hemos dedicado a crear estuches para perfumes personalizados tan exquisitos y memorables como las fragancias que contienen. Directamente desde nuestra vanguardista f\u00e1brica de China, ofrecemos una soluci\u00f3n de envasado dise\u00f1ada para elevar su marca y cautivar a sus clientes.<\/p>\n<p>Imagine una caja fabricada con cart\u00f3n texturizado de primera calidad, cuya superficie es una delicia al tacto. Imagine su logotipo elegantemente grabado, los colores perfectamente adaptados a la identidad de su marca. En el interior, un inserto de espuma EVA de forma precisa acuna su preciado frasco de perfume, garantizando que llegue sano y salvo y se presente de forma atractiva. No es s\u00f3lo una caja; es una extensi\u00f3n de su marca, una representaci\u00f3n tangible de su compromiso con la calidad y el lujo.<\/p>\n<p>Entendemos que cada fragancia es \u00fanica, y su envase tambi\u00e9n deber\u00eda serlo. Por eso ofrecemos una personalizaci\u00f3n completa, que le permite controlar todos los detalles, desde las dimensiones y los materiales hasta la impresi\u00f3n y los toques finales. Nuestro experimentado equipo trabajar\u00e1 estrechamente con usted, ofreci\u00e9ndole asesoramiento experto y apoyo durante todo el proceso. Nos comprometemos a ofrecer no s\u00f3lo un embalaje excepcional, sino tambi\u00e9n una calidad fiable y un servicio de atenci\u00f3n al cliente inigualable. Desde el concepto inicial hasta la entrega final, nos esforzamos por superar sus expectativas y establecer una colaboraci\u00f3n duradera. Perm\u00edtanos ayudarle a crear una experiencia de envasado que refleje realmente el arte y la elegancia de sus perfumes.<\/p>","protected":false},"excerpt":{"rendered":"<p class=\"ng-star-inserted\"><span class=\"ng-star-inserted\">Elegante caja para perfumes Cierre magn\u00e9tico, personalizaci\u00f3n total. Fabricado en cart\u00f3n texturizado para garantizar su durabilidad. La espuma EVA protectora sujeta la fragancia de forma segura.<\/span><\/p>","protected":false},"featured_media":7853,"template":"","meta":[],"product_brand":[],"product_cat":[31,30,417,424],"product_tag":[329,436,342],"class_list":{"0":"post-7864","1":"product","2":"type-product","3":"status-publish","4":"has-post-thumbnail","6":"product_cat-paper-box-style","7":"product_cat-by-industry","8":"product_cat-custom-perfume-boxes-by-industry","9":"product_cat-magnetic-closure-boxes","10":"product_tag-custom-perfume-box","11":"product_tag-gift-box-factory","12":"product_tag-perfume-gift-box","14":"first","15":"instock","16":"shipping-taxable","17":"product-type-simple"},"_links":{"self":[{"href":"https:\/\/zojopackaging.com\/es\/wp-json\/wp\/v2\/product\/7864","targetHints":{"allow":["GET"]}}],"collection":[{"href":"https:\/\/zojopackaging.com\/es\/wp-json\/wp\/v2\/product"}],"about":[{"href":"https:\/\/zojopackaging.com\/es\/wp-json\/wp\/v2\/types\/product"}],"version-history":[{"count":2,"href":"https:\/\/zojopackaging.com\/es\/wp-json\/wp\/v2\/product\/7864\/revisions"}],"predecessor-version":[{"id":7979,"href":"https:\/\/zojopackaging.com\/es\/wp-json\/wp\/v2\/product\/7864\/revisions\/7979"}],"wp:featuredmedia":[{"embeddable":true,"href":"https:\/\/zojopackaging.com\/es\/wp-json\/wp\/v2\/media\/7853"}],"wp:attachment":[{"href":"https:\/\/zojopackaging.com\/es\/wp-json\/wp\/v2\/media?parent=7864"}],"wp:term":[{"taxonomy":"product_brand","embeddable":true,"href":"https:\/\/zojopackaging.com\/es\/wp-json\/wp\/v2\/product_brand?post=7864"},{"taxonomy":"product_cat","embeddable":true,"href":"https:\/\/zojopackaging.com\/es\/wp-json\/wp\/v2\/product_cat?post=7864"},{"taxonomy":"product_tag","embeddable":true,"href":"https:\/\/zojopackaging.com\/es\/wp-json\/wp\/v2\/product_tag?post=7864"}],"curies":[{"name":"wp","href":"https:\/\/api.w.org\/{rel}","templated":true}]}}