{"id":7867,"date":"2025-03-22T15:47:43","date_gmt":"2025-03-22T07:47:43","guid":{"rendered":"https:\/\/zojopackaging.com\/?post_type=product&#038;p=7867"},"modified":"2025-03-22T21:54:12","modified_gmt":"2025-03-22T13:54:12","slug":"custom-mini-perfume-packaging-box-from-china-wholesale","status":"publish","type":"product","link":"https:\/\/zojopackaging.com\/es\/product\/custom-mini-perfume-packaging-box-from-china-wholesale\/","title":{"rendered":"Personalizado Mini Perfume Caja de embalaje de China al por mayor"},"content":{"rendered":"<p>1. Personalizaci\u00f3n ilimitada, a su gusto:<\/p>\n<p>Personalizaci\u00f3n del tama\u00f1o: Somos muy conscientes de que las muestras de perfume de diferentes marcas y series tienen diferentes tama\u00f1os. Por lo tanto, ofrecemos opciones ilimitadas de tama\u00f1os personalizados. Tanto si se trata de un tama\u00f1o est\u00e1ndar como de especificaciones especiales, podemos satisfacer con precisi\u00f3n sus necesidades y garantizar que las muestras de perfume se ajusten perfectamente.<br \/>\nPersonalizaci\u00f3n de formas: Adem\u00e1s de las formas cuadradas y rectangulares habituales, tambi\u00e9n admitimos una gran variedad de personalizaciones de formas, como tubos de papel y formas especiales, para que su envase sea m\u00e1s creativo y personalizado. Si tiene un concepto de dise\u00f1o \u00fanico, comp\u00e1rtalo con nosotros y haremos todo lo posible por realizarlo.<br \/>\nPersonalizaci\u00f3n del color: Desde la impresi\u00f3n de tarjetas CMYK+1C hasta la personalizaci\u00f3n CMYK, ofrecemos una gran variedad de opciones de color para garantizar que el color de su envase se unifique perfectamente con la marca VI y transmita una imagen de marca coherente.<br \/>\nPersonalizaci\u00f3n del dise\u00f1o: Puede proporcionarnos el borrador de su dise\u00f1o o confiar en nuestro equipo de dise\u00f1o profesional para que se lo personalice. Crearemos un dise\u00f1o de envase \u00fanico basado en el posicionamiento de su marca, las caracter\u00edsticas del producto y el p\u00fablico objetivo para mejorar el valor de la marca.<\/p>\n<p>2. Material de papel especial, tacto extraordinario:<\/p>\n<p>Diversas opciones: Seleccionamos una gran variedad de materiales de papel especiales, entre los que se incluyen:<br \/>\nPapel t\u00e1ctil: La superficie es delicada y suave, el tacto es c\u00e1lido y confortable, y transmite una textura lujosa y de alta gama.<br \/>\nPapel art\u00edstico: Textura rica y colores brillantes, que confieren al envase una atm\u00f3sfera art\u00edstica \u00fanica.<br \/>\nPapel nacarado: La superficie brilla con lustre nacarado, noble y elegante, resaltando la exquisitez y magnificencia del producto.<br \/>\nPapel reciclado respetuoso con el medio ambiente: Verde y respetuoso con el medio ambiente, desarrollo sostenible, que refleja el sentido de responsabilidad social de la marca.<br \/>\nCaracter\u00edsticas personalizadas: Puede elegir diferentes materiales de papel especiales seg\u00fan sus necesidades, y realizar tratamientos especiales como gofrado, relieve, etc., para mejorar a\u00fan m\u00e1s la textura y el efecto visual del envase.<br \/>\nGarant\u00eda de calidad: S\u00f3lo utilizamos papel especial de alta calidad para garantizar una buena imprimibilidad y durabilidad, proteger sus productos y prolongar la vida \u00fatil del envase.<\/p>\n<p>3. Tecnolog\u00eda de estampaci\u00f3n en caliente, el toque final:<\/p>\n<p>Exquisita artesan\u00eda: Utilizamos tecnolog\u00eda avanzada de estampaci\u00f3n en caliente para estampar l\u00e1minas met\u00e1licas en la superficie del envase, lo que produce un efecto brillante y realza el lujo y la calidad del envase.<br \/>\nM\u00faltiples opciones: Ofrecemos una variedad de opciones de color de estampaci\u00f3n en caliente, incluyendo pero no limitado a:<br \/>\nEl oro: Cl\u00e1sico y noble, simboliza la riqueza y el honor.<br \/>\nPlata: Simple y a la moda, resalta un sentido de modernidad y tecnolog\u00eda.<br \/>\nOro rosa: Suave y rom\u00e1ntico, transmite la suavidad y la elegancia de la mujer.<br \/>\nL\u00e1ser dorado: Deslumbrante, llamativo y realza el reconocimiento de los productos.<br \/>\nProcesamiento detallado: Podemos realizar estampaci\u00f3n en caliente fina seg\u00fan su dise\u00f1o, como estampaci\u00f3n en caliente de l\u00edneas, estampaci\u00f3n en caliente de patrones, estampaci\u00f3n en caliente de texto, etc., para hacer que el logotipo de su marca y los elementos de dise\u00f1o destaquen m\u00e1s y mejorar su imagen de marca.<\/p>\n<p>4. Forro de EVA, cuidado seguro:<\/p>\n<p>Troquelado personalizado: Utilizamos tecnolog\u00eda de troquelado de precisi\u00f3n para personalizar el forro exclusivo de EVA de acuerdo con el tama\u00f1o y la forma de su muestra de perfume para garantizar que el producto se coloque firmemente y evitar sacudidas y fricciones.<br \/>\nM\u00faltiples densidades: Ofrecemos opciones de material EVA de diferentes densidades para satisfacer las necesidades de protecci\u00f3n de los distintos productos. El EVA de alta densidad tiene un mejor rendimiento de amortiguaci\u00f3n y es adecuado para productos fr\u00e1giles; el EVA de baja densidad es m\u00e1s blando y adecuado para productos ligeros.<br \/>\nSelecci\u00f3n de colores: Proporcionamos una variedad de colores de material EVA para elegir, de modo que los colores del forro y de la caja exterior est\u00e9n coordinados y unificados, y se mejore la est\u00e9tica general del envase.<br \/>\nProtecci\u00f3n del medio ambiente y seguridad: Los materiales EVA que utilizamos cumplen las normas de protecci\u00f3n medioambiental, no son t\u00f3xicos ni tienen olor, son seguros y fiables.<\/p>\n<p>5. Dise\u00f1o de cierre magn\u00e9tico, experiencia elegante:<\/p>\n<p>Apertura y cierre c\u00f3modos: El dise\u00f1o del interruptor de cierre magn\u00e9tico permite a los usuarios abrir y cerrar f\u00e1cilmente la caja de embalaje sin esfuerzo, lo que mejora la experiencia del usuario.<br \/>\nSeguro y estable: La fuerza magn\u00e9tica es moderada para garantizar que la caja de embalaje est\u00e9 bien cerrada para evitar que el producto se caiga accidentalmente.<br \/>\nDise\u00f1o oculto: El im\u00e1n est\u00e1 oculto dentro de la caja de embalaje, y la apariencia es simple y hermosa, que no afecta el dise\u00f1o general.<\/p>\n<p>6. F\u00e1brica china, garant\u00eda de calidad, entrega a tiempo:<\/p>\n<p>Experiencia: Tenemos muchos a\u00f1os de experiencia en la producci\u00f3n de envases, dominamos la tecnolog\u00eda y los procesos de producci\u00f3n avanzados y garantizamos una calidad de producto estable y fiable.<br \/>\nEstricto control de calidad: Hemos establecido un completo sistema de control de calidad. Desde la adquisici\u00f3n de la materia prima hasta el env\u00edo del producto acabado, cada eslab\u00f3n se inspecciona estrictamente para garantizar que el producto cumple sus requisitos.<br \/>\nCapacidad de producci\u00f3n suficiente: Tenemos suficiente capacidad de producci\u00f3n para satisfacer sus necesidades de producci\u00f3n en masa y garantizar la entrega a tiempo.<br \/>\nComunicaci\u00f3n c\u00f3moda: Como f\u00e1brica china, podemos comunicarnos con usted de forma m\u00e1s c\u00f3moda y eficaz, responder r\u00e1pidamente a sus necesidades y ofrecerle soluciones profesionales.<\/p>\n<p>7. Escenarios aplicables:<\/p>\n<p>Promoci\u00f3n de la marca: Utilice muestras de perfume como regalo, comb\u00ednelas con cajas magn\u00e9ticas personalizadas, mejore la imagen de marca y atraiga a clientes potenciales.<br \/>\nLanzamiento de nuevos productos: Coloque muestras de perfume en exquisitas cajas magn\u00e9ticas como envase de prueba para el lanzamiento de nuevos productos con el fin de atraer a los consumidores a la compra.<br \/>\nRegalos navide\u00f1os: Combina muestras de perfume con cajas magn\u00e9ticas en sets de regalo, y d\u00e1selos a familiares y amigos como regalos navide\u00f1os para expresar tus sentimientos.<br \/>\nVenta al por menor de gama alta: Exponga muestras de perfume en cajas magn\u00e9ticas personalizadas para realzar el valor de los productos y atraer a clientes de gama alta.<\/p>\n<p>Nuestras ventajas:<\/p>\n<p>Personalizaci\u00f3n profesional: Nos centramos en el embalaje a medida y podemos ofrecer soluciones personalizadas seg\u00fan sus necesidades.<br \/>\nExcelente calidad: Controlamos estrictamente cada eslab\u00f3n de la producci\u00f3n para garantizar que la calidad del producto cumpla sus expectativas.<br \/>\nPrecio razonable: Ofrecemos precios competitivos, lo que le permite ahorrar costes mientras disfruta de productos de alta calidad.<br \/>\nServicio esmerado: Nuestro equipo profesional le proporcionar\u00e1 un servicio completo, desde el dise\u00f1o hasta la producci\u00f3n, para ofrecerle la mejor soluci\u00f3n.<\/p>","protected":false},"excerpt":{"rendered":"<p>Caja magn\u00e9tica para muestras de perfume, papel especial con estampado dorado, textura lujosa. Forro de EVA para una protecci\u00f3n estable, admite una personalizaci\u00f3n ilimitada, creando una experiencia de fragancia \u00fanica.<\/p>","protected":false},"featured_media":7880,"template":"","meta":[],"product_brand":[],"product_cat":[31,30,417,424],"product_tag":[222,437,350],"class_list":{"0":"post-7867","1":"product","2":"type-product","3":"status-publish","4":"has-post-thumbnail","6":"product_cat-paper-box-style","7":"product_cat-by-industry","8":"product_cat-custom-perfume-boxes-by-industry","9":"product_cat-magnetic-closure-boxes","10":"product_tag-custom-packaging-box","11":"product_tag-mini-perfume-wholesale","12":"product_tag-perfume-packaging-box","14":"first","15":"instock","16":"shipping-taxable","17":"product-type-simple"},"_links":{"self":[{"href":"https:\/\/zojopackaging.com\/es\/wp-json\/wp\/v2\/product\/7867","targetHints":{"allow":["GET"]}}],"collection":[{"href":"https:\/\/zojopackaging.com\/es\/wp-json\/wp\/v2\/product"}],"about":[{"href":"https:\/\/zojopackaging.com\/es\/wp-json\/wp\/v2\/types\/product"}],"version-history":[{"count":2,"href":"https:\/\/zojopackaging.com\/es\/wp-json\/wp\/v2\/product\/7867\/revisions"}],"predecessor-version":[{"id":7978,"href":"https:\/\/zojopackaging.com\/es\/wp-json\/wp\/v2\/product\/7867\/revisions\/7978"}],"wp:featuredmedia":[{"embeddable":true,"href":"https:\/\/zojopackaging.com\/es\/wp-json\/wp\/v2\/media\/7880"}],"wp:attachment":[{"href":"https:\/\/zojopackaging.com\/es\/wp-json\/wp\/v2\/media?parent=7867"}],"wp:term":[{"taxonomy":"product_brand","embeddable":true,"href":"https:\/\/zojopackaging.com\/es\/wp-json\/wp\/v2\/product_brand?post=7867"},{"taxonomy":"product_cat","embeddable":true,"href":"https:\/\/zojopackaging.com\/es\/wp-json\/wp\/v2\/product_cat?post=7867"},{"taxonomy":"product_tag","embeddable":true,"href":"https:\/\/zojopackaging.com\/es\/wp-json\/wp\/v2\/product_tag?post=7867"}],"curies":[{"name":"wp","href":"https:\/\/api.w.org\/{rel}","templated":true}]}}