{"id":7887,"date":"2025-03-22T16:36:30","date_gmt":"2025-03-22T08:36:30","guid":{"rendered":"https:\/\/zojopackaging.com\/?post_type=product&#038;p=7887"},"modified":"2025-03-22T21:50:19","modified_gmt":"2025-03-22T13:50:19","slug":"luxury-10ml-perfume-set-gift-box-form-china-manufacaturer","status":"publish","type":"product","link":"https:\/\/zojopackaging.com\/es\/product\/luxury-10ml-perfume-set-gift-box-form-china-manufacaturer\/","title":{"rendered":"Lujo 10ml Perfume Set Caja de Regalo forma China Manufacaturer"},"content":{"rendered":"<p>Personalizaci\u00f3n ilimitada, destacando la personalidad: Somos muy conscientes de que cada marca tiene su propia personalidad e historia. Por lo tanto, ofrecemos servicios de personalizaci\u00f3n ilimitados, desde el tama\u00f1o, la forma, el color hasta el patr\u00f3n, la artesan\u00eda, todo se puede personalizar seg\u00fan sus necesidades para garantizar que su envase y su imagen de marca encajen a la perfecci\u00f3n.<br \/>\nPapel estucado C2S, colores vivos: Utilizamos papel estucado C2S de alta calidad con una superficie lisa y brillante y un excelente efecto de impresi\u00f3n, que puede presentar perfectamente su concepto de dise\u00f1o. Combinado con la tecnolog\u00eda de impresi\u00f3n CMYK, la reproducci\u00f3n del color es alta, la imagen es clara y delicada, haciendo que su envase sea visualmente m\u00e1s impactante.<br \/>\nForro de EVA, cuidado perfecto: Utilizamos forro de EVA de alta calidad, que es suave y el\u00e1stico, y puede proteger eficazmente sus muestras de perfume y evitar colisiones y fricciones durante el transporte. La forma del forro puede personalizarse seg\u00fan el tama\u00f1o de su producto para garantizar un ajuste perfecto y una colocaci\u00f3n estable.<br \/>\nF\u00e1brica china, garant\u00eda de calidad: Contamos con una experimentada f\u00e1brica china equipada con avanzados equipos de producci\u00f3n y tecnolog\u00eda, y controlamos estrictamente cada eslab\u00f3n de la producci\u00f3n para garantizar una calidad de producto estable y fiable. Desde la adquisici\u00f3n de materias primas hasta la inspecci\u00f3n del producto acabado, nos esforzamos por alcanzar la excelencia y ofrecerle productos fiables y de alta calidad.<br \/>\nEntrega puntual, cooperaci\u00f3n eficaz: Somos muy conscientes de la importancia del tiempo para el mercado. Por ello, nos comprometemos a entregar a tiempo para garantizar que sus productos puedan lanzarse seg\u00fan lo previsto y aprovechar la oportunidad del mercado. Nuestro eficiente proceso de producci\u00f3n y nuestro profesional equipo de log\u00edstica le ofrecen servicios de entrega seguros y c\u00f3modos.<br \/>\nEfecto maqueta 3D, lo que ve es lo que hay: Ofrecemos el servicio de efecto maqueta en 3D, para que pueda previsualizar claramente el efecto final de la caja de embalaje antes de la producci\u00f3n. Puede observar cuidadosamente desde todos los \u00e1ngulos y ajustar seg\u00fan sea necesario para asegurarse de que la caja de embalaje cumple perfectamente con sus expectativas.<br \/>\nEl papel que utilizamos cuenta con la certificaci\u00f3n FSC, lo que significa que nuestros productos proceden de bosques gestionados de forma sostenible y cumplen las normas medioambientales. Elegir nuestros productos no solo mejorar\u00e1 su imagen de marca, sino que tambi\u00e9n contribuir\u00e1 a proteger la Tierra.<\/p>\n<p>Detalles del producto:<\/p>\n<p>Material: papel estucado C2S de alta calidad<br \/>\nImpresi\u00f3n: Impresi\u00f3n CMYK<br \/>\nForro: Forro de EVA personalizado<br \/>\nProceso: Estampaci\u00f3n en caliente opcional, UV puntual, laminaci\u00f3n y otros procesos de tratamiento de superficies.<br \/>\nCertificaci\u00f3n: Certificado FSC<\/p>\n<p>Caracter\u00edsticas:<br \/>\nCierre magn\u00e9tico de apertura y cierre, c\u00f3modo y bonito<br \/>\nEstructura estable, fuerte protecci\u00f3n<br \/>\nTama\u00f1o, forma, color y dibujo personalizables<br \/>\nEfecto maqueta 3D<\/p>\n<p>Escenarios aplicables:<\/p>\n<p>Lanzamiento de una nueva marca de perfumes<br \/>\nEstuche de regalo para perfume<br \/>\nPromoci\u00f3n de muestras de perfume<br \/>\nEnvases para perfumes de gama alta<\/p>\n<p>Razones para elegirnos:<\/p>\n<p>Servicio profesional de personalizaci\u00f3n: Contamos con un equipo de dise\u00f1o y un equipo de producci\u00f3n profesionales, que pueden ofrecerle una gama completa de servicios personalizados, desde el dise\u00f1o hasta la producci\u00f3n, sin preocupaciones durante todo el proceso.<br \/>\nExcelente garant\u00eda de calidad: Controlamos estrictamente cada eslab\u00f3n de la producci\u00f3n para garantizar una calidad estable y fiable del producto, para que pueda utilizarlo con confianza.<br \/>\nRespetuosos con el medio ambiente y sostenibles: Utilizamos papel con certificaci\u00f3n FSC, apoyamos la gesti\u00f3n sostenible de los bosques y contribuimos a proteger la Tierra.<br \/>\nEntrega eficaz y puntual: Contamos con un proceso de producci\u00f3n eficiente y un equipo de log\u00edstica profesional para garantizar que su pedido pueda entregarse a tiempo.<br \/>\nPrecio competitivo: Contamos con un completo sistema de cadena de suministro y un sistema de control de costes, que pueden ofrecerle precios competitivos y proporcionarle un mayor rendimiento de costes.<\/p>","protected":false},"excerpt":{"rendered":"<p>Caja magn\u00e9tica para muestras de perfume, impresi\u00f3n CMYK en papel estucado, personalizaci\u00f3n ilimitada, con forro de EVA. Exquisito y seguro, cree su propio estilo de fragancia.<\/p>","protected":false},"featured_media":7888,"template":"","meta":[],"product_brand":[],"product_cat":[31,30,417,424],"product_tag":[438,333,439],"class_list":{"0":"post-7887","1":"product","2":"type-product","3":"status-publish","4":"has-post-thumbnail","6":"product_cat-paper-box-style","7":"product_cat-by-industry","8":"product_cat-custom-perfume-boxes-by-industry","9":"product_cat-magnetic-closure-boxes","10":"product_tag-10ml-perfume-set-gift-box","11":"product_tag-luxury-perfume-box","12":"product_tag-perfume-box-manufacaturer","14":"first","15":"instock","16":"shipping-taxable","17":"product-type-simple"},"_links":{"self":[{"href":"https:\/\/zojopackaging.com\/es\/wp-json\/wp\/v2\/product\/7887","targetHints":{"allow":["GET"]}}],"collection":[{"href":"https:\/\/zojopackaging.com\/es\/wp-json\/wp\/v2\/product"}],"about":[{"href":"https:\/\/zojopackaging.com\/es\/wp-json\/wp\/v2\/types\/product"}],"version-history":[{"count":2,"href":"https:\/\/zojopackaging.com\/es\/wp-json\/wp\/v2\/product\/7887\/revisions"}],"predecessor-version":[{"id":7977,"href":"https:\/\/zojopackaging.com\/es\/wp-json\/wp\/v2\/product\/7887\/revisions\/7977"}],"wp:featuredmedia":[{"embeddable":true,"href":"https:\/\/zojopackaging.com\/es\/wp-json\/wp\/v2\/media\/7888"}],"wp:attachment":[{"href":"https:\/\/zojopackaging.com\/es\/wp-json\/wp\/v2\/media?parent=7887"}],"wp:term":[{"taxonomy":"product_brand","embeddable":true,"href":"https:\/\/zojopackaging.com\/es\/wp-json\/wp\/v2\/product_brand?post=7887"},{"taxonomy":"product_cat","embeddable":true,"href":"https:\/\/zojopackaging.com\/es\/wp-json\/wp\/v2\/product_cat?post=7887"},{"taxonomy":"product_tag","embeddable":true,"href":"https:\/\/zojopackaging.com\/es\/wp-json\/wp\/v2\/product_tag?post=7887"}],"curies":[{"name":"wp","href":"https:\/\/api.w.org\/{rel}","templated":true}]}}