{"id":7895,"date":"2025-03-22T16:55:29","date_gmt":"2025-03-22T08:55:29","guid":{"rendered":"https:\/\/zojopackaging.com\/?post_type=product&#038;p=7895"},"modified":"2025-03-22T21:46:34","modified_gmt":"2025-03-22T13:46:34","slug":"custom-cosmetic-collapsible-rigid-gift-boxes-from-wholesale","status":"publish","type":"product","link":"https:\/\/zojopackaging.com\/es\/product\/custom-cosmetic-collapsible-rigid-gift-boxes-from-wholesale\/","title":{"rendered":"Cajas de regalo r\u00edgidas plegables para cosm\u00e9ticos al por mayor"},"content":{"rendered":"<p>Posibilidades ilimitadas, personalizadas a voluntad: Proporcionamos servicios de personalizaci\u00f3n ilimitados, tama\u00f1o, forma, color, patr\u00f3n, todo se puede personalizar seg\u00fan sus necesidades. Ya sea sencillo y a la moda, o lujoso y elegante, podemos crear para usted un envase \u00fanico que se adapte perfectamente a su imagen de marca.<br \/>\nMaterial de papel art\u00edstico estucado C2S, colores brillantes: Utilizamos papel estucado C2S de alta calidad con una superficie suave y delicada y un excelente efecto de impresi\u00f3n. Combinado con la tecnolog\u00eda de impresi\u00f3n CMYK, la reproducci\u00f3n del color es alta y la imagen es clara y viva, lo que hace que su envase sea visualmente m\u00e1s impactante y atraiga eficazmente la atenci\u00f3n de los consumidores.<\/p>\n<p>Cajas de regalo plegables, que ahorran espacio: Las cajas de regalo plegables est\u00e1n ingeniosamente dise\u00f1adas, con amplio espacio despu\u00e9s de desplegarse para acomodar varios cosm\u00e9ticos. Despu\u00e9s de plegarse, es de tama\u00f1o peque\u00f1o, f\u00e1cil de transportar y almacenar, y ahorra costes de forma eficaz.<br \/>\nMuestras gratuitas, experiencia garantizada: Para que pueda comprender la calidad y el servicio de nuestros productos de forma m\u00e1s intuitiva, ofrecemos servicios de muestras gratuitas. Usted puede experimentar nuestros materiales, la artesan\u00eda y el dise\u00f1o en persona para asegurarse de que la caja de embalaje cumple perfectamente con sus expectativas.<br \/>\nProveedores chinos, ventajas en costes: Somos un proveedor chino profesional con un sistema de producci\u00f3n completo y un sistema de cadena de suministro, que puede ofrecerle precios competitivos, lo que le permite ahorrar costes mientras disfruta de productos de alta calidad.<br \/>\nEstricto control de calidad, garant\u00eda de calidad: Hemos establecido un completo sistema de control de calidad. Desde la adquisici\u00f3n de materias primas hasta la inspecci\u00f3n del producto acabado, cada eslab\u00f3n se controla estrictamente para garantizar una calidad estable y fiable del producto, para que pueda utilizarlo con confianza.<br \/>\nEntrega puntual, cooperaci\u00f3n eficaz: Somos muy conscientes de la importancia del tiempo. Por ello, nos comprometemos a realizar las entregas a tiempo para garantizar que su pedido pueda completarse a tiempo y no retrase su plan de ventas.<br \/>\nEfecto maqueta 3D, previsualice el futuro: Ofrecemos el servicio de efecto maqueta en 3D, para que pueda previsualizar claramente el efecto final de la caja de embalaje antes de la producci\u00f3n. Puede observar detenidamente desde todos los \u00e1ngulos y realizar los ajustes necesarios para asegurarse de que la caja de embalaje cumple perfectamente sus expectativas.<br \/>\nCertificaci\u00f3n FSC, elecci\u00f3n respetuosa con el medio ambiente: El papel que utilizamos tiene certificaci\u00f3n FSC, lo que significa que nuestros productos proceden de bosques gestionados de forma sostenible y cumplen las normas medioambientales. Elegir nuestros productos no solo puede mejorar su imagen de marca, sino que tambi\u00e9n contribuye a proteger la Tierra.<\/p>\n<p>Detalles del producto:<\/p>\n<p>Material: Papel art\u00edstico estucado C2S de alta calidad<br \/>\nImpresi\u00f3n: Impresi\u00f3n CMYK<br \/>\nEstructura: Cajas de regalo plegables<br \/>\nProceso: Estampaci\u00f3n en caliente opcional, UV localizado, laminaci\u00f3n y otros procesos de acabado<br \/>\nCertificaci\u00f3n: Certificaci\u00f3n FSC<\/p>\n<p>Caracter\u00edsticas:<br \/>\nPlegable, ocupa poco espacio<br \/>\nEstructura estable, gran capacidad de carga<br \/>\nTama\u00f1o, forma, color y dibujo personalizables<br \/>\nEfecto maqueta 3D<\/p>\n<p>Escenarios aplicables:<\/p>\n<p>Embalaje de cajas de regalo para cosm\u00e9ticos<br \/>\nEnvases de sets de cosm\u00e9ticos<br \/>\nEnvases promocionales de cosm\u00e9ticos<br \/>\nEnvases de cosm\u00e9ticos para minoristas<\/p>\n<p>Razones para elegirnos:<\/p>\n<p>Servicio profesional de personalizaci\u00f3n: Contamos con un equipo de dise\u00f1o y un equipo de producci\u00f3n profesionales, que pueden ofrecerle una gama completa de servicios personalizados, desde el dise\u00f1o hasta la producci\u00f3n, sin preocupaciones durante todo el proceso.<br \/>\nExcelente garant\u00eda de calidad: Controlamos estrictamente cada eslab\u00f3n de la producci\u00f3n para garantizar una calidad estable y fiable del producto, para que pueda utilizarlo con confianza.<br \/>\nRespetuosos con el medio ambiente y sostenibles: Utilizamos papel con certificaci\u00f3n FSC, apoyamos la gesti\u00f3n sostenible de los bosques y contribuimos a proteger la Tierra.<br \/>\nEntrega eficaz y puntual: Contamos con un proceso de producci\u00f3n eficiente y un equipo de log\u00edstica profesional para garantizar que su pedido pueda entregarse a tiempo.<br \/>\nPrecios competitivos: Contamos con un completo sistema de cadena de suministro y un sistema de control de costes, que pueden ofrecerle precios competitivos y proporcionarle un mayor rendimiento de costes.<\/p>","protected":false},"excerpt":{"rendered":"<p>Cajas plegables para cosm\u00e9ticos personalizadas, impresi\u00f3n CMYK en papel estucado, colores vivos, tama\u00f1os y dise\u00f1os personalizados ilimitados, \u00a1crea tu propia imagen de marca!<\/p>","protected":false},"featured_media":7896,"template":"","meta":[],"product_brand":[],"product_cat":[31,30,427,390],"product_tag":[440,441,278],"class_list":{"0":"post-7895","1":"product","2":"type-product","3":"status-publish","4":"has-post-thumbnail","6":"product_cat-paper-box-style","7":"product_cat-by-industry","8":"product_cat-collapsible-gift-boxes","9":"product_cat-custom-cosmetics-boxes","10":"product_tag-cosmetic-collapsible-rigid-gift-boxes","11":"product_tag-cosmetic-gift-boxes-wholesale","12":"product_tag-custom-cosmetic-boxes","14":"first","15":"instock","16":"shipping-taxable","17":"product-type-simple"},"_links":{"self":[{"href":"https:\/\/zojopackaging.com\/es\/wp-json\/wp\/v2\/product\/7895","targetHints":{"allow":["GET"]}}],"collection":[{"href":"https:\/\/zojopackaging.com\/es\/wp-json\/wp\/v2\/product"}],"about":[{"href":"https:\/\/zojopackaging.com\/es\/wp-json\/wp\/v2\/types\/product"}],"version-history":[{"count":2,"href":"https:\/\/zojopackaging.com\/es\/wp-json\/wp\/v2\/product\/7895\/revisions"}],"predecessor-version":[{"id":7976,"href":"https:\/\/zojopackaging.com\/es\/wp-json\/wp\/v2\/product\/7895\/revisions\/7976"}],"wp:featuredmedia":[{"embeddable":true,"href":"https:\/\/zojopackaging.com\/es\/wp-json\/wp\/v2\/media\/7896"}],"wp:attachment":[{"href":"https:\/\/zojopackaging.com\/es\/wp-json\/wp\/v2\/media?parent=7895"}],"wp:term":[{"taxonomy":"product_brand","embeddable":true,"href":"https:\/\/zojopackaging.com\/es\/wp-json\/wp\/v2\/product_brand?post=7895"},{"taxonomy":"product_cat","embeddable":true,"href":"https:\/\/zojopackaging.com\/es\/wp-json\/wp\/v2\/product_cat?post=7895"},{"taxonomy":"product_tag","embeddable":true,"href":"https:\/\/zojopackaging.com\/es\/wp-json\/wp\/v2\/product_tag?post=7895"}],"curies":[{"name":"wp","href":"https:\/\/api.w.org\/{rel}","templated":true}]}}