{"id":7914,"date":"2025-03-22T17:20:50","date_gmt":"2025-03-22T09:20:50","guid":{"rendered":"https:\/\/zojopackaging.com\/?post_type=product&#038;p=7914"},"modified":"2025-03-22T17:34:52","modified_gmt":"2025-03-22T09:34:52","slug":"luxury-perfume-packaging-gift-boxes-from-china-supplier","status":"publish","type":"product","link":"https:\/\/zojopackaging.com\/es\/product\/luxury-perfume-packaging-gift-boxes-from-china-supplier\/","title":{"rendered":"Cajas de regalo para el envasado de perfumes de lujo del proveedor de China"},"content":{"rendered":"<p>Personalice su caja como desee: Ofrecemos una amplia gama de opciones de cajas personalizadas, como cajas con tapa, cajas bivalva, cajas caj\u00f3n, cajas con forma de libro, etc., para satisfacer sus necesidades de diferentes estilos y funciones. Si tiene un concepto de dise\u00f1o \u00fanico, tambi\u00e9n podemos adaptarlo para usted y crear un tipo de caja exclusivo.<br \/>\nDise\u00f1adas espec\u00edficamente para cosm\u00e9ticos: Nuestras cajas de embalaje est\u00e1n dise\u00f1adas espec\u00edficamente para cosm\u00e9ticos, teniendo plenamente en cuenta las caracter\u00edsticas del producto y los h\u00e1bitos de uso de los consumidores. Ya sean barras de labios, bases de maquillaje, sombras de ojos o productos para el cuidado de la piel, podemos ofrecerle soluciones de envasado perfectas para proteger el producto y aumentar su valor.<br \/>\nPosibilidades ilimitadas, personalizaci\u00f3n ilimitada: Proporcionamos servicios de personalizaci\u00f3n realmente ilimitados, tama\u00f1o, color, patr\u00f3n, material, todo se puede personalizar seg\u00fan sus necesidades. Puede dar rienda suelta a su creatividad y crear un envase de marca \u00fanico.<br \/>\nMaterial de papel estucado, colores vivos: Utilizamos papel estucado de alta calidad con una superficie suave y delicada y un excelente efecto de impresi\u00f3n. Combinado con la tecnolog\u00eda de impresi\u00f3n CMYK, la reproducci\u00f3n del color es alta y la imagen es clara y viva, lo que hace que su envase sea m\u00e1s impactante visualmente y atraiga eficazmente la atenci\u00f3n de los consumidores.<br \/>\nTecnolog\u00eda de estampaci\u00f3n en caliente, embellecimiento de lujo: Utilizamos una exquisita tecnolog\u00eda de estampaci\u00f3n en caliente para estampar l\u00e1minas met\u00e1licas en la superficie del envase, mostrando un brillo y una textura deslumbrantes. La estampaci\u00f3n en caliente puede aplicarse a logotipos, texto, motivos, etc., realzando al instante el grado y el lujo del envase, haciendo m\u00e1s atractivo su producto.<br \/>\nMuestras gratuitas, experiencia personal: Con el fin de permitirle tener una comprensi\u00f3n m\u00e1s intuitiva de la calidad y la artesan\u00eda de nuestros productos, ofrecemos servicios de muestras gratuitas. Puede experimentar nuestros materiales, artesan\u00eda y dise\u00f1o en persona para asegurarse de que la caja de embalaje cumple perfectamente sus expectativas.<br \/>\nF\u00e1brica de origen en China, ventaja de precio: Somos la f\u00e1brica de origen en China, con un completo sistema de producci\u00f3n y sistema de cadena de suministro, que puede ofrecerle precios muy competitivos, lo que le permite ahorrar costes mientras disfruta de productos de alta calidad.<br \/>\nEstricto control de calidad, excelencia: Hemos establecido un estricto sistema de control de calidad. Desde la adquisici\u00f3n de materias primas hasta la inspecci\u00f3n del producto acabado, cada eslab\u00f3n se controla estrictamente para garantizar que la calidad del producto sea estable y fiable, para que pueda utilizarlo con confianza.<br \/>\nEntrega puntual, eficaz y r\u00e1pida: Somos conscientes de la importancia del tiempo. Por ello, nos comprometemos a realizar las entregas a tiempo para garantizar que su pedido pueda completarse a tiempo y no retrase su plan de ventas.<br \/>\nVisualizaci\u00f3n de efectos 3D, previsualizaci\u00f3n del futuro: Ofrecemos un servicio de visualizaci\u00f3n de efectos en 3D, para que pueda previsualizar claramente el efecto final de la caja de embalaje antes de la producci\u00f3n. Puede observar detenidamente desde todos los \u00e1ngulos y realizar los ajustes necesarios para asegurarse de que la caja de embalaje cumple perfectamente sus expectativas.<br \/>\nDoble certificaci\u00f3n FSC e ISO, compromiso con la protecci\u00f3n del medio ambiente y la calidad: Nuestros productos han superado la certificaci\u00f3n FSC y la certificaci\u00f3n ISO, lo que representa nuestro compromiso con la protecci\u00f3n del medio ambiente y la responsabilidad social, as\u00ed como estrictos requisitos para la calidad del producto y el sistema de gesti\u00f3n.<br \/>\nProducci\u00f3n totalmente automatizada, eficiente y estable Utilizamos equipos de producci\u00f3n totalmente automatizados para lograr un proceso de producci\u00f3n eficiente y estable, mejorar en gran medida la eficiencia de la producci\u00f3n y la calidad del producto, y garantizar que su pedido se pueda completar r\u00e1pidamente y con alta calidad.<\/p>\n<p>Especificaciones del producto:<\/p>\n<p>Material: papel estucado de alta calidad<br \/>\nImpresi\u00f3n: Cuatricrom\u00eda CMYK<br \/>\nProceso: estampaci\u00f3n en caliente, UV, laminaci\u00f3n, gofrado y otros procesos de tratamiento de superficies opcionales.<br \/>\nCertificaci\u00f3n: Certificaci\u00f3n FSC, certificaci\u00f3n ISO<br \/>\nCaracter\u00edsticas:<br \/>\nExisten varios tipos de cajas personalizadas<br \/>\nDise\u00f1ado espec\u00edficamente para cosm\u00e9ticos<br \/>\nTecnolog\u00eda de estampaci\u00f3n en caliente para realzar la textura<br \/>\nProducci\u00f3n totalmente automatizada, eficiente y estable<br \/>\nAdmite visualizaci\u00f3n de efectos 3D<\/p>\n<p>Escenarios aplicables:<\/p>\n<p>Caja de regalo para cosm\u00e9ticos de gama alta<br \/>\nEnvases de sets de cosm\u00e9ticos<br \/>\nLanzamiento de nuevos productos cosm\u00e9ticos<br \/>\nEnvases de cosm\u00e9ticos para minoristas<\/p>\n<p>Razones para elegirnos:<\/p>\n<p>Servicio profesional de personalizaci\u00f3n: Contamos con un equipo de dise\u00f1o y un equipo de producci\u00f3n profesionales, que pueden ofrecerle una gama completa de servicios personalizados, desde el dise\u00f1o hasta la producci\u00f3n, sin preocupaciones durante todo el proceso.<br \/>\nExcelente garant\u00eda de calidad: Controlamos estrictamente cada eslab\u00f3n de la producci\u00f3n para garantizar que la calidad del producto sea estable y fiable, para que pueda utilizarlo con confianza.<br \/>\nVentaja de precio evidente: Somos la f\u00e1brica de origen y podemos ofrecerle el precio m\u00e1s competitivo, lo que le permite obtener un mayor rendimiento de costes.<br \/>\nEntrega eficaz y puntual: Contamos con un proceso de producci\u00f3n eficiente y un equipo de log\u00edstica profesional para garantizar que su pedido pueda entregarse a tiempo.<br \/>\nRespetuoso con el medio ambiente y sostenible: Utilizamos papel con certificaci\u00f3n FSC para apoyar la gesti\u00f3n sostenible de los bosques y contribuir a proteger la Tierra.<\/p>","protected":false},"excerpt":{"rendered":"<p>Caja de regalo para perfumes con tapa superior e inferior, tecnolog\u00eda de estampaci\u00f3n en oro de papel revestido, textura lujosa, tama\u00f1o personalizable ilimitado y logotipo de la marca, para crear envases exclusivos para fragancias.<\/p>","protected":false},"featured_media":7915,"template":"","meta":[],"product_brand":[],"product_cat":[31,30,417,425],"product_tag":[447,445,446],"class_list":{"0":"post-7914","1":"product","2":"type-product","3":"status-publish","4":"has-post-thumbnail","6":"product_cat-paper-box-style","7":"product_cat-by-industry","8":"product_cat-custom-perfume-boxes-by-industry","9":"product_cat-lid-and-base-gift-box","10":"product_tag-luxury-gift-boxes-supplier","11":"product_tag-luxury-perfume-gift-boxes","12":"product_tag-perfume-packaging-gift-boxes","14":"first","15":"instock","16":"shipping-taxable","17":"product-type-simple"},"_links":{"self":[{"href":"https:\/\/zojopackaging.com\/es\/wp-json\/wp\/v2\/product\/7914","targetHints":{"allow":["GET"]}}],"collection":[{"href":"https:\/\/zojopackaging.com\/es\/wp-json\/wp\/v2\/product"}],"about":[{"href":"https:\/\/zojopackaging.com\/es\/wp-json\/wp\/v2\/types\/product"}],"version-history":[{"count":1,"href":"https:\/\/zojopackaging.com\/es\/wp-json\/wp\/v2\/product\/7914\/revisions"}],"predecessor-version":[{"id":7920,"href":"https:\/\/zojopackaging.com\/es\/wp-json\/wp\/v2\/product\/7914\/revisions\/7920"}],"wp:featuredmedia":[{"embeddable":true,"href":"https:\/\/zojopackaging.com\/es\/wp-json\/wp\/v2\/media\/7915"}],"wp:attachment":[{"href":"https:\/\/zojopackaging.com\/es\/wp-json\/wp\/v2\/media?parent=7914"}],"wp:term":[{"taxonomy":"product_brand","embeddable":true,"href":"https:\/\/zojopackaging.com\/es\/wp-json\/wp\/v2\/product_brand?post=7914"},{"taxonomy":"product_cat","embeddable":true,"href":"https:\/\/zojopackaging.com\/es\/wp-json\/wp\/v2\/product_cat?post=7914"},{"taxonomy":"product_tag","embeddable":true,"href":"https:\/\/zojopackaging.com\/es\/wp-json\/wp\/v2\/product_tag?post=7914"}],"curies":[{"name":"wp","href":"https:\/\/api.w.org\/{rel}","templated":true}]}}