{"id":7921,"date":"2025-03-22T17:35:04","date_gmt":"2025-03-22T09:35:04","guid":{"rendered":"https:\/\/zojopackaging.com\/?post_type=product&#038;p=7921"},"modified":"2025-03-22T21:35:43","modified_gmt":"2025-03-22T13:35:43","slug":"gourmet-premium-chocolate-gift-boxes-from-china-manufactur","status":"publish","type":"product","link":"https:\/\/zojopackaging.com\/es\/product\/gourmet-premium-chocolate-gift-boxes-from-china-manufactur\/","title":{"rendered":"Gourmet Premium Chocolate Cajas de regalo de China Manufactur"},"content":{"rendered":"<p>Cajas de cierre magn\u00e9tico cl\u00e1sicas, c\u00f3modas y elegantes: La caja de cierre magn\u00e9tico tiene un dise\u00f1o cl\u00e1sico y atmosf\u00e9rico, y es f\u00e1cil de abrir y cerrar, a\u00f1adiendo una elegante sensaci\u00f3n de ritual a sus productos de chocolate.<br \/>\nProtecci\u00f3n dulce, exclusiva para chocolate: Nuestras cajas de embalaje est\u00e1n dise\u00f1adas espec\u00edficamente para chocolate, teniendo plenamente en cuenta la sensibilidad del chocolate a la temperatura, la humedad y la luz. La selecci\u00f3n de materiales y el dise\u00f1o estructural est\u00e1n pensados para ofrecer la mejor protecci\u00f3n a su chocolate y garantizar su delicioso sabor.<br \/>\nMu\u00e9vase como quiera, personalizaci\u00f3n ilimitada: Proporcionamos servicios de personalizaci\u00f3n realmente ilimitados, y todo, desde el tama\u00f1o, la forma, el color y el patr\u00f3n, puede personalizarse seg\u00fan sus necesidades. Puede dar rienda suelta a su creatividad y crear un envase exclusivo para su marca.<br \/>\nMagn\u00edfica presentaci\u00f3n, material de cartulina: Utilizamos cart\u00f3n de alta calidad con una superficie suave y delicada y un excelente efecto de impresi\u00f3n. Combinado con la tecnolog\u00eda de impresi\u00f3n CMYK, la reproducci\u00f3n del color es alta y la imagen es clara y viva, lo que hace que su envase sea visualmente m\u00e1s impactante y atraiga eficazmente la atenci\u00f3n de los consumidores.<br \/>\nForro de pl\u00e1stico seguro e higi\u00e9nico: Utilizamos forro de pl\u00e1stico de calidad alimentaria, que es seguro e higi\u00e9nico, no t\u00f3xico e inodoro, puede entrar en contacto directo con el chocolate, evitar la contaminaci\u00f3n y garantizar la seguridad alimentaria. La forma del forro se puede personalizar seg\u00fan la forma del chocolate para garantizar que el chocolate se coloque firmemente y no se da\u00f1e f\u00e1cilmente.<br \/>\nMuestras gratuitas, experiencia personal: Con el fin de permitirle tener una comprensi\u00f3n m\u00e1s intuitiva de la calidad y la artesan\u00eda de nuestros productos, ofrecemos servicios de muestras gratuitas. Puede experimentar nuestros materiales, artesan\u00eda y dise\u00f1o en persona para asegurarse de que la caja de embalaje cumple perfectamente sus expectativas.<br \/>\nF\u00e1brica de origen en China, el precio m\u00e1s bajo: Somos la f\u00e1brica de origen en China, con un sistema de producci\u00f3n completo y un sistema de cadena de suministro, que puede proporcionarle el precio m\u00e1s bajo, lo que le permite ahorrar costes mientras disfruta de productos de alta calidad.<br \/>\nEstricto control de calidad, excelencia: Hemos establecido un estricto sistema de control de calidad. Desde la adquisici\u00f3n de materias primas hasta la inspecci\u00f3n del producto acabado, cada eslab\u00f3n se controla estrictamente para garantizar que la calidad del producto sea estable y fiable, para que pueda utilizarlo con confianza.<br \/>\nEfecto maqueta 3D, previsualice el futuro: Ofrecemos el servicio de efecto maqueta en 3D, para que pueda previsualizar claramente el efecto final de la caja de embalaje antes de la producci\u00f3n. Puede observar cuidadosamente desde todos los \u00e1ngulos y ajustar seg\u00fan sea necesario para asegurarse de que la caja de embalaje cumple perfectamente sus expectativas.<br \/>\nCertificaci\u00f3n FSC e ISO, protecci\u00f3n medioambiental y compromiso de calidad: Nuestros productos han superado la certificaci\u00f3n FSC y la certificaci\u00f3n ISO, lo que representa nuestro compromiso con la protecci\u00f3n del medio ambiente y la responsabilidad social, as\u00ed como estrictos requisitos para la calidad del producto y el sistema de gesti\u00f3n.<br \/>\nProducci\u00f3n totalmente automatizada, eficiente y estable Utilizamos equipos de producci\u00f3n totalmente automatizados para lograr un proceso de producci\u00f3n eficiente y estable, mejorando en gran medida la eficiencia de la producci\u00f3n y la calidad del producto, asegurando que su pedido pueda ser completado r\u00e1pidamente y con alta calidad.<br \/>\nEntrega r\u00e1pida de muestras en 3 d\u00edas, respuesta eficaz: Nos comprometemos a entregar r\u00e1pidamente muestras en 3 d\u00edas, lo que le permitir\u00e1 confirmar r\u00e1pidamente el plan de dise\u00f1o, acortar el ciclo de producci\u00f3n y aprovechar la oportunidad de mercado.<br \/>\nDise\u00f1o gratuito, asesoramiento profesional: Ofrecemos servicios de dise\u00f1o gratuitos, y dise\u00f1adores profesionales adaptar\u00e1n soluciones de envasado para usted. Puede exponer sus ideas y necesidades, y nosotros le proporcionaremos orientaci\u00f3n y sugerencias profesionales para ayudarle a crear un envase de marca \u00fanico.<\/p>\n<p>Especificaciones del producto:<\/p>\n<p>Material: cart\u00f3n de alta calidad<br \/>\nImpresi\u00f3n: Impresi\u00f3n CMYK<br \/>\nTipo de caja: caja con cierre magn\u00e9tico<br \/>\nCertificaci\u00f3n: Certificaci\u00f3n FSC, certificaci\u00f3n ISO<br \/>\nCaracter\u00edsticas:<br \/>\nDise\u00f1o de cierre magn\u00e9tico, c\u00f3modo y elegante<br \/>\nRevestimiento de pl\u00e1stico alimentario, seguro e higi\u00e9nico<br \/>\nPersonalizaci\u00f3n de marca, estilo exclusivo<br \/>\nProducci\u00f3n totalmente automatizada, eficiente y estable<br \/>\nMuestra r\u00e1pida en 3 d\u00edas, respuesta eficaz<br \/>\nOfrezca un servicio de dise\u00f1o gratuito<br \/>\nAdmite visualizaci\u00f3n de efectos 3D<\/p>\n<p>Escenarios aplicables:<\/p>\n<p>Embalaje de cajas de regalo de chocolate de alta gama<br \/>\nPromoci\u00f3n de la marca de chocolate<br \/>\nEnvases de chocolate para regalos navide\u00f1os<br \/>\nEnvases de chocolate para minoristas<\/p>\n<p>Razones para elegirnos:<\/p>\n<p>Servicio profesional de personalizaci\u00f3n: Contamos con un equipo de dise\u00f1o y un equipo de producci\u00f3n profesionales, que pueden ofrecerle una gama completa de servicios personalizados, desde el dise\u00f1o hasta la producci\u00f3n, sin preocupaciones durante todo el proceso.<br \/>\nExcelente garant\u00eda de calidad: Controlamos estrictamente cada eslab\u00f3n de la producci\u00f3n para garantizar una calidad estable y fiable del producto, para que pueda utilizarlo con confianza.<br \/>\nVentaja de precio evidente: Somos la f\u00e1brica de origen y podemos ofrecerle el precio m\u00e1s competitivo, para que pueda obtener un mayor rendimiento de costes.<br \/>\nEntrega eficaz y puntual: Contamos con un proceso de producci\u00f3n eficiente y un equipo de log\u00edstica profesional para garantizar que su pedido pueda entregarse a tiempo.<br \/>\nMuestra r\u00e1pida en 3 d\u00edas: Prometemos producir r\u00e1pidamente muestras en 3 d\u00edas, para que pueda confirmar r\u00e1pidamente el plan de dise\u00f1o.<br \/>\nServicio de dise\u00f1o gratuito: Ofrecemos servicios de dise\u00f1o gratuitos y soluciones de envasado a medida para usted.<br \/>\nRespetuosos con el medio ambiente y sostenibles: Utilizamos papel con certificaci\u00f3n FSC, apoyamos la gesti\u00f3n sostenible de los bosques y contribuimos a proteger la Tierra.<\/p>","protected":false},"excerpt":{"rendered":"<p>Caja magn\u00e9tica de chocolate personalizada, impresa en papel estucado, forrada con bandeja de pl\u00e1stico, segura e higi\u00e9nica. Personalizaci\u00f3n ilimitada del tama\u00f1o y el logotipo de la marca para crear envases exclusivos para dulces.<\/p>","protected":false},"featured_media":7922,"template":"","meta":[],"product_brand":[],"product_cat":[31,30,422,424],"product_tag":[450,448,449],"class_list":{"0":"post-7921","1":"product","2":"type-product","3":"status-publish","4":"has-post-thumbnail","6":"product_cat-paper-box-style","7":"product_cat-by-industry","8":"product_cat-custom-gourmet-boxes-by-industry","9":"product_cat-magnetic-closure-boxes","10":"product_tag-chocolate-gift-boxes-manufactur","11":"product_tag-gourmet-chocolate-gift-boxes","12":"product_tag-premium-chocolate-gift-boxes","14":"first","15":"instock","16":"shipping-taxable","17":"product-type-simple"},"_links":{"self":[{"href":"https:\/\/zojopackaging.com\/es\/wp-json\/wp\/v2\/product\/7921","targetHints":{"allow":["GET"]}}],"collection":[{"href":"https:\/\/zojopackaging.com\/es\/wp-json\/wp\/v2\/product"}],"about":[{"href":"https:\/\/zojopackaging.com\/es\/wp-json\/wp\/v2\/types\/product"}],"version-history":[{"count":2,"href":"https:\/\/zojopackaging.com\/es\/wp-json\/wp\/v2\/product\/7921\/revisions"}],"predecessor-version":[{"id":7974,"href":"https:\/\/zojopackaging.com\/es\/wp-json\/wp\/v2\/product\/7921\/revisions\/7974"}],"wp:featuredmedia":[{"embeddable":true,"href":"https:\/\/zojopackaging.com\/es\/wp-json\/wp\/v2\/media\/7922"}],"wp:attachment":[{"href":"https:\/\/zojopackaging.com\/es\/wp-json\/wp\/v2\/media?parent=7921"}],"wp:term":[{"taxonomy":"product_brand","embeddable":true,"href":"https:\/\/zojopackaging.com\/es\/wp-json\/wp\/v2\/product_brand?post=7921"},{"taxonomy":"product_cat","embeddable":true,"href":"https:\/\/zojopackaging.com\/es\/wp-json\/wp\/v2\/product_cat?post=7921"},{"taxonomy":"product_tag","embeddable":true,"href":"https:\/\/zojopackaging.com\/es\/wp-json\/wp\/v2\/product_tag?post=7921"}],"curies":[{"name":"wp","href":"https:\/\/api.w.org\/{rel}","templated":true}]}}