{"id":7929,"date":"2025-03-22T17:53:26","date_gmt":"2025-03-22T09:53:26","guid":{"rendered":"https:\/\/zojopackaging.com\/?post_type=product&#038;p=7929"},"modified":"2025-03-22T21:30:37","modified_gmt":"2025-03-22T13:30:37","slug":"high-quality-custom-printed-essential-oil-boxes-distributors","status":"publish","type":"product","link":"https:\/\/zojopackaging.com\/es\/product\/high-quality-custom-printed-essential-oil-boxes-distributors\/","title":{"rendered":"Distribuidores de cajas para aceites esenciales con impresi\u00f3n personalizada de alta calidad"},"content":{"rendered":"<p>Elecci\u00f3n cl\u00e1sica, tapa y base: La tapa y la base tienen una estructura estable, son f\u00e1ciles de abrir y cerrar, y son cl\u00e1sicas y elegantes. Es una elecci\u00f3n ideal para el envasado de aceites esenciales para el cuidado de la piel de gama alta. La sensaci\u00f3n de ritual al abrirlo hace que los consumidores sientan la m\u00e1xima b\u00fasqueda de detalles de la marca.<\/p>\n<p>Exclusivo para aceites esenciales, cuidado total: Nuestras cajas de envasado est\u00e1n dise\u00f1adas espec\u00edficamente para aceites esenciales para el cuidado de la piel, teniendo plenamente en cuenta la sensibilidad de los aceites esenciales a la luz, la temperatura y el aire. Tanto la selecci\u00f3n de materiales como el dise\u00f1o estructural est\u00e1n pensados para ofrecer la mejor protecci\u00f3n a sus aceites esenciales y garantizar que sus principios activos no se vean afectados.<br \/>\nPosibilidades ilimitadas, personalizaci\u00f3n ilimitada: Proporcionamos servicios de personalizaci\u00f3n realmente ilimitados, tama\u00f1o, forma, color, patr\u00f3n, todo se puede personalizar seg\u00fan sus necesidades. Puede dar rienda suelta a su creatividad y crear un envase exclusivo para su marca.<br \/>\nTacto lujoso, material de papel especial: Utilizamos una variedad de materiales de papel especiales, como papel t\u00e1ctil, papel perlado, papel art\u00edstico, etc., con ricas texturas y texturas delicadas, dando a la caja de embalaje una experiencia visual y t\u00e1ctil \u00fanica, destacando el posicionamiento de gama alta de la marca.<br \/>\nColores vivos, impresi\u00f3n CMYK: Utilizamos tecnolog\u00eda avanzada de impresi\u00f3n CMYK, con alta reproducci\u00f3n del color e im\u00e1genes claras y vivas, que pueden presentar perfectamente su concepto de dise\u00f1o y hacer que su envase sea m\u00e1s atractivo.<br \/>\nMuestras gratuitas, experiencia personal: Para que pueda comprender la calidad de nuestros productos y nuestro servicio de forma m\u00e1s intuitiva, le ofrecemos servicios de muestras gratuitas. Puede experimentar nuestros materiales, artesan\u00eda y dise\u00f1o en persona para asegurarse de que la caja de embalaje cumple perfectamente sus expectativas.<br \/>\nProveedor de origen chino, precio m\u00e1s bajo: Somos proveedores de origen chino con un completo sistema de producci\u00f3n y un sistema de cadena de suministro, que pueden ofrecerle el precio m\u00e1s bajo, lo que le permite disfrutar de productos de alta calidad al tiempo que ahorra costes.<br \/>\nEstricto control de calidad, excelencia: Hemos establecido un estricto sistema de control de calidad. Desde la adquisici\u00f3n de materias primas hasta la inspecci\u00f3n del producto acabado, cada eslab\u00f3n se controla estrictamente para garantizar una calidad estable y fiable del producto, para que pueda utilizarlo con confianza.<br \/>\nCertificaci\u00f3n FSC e ISO, protecci\u00f3n medioambiental y compromiso de calidad: Nuestros productos han superado la certificaci\u00f3n FSC y la certificaci\u00f3n ISO, lo que representa nuestro compromiso con la protecci\u00f3n del medio ambiente y la responsabilidad social, as\u00ed como estrictos requisitos para la calidad del producto y el sistema de gesti\u00f3n.<br \/>\nDise\u00f1o gratuito, asesoramiento profesional: Ofrecemos servicios de dise\u00f1o gratuitos, y dise\u00f1adores profesionales adaptar\u00e1n soluciones de envasado para usted. Puede exponer sus ideas y necesidades, y nosotros le proporcionaremos orientaci\u00f3n y sugerencias profesionales para ayudarle a crear un envase de marca \u00fanico.<br \/>\nExpertos en soluciones de envasado: no s\u00f3lo producimos cajas de envasado, sino que tambi\u00e9n destacamos en sugerencias de soluciones de envasado. Bas\u00e1ndonos en un profundo conocimiento de la industria del cuidado de la piel y los productos de aceites esenciales, podemos ofrecer a sus productos una gama completa de soluciones de envasado, desde la selecci\u00f3n de materiales y el dise\u00f1o estructural hasta la adaptaci\u00f3n de procesos para mejorar el valor global del producto.<\/p>\n<p>Especificaciones del producto:<\/p>\n<p>Material: Existe una gran variedad de papeles especiales<br \/>\nImpresi\u00f3n: Cuatricrom\u00eda CMYK<br \/>\nTipo de caja: Caja con tapa superior e inferior<br \/>\nCertificaci\u00f3n: Certificaci\u00f3n FSC, certificaci\u00f3n ISO<br \/>\nCaracter\u00edsticas:<br \/>\nDise\u00f1o de tapa superior e inferior, ambiente cl\u00e1sico<br \/>\nExiste una gran variedad de papeles especiales, de textura lujosa<br \/>\nPersonalizaci\u00f3n de marca, estilo exclusivo<br \/>\nServicio de dise\u00f1o gratuito<br \/>\nBuenas sugerencias de soluciones de envasado<\/p>\n<p>Escenarios aplicables:<\/p>\n<p>Caja de regalo para aceites esenciales de alta gama para el cuidado de la piel<br \/>\nPromoci\u00f3n de la imagen de marca de aceites esenciales<br \/>\nEnvases de aceites esenciales para regalos navide\u00f1os<br \/>\nEnvases de venta al por menor de aceites esenciales<\/p>\n<p>Razones para elegirnos:<\/p>\n<p>Servicio profesional de personalizaci\u00f3n: Contamos con un equipo de dise\u00f1o y un equipo de producci\u00f3n profesionales, que pueden ofrecerle una gama completa de servicios de personalizaci\u00f3n, desde el dise\u00f1o hasta la producci\u00f3n, sin preocupaciones durante todo el proceso.<br \/>\nExcelente garant\u00eda de calidad: Controlamos estrictamente cada eslab\u00f3n de la producci\u00f3n para garantizar una calidad estable y fiable del producto, para que pueda utilizarlo con confianza.<br \/>\nVentaja de precio evidente: Somos el proveedor de origen y podemos ofrecerle el precio m\u00e1s competitivo, para que pueda obtener un mayor rendimiento de costes.<br \/>\nServicio de dise\u00f1o gratuito: Ofrecemos servicio de dise\u00f1o gratuito y soluciones de envasado a medida para usted.<br \/>\nExpertos en soluciones de envasado: somos buenos en sugerencias de soluciones de envasado y ofrecemos una gama completa de soluciones de envasado para sus productos.<br \/>\nRespetuosos con el medio ambiente y sostenibles: Utilizamos papel con certificaci\u00f3n FSC, apoyamos la gesti\u00f3n sostenible de los bosques y contribuimos a proteger la Tierra.<\/p>","protected":false},"excerpt":{"rendered":"<p>Caja de aceite esencial para el cuidado de la piel con tapa, impresi\u00f3n CMYK en papel especial, textura delicada. Tama\u00f1os y dise\u00f1os personalizados ilimitados para crear envases exclusivos de gama alta de la marca.<\/p>","protected":false},"featured_media":7933,"template":"","meta":[],"product_brand":[],"product_cat":[31,30,390,425],"product_tag":[452,453,451],"class_list":{"0":"post-7929","1":"product","2":"type-product","3":"status-publish","4":"has-post-thumbnail","6":"product_cat-paper-box-style","7":"product_cat-by-industry","8":"product_cat-custom-cosmetics-boxes","9":"product_cat-lid-and-base-gift-box","10":"product_tag-custom-printed-essential-oil-boxes","11":"product_tag-essential-oil-boxes-distributors","12":"product_tag-high-quality-essential-oil-boxes","14":"first","15":"instock","16":"shipping-taxable","17":"product-type-simple"},"_links":{"self":[{"href":"https:\/\/zojopackaging.com\/es\/wp-json\/wp\/v2\/product\/7929","targetHints":{"allow":["GET"]}}],"collection":[{"href":"https:\/\/zojopackaging.com\/es\/wp-json\/wp\/v2\/product"}],"about":[{"href":"https:\/\/zojopackaging.com\/es\/wp-json\/wp\/v2\/types\/product"}],"version-history":[{"count":2,"href":"https:\/\/zojopackaging.com\/es\/wp-json\/wp\/v2\/product\/7929\/revisions"}],"predecessor-version":[{"id":7973,"href":"https:\/\/zojopackaging.com\/es\/wp-json\/wp\/v2\/product\/7929\/revisions\/7973"}],"wp:featuredmedia":[{"embeddable":true,"href":"https:\/\/zojopackaging.com\/es\/wp-json\/wp\/v2\/media\/7933"}],"wp:attachment":[{"href":"https:\/\/zojopackaging.com\/es\/wp-json\/wp\/v2\/media?parent=7929"}],"wp:term":[{"taxonomy":"product_brand","embeddable":true,"href":"https:\/\/zojopackaging.com\/es\/wp-json\/wp\/v2\/product_brand?post=7929"},{"taxonomy":"product_cat","embeddable":true,"href":"https:\/\/zojopackaging.com\/es\/wp-json\/wp\/v2\/product_cat?post=7929"},{"taxonomy":"product_tag","embeddable":true,"href":"https:\/\/zojopackaging.com\/es\/wp-json\/wp\/v2\/product_tag?post=7929"}],"curies":[{"name":"wp","href":"https:\/\/api.w.org\/{rel}","templated":true}]}}