{"id":7937,"date":"2025-03-22T18:06:03","date_gmt":"2025-03-22T10:06:03","guid":{"rendered":"https:\/\/zojopackaging.com\/?post_type=product&#038;p=7937"},"modified":"2025-03-22T21:27:23","modified_gmt":"2025-03-22T13:27:23","slug":"customized-logo-hair-straightener-packaging-boxes-wholesale","status":"publish","type":"product","link":"https:\/\/zojopackaging.com\/es\/product\/customized-logo-hair-straightener-packaging-boxes-wholesale\/","title":{"rendered":"Logotipo personalizado de plancha de pelo Cajas de embalaje al por mayor"},"content":{"rendered":"<p>Cierre magn\u00e9tico de succi\u00f3n cl\u00e1sico, c\u00f3modo y elegante: La caja de succi\u00f3n de cierre magn\u00e9tico tiene un dise\u00f1o cl\u00e1sico y atmosf\u00e9rico, y es f\u00e1cil de abrir y cerrar, a\u00f1adiendo un elegante sentido de ritual a sus productos de plancha de pelo y mejorando la experiencia del usuario.<\/p>\n<p>Personalizaci\u00f3n exclusiva, cuidado total: Nuestras cajas de embalaje est\u00e1n dise\u00f1adas espec\u00edficamente para planchas de pelo, teniendo plenamente en cuenta la forma, el tama\u00f1o y las necesidades de protecci\u00f3n del producto. La estructura interna puede personalizarse en funci\u00f3n de su producto para garantizar que la plancha de pelo quede bien colocada y evitar colisiones y fricciones durante el transporte.<\/p>\n<p>Posibilidades ilimitadas, personalizaci\u00f3n ilimitada: Proporcionamos servicios de personalizaci\u00f3n realmente ilimitados, y todo, desde el tama\u00f1o, la forma, el color y el patr\u00f3n, puede personalizarse seg\u00fan sus necesidades. Puede dar rienda suelta a su creatividad y crear un envase exclusivo para su marca.<\/p>\n<p>Magn\u00edfica presentaci\u00f3n, material de cartulina: Utilizamos cart\u00f3n de alta calidad con una superficie suave y delicada y un excelente efecto de impresi\u00f3n. Combinado con la tecnolog\u00eda de impresi\u00f3n CMYK, la reproducci\u00f3n del color es alta y la imagen es clara y viva, lo que hace que su envase sea visualmente m\u00e1s impactante y atraiga eficazmente la atenci\u00f3n de los consumidores.<\/p>\n<p>Muestras gratuitas, experiencia personal: Con el fin de permitirle tener una comprensi\u00f3n m\u00e1s intuitiva de la calidad de nuestros productos y servicios, ofrecemos servicios de muestras gratuitas. Puede experimentar nuestros materiales, acabados y dise\u00f1o en persona para asegurarse de que la caja de embalaje cumple perfectamente sus expectativas.<\/p>\n<p>Proveedor de origen chino, precio m\u00e1s bajo: Somos proveedores de origen chino, con un completo sistema de producci\u00f3n y un sistema de cadena de suministro, que puede ofrecerle el precio m\u00e1s bajo, para que pueda ahorrar costes mientras disfruta de productos de alta calidad.<\/p>\n<p>Estricto control de calidad, excelencia: Hemos establecido un estricto sistema de control de calidad, desde la adquisici\u00f3n de materias primas hasta la inspecci\u00f3n del producto acabado, cada eslab\u00f3n se controla estrictamente para garantizar una calidad estable y fiable del producto, para que pueda utilizarlo con confianza.<\/p>\n<p>Certificaci\u00f3n FSC e ISO, protecci\u00f3n medioambiental y compromiso de calidad: Nuestros productos han superado la certificaci\u00f3n FSC y la certificaci\u00f3n ISO, lo que representa nuestro compromiso con la protecci\u00f3n del medio ambiente y la responsabilidad social, as\u00ed como estrictos requisitos para la calidad del producto y el sistema de gesti\u00f3n.<\/p>\n<p>Dise\u00f1o gratuito, asesoramiento profesional: Ofrecemos servicios de dise\u00f1o gratuitos, y dise\u00f1adores profesionales adaptar\u00e1n soluciones de envasado para usted. Puede exponer sus ideas y necesidades, y nosotros le proporcionaremos orientaci\u00f3n y sugerencias profesionales para ayudarle a crear un envase de marca \u00fanico.<\/p>\n<p>Presupuesto gratuito en 10 minutos: Nos comprometemos a proporcionar presupuesto gratuito en 10 minutos tras recibir su consulta, para que pueda comprender r\u00e1pidamente el coste y tomar decisiones eficientes.<\/p>\n<p>La entrega m\u00e1s r\u00e1pida: Contamos con un proceso de producci\u00f3n eficiente y un equipo de log\u00edstica profesional, que pueden proporcionarle la entrega m\u00e1s r\u00e1pida, garantizando que su pedido pueda completarse a tiempo sin retrasar su plan de ventas.<br \/>\n24\/7 en l\u00ednea: Proporcionamos un servicio de atenci\u00f3n al cliente en l\u00ednea 24\/7 para responder a sus preguntas en cualquier momento y proporcionarle una asistencia oportuna y profesional.<\/p>\n<p>Especificaciones del producto:<\/p>\n<p>Material: cart\u00f3n de alta calidad<br \/>\nImpresi\u00f3n: Impresi\u00f3n CMYK<br \/>\nTipo de caja: caja con cierre magn\u00e9tico<br \/>\nCertificaci\u00f3n: Certificaci\u00f3n FSC, certificaci\u00f3n ISO<br \/>\nCaracter\u00edsticas:<br \/>\nDise\u00f1o de cierre magn\u00e9tico, c\u00f3modo y elegante<br \/>\nDise\u00f1ado espec\u00edficamente para planchas de pelo, protecci\u00f3n fuerte<br \/>\nPersonalizaci\u00f3n de marca, estilo exclusivo<br \/>\nPresupuesto gratuito en 10 minutos, respuesta r\u00e1pida<br \/>\nServicio de dise\u00f1o gratuito<br \/>\nLa entrega m\u00e1s r\u00e1pida para satisfacer sus necesidades urgentes<br \/>\nServicio en l\u00ednea 7\/24 horas<\/p>\n<p>Escenarios aplicables:<\/p>\n<p>Caja de regalo para plancha de pelo de alta gama<br \/>\nPromoci\u00f3n de la imagen de marca de las planchas para el pelo<br \/>\nEnvasado al por menor de planchas para el pelo<br \/>\nEmbalaje promocional de planchas para el pelo<\/p>\n<p>Razones para elegirnos:<\/p>\n<p>Servicio profesional de personalizaci\u00f3n: Contamos con un equipo de dise\u00f1o y un equipo de producci\u00f3n profesionales, que pueden ofrecerle una gama completa de servicios de personalizaci\u00f3n, desde el dise\u00f1o hasta la producci\u00f3n, sin preocupaciones durante todo el proceso.<br \/>\nExcelente garant\u00eda de calidad: Controlamos estrictamente cada eslab\u00f3n de la producci\u00f3n para garantizar una calidad estable y fiable del producto, para que pueda utilizarlo con confianza.<br \/>\nVentaja de precio evidente: Somos el proveedor de origen y podemos ofrecerle el precio m\u00e1s competitivo, para que pueda obtener un mayor rendimiento de costes.<br \/>\nEntrega eficaz y puntual: Contamos con un proceso de producci\u00f3n eficiente y un equipo de log\u00edstica profesional para garantizar que su pedido pueda entregarse a tiempo.<br \/>\nServicio de dise\u00f1o gratuito: Ofrecemos servicios de dise\u00f1o gratuitos para adaptar soluciones de envasado a sus necesidades.<br \/>\nRespuesta r\u00e1pida: Ofrecemos presupuestos gratuitos en 10 minutos y un servicio de atenci\u00f3n al cliente en l\u00ednea 24 horas al d\u00eda, 7 d\u00edas a la semana, para que pueda obtener asistencia en cualquier momento y lugar.<br \/>\nRespetuosos con el medio ambiente y sostenibles: Utilizamos papel con certificaci\u00f3n FSC, apoyamos la gesti\u00f3n sostenible de los bosques y contribuimos a proteger la Tierra.<\/p>","protected":false},"excerpt":{"rendered":"<p>Caja magn\u00e9tica personalizada para plancha de pelo, impresi\u00f3n CMYK en papel estucado, colores vivos. Personalizaci\u00f3n ilimitada de tama\u00f1o y dise\u00f1o, \u00a1crea un embalaje de marca exclusivo para proteger tus productos!<\/p>","protected":false},"featured_media":7942,"template":"","meta":[],"product_brand":[],"product_cat":[31,30,413,424],"product_tag":[454,456,455],"class_list":{"0":"post-7937","1":"product","2":"type-product","3":"status-publish","4":"has-post-thumbnail","6":"product_cat-paper-box-style","7":"product_cat-by-industry","8":"product_cat-consumer-electronics-boxes","9":"product_cat-magnetic-closure-boxes","10":"product_tag-customized-hair-straightener-packaging-boxes","11":"product_tag-hair-straightener-boxes","12":"product_tag-hair-straightener-packaging-boxes-wholesale","14":"first","15":"instock","16":"shipping-taxable","17":"product-type-simple"},"_links":{"self":[{"href":"https:\/\/zojopackaging.com\/es\/wp-json\/wp\/v2\/product\/7937","targetHints":{"allow":["GET"]}}],"collection":[{"href":"https:\/\/zojopackaging.com\/es\/wp-json\/wp\/v2\/product"}],"about":[{"href":"https:\/\/zojopackaging.com\/es\/wp-json\/wp\/v2\/types\/product"}],"version-history":[{"count":2,"href":"https:\/\/zojopackaging.com\/es\/wp-json\/wp\/v2\/product\/7937\/revisions"}],"predecessor-version":[{"id":7972,"href":"https:\/\/zojopackaging.com\/es\/wp-json\/wp\/v2\/product\/7937\/revisions\/7972"}],"wp:featuredmedia":[{"embeddable":true,"href":"https:\/\/zojopackaging.com\/es\/wp-json\/wp\/v2\/media\/7942"}],"wp:attachment":[{"href":"https:\/\/zojopackaging.com\/es\/wp-json\/wp\/v2\/media?parent=7937"}],"wp:term":[{"taxonomy":"product_brand","embeddable":true,"href":"https:\/\/zojopackaging.com\/es\/wp-json\/wp\/v2\/product_brand?post=7937"},{"taxonomy":"product_cat","embeddable":true,"href":"https:\/\/zojopackaging.com\/es\/wp-json\/wp\/v2\/product_cat?post=7937"},{"taxonomy":"product_tag","embeddable":true,"href":"https:\/\/zojopackaging.com\/es\/wp-json\/wp\/v2\/product_tag?post=7937"}],"curies":[{"name":"wp","href":"https:\/\/api.w.org\/{rel}","templated":true}]}}