{"id":7946,"date":"2025-03-22T18:19:55","date_gmt":"2025-03-22T10:19:55","guid":{"rendered":"https:\/\/zojopackaging.com\/?post_type=product&#038;p=7946"},"modified":"2025-03-22T21:21:54","modified_gmt":"2025-03-22T13:21:54","slug":"featured-custom-wine-spirits-packaging-gift-box-wholesale","status":"publish","type":"product","link":"https:\/\/zojopackaging.com\/es\/product\/featured-custom-wine-spirits-packaging-gift-box-wholesale\/","title":{"rendered":"Destacados Personalizado Vino Espirituosos Embalaje Caja de Regalo al por mayor"},"content":{"rendered":"<p>Cajas de cierre magn\u00e9tico cl\u00e1sico, experiencia noble: La caja de cierre magn\u00e9tico tiene un dise\u00f1o cl\u00e1sico y elegante, y es f\u00e1cil de abrir y cerrar, lo que a\u00f1ade una noble sensaci\u00f3n de ritual a sus productos vin\u00edcolas y mejora la experiencia del usuario. El sonido \"clic\" del cierre magn\u00e9tico simboliza el comienzo de un maravilloso viaje de degustaci\u00f3n.<\/p>\n<p>Exclusivas para vinos finos, hechas a medida: Nuestras cajas de embalaje est\u00e1n dise\u00f1adas para varios tipos de vinos, como vino, licores y vino tinto, teniendo plenamente en cuenta la forma, el tama\u00f1o y las necesidades de protecci\u00f3n de las diferentes botellas de vino. La estructura interna puede personalizarse en funci\u00f3n de su producto para garantizar que la botella de vino quede bien colocada y evitar colisiones y fricciones durante el transporte.<\/p>\n<p>Posibilidades ilimitadas, personalizaci\u00f3n ilimitada: Ofrecemos servicios de personalizaci\u00f3n realmente ilimitados, y todo puede personalizarse seg\u00fan sus necesidades en cuanto a tama\u00f1o, forma, color y patr\u00f3n. Puede dar rienda suelta a su creatividad para crear un envase exclusivo de su marca y resaltar su personalidad.<\/p>\n<p>Magn\u00edfica presentaci\u00f3n, material de papel estucado C2S: Utilizamos papel estucado C2S de alta calidad con una superficie suave y delicada y un excelente efecto de impresi\u00f3n. Combinado con la tecnolog\u00eda de impresi\u00f3n CMYK, la reproducci\u00f3n del color es alta y la imagen es clara y viva, lo que hace que su envase sea visualmente m\u00e1s impactante y atraiga eficazmente la atenci\u00f3n de los consumidores.<\/p>\n<p>Lujoso embellecimiento, tecnolog\u00eda de l\u00e1mina plateada estampada en caliente: Utilizamos una exquisita tecnolog\u00eda de estampaci\u00f3n en caliente de l\u00e1minas de plata para estampar en caliente l\u00e1minas de metal plateado en la superficie del envase, mostrando un brillo y una textura deslumbrantes. La l\u00e1mina plateada de estampaci\u00f3n en caliente puede aplicarse a logotipos de marcas, nombres de productos, motivos decorativos, etc., realzando al instante el grado y el lujo del envase y destacando la nobleza de la marca.<\/p>\n<p>Muestras gratuitas, experiencia personal: Con el fin de ofrecerle una comprensi\u00f3n m\u00e1s intuitiva de la calidad de nuestros productos y servicios, ofrecemos servicios de muestras gratuitas. Podr\u00e1 experimentar en persona nuestros materiales, acabados y dise\u00f1o para asegurarse de que la caja de embalaje cumple perfectamente sus expectativas.<\/p>\n<p>Proveedor de origen en China, precio m\u00e1s bajo: Somos un proveedor de origen en China con un sistema de producci\u00f3n completo y un sistema de cadena de suministro, que puede ofrecerle el precio m\u00e1s bajo, lo que le permite ahorrar costes mientras disfruta de productos de alta calidad.<\/p>\n<p>Estricto control de calidad, excelencia: Hemos establecido un estricto sistema de control de calidad. Desde la adquisici\u00f3n de materias primas hasta la inspecci\u00f3n del producto acabado, cada eslab\u00f3n se controla estrictamente para garantizar que la calidad del producto sea estable y fiable, para que pueda utilizarlo con confianza.<\/p>\n<p>Certificaci\u00f3n FSC e ISO, protecci\u00f3n medioambiental y compromiso de calidad: Nuestros productos han superado la certificaci\u00f3n FSC y la certificaci\u00f3n ISO, lo que representa nuestro compromiso con la protecci\u00f3n del medio ambiente y la responsabilidad social, as\u00ed como estrictos requisitos para la calidad del producto y el sistema de gesti\u00f3n.<\/p>\n<p>Dise\u00f1o gratuito, asesoramiento profesional: Ofrecemos servicios de dise\u00f1o gratuitos, y dise\u00f1adores profesionales adaptar\u00e1n soluciones de envasado para usted. Puede exponer sus ideas y necesidades, y nosotros le proporcionaremos orientaci\u00f3n y sugerencias profesionales para ayudarle a crear un envase de marca \u00fanico.<\/p>\n<p>Presupuesto gratuito en 10 minutos: Nos comprometemos a proporcionar presupuesto gratuito en 10 minutos tras recibir su consulta, para que pueda comprender r\u00e1pidamente el coste y tomar decisiones eficientes.<br \/>\nLa entrega m\u00e1s r\u00e1pida: Contamos con un proceso de producci\u00f3n eficiente y un equipo de log\u00edstica profesional, que pueden proporcionarle la entrega m\u00e1s r\u00e1pida, garantizando que su pedido pueda completarse a tiempo sin retrasar su plan de ventas.<\/p>\n<p>Muestreo r\u00e1pido en 2 d\u00edas, aproveche la oportunidad del mercado: El muestreo acelerado s\u00f3lo tarda 2 d\u00edas, lo que le permite obtener r\u00e1pidamente muestras f\u00edsicas y acelerar el ritmo de lanzamiento del producto.<\/p>\n<p>Especificaciones del producto:<\/p>\n<p>Material: cart\u00f3n de alta calidad<br \/>\nImpresi\u00f3n: Cuatricrom\u00eda CMYK<br \/>\nTecnolog\u00eda: l\u00e1mina plateada de estampaci\u00f3n en caliente<br \/>\nTipo de caja: caja con cierre magn\u00e9tico<br \/>\nCertificaci\u00f3n: Certificaci\u00f3n FSC, certificaci\u00f3n ISO<br \/>\nCaracter\u00edsticas:<br \/>\nDise\u00f1o de cierre magn\u00e9tico, noble y elegante<br \/>\nDise\u00f1ado para el vino, fuerte protecci\u00f3n<br \/>\nTecnolog\u00eda de estampado en caliente de plata, textura lujosa<br \/>\nPersonalizaci\u00f3n de marca, estilo exclusivo<br \/>\nPresupuesto gratuito en 10 minutos, respuesta r\u00e1pida<br \/>\nServicio de dise\u00f1o gratuito<br \/>\nLa entrega m\u00e1s r\u00e1pida para satisfacer sus necesidades urgentes<br \/>\nMuestra de ayuno de 2 d\u00edas<\/p>\n<p>Escenarios aplicables:<\/p>\n<p>Embalaje de caja de regalo para vino de gama alta<br \/>\nFuerte promoci\u00f3n de la imagen de marca de licores<br \/>\nEnvasado al por menor de vino tinto, vino extranjero, vino blanco y otros productos alcoh\u00f3licos<br \/>\nEnvasado de vino para regalos navide\u00f1os<\/p>\n<p>Razones para elegirnos:<\/p>\n<p>Servicio profesional de personalizaci\u00f3n: Contamos con un equipo de dise\u00f1o y un equipo de producci\u00f3n profesionales, que pueden ofrecerle una gama completa de servicios personalizados, desde el dise\u00f1o hasta la producci\u00f3n, sin preocupaciones durante todo el proceso.<br \/>\nExcelente garant\u00eda de calidad: Controlamos estrictamente cada eslab\u00f3n de la producci\u00f3n para garantizar una calidad estable y fiable del producto, para que pueda utilizarlo con confianza.<br \/>\nVentaja de precio evidente: Somos el proveedor de origen y podemos ofrecerle el precio m\u00e1s competitivo, para que pueda obtener un mayor rendimiento de costes.<br \/>\nEntrega eficaz y puntual: Contamos con un proceso de producci\u00f3n eficiente y un equipo de log\u00edstica profesional para garantizar que su pedido pueda entregarse a tiempo.<br \/>\nServicio de dise\u00f1o gratuito: Ofrecemos servicios de dise\u00f1o gratuitos y soluciones de envasado a medida para usted.<br \/>\nRespuesta r\u00e1pida: Proporcionamos presupuestos gratuitos en 10 minutos y muestras r\u00e1pidas en 2 d\u00edas, para que pueda experimentar servicios eficientes y convenientes.<br \/>\nRespetuosos con el medio ambiente y sostenibles: Utilizamos papel con certificaci\u00f3n FSC, apoyamos la gesti\u00f3n sostenible de los bosques y contribuimos a proteger la Tierra.<\/p>","protected":false},"excerpt":{"rendered":"<p>Caja de regalo magn\u00e9tica personalizada para vino, papel revestido con tecnolog\u00eda de plata caliente, textura lujosa. \u00a1Tama\u00f1os y dise\u00f1os personalizados ilimitados, adecuados para el vino, licores, vino tinto, etc., para crear envases exclusivos de la marca!<\/p>","protected":false},"featured_media":7950,"template":"","meta":[],"product_brand":[],"product_cat":[31,30,419,424],"product_tag":[459,457,458],"class_list":{"0":"post-7946","1":"product","2":"type-product","3":"status-publish","4":"has-post-thumbnail","6":"product_cat-paper-box-style","7":"product_cat-by-industry","8":"product_cat-custom-wines-spirits-boxes","9":"product_cat-magnetic-closure-boxes","10":"product_tag-custom-wine-spirits-box-wholesale","11":"product_tag-featured-custom-wine-spirits-box","12":"product_tag-wine-spirits-packaging-gift-box","14":"first","15":"instock","16":"shipping-taxable","17":"product-type-simple"},"_links":{"self":[{"href":"https:\/\/zojopackaging.com\/es\/wp-json\/wp\/v2\/product\/7946","targetHints":{"allow":["GET"]}}],"collection":[{"href":"https:\/\/zojopackaging.com\/es\/wp-json\/wp\/v2\/product"}],"about":[{"href":"https:\/\/zojopackaging.com\/es\/wp-json\/wp\/v2\/types\/product"}],"version-history":[{"count":3,"href":"https:\/\/zojopackaging.com\/es\/wp-json\/wp\/v2\/product\/7946\/revisions"}],"predecessor-version":[{"id":7971,"href":"https:\/\/zojopackaging.com\/es\/wp-json\/wp\/v2\/product\/7946\/revisions\/7971"}],"wp:featuredmedia":[{"embeddable":true,"href":"https:\/\/zojopackaging.com\/es\/wp-json\/wp\/v2\/media\/7950"}],"wp:attachment":[{"href":"https:\/\/zojopackaging.com\/es\/wp-json\/wp\/v2\/media?parent=7946"}],"wp:term":[{"taxonomy":"product_brand","embeddable":true,"href":"https:\/\/zojopackaging.com\/es\/wp-json\/wp\/v2\/product_brand?post=7946"},{"taxonomy":"product_cat","embeddable":true,"href":"https:\/\/zojopackaging.com\/es\/wp-json\/wp\/v2\/product_cat?post=7946"},{"taxonomy":"product_tag","embeddable":true,"href":"https:\/\/zojopackaging.com\/es\/wp-json\/wp\/v2\/product_tag?post=7946"}],"curies":[{"name":"wp","href":"https:\/\/api.w.org\/{rel}","templated":true}]}}