{"id":7954,"date":"2025-03-22T18:30:43","date_gmt":"2025-03-22T10:30:43","guid":{"rendered":"https:\/\/zojopackaging.com\/?post_type=product&#038;p=7954"},"modified":"2025-03-22T21:02:22","modified_gmt":"2025-03-22T13:02:22","slug":"custom-cosmetic-skincare-shipping-mailer-boxes-wholesale","status":"publish","type":"product","link":"https:\/\/zojopackaging.com\/es\/product\/custom-cosmetic-skincare-shipping-mailer-boxes-wholesale\/","title":{"rendered":"Cajas de env\u00edo de cosm\u00e9ticos al por mayor"},"content":{"rendered":"<p>Estructura de caja de cart\u00f3n resistente y duradera: La caja postal est\u00e1 hecha de cart\u00f3n corrugado, con una estructura estable, compresi\u00f3n y resistencia a los golpes, que puede proteger eficazmente los cosm\u00e9ticos, productos de cuidado de la piel, aceites esenciales, cremas y otros productos de apretar, colisi\u00f3n y da\u00f1os durante el transporte.<\/p>\n<p>A medida y de amplia aplicaci\u00f3n Nuestras cajas de correo est\u00e1n dise\u00f1adas para cosm\u00e9ticos, productos para el cuidado de la piel, aceites esenciales, cremas y otros productos, y se pueden personalizar infinitamente seg\u00fan el tama\u00f1o y la forma de sus productos para garantizar que los productos se coloquen firmemente y evitar sacudidas y fricciones.<\/p>\n<p>Personalizaci\u00f3n exclusiva y personalizada de marcas: Ofrecemos servicios de personalizaci\u00f3n de marca. Puede imprimir el logotipo de su marca, eslogan, informaci\u00f3n del producto, etc. en la caja de embalaje para crear un embalaje exclusivo de la marca y mejorar el reconocimiento de la marca.<\/p>\n<p>Material respetuoso con el medio ambiente, cart\u00f3n ondulado: Utilizamos cart\u00f3n ondulado de alta calidad, respetuoso con el medio ambiente y reciclable, en l\u00ednea con el concepto de desarrollo sostenible. El cart\u00f3n ondulado tiene buenas propiedades de amortiguaci\u00f3n, puede absorber eficazmente los impactos y proteger sus productos.<\/p>\n<p>Muestras gratuitas, experiencia personal: Con el fin de permitirle tener una comprensi\u00f3n m\u00e1s intuitiva de la calidad de nuestros productos y servicios, ofrecemos servicios de muestras gratuitas. Puede experimentar nuestros materiales, acabados y dise\u00f1o en persona para asegurarse de que la caja de embalaje cumple perfectamente sus expectativas.<\/p>\n<p>Proveedor de origen chino, precio m\u00e1s bajo: Somos proveedores de origen chino, con un completo sistema de producci\u00f3n y un sistema de cadena de suministro, que puede ofrecerle el precio m\u00e1s bajo, para que pueda ahorrar costes mientras disfruta de productos de alta calidad.<\/p>\n<p>Estricto control de calidad, excelencia: Hemos establecido un estricto sistema de control de calidad, desde la adquisici\u00f3n de materias primas hasta la inspecci\u00f3n del producto acabado, cada eslab\u00f3n se controla estrictamente para garantizar una calidad estable y fiable del producto, para que pueda utilizarlo con confianza.<\/p>\n<p>Certificaci\u00f3n FSC e ISO, protecci\u00f3n medioambiental y compromiso de calidad: Nuestros productos han superado la certificaci\u00f3n FSC y la certificaci\u00f3n ISO, lo que representa nuestro compromiso con la protecci\u00f3n del medio ambiente y la responsabilidad social, as\u00ed como estrictos requisitos para la calidad del producto y el sistema de gesti\u00f3n.<\/p>\n<p>Dise\u00f1o gratuito, asesoramiento profesional: Ofrecemos servicios de dise\u00f1o gratuitos, y dise\u00f1adores profesionales adaptar\u00e1n soluciones de envasado para usted. Puede exponer sus ideas y necesidades, y nosotros le proporcionaremos orientaci\u00f3n y sugerencias profesionales para ayudarle a crear un envase de marca \u00fanico.<\/p>\n<p>Entrega m\u00e1s r\u00e1pida, respuesta eficaz: Contamos con un proceso de producci\u00f3n eficiente y un equipo de log\u00edstica profesional, que pueden proporcionarle la entrega m\u00e1s r\u00e1pida, garantizando que su pedido pueda completarse a tiempo sin retrasar su plan de ventas.<\/p>\n<p>Producci\u00f3n r\u00e1pida de muestras en 2 d\u00edas, aproveche la oportunidad de mercado: Nos comprometemos a producir muestras r\u00e1pidamente en 2 d\u00edas, para que pueda confirmar r\u00e1pidamente el plan de dise\u00f1o, acortar el ciclo de producci\u00f3n y aprovechar la oportunidad de mercado.<\/p>\n<p>Entrega nacional, c\u00f3moda y sin preocupaciones: Ofrecemos servicios de entrega nacional. Est\u00e9 donde est\u00e9, podemos entregarle sus productos de forma segura, para que disfrute de una experiencia de compra c\u00f3moda y sin preocupaciones.<\/p>\n<p>Especificaciones del producto:<\/p>\n<p>Material: cart\u00f3n ondulado de alta calidad<br \/>\nImpresi\u00f3n: Personalizable<br \/>\nTipo de caja: caja de avi\u00f3n<br \/>\nCertificaci\u00f3n: Certificaci\u00f3n FSC, certificaci\u00f3n ISO<\/p>\n<p>Caracter\u00edsticas:<br \/>\nCaja de env\u00edo con estructura robusta y duradera<br \/>\nDise\u00f1ado espec\u00edficamente para cosm\u00e9ticos y productos para el cuidado de la piel<br \/>\nPersonalizaci\u00f3n de marca, estilo exclusivo<br \/>\nServicio de dise\u00f1o gratuito<br \/>\nProducci\u00f3n r\u00e1pida de muestras en 2 d\u00edas<br \/>\nEntrega nacional<\/p>\n<p>Escenarios aplicables:<\/p>\n<p>Embalaje para transporte de comercio electr\u00f3nico de cosm\u00e9ticos<br \/>\nEnvases de venta en l\u00ednea de productos para el cuidado de la piel<br \/>\nProtecci\u00f3n del transporte de aceites esenciales, cremas y otros productos<br \/>\nPromoci\u00f3n de la imagen de marca<\/p>\n<p>Razones para elegirnos:<\/p>\n<p>Servicio profesional de personalizaci\u00f3n: Contamos con un equipo de dise\u00f1o y un equipo de producci\u00f3n profesionales, que pueden ofrecerle una gama completa de servicios personalizados, desde el dise\u00f1o hasta la producci\u00f3n, sin preocupaciones durante todo el proceso.<br \/>\nExcelente garant\u00eda de calidad: Controlamos estrictamente cada eslab\u00f3n de la producci\u00f3n para garantizar una calidad estable y fiable del producto, para que pueda utilizarlo con confianza.<br \/>\nVentaja de precio evidente: Somos el proveedor de origen y podemos ofrecerle el precio m\u00e1s competitivo, para que pueda obtener un mayor rendimiento de costes.<br \/>\nEntrega eficaz y puntual: Contamos con un proceso de producci\u00f3n eficiente y un equipo de log\u00edstica profesional para garantizar que su pedido pueda entregarse a tiempo.<br \/>\nServicio de dise\u00f1o gratuito: Ofrecemos servicios de dise\u00f1o gratuitos y soluciones de envasado a medida para usted.<br \/>\nRespuesta r\u00e1pida: Prometemos producir r\u00e1pidamente muestras y entregar a nivel nacional dentro de 2 d\u00edas, para que pueda experimentar servicios eficientes y convenientes.<br \/>\nRespetuosos con el medio ambiente y sostenibles: Utilizamos papel con certificaci\u00f3n FSC, apoyamos la gesti\u00f3n sostenible de los bosques y contribuimos a proteger la Tierra.<\/p>","protected":false},"excerpt":{"rendered":"<p>Cajas a\u00e9reas personalizadas para cosm\u00e9ticos\/cuidado de la piel, de papel corrugado, seguras y a prueba de golpes. Personalizaci\u00f3n ilimitada de tama\u00f1os y logotipos de marca, aptas para aceites esenciales y cremas, para crear envases exclusivos de transporte de marca.<\/p>","protected":false},"featured_media":7956,"template":"","meta":[],"product_brand":[],"product_cat":[31,30,390,433],"product_tag":[462,460,461],"class_list":{"0":"post-7954","1":"product","2":"type-product","3":"status-publish","4":"has-post-thumbnail","6":"product_cat-paper-box-style","7":"product_cat-by-industry","8":"product_cat-custom-cosmetics-boxes","9":"product_cat-shipping-mailer-boxes","10":"product_tag-cosmetic-skincare-boxes-wholesale","11":"product_tag-custom-cosmetic-shipping-boxes","12":"product_tag-skincare-mailer-boxes","14":"first","15":"instock","16":"shipping-taxable","17":"product-type-simple"},"_links":{"self":[{"href":"https:\/\/zojopackaging.com\/es\/wp-json\/wp\/v2\/product\/7954","targetHints":{"allow":["GET"]}}],"collection":[{"href":"https:\/\/zojopackaging.com\/es\/wp-json\/wp\/v2\/product"}],"about":[{"href":"https:\/\/zojopackaging.com\/es\/wp-json\/wp\/v2\/types\/product"}],"version-history":[{"count":2,"href":"https:\/\/zojopackaging.com\/es\/wp-json\/wp\/v2\/product\/7954\/revisions"}],"predecessor-version":[{"id":7969,"href":"https:\/\/zojopackaging.com\/es\/wp-json\/wp\/v2\/product\/7954\/revisions\/7969"}],"wp:featuredmedia":[{"embeddable":true,"href":"https:\/\/zojopackaging.com\/es\/wp-json\/wp\/v2\/media\/7956"}],"wp:attachment":[{"href":"https:\/\/zojopackaging.com\/es\/wp-json\/wp\/v2\/media?parent=7954"}],"wp:term":[{"taxonomy":"product_brand","embeddable":true,"href":"https:\/\/zojopackaging.com\/es\/wp-json\/wp\/v2\/product_brand?post=7954"},{"taxonomy":"product_cat","embeddable":true,"href":"https:\/\/zojopackaging.com\/es\/wp-json\/wp\/v2\/product_cat?post=7954"},{"taxonomy":"product_tag","embeddable":true,"href":"https:\/\/zojopackaging.com\/es\/wp-json\/wp\/v2\/product_tag?post=7954"}],"curies":[{"name":"wp","href":"https:\/\/api.w.org\/{rel}","templated":true}]}}