{"id":7981,"date":"2025-03-23T09:24:28","date_gmt":"2025-03-23T01:24:28","guid":{"rendered":"https:\/\/zojopackaging.com\/?post_type=product&#038;p=7981"},"modified":"2025-03-23T11:24:09","modified_gmt":"2025-03-23T03:24:09","slug":"premium-custom-rigid-candle-gift-packaging-box-manufacturer","status":"publish","type":"product","link":"https:\/\/zojopackaging.com\/es\/product\/premium-custom-rigid-candle-gift-packaging-box-manufacturer\/","title":{"rendered":"Fabricante de cajas r\u00edgidas personalizadas para velas de regalo"},"content":{"rendered":"<h2 id=\"-customized-solution-for-high-end-lid-candle-packaging-box-chinese-quality-global-trust-\"><strong>Soluci\u00f3n personalizada para la tapa y la base de la caja de embalaje de velas--Calidad china, confianza mundial<\/strong><\/h2>\n<h3 id=\"1-product-core-professional-lid-box\">1. N\u00facleo del producto: tapa profesional y caja base<\/h3>\n<p>Dise\u00f1ada para la industria de las velas, la caja de tapa y base est\u00e1 fabricada con papel estucado de alta resistencia (250-400 g), teniendo en cuenta la textura elegante y la durabilidad. Los procesos de superficie como el patr\u00f3n de piel de oveja y la pel\u00edcula t\u00e1ctil son opcionales, presentando perfectamente el logotipo de la marca y el dise\u00f1o art\u00edstico. <a href=\"https:\/\/zojopackaging.com\/es\/producto\/custom-printing-luxury-candle-packaging-gift-boxes-wholesale\/\">https:\/\/zojoprint.en.alibaba.com\/<\/a><\/p>\n<h3 id=\"2-unlimited-customization-empowering-brand-uniqueness\">2. Personalizaci\u00f3n ilimitada, que potencia la singularidad de la marca<\/h3>\n<ul>\n<li><strong>Libertad creativa<\/strong>: Desde el tama\u00f1o y la estructura hasta el efecto de impresi\u00f3n (UV\/estampado en caliente\/grabado en relieve), admite un dise\u00f1o profundamente personalizado;<\/li>\n<li><strong>Garant\u00eda t\u00e9cnica<\/strong>: Equipada con equipos avanzados como la m\u00e1quina Heidelberg de seis colores y la impresora UV para lograr una restauraci\u00f3n de alta precisi\u00f3n de patrones complejos; <a href=\"https:\/\/zojopackaging.com\/es\/producto\/custom-printing-luxury-candle-packaging-gift-boxes-wholesale\/\">https:\/\/zojopackaging.com\/<\/a><\/li>\n<li><strong>Refrendo de certificaci\u00f3n<\/strong>: Certificaci\u00f3n forestal FSC aprobada (respetuosa con el medio ambiente y trazable) y sistema de gesti\u00f3n de la calidad ISO para garantizar la conformidad de la exportaci\u00f3n.<\/li>\n<\/ul>\n<h3 id=\"3-one-stop-export-service-competitive\">3. Servicio de exportaci\u00f3n integral, competitivo<\/h3>\n<p>Como exportador de embalaje de alta calidad en China, proporcionamos: \u2705\u00a0<strong>Puesta en marcha a coste cero<\/strong>: dise\u00f1o gratuito + pruebas en 3D + presupuesto instant\u00e1neo, lo que reduce el umbral de cooperaci\u00f3n; \u2705\u00a0<strong>Sistema de precios transparente<\/strong>La producci\u00f3n a gran escala reduce los costes, y el precio de productos similares es 15%-20% inferior al del mercado; \u2705\u00a0<strong>Control de calidad del enlace completo<\/strong>: desde la comprobaci\u00f3n de la materia prima hasta el muestreo del producto acabado, la tasa de defectos se controla estrictamente hasta &lt;0,3%; \u2705\u00a0<strong>Entrega eficaz<\/strong>Env\u00edo extremadamente r\u00e1pido en 7-12 d\u00edas, compatible con la log\u00edstica global DDP\/DDU. <a href=\"https:\/\/zojopackaging.com\/es\/\">zojopackaging.com<\/a><\/p>\n<hr \/>\n<h3 id=\"4-why-choose-us-\">4. \u00bfPor qu\u00e9 elegirnos?<\/h3>\n<ul>\n<li><strong>Caso de referencia en el sector<\/strong>: Suministramos envases para m\u00e1s de 50 marcas de fragancias de todo el mundo, entre ellas\u00a0<strong>Dongguan Tinbo Packing<\/strong>y cajas de papel a juego;<\/li>\n<li><strong>Garant\u00eda de riesgo por ensayo y error<\/strong>: Entrega gratuita de muestras f\u00edsicas, ayuda para pedidos de lotes peque\u00f1os (pedido m\u00ednimo de 500 unidades);<\/li>\n<li><strong>Servicio de valor a\u00f1adido<\/strong>: Proporcionamos sugerencias de optimizaci\u00f3n de la estructura del embalaje para ayudarle a reducir la tasa de p\u00e9rdidas en el transporte.<\/li>\n<\/ul>","protected":false},"excerpt":{"rendered":"<p>Caja para velas con tapa y base, papel art\u00edstico estucado C2S de 157 g + cart\u00f3n r\u00edgido gris de 1200 g, impresi\u00f3n CMYK + laminaci\u00f3n mate, personalizaci\u00f3n ilimitada. F\u00e1brica de origen China, garant\u00eda de calidad.<\/p>","protected":false},"featured_media":7983,"template":"","meta":[],"product_brand":[],"product_cat":[31,30,416,425],"product_tag":[465,464,463],"class_list":{"0":"post-7981","1":"product","2":"type-product","3":"status-publish","4":"has-post-thumbnail","6":"product_cat-paper-box-style","7":"product_cat-by-industry","8":"product_cat-custom-candle-boxes","9":"product_cat-lid-and-base-gift-box","10":"product_tag-candle-gift-packaging-box-manufacturer","11":"product_tag-custom-rigid-candle-gift-packaging-box","12":"product_tag-premium-rigid-candle-gift-box","14":"first","15":"instock","16":"shipping-taxable","17":"product-type-simple"},"_links":{"self":[{"href":"https:\/\/zojopackaging.com\/es\/wp-json\/wp\/v2\/product\/7981","targetHints":{"allow":["GET"]}}],"collection":[{"href":"https:\/\/zojopackaging.com\/es\/wp-json\/wp\/v2\/product"}],"about":[{"href":"https:\/\/zojopackaging.com\/es\/wp-json\/wp\/v2\/types\/product"}],"version-history":[{"count":2,"href":"https:\/\/zojopackaging.com\/es\/wp-json\/wp\/v2\/product\/7981\/revisions"}],"predecessor-version":[{"id":8016,"href":"https:\/\/zojopackaging.com\/es\/wp-json\/wp\/v2\/product\/7981\/revisions\/8016"}],"wp:featuredmedia":[{"embeddable":true,"href":"https:\/\/zojopackaging.com\/es\/wp-json\/wp\/v2\/media\/7983"}],"wp:attachment":[{"href":"https:\/\/zojopackaging.com\/es\/wp-json\/wp\/v2\/media?parent=7981"}],"wp:term":[{"taxonomy":"product_brand","embeddable":true,"href":"https:\/\/zojopackaging.com\/es\/wp-json\/wp\/v2\/product_brand?post=7981"},{"taxonomy":"product_cat","embeddable":true,"href":"https:\/\/zojopackaging.com\/es\/wp-json\/wp\/v2\/product_cat?post=7981"},{"taxonomy":"product_tag","embeddable":true,"href":"https:\/\/zojopackaging.com\/es\/wp-json\/wp\/v2\/product_tag?post=7981"}],"curies":[{"name":"wp","href":"https:\/\/api.w.org\/{rel}","templated":true}]}}