{"id":7989,"date":"2025-03-23T09:59:02","date_gmt":"2025-03-23T01:59:02","guid":{"rendered":"https:\/\/zojopackaging.com\/?post_type=product&#038;p=7989"},"modified":"2025-03-23T10:28:33","modified_gmt":"2025-03-23T02:28:33","slug":"luxury-premium-chocolate-gift-boxes-from-china-distributor","status":"publish","type":"product","link":"https:\/\/zojopackaging.com\/es\/product\/luxury-premium-chocolate-gift-boxes-from-china-distributor\/","title":{"rendered":"Cajas de regalo de chocolate premium de lujo del distribuidor de China"},"content":{"rendered":"<h2 id=\"-chocolate-box-with-lid-and-top-cover-unlimited-customization-of-high-end-packaging-solutions-\"><strong>Caja de bombones con tapa y tapa base: personalizaci\u00f3n ilimitada de soluciones de envasado de alta gama<\/strong><\/h2>\n<p><strong>1. Descripci\u00f3n general del producto<\/strong>\u00a0La caja de tapa y cubierta superior es un dise\u00f1o de envase cl\u00e1sico de gama alta con una estructura de tapa superior e inferior. Es f\u00e1cil de abrir y cerrar y tiene un sellado resistente. Es perfectamente adecuada para productos como\u00a0<strong>chocolate<\/strong>, caramelos y art\u00edculos de lujo. Su aspecto elegante y su practicidad pueden dar un valor \u00fanico a la marca y mejorar la experiencia unboxing del consumidor.<\/p>\n<p><strong>2. Ventajas fundamentales<\/strong><\/p>\n<ul>\n<li><strong>Excelente material<\/strong>: Hecho de alta calidad\u00a0<strong>material de papel estucado<\/strong>Tiene una superficie suave y delicada y una reproducci\u00f3n del color extremadamente alta. Puede imprimir patrones complejos o tecnolog\u00eda de estampaci\u00f3n en caliente para mostrar la textura de gama alta de la marca.<\/li>\n<li><strong>Personalizaci\u00f3n ilimitada<\/strong>: Admite la personalizaci\u00f3n completa del tama\u00f1o, la forma, la impresi\u00f3n y la estructura del forro para satisfacer las necesidades personalizadas de la marca.\u00a0<a href=\"https:\/\/zojoprint.en.alibaba.com\" target=\"_blank\" rel=\"noopener\">Para casos de cooperaci\u00f3n, consulte el servicio ODM de <\/a><a href=\"https:\/\/zojoprint.en.alibaba.com\/?spm=a2700.29482153.0.0.f2a871d2PoWaDJ\" target=\"_blank\" rel=\"noopener\">Visi\u00f3n general de la empresa - Shenzhen Zojoprint Co.<\/a>.<\/li>\n<li><strong>Certificaci\u00f3n medioambiental<\/strong>: Aprobado\u00a0<strong>Certificaci\u00f3n forestal FSC<\/strong>\u00a0garantizar la fuente sostenible de papel; obtenido\u00a0<strong>Certificaci\u00f3n ISO del sistema de gesti\u00f3n de la calidad<\/strong>\u00a0para garantizar la conformidad de todo el proceso de producci\u00f3n.<\/li>\n<\/ul>\n<p><strong>3. Servicios destacados<\/strong><\/p>\n<ul>\n<li><strong>Ventajas de los proveedores de origen chino<\/strong>: Como fabricante directo, eliminamos al intermediario, proporcionamos el\u00a0<strong>precio m\u00e1s razonable<\/strong>\u00a0(ahorrando 30%+ costes en comparaci\u00f3n con los envases importados), y responder r\u00e1pidamente a la demanda.\u00a0<a href=\"https:\/\/zojoprint.en.alibaba.com\/\" target=\"_blank\" rel=\"noopener\">Consulte https:\/\/zojoprint.en.alibaba.com\/ <\/a>\u00a0para obtener servicios personalizados de ventanilla \u00fanica.<\/li>\n<li><strong>Estricto control de calidad<\/strong>: Adoptar un proceso de inspecci\u00f3n de calidad de tres niveles: selecci\u00f3n de materias primas, pruebas de productos semiacabados e inspecci\u00f3n completa de productos acabados para garantizar que la tasa de calificaci\u00f3n del env\u00edo sea &gt;99%.<\/li>\n<li><strong>Entrega r\u00e1pida<\/strong>:\u00a0<strong>Las muestras est\u00e1n disponibles en 3 d\u00edas<\/strong>y se ofrece una aplicaci\u00f3n de muestra gratuita para ayudar a los clientes a tomar decisiones eficientes.\u00a0<a href=\"https:\/\/zojoprint.en.alibaba.com\/\" target=\"_blank\" rel=\"noopener\">https:\/\/zojoprint.en.alibaba.com\/ <\/a>.<\/li>\n<\/ul>\n<p><strong>4. Escenarios de aplicaci\u00f3n<\/strong><\/p>\n<ul>\n<li>Cajas de regalo de chocolate (con dise\u00f1os tem\u00e1ticos para bodas y fiestas)<\/li>\n<li>Alimentos de gama alta (trufas, galletas, etc.)<\/li>\n<li>Cosm\u00e9ticos y art\u00edculos de lujo (fragancias, joyas, etc.)\u00a0<em>(Inspiraci\u00f3n de los diversos envases de <a href=\"https:\/\/zojopackaging.com\/es\/\">https:\/\/zojopackaging.com\/<\/a>)<\/em><\/li>\n<\/ul>\n<hr \/>\n<p><strong>5. \u00bfPor qu\u00e9 elegirnos?<\/strong><\/p>\n<ul>\n<li><strong>Precios transparentes<\/strong>: El presupuesto incluye todo el proceso de dise\u00f1o, pruebas y producci\u00f3n, sin cargos ocultos.<\/li>\n<li><strong>Servicios de alta calidad<\/strong>: Consultores exclusivos 1 a 1, asistencia completa desde el an\u00e1lisis de la demanda hasta el seguimiento log\u00edstico.<\/li>\n<li><strong>Garant\u00eda de lotes<\/strong>: Admite desde pedidos de prueba de lotes peque\u00f1os hasta la producci\u00f3n en serie a nivel de mill\u00f3n, para satisfacer con flexibilidad las necesidades de la marca.<\/li>\n<\/ul>\n<p><strong>\u00a1Act\u00faa ya!\u00a0<\/strong>\u2b07\ufe0f\u00a0<a href=\"https:\/\/zojopackaging.com\/es\/contact-us\/\"><strong>P\u00f3ngase en contacto con nosotros<\/strong><\/a>\u00a0para obtener muestras gratuitas y presupuestos exclusivos, \u00a1y comenzar el viaje de actualizaci\u00f3n del embalaje de tu marca! \ud83d\udce6\u2728<\/p>","protected":false},"excerpt":{"rendered":"<p>Caja de bombones con tapa y base, \u00a1personalizada por la f\u00e1brica de origen! Papel estucado + impresi\u00f3n CMYK, tama\u00f1o y dise\u00f1o ilimitados, cree envases exclusivos.<\/p>","protected":false},"featured_media":7990,"template":"","meta":[],"product_brand":[],"product_cat":[31,30,422,425],"product_tag":[467,466,449],"class_list":{"0":"post-7989","1":"product","2":"type-product","3":"status-publish","4":"has-post-thumbnail","6":"product_cat-paper-box-style","7":"product_cat-by-industry","8":"product_cat-custom-gourmet-boxes-by-industry","9":"product_cat-lid-and-base-gift-box","10":"product_tag-chocolate-boxes-distributor","11":"product_tag-luxury-chocolate-gift-boxes","12":"product_tag-premium-chocolate-gift-boxes","14":"first","15":"instock","16":"shipping-taxable","17":"product-type-simple"},"_links":{"self":[{"href":"https:\/\/zojopackaging.com\/es\/wp-json\/wp\/v2\/product\/7989","targetHints":{"allow":["GET"]}}],"collection":[{"href":"https:\/\/zojopackaging.com\/es\/wp-json\/wp\/v2\/product"}],"about":[{"href":"https:\/\/zojopackaging.com\/es\/wp-json\/wp\/v2\/types\/product"}],"version-history":[{"count":1,"href":"https:\/\/zojopackaging.com\/es\/wp-json\/wp\/v2\/product\/7989\/revisions"}],"predecessor-version":[{"id":7996,"href":"https:\/\/zojopackaging.com\/es\/wp-json\/wp\/v2\/product\/7989\/revisions\/7996"}],"wp:featuredmedia":[{"embeddable":true,"href":"https:\/\/zojopackaging.com\/es\/wp-json\/wp\/v2\/media\/7990"}],"wp:attachment":[{"href":"https:\/\/zojopackaging.com\/es\/wp-json\/wp\/v2\/media?parent=7989"}],"wp:term":[{"taxonomy":"product_brand","embeddable":true,"href":"https:\/\/zojopackaging.com\/es\/wp-json\/wp\/v2\/product_brand?post=7989"},{"taxonomy":"product_cat","embeddable":true,"href":"https:\/\/zojopackaging.com\/es\/wp-json\/wp\/v2\/product_cat?post=7989"},{"taxonomy":"product_tag","embeddable":true,"href":"https:\/\/zojopackaging.com\/es\/wp-json\/wp\/v2\/product_tag?post=7989"}],"curies":[{"name":"wp","href":"https:\/\/api.w.org\/{rel}","templated":true}]}}