{"id":8006,"date":"2025-03-23T10:48:38","date_gmt":"2025-03-23T02:48:38","guid":{"rendered":"https:\/\/zojopackaging.com\/?post_type=product&#038;p=8006"},"modified":"2025-03-23T11:16:01","modified_gmt":"2025-03-23T03:16:01","slug":"high-quality-custom-hat-packaging-boxes-wholesale-branding","status":"publish","type":"product","link":"https:\/\/zojopackaging.com\/es\/product\/high-quality-custom-hat-packaging-boxes-wholesale-branding\/","title":{"rendered":"Cajas de embalaje para sombreros personalizadas de alta calidad Marca al por mayor"},"content":{"rendered":"<h2 id=\"-core-advantages-of-the-product-\"><strong>Principales ventajas del producto<\/strong><\/h2>\n<ol>\n<li><strong>caja con cierre magn\u00e9tico + dise\u00f1o de asa port\u00e1til<\/strong><\/li>\n<li>La tapa lleva incorporada una l\u00e1mina magn\u00e9tica, que se abre y cierra de forma silenciosa y suave, y est\u00e1 equipada con un asa firme. Es adecuada para\u00a0<strong>sombreros, ropa<\/strong>\u00a0y otros productos ligeros de lujo, que son a la vez bonitos y f\u00e1ciles de llevar.<\/li>\n<li>Adecuado para escenarios de venta al por menor en l\u00ednea y fuera de l\u00ednea para mejorar la sensaci\u00f3n de calidad del producto.<\/li>\n<li><strong>Opciones de personalizaci\u00f3n ilimitadas<\/strong><\/li>\n<li><strong>Tama\u00f1o, forma, proceso de impresi\u00f3n<\/strong>\u00a0Libre elecci\u00f3n, admite estampaci\u00f3n en caliente\/UV\/gofrado y otros procesos para satisfacer las necesidades personalizadas de la marca.<\/li>\n<li>Fabricado en papel estucado, con pel\u00edcula mate\/brillante en la superficie, tiene una textura delicada y es resistente al desgaste, presentando perfectamente el dise\u00f1o de la marca VI .<\/li>\n<li><strong>Una certificaci\u00f3n autorizada garantiza la calidad<\/strong><\/li>\n<li>Con\u00a0<strong>Certificaci\u00f3n forestal FSC<\/strong>\u00a0y\u00a0<strong>Certificaci\u00f3n ISO del sistema de gesti\u00f3n de la calidad<\/strong>Los materiales son respetuosos con el medio ambiente y reciclables, y el proceso de producci\u00f3n sigue estrictamente las normas mundiales.<\/li>\n<li>De la materia prima al producto acabado,\u00a0<strong>100% inspecci\u00f3n completa<\/strong> para garantizar cero defectos en cada enlace.<\/li>\n<\/ol>\n<h2 id=\"-service-commitment-\"><strong>Compromiso de servicio<\/strong><\/h2>\n<ul>\n<li><strong>Presupuesto y dise\u00f1o gratuitos<\/strong>: El exclusivo equipo de dise\u00f1o proporciona renderizados en 3D y responde r\u00e1pidamente a las necesidades de modificaci\u00f3n.<\/li>\n<li><strong>El precio m\u00e1s competitivo<\/strong>: Con el apoyo de la producci\u00f3n a gran escala y la cadena de suministro local, el presupuesto es transparente y no hay costes ocultos.<\/li>\n<li><strong>Experiencia de muestra gratuita<\/strong>: Compruebe primero la calidad y, a continuaci\u00f3n, haga pedidos por lotes para reducir el riesgo de cooperaci\u00f3n.<\/li>\n<li><strong>Entrega rel\u00e1mpago<\/strong>: Los pedidos normales se env\u00edan en un plazo de\u00a0<strong>15 d\u00edas<\/strong>, y los pedidos urgentes se entregan en un plazo m\u00e1ximo de 7 d\u00edas, gracias a la log\u00edstica mundial \uff08<a href=\"https:\/\/zojopackaging.com\/es\/\">https:\/\/zojopackaging.com\/<\/a>).<\/li>\n<\/ul>\n<p><strong>\u00a1Act\u00faa ya y empieza a cooperar!\u00a0<\/strong>\ud83d\udce9\u00a0<strong>Presente sus necesidades<\/strong>\u00a0\u2192\u00a0<strong>Obtenga soluciones exclusivas y muestras gratuitas<\/strong>\u00a0\u2192\u00a0<strong>Producci\u00f3n en serie tras la verificaci\u00f3n de la calidad<\/strong> \u26a0\ufe0f goza de la confianza de todo el mundo -- \u00a1Hemos suministrado con \u00e9xito soluciones de envasado para muchas marcas internacionales y esperamos convertirnos en su socio a largo plazo!<\/p>\n<hr \/>\n<p><strong>\u00bfPor qu\u00e9 elegirnos?\u00a0<\/strong>\u2705\u00a0<strong>Amplia experiencia en exportaci\u00f3n<\/strong>: Exportado a m\u00e1s de 30 pa\u00edses incluyendo Europa, Am\u00e9rica, Jap\u00f3n y Corea del Sur, familiarizado con las normas de envasado de varios pa\u00edses. \u2705\u00a0<strong>Tecnolog\u00eda + servicio doble garant\u00eda<\/strong>: Equipo de dise\u00f1o de 20 personas + l\u00ednea de producci\u00f3n totalmente automatizada, tanto eficiencia como creatividad. \u2705\u00a0<strong>Compromiso medioambiental<\/strong>: Utilizar materiales de papel renovables para ayudar a las marcas a cumplir los objetivos de desarrollo sostenible.<\/p>","protected":false},"excerpt":{"rendered":"<p>Caja de regalo con asa y cierre magn\u00e9tico apta para sombreros\/ropa, material de papel art\u00edstico revestido C2S que permite una personalizaci\u00f3n ilimitada, exportador chino con certificaci\u00f3n ISO\/SGS<\/p>","protected":false},"featured_media":8007,"template":"","meta":[],"product_brand":[],"product_cat":[31,30,427,414],"product_tag":[471,472,473],"class_list":{"0":"post-8006","1":"product","2":"type-product","3":"status-publish","4":"has-post-thumbnail","6":"product_cat-paper-box-style","7":"product_cat-by-industry","8":"product_cat-collapsible-gift-boxes","9":"product_cat-custom-apparel-boxes","10":"product_tag-custom-hat-packaging","11":"product_tag-hat-packaging-boxes","12":"product_tag-hat-packaging-wholesale","14":"first","15":"instock","16":"shipping-taxable","17":"product-type-simple"},"_links":{"self":[{"href":"https:\/\/zojopackaging.com\/es\/wp-json\/wp\/v2\/product\/8006","targetHints":{"allow":["GET"]}}],"collection":[{"href":"https:\/\/zojopackaging.com\/es\/wp-json\/wp\/v2\/product"}],"about":[{"href":"https:\/\/zojopackaging.com\/es\/wp-json\/wp\/v2\/types\/product"}],"version-history":[{"count":1,"href":"https:\/\/zojopackaging.com\/es\/wp-json\/wp\/v2\/product\/8006\/revisions"}],"predecessor-version":[{"id":8013,"href":"https:\/\/zojopackaging.com\/es\/wp-json\/wp\/v2\/product\/8006\/revisions\/8013"}],"wp:featuredmedia":[{"embeddable":true,"href":"https:\/\/zojopackaging.com\/es\/wp-json\/wp\/v2\/media\/8007"}],"wp:attachment":[{"href":"https:\/\/zojopackaging.com\/es\/wp-json\/wp\/v2\/media?parent=8006"}],"wp:term":[{"taxonomy":"product_brand","embeddable":true,"href":"https:\/\/zojopackaging.com\/es\/wp-json\/wp\/v2\/product_brand?post=8006"},{"taxonomy":"product_cat","embeddable":true,"href":"https:\/\/zojopackaging.com\/es\/wp-json\/wp\/v2\/product_cat?post=8006"},{"taxonomy":"product_tag","embeddable":true,"href":"https:\/\/zojopackaging.com\/es\/wp-json\/wp\/v2\/product_tag?post=8006"}],"curies":[{"name":"wp","href":"https:\/\/api.w.org\/{rel}","templated":true}]}}