{"id":8017,"date":"2025-03-23T11:29:24","date_gmt":"2025-03-23T03:29:24","guid":{"rendered":"https:\/\/zojopackaging.com\/?post_type=product&#038;p=8017"},"modified":"2025-03-23T16:53:44","modified_gmt":"2025-03-23T08:53:44","slug":"exquisite-unique-gourmet-gift-packaging-boxes-wholesaler","status":"publish","type":"product","link":"https:\/\/zojopackaging.com\/es\/product\/exquisite-unique-gourmet-gift-packaging-boxes-wholesaler\/","title":{"rendered":"Mayorista de cajas de regalo gourmet \u00fanicas y exquisitas"},"content":{"rendered":"<h3 id=\"manufacturer-s-description-of-custom-clothing-packaging-boxes-in-china\">Descripci\u00f3n del fabricante de cajas de embalaje a medida para ropa en China<\/h3>\n<h4 id=\"1-magnetic-double-layer-pull-out-box-product-presentation-and-experience-upgrade\">1. Caja magn\u00e9tica extra\u00edble de doble capa: presentaci\u00f3n del producto y mejora de la experiencia.<\/h4>\n<p>Los fabricantes chinos han lanzado de forma innovadora\u00a0<strong>caja extra\u00edble magn\u00e9tica de doble capa<\/strong>\u00a0en el campo del envasado de ropa de gama alta, que mejora el efecto de exposici\u00f3n del producto mediante el dise\u00f1o de la estructura en capas. Por ejemplo, el dispositivo magn\u00e9tico incorporado se utiliza para lograr un cierre silencioso y una adsorci\u00f3n precisa. La capa superior puede mostrar la ropa principal, y la inferior puede almacenar accesorios o instrucciones para satisfacer la demanda de la marca de \"unboxing ritual sense\". La caja de cajones de Guangzhou Kelda Packaging est\u00e1 dise\u00f1ada con ranuras antideslizantes para tarjetas, lo que resulta adecuado para el almacenamiento independiente de accesorios finos como bufandas y corbatas. Al mismo tiempo, el m\u00e9todo magn\u00e9tico de apertura y cierre confiere a la caja de embalaje un toque de lujo. Este tipo de dise\u00f1o no s\u00f3lo mejora la calidad del producto, sino que tambi\u00e9n aumenta la conciencia de los usuarios sobre la artesan\u00eda de la marca a trav\u00e9s de la experiencia interactiva.<\/p>\n<h4 id=\"2-natural-color-printing-emotional-visual-expression\">2. Impresi\u00f3n en color natural: expresi\u00f3n visual emocional<\/h4>\n<p>Los fabricantes utilizan\u00a0<strong>colores naturales de baja saturaci\u00f3n<\/strong>\u00a0para crear una est\u00e9tica de envasado diferenciada. La caja de regalo con degradado de estilo INS de Yiwu Xianchuang Packaging Factory simula los cambios de la luz natural con colores como el azul bruma y el verde menta, y forma suaves reflejos difusos con tecnolog\u00eda de laminado mate, que se ajusta a la b\u00fasqueda del grupo de consumidores urbanos de \"compras que reduzcan el estr\u00e9s\". La caja ventana de papel kraft transparente lanzada por Zhejiang Wenzhou Aoyin Packaging conserva la textura natural del material original de pasta de papel, y hace que el LOGO de la marca se asome mediante el proceso de traspaso parcial en caliente, que no s\u00f3lo transmite el concepto de protecci\u00f3n medioambiental, sino que tambi\u00e9n crea una atm\u00f3sfera visual de vuelta a la naturaleza. Los estudios han demostrado que estos dise\u00f1os pueden aumentar la sensaci\u00f3n de placer de los consumidores al desembalar 32%.<\/p>\n<h4 id=\"3-diversified-accessories-system-brand-value-extension\">3. Sistema de accesorios diversificado: extensi\u00f3n del valor de la marca<\/h4>\n<p>Las f\u00e1bricas chinas suministran\u00a0<strong>servicios de personalizaci\u00f3n de accesorios modulares<\/strong>\u00a0para ayudar a las marcas a construir una matriz de productos tridimensional:<\/p>\n<ul>\n<li><strong>Accesorios funcionales<\/strong>: la precisi\u00f3n del control de la humedad alcanza \u00b13%RH, adecuado para tejidos de gama alta como cachemira y seda;<\/li>\n<li><strong>Accesorios interactivos inteligentes<\/strong>: Enlace con la APP de la marca para realizar la verificaci\u00f3n antifalsificaci\u00f3n y empujar sugerencias de aderezo;<\/li>\n<li><strong>Decoraci\u00f3n del escenario<\/strong>: con correas de sat\u00e9n desmontables, satisface las necesidades de cambio flexible de las ediciones limitadas de vacaciones y los estilos diarios.<\/li>\n<\/ul>\n<h4 id=\"4-full-size-customization-system-precise-adaptation-of-product-form\">4. Sistema de personalizaci\u00f3n a medida: adaptaci\u00f3n precisa de la forma del producto.<\/h4>\n<p>Gracias a la tecnolog\u00eda de producci\u00f3n de precisi\u00f3n milim\u00e9trica, la cadena de suministro china puede satisfacer las necesidades de cobertura a tama\u00f1o completo de\u00a0<strong>De 5 cm\u00d75 cm a 120 cm\u00d780 cm<\/strong>. Gracias a la tecnolog\u00eda de ajuste din\u00e1mico de la l\u00ednea de plegado, un solo lote puede ser compatible con prendas mixtas de distintos grosores, como chaquetas de plum\u00f3n y vestidos de novia. A trav\u00e9s del dise\u00f1o de pre-indentaci\u00f3n, el modo de transporte y el modo de visualizaci\u00f3n se puede cambiar r\u00e1pidamente, ahorrando 40% de espacio de almacenamiento.<\/p>\n<h4 id=\"5-box-type-and-brand-visual-fusion-design\">5. Tipo de caja y dise\u00f1o de fusi\u00f3n visual de la marca<\/h4>\n<p>El fabricante ha creado una biblioteca de soluciones que contiene\u00a0<strong>M\u00e1s de 15 tipos de cajas<\/strong>:<\/p>\n<ol>\n<li><strong>Ventosa magn\u00e9tica tipo libro<\/strong>imitando la forma del lomo de un libro de tapa dura, con inserciones de la historia de la marca;<\/li>\n<li><strong>Tapa superior e inferior variables<\/strong>: admite la tecnolog\u00eda de impresi\u00f3n inversa, de modo que el LOGO presenta efectos visuales din\u00e1micos en diferentes \u00e1ngulos de apertura y cierre;<\/li>\n<li><strong>Caja abatible de succi\u00f3n magn\u00e9tica<\/strong>: utilizando una combinaci\u00f3n de papel especial y cierres met\u00e1licos para lograr una presentaci\u00f3n tridimensional del sistema de la marca VI.<\/li>\n<\/ol>\n<h4 id=\"vi-unlimited-customization-service-ecosystem\">VI. Ecosistema de servicios de personalizaci\u00f3n ilimitada<\/h4>\n<p>Las f\u00e1bricas chinas rompen las barreras tradicionales de la personalizaci\u00f3n mediante\u00a0<strong>sistema de producci\u00f3n digital flexible<\/strong>:<\/p>\n<ul>\n<li>Dongguan Yuhong Packaging adopta la tecnolog\u00eda de impresi\u00f3n en color a doble cara, admite 500 cajas por lote y un coste cero para la sustituci\u00f3n del patr\u00f3n;<\/li>\n<li>Shenzhen Shunhuang Paper Products aplica un modelo de producci\u00f3n sin moldes y realiza la personalizaci\u00f3n \"una caja, una imagen\" mediante la prensa de impresi\u00f3n digital HP Indigo;<\/li>\n<li>Los fabricantes de Zhejiang ofrecen servicios de proceso completo, desde el modelado 3D hasta las pruebas f\u00edsicas, completan la producci\u00f3n de muestras blancas lisas en 8 horas y entregan los productos acabados te\u00f1idos en 24 horas.<\/li>\n<\/ul>\n<h4 id=\"vii-factory-direct-service-and-quality-assurance\">VII. Servicio directo de f\u00e1brica y garant\u00eda de calidad<\/h4>\n<p>Las principales empresas de envasado de China aplican la\u00a0<strong>\"Pol\u00edtica de \"tres libres y una garant\u00eda<\/strong>:<\/p>\n<ul>\n<li><strong>Dise\u00f1o libre<\/strong>: Guangzhou Hainabaichuan Packaging proporciona servicios de diagn\u00f3stico visual de marca, combinados con an\u00e1lisis de big data para dar salida a soluciones de estrategia de envasado;<\/li>\n<li><strong>Muestras gratuitas<\/strong>: Yiwu Lelang Packaging admite la entrega de muestras globales en 48 horas, utilizando los mismos materiales que la f\u00e1brica original;<\/li>\n<li><strong>Compromiso de calidad<\/strong>: Aprobado ISO9001 certificaci\u00f3n del sistema de calidad, proporciona un per\u00edodo de garant\u00eda de 12 meses, y la tasa de da\u00f1os de transporte es inferior a 0,5%.<\/li>\n<\/ul>","protected":false},"excerpt":{"rendered":"<p>El material del papel estucado art\u00edstico C2S se puede personalizar infinitamente, admite procesos especiales de impresi\u00f3n\/estampaci\u00f3n en caliente, cumple los requisitos de sellado de calidad alimentaria y se suministra directamente desde la f\u00e1brica de origen desde hace 20 a\u00f1os.<\/p>","protected":false},"featured_media":8018,"template":"","meta":[],"product_brand":[],"product_cat":[31,30,422,424],"product_tag":[474,476,475],"class_list":{"0":"post-8017","1":"product","2":"type-product","3":"status-publish","4":"has-post-thumbnail","6":"product_cat-paper-box-style","7":"product_cat-by-industry","8":"product_cat-custom-gourmet-boxes-by-industry","9":"product_cat-magnetic-closure-boxes","10":"product_tag-exquisite-gourmet-packaging","11":"product_tag-gourmet-boxes-wholesaler","12":"product_tag-unique-gourmet-packaging","14":"first","15":"instock","16":"shipping-taxable","17":"product-type-simple"},"_links":{"self":[{"href":"https:\/\/zojopackaging.com\/es\/wp-json\/wp\/v2\/product\/8017","targetHints":{"allow":["GET"]}}],"collection":[{"href":"https:\/\/zojopackaging.com\/es\/wp-json\/wp\/v2\/product"}],"about":[{"href":"https:\/\/zojopackaging.com\/es\/wp-json\/wp\/v2\/types\/product"}],"version-history":[{"count":2,"href":"https:\/\/zojopackaging.com\/es\/wp-json\/wp\/v2\/product\/8017\/revisions"}],"predecessor-version":[{"id":8063,"href":"https:\/\/zojopackaging.com\/es\/wp-json\/wp\/v2\/product\/8017\/revisions\/8063"}],"wp:featuredmedia":[{"embeddable":true,"href":"https:\/\/zojopackaging.com\/es\/wp-json\/wp\/v2\/media\/8018"}],"wp:attachment":[{"href":"https:\/\/zojopackaging.com\/es\/wp-json\/wp\/v2\/media?parent=8017"}],"wp:term":[{"taxonomy":"product_brand","embeddable":true,"href":"https:\/\/zojopackaging.com\/es\/wp-json\/wp\/v2\/product_brand?post=8017"},{"taxonomy":"product_cat","embeddable":true,"href":"https:\/\/zojopackaging.com\/es\/wp-json\/wp\/v2\/product_cat?post=8017"},{"taxonomy":"product_tag","embeddable":true,"href":"https:\/\/zojopackaging.com\/es\/wp-json\/wp\/v2\/product_tag?post=8017"}],"curies":[{"name":"wp","href":"https:\/\/api.w.org\/{rel}","templated":true}]}}