{"id":8027,"date":"2025-03-23T11:47:13","date_gmt":"2025-03-23T03:47:13","guid":{"rendered":"https:\/\/zojopackaging.com\/?post_type=product&#038;p=8027"},"modified":"2025-03-23T16:34:14","modified_gmt":"2025-03-23T08:34:14","slug":"custom-clothing-packaging-apparel-boxes-china-manufacturer","status":"publish","type":"product","link":"https:\/\/zojopackaging.com\/es\/product\/custom-clothing-packaging-apparel-boxes-china-manufacturer\/","title":{"rendered":"Embalaje de ropa a medida Cajas de ropa Fabricante de China"},"content":{"rendered":"<h3 id=\"customized-clothing-packaging-box-chinese-manufacturer-description\">Ropa personalizada caja de embalaje fabricante chino descripci\u00f3n<\/h3>\n<h4 id=\"1-double-sided-color-printing-professional-visual-shaping\">1. Impresi\u00f3n en color a doble cara: plasmaci\u00f3n visual profesional<\/h4>\n<p>Los fabricantes chinos utilizan ampliamente\u00a0<strong>tecnolog\u00eda de impresi\u00f3n en color a doble cara<\/strong>\u00a0en la personalizaci\u00f3n de cajas de embalaje de ropa, presentando logotipos de marca, dibujos o colores degradados mediante tecnolog\u00eda de impresi\u00f3n de alta precisi\u00f3n. No s\u00f3lo mejora el reconocimiento del producto, sino que tambi\u00e9n refuerza la unidad visual de la marca mediante la superposici\u00f3n de colores. La impresi\u00f3n a doble cara combinada con la tecnolog\u00eda de laminado mate\/brillante hace que la caja de embalaje presente una textura delicada bajo diferentes ambientes de luz, satisfaciendo la doble necesidad de profesionalidad y sofisticaci\u00f3n de las marcas de ropa de gama alta.<\/p>\n<h4 id=\"2-macron-color-system-emotional-design-language\">2. Sistema de colores Macron: lenguaje de dise\u00f1o emocional<\/h4>\n<p>Siguiendo la tendencia del consumo m\u00e1s joven, los fabricantes incorporan\u00a0<strong>sistema de color Macron suave<\/strong>\u00a0en el dise\u00f1o de envases. Por ejemplo: la caja de regalo Qixi con degradado estilo INS utiliza azul polvo de baja saturaci\u00f3n, morado claro y otros tonos para crear un efecto visual de ensue\u00f1o, que satisface las demandas de las marcas de ropa femenina para escenas de consumo emocional. A trav\u00e9s de servicios personalizados de combinaci\u00f3n de colores, el sistema de color Macron se combina con el sistema de marca VI, que no s\u00f3lo transmite un tono de marca relajado y agradable, sino que tambi\u00e9n mejora la sensaci\u00f3n de ritual del usuario en la experiencia de unboxing a trav\u00e9s de la psicolog\u00eda del color.<\/p>\n<h4 id=\"3-magnetic-box-structure-high-end-interactive-experience-upgrade\">3. Estructura de caja magn\u00e9tica: mejora de la experiencia interactiva de gama alta<\/h4>\n<p><strong>Apertura y cierre magn\u00e9ticos<\/strong>\u00a0se ha convertido en una de las principales tecnolog\u00edas para aumentar el sentido del valor del envase. La caja de regalo magn\u00e9tica plegable utiliza hebillas magn\u00e9ticas incrustadas para conseguir un cierre silencioso. Su precisa fuerza de adsorci\u00f3n no s\u00f3lo garantiza la seguridad en el transporte, sino que tambi\u00e9n proporciona una respuesta t\u00e1ctil de alta gama gracias a la sensaci\u00f3n de amortiguaci\u00f3n al abrir y cerrar. La caja magn\u00e9tica flip combina hebillas met\u00e1licas y materiales de papel especiales para que los usuarios comprendan mejor el nivel de artesan\u00eda de la marca con un dise\u00f1o interactivo de \"un toque para abrir\". Este tipo de dise\u00f1o es especialmente adecuado para l\u00edneas de productos como la ropa ligera de lujo y los trajes a medida que necesitan enfatizar la sensaci\u00f3n de ritual.<\/p>\n<h4 id=\"4-high-strength-material-safety-and-environmental-protection-are-equally-important\">4. Material de alta resistencia: la seguridad y la protecci\u00f3n del medio ambiente son igual de importantes<\/h4>\n<p>Los fabricantes suelen utilizar una estructura compuesta de\u00a0<strong>Cart\u00f3n gris 1200 GSM + papel estucado 157 GSM<\/strong>. La caja de papel kraft de color original tiene una capacidad de carga de \u226550kg a trav\u00e9s del forro de cart\u00f3n gris, que puede resistir eficazmente la extrusi\u00f3n log\u00edstica. La caja de regalo con tapa superior e inferior a\u00f1ade un revestimiento ecol\u00f3gico a base de agua en la superficie del papel estucado, que no solo garantiza la saturaci\u00f3n del color de la impresi\u00f3n, sino que tambi\u00e9n cumple la norma REACH de la UE, teniendo en cuenta la durabilidad y la sostenibilidad. Esta combinaci\u00f3n de materiales hace que el \u00edndice de rotura de la caja de embalaje sea inferior a 0,3% en la prueba de ca\u00edda, superando con creces la media del sector.<\/p>\n<h4 id=\"5-full-size-customization-accurately-adapt-to-product-form\">5. Personalizaci\u00f3n a tama\u00f1o completo: Se adapta con precisi\u00f3n a la forma del producto<\/h4>\n<p>La cadena de suministro china proporciona\u00a0<strong>personalizaci\u00f3n del tama\u00f1o con precisi\u00f3n milim\u00e9trica<\/strong>\u00a0servicios. Por ejemplo: su caja de embalaje de ropa soporta una cobertura de tama\u00f1o completo de 5cm\u00d75cm a 120cm\u00d780cm, y el error de las especificaciones especiales se controla dentro de \u00b10,5mm. Para la ropa irregular (como vestidos de novia y chaquetas de plumas), la estructura de la caja ajustable realiza el ajuste din\u00e1mico de la profundidad de la caja a trav\u00e9s del dise\u00f1o de la l\u00ednea de plegado, y un solo lote puede ser compatible con 3-5 espesores diferentes de ropa mezclada necesidades.<\/p>\n<h4 id=\"vi-multiple-box-type-system-brand-differentiation-carrier\">6. Sistema de cajas m\u00faltiples: Soporte de diferenciaci\u00f3n de marcas<\/h4>\n<p>Los fabricantes han creado una biblioteca de soluciones que abarca m\u00e1s de 10 tipos de cajas convencionales:<\/p>\n<ol>\n<li><strong>Cajonera<\/strong>: Adecuado para guardar en capas accesorios como pa\u00f1uelos y corbatas, con ranuras antideslizantes para tarjetas en el interior;<\/li>\n<li><strong>Ventosa magn\u00e9tica tipo libro<\/strong>: Imitando el dise\u00f1o del lomo de un libro de tapa dura, adecuado para el envasado de historias de marcas de dise\u00f1o;<\/li>\n<li><strong>Caja de avi\u00f3n intercambiable<\/strong>: El preprensado se utiliza para lograr una r\u00e1pida conversi\u00f3n del tipo de caja entre el modo de transporte y el modo de exposici\u00f3n.<\/li>\n<\/ol>\n<h4 id=\"vii-functional-inner-tray-product-protection-is-upgraded\">7. Bandeja interior funcional: Se mejora la protecci\u00f3n del producto<\/h4>\n<p>Desarrollar sistemas de bandejas interiores especiales para distintas categor\u00edas de ropa:<\/p>\n<ul>\n<li><strong>Forro antihumedad<\/strong>: Se utiliza tela no tejida recubierta de PE de calidad alimentaria, y la precisi\u00f3n del control de la humedad alcanza \u00b13%RH, lo que resulta adecuado para tejidos delicados como la cachemira y la seda;<\/li>\n<li><strong>Soporte desmontable<\/strong>: El soporte tridimensional de material PP permite colgar trajes y vestidos sin que se arruguen;<\/li>\n<li><strong>Bandeja interior con sensor inteligente<\/strong>: Chip RFID integrado, vinculado con la APP de la marca para realizar la verificaci\u00f3n contra la falsificaci\u00f3n y la sugerencia de vestir.<\/li>\n<\/ul>","protected":false},"excerpt":{"rendered":"<p>La caja para ropa con cierre magn\u00e9tico es adecuada para todo tipo de prendas. Est\u00e1 fabricada con papel art\u00edstico revestido C2S y admite dise\u00f1os personalizados ilimitados. Se produce en f\u00e1bricas chinas con garant\u00eda de calidad.<\/p>","protected":false},"featured_media":8030,"template":"","meta":[],"product_brand":[],"product_cat":[31,30,414,424],"product_tag":[478,479,477],"class_list":{"0":"post-8027","1":"product","2":"type-product","3":"status-publish","4":"has-post-thumbnail","6":"product_cat-paper-box-style","7":"product_cat-by-industry","8":"product_cat-custom-apparel-boxes","9":"product_cat-magnetic-closure-boxes","10":"product_tag-apparel-boxes-manufacturer","11":"product_tag-apparel-packaging-china","12":"product_tag-custom-clothing-packaging","14":"first","15":"instock","16":"shipping-taxable","17":"product-type-simple"},"_links":{"self":[{"href":"https:\/\/zojopackaging.com\/es\/wp-json\/wp\/v2\/product\/8027","targetHints":{"allow":["GET"]}}],"collection":[{"href":"https:\/\/zojopackaging.com\/es\/wp-json\/wp\/v2\/product"}],"about":[{"href":"https:\/\/zojopackaging.com\/es\/wp-json\/wp\/v2\/types\/product"}],"version-history":[{"count":3,"href":"https:\/\/zojopackaging.com\/es\/wp-json\/wp\/v2\/product\/8027\/revisions"}],"predecessor-version":[{"id":8062,"href":"https:\/\/zojopackaging.com\/es\/wp-json\/wp\/v2\/product\/8027\/revisions\/8062"}],"wp:featuredmedia":[{"embeddable":true,"href":"https:\/\/zojopackaging.com\/es\/wp-json\/wp\/v2\/media\/8030"}],"wp:attachment":[{"href":"https:\/\/zojopackaging.com\/es\/wp-json\/wp\/v2\/media?parent=8027"}],"wp:term":[{"taxonomy":"product_brand","embeddable":true,"href":"https:\/\/zojopackaging.com\/es\/wp-json\/wp\/v2\/product_brand?post=8027"},{"taxonomy":"product_cat","embeddable":true,"href":"https:\/\/zojopackaging.com\/es\/wp-json\/wp\/v2\/product_cat?post=8027"},{"taxonomy":"product_tag","embeddable":true,"href":"https:\/\/zojopackaging.com\/es\/wp-json\/wp\/v2\/product_tag?post=8027"}],"curies":[{"name":"wp","href":"https:\/\/api.w.org\/{rel}","templated":true}]}}