{"id":8044,"date":"2025-03-23T13:26:13","date_gmt":"2025-03-23T05:26:13","guid":{"rendered":"https:\/\/zojopackaging.com\/?post_type=product&#038;p=8044"},"modified":"2025-03-23T16:13:21","modified_gmt":"2025-03-23T08:13:21","slug":"custom-high-quality-pen-packaging-box-factory-wholesale","status":"publish","type":"product","link":"https:\/\/zojopackaging.com\/es\/product\/custom-high-quality-pen-packaging-box-factory-wholesale\/","title":{"rendered":"Caja de embalaje para bol\u00edgrafos de alta calidad personalizada de f\u00e1brica al por mayor"},"content":{"rendered":"<h3 id=\"customized-high-quality-pen-packaging-factory-wholesale-instructions\">Instrucciones al por mayor de la f\u00e1brica de embalaje de la pluma de alta calidad personalizada<\/h3>\n<h4 id=\"1-minimalist-design-and-environmental-sustainability\">1. Dise\u00f1o minimalista y sostenibilidad medioambiental<\/h4>\n<p>El concepto central de los envases personalizados de alta calidad para bol\u00edgrafos es la integraci\u00f3n de\u00a0<strong>dise\u00f1o minimalista<\/strong>\u00a0y\u00a0<strong>sostenibilidad medioambiental<\/strong>. El uso de materiales degradables (como PLA, papel ecol\u00f3gico) y tecnolog\u00eda ligera no s\u00f3lo puede reducir el desperdicio de recursos, sino tambi\u00e9n los costes de transporte. Por ejemplo, el uso de 300 gramos de cart\u00f3n gris blanco o material de pulpa reciclada no solo satisface la demanda de protecci\u00f3n medioambiental del consumidor moderno, sino que tambi\u00e9n mejora la rentabilidad al simplificar el dise\u00f1o estructural (como la reducci\u00f3n del revestimiento redundante).<\/p>\n<h4 id=\"2-classic-color-matching-white-and-gray\">2. Combinaci\u00f3n de colores cl\u00e1sica: blanco y gris<\/h4>\n<p>La combinaci\u00f3n de colores blanco y gris es\u00a0<strong>cl\u00e1sico y multiescenario<\/strong>\u00a0elecci\u00f3n. El blanco simboliza la pureza y la sencillez, y el gris representa la estabilidad y la sensaci\u00f3n de alta gama. La combinaci\u00f3n de ambos puede adaptarse a regalos de empresa, art\u00edculos de papeler\u00eda para estudiantes y otras escenas. Por ejemplo, el tipo de caja de tapa superior e inferior se combina con un fondo gris mate y un LOGO blanco estampado en caliente, lo que no s\u00f3lo puede mejorar el reconocimiento de la marca, sino tambi\u00e9n transmitir un tono de marca discreto y lujoso.<\/p>\n<h4 id=\"3-diversified-box-customization\">3. Personalizaci\u00f3n diversificada de las cajas<\/h4>\n<p>La f\u00e1brica admite\u00a0<strong>m\u00faltiples dise\u00f1os de cajas<\/strong>incluyendo:<\/p>\n<ul>\n<li><strong>Cajas con tapa superior e inferior<\/strong>: adecuado para bol\u00edgrafos de gama alta, realza la sensaci\u00f3n de ceremonia de apertura de la caja;<\/li>\n<li><strong>Cajas extra\u00edbles<\/strong>: conveniente para mostrar varios conjuntos de bol\u00edgrafos, mejorando el efecto de visualizaci\u00f3n;<\/li>\n<li><strong>Ventosas magn\u00e9ticas abatibles<\/strong>: combinado con un mecanismo de cierre magn\u00e9tico, simplificando la acci\u00f3n de apertura y cierre;<\/li>\n<li><strong>Cajas con formas especiales<\/strong>: como cajas cil\u00edndricas o hexagonales, para satisfacer las necesidades de las marcas creativas. Gracias al dise\u00f1o diferenciado de las cajas, se pueden reforzar los puntos de recuerdo de la marca.<\/li>\n<\/ul>\n<h4 id=\"4-magnetic-suction-closing-mechanism\">4. Mecanismo magn\u00e9tico de cierre por succi\u00f3n<\/h4>\n<p><strong>Dise\u00f1o de cierre magn\u00e9tico<\/strong>\u00a0no s\u00f3lo proporciona una c\u00f3moda experiencia de uso, sino que tambi\u00e9n mejora la interacci\u00f3n con el consumidor gracias al sonido \"clic\" de la adsorci\u00f3n magn\u00e9tica. Por ejemplo, el uso de imanes de neodimio hierro boro incrustados, que est\u00e1n muy ocultos y tienen una fuerza de adsorci\u00f3n estable, es adecuado para cajas abatibles o estructuras de caja dividida. Este dise\u00f1o se ha utilizado ampliamente en cajas de embalaje de instrumentos de belleza para reducir la tasa de p\u00e9rdida de apertura y cierre.<\/p>\n<h4 id=\"5-material-selection-and-value-enhancement\">5. Selecci\u00f3n de materiales y valorizaci\u00f3n<\/h4>\n<p>La f\u00e1brica proporciona\u00a0<strong>diversos materiales<\/strong>\u00a0personalizaci\u00f3n:<\/p>\n<ul>\n<li><strong>Papel<\/strong>cartulina blanca, papel cart\u00f3n gris, adecuado para negocios de estilo minimalista;<\/li>\n<li><strong>Pl\u00e1stico<\/strong>: PP, PETG caja transparente, dise\u00f1o del cuerpo de la pluma pantalla;<\/li>\n<li><strong>Material compuesto<\/strong>: forro de EVA flocada + carcasa dura, teniendo en cuenta tanto la protecci\u00f3n como el tacto;<\/li>\n<li><strong>Protecci\u00f3n del medio ambiente<\/strong>: Material biodegradable PLA, en l\u00ednea con la imagen de marca verde.<\/li>\n<\/ul>\n<h4 id=\"6-inner-tray-customization-and-protection-function\">6. Funci\u00f3n de personalizaci\u00f3n y protecci\u00f3n de la bandeja interior<\/h4>\n<p><strong>Bandeja interior personalizada<\/strong>\u00a0es la clave de la protecci\u00f3n y la visualizaci\u00f3n:<\/p>\n<ul>\n<li><strong>Espuma EVA<\/strong>: moldeado seg\u00fan la forma del bol\u00edgrafo, a prueba de golpes y resistente a la presi\u00f3n;<\/li>\n<li><strong>Forro flocado<\/strong>Toque de realce, adecuado para regalos de alta gama;<\/li>\n<li><strong>Dise\u00f1o en capas extra\u00edble<\/strong>: pr\u00e1ctico para clasificar y almacenar varios bol\u00edgrafos.<\/li>\n<\/ul>\n<h4 id=\"vii-advantages-of-the-source-factory\">VII. Ventajas de la f\u00e1brica de origen<\/h4>\n<p>Como\u00a0<strong>f\u00e1brica de origen<\/strong>Ofrecemos los siguientes servicios:<\/p>\n<ul>\n<li><strong>Pruebas y dise\u00f1o gratuitos<\/strong>soporte LOGO estampaci\u00f3n en caliente, serigraf\u00eda y otros procesos;<\/li>\n<li><strong>Calidad controlable<\/strong>Control de calidad total: desde la adquisici\u00f3n de materias primas hasta la entrega del producto acabado;<\/li>\n<li><strong>Respuesta r\u00e1pida<\/strong>: la personalizaci\u00f3n se realiza en un plazo de 7 a 15 d\u00edas laborables.<\/li>\n<\/ul>\n<h4 id=\"viii-fully-automatic-production-and-delivery-guarantee\">VIII. Producci\u00f3n totalmente autom\u00e1tica y garant\u00eda de entrega<\/h4>\n<p>La f\u00e1brica est\u00e1 equipada con\u00a0<strong>l\u00edneas de producci\u00f3n totalmente autom\u00e1ticas<\/strong>incluyendo:<\/p>\n<ul>\n<li><strong>Troqueladora CNC<\/strong>error de precisi\u00f3n \u22640,2 mm;<\/li>\n<li><strong>M\u00e1quina de moldeo por inyecci\u00f3n de alta velocidad<\/strong>: la capacidad de producci\u00f3n diaria supera el mill\u00f3n de piezas;<\/li>\n<li><strong>Sistema log\u00edstico inteligente<\/strong>: apilado y embalaje autom\u00e1ticos, reduciendo la intervenci\u00f3n manual.<\/li>\n<\/ul>\n<h3 id=\"summary\">Resumen<\/h3>\n<p>Personalizar cajas de embalaje de alta calidad para bol\u00edgrafos exige tener en cuenta el dise\u00f1o, la funci\u00f3n y la eficacia. Mediante conceptos minimalistas de protecci\u00f3n del medio ambiente, combinaci\u00f3n de colores cl\u00e1sicos, tipos de caja diversificados y cierre magn\u00e9tico y otros dise\u00f1os innovadores, combinados con la producci\u00f3n a gran escala y el estricto control de calidad de la f\u00e1brica de origen, se puede crear una soluci\u00f3n de envasado que sea a la vez pr\u00e1ctica y bonita para la marca. Desde muestras gratuitas hasta entregas totalmente autom\u00e1ticas, el servicio integral de la f\u00e1brica ayuda a las marcas a aprovechar las oportunidades del mercado.<\/p>","protected":false},"excerpt":{"rendered":"<p>Mediante conceptos minimalistas de protecci\u00f3n del medio ambiente, combinaci\u00f3n cl\u00e1sica de colores, tipos de caja diversificados y cierre magn\u00e9tico y otros dise\u00f1os innovadores.<\/p>","protected":false},"featured_media":8047,"template":"","meta":[],"product_brand":[],"product_cat":[31,30,413,424],"product_tag":[487,488,486],"class_list":{"0":"post-8044","1":"product","2":"type-product","3":"status-publish","4":"has-post-thumbnail","6":"product_cat-paper-box-style","7":"product_cat-by-industry","8":"product_cat-consumer-electronics-boxes","9":"product_cat-magnetic-closure-boxes","10":"product_tag-custom-pen-packaging","11":"product_tag-pen-box-wholesale","12":"product_tag-pen-packaging-factory","14":"first","15":"instock","16":"shipping-taxable","17":"product-type-simple"},"_links":{"self":[{"href":"https:\/\/zojopackaging.com\/es\/wp-json\/wp\/v2\/product\/8044","targetHints":{"allow":["GET"]}}],"collection":[{"href":"https:\/\/zojopackaging.com\/es\/wp-json\/wp\/v2\/product"}],"about":[{"href":"https:\/\/zojopackaging.com\/es\/wp-json\/wp\/v2\/types\/product"}],"version-history":[{"count":1,"href":"https:\/\/zojopackaging.com\/es\/wp-json\/wp\/v2\/product\/8044\/revisions"}],"predecessor-version":[{"id":8059,"href":"https:\/\/zojopackaging.com\/es\/wp-json\/wp\/v2\/product\/8044\/revisions\/8059"}],"wp:featuredmedia":[{"embeddable":true,"href":"https:\/\/zojopackaging.com\/es\/wp-json\/wp\/v2\/media\/8047"}],"wp:attachment":[{"href":"https:\/\/zojopackaging.com\/es\/wp-json\/wp\/v2\/media?parent=8044"}],"wp:term":[{"taxonomy":"product_brand","embeddable":true,"href":"https:\/\/zojopackaging.com\/es\/wp-json\/wp\/v2\/product_brand?post=8044"},{"taxonomy":"product_cat","embeddable":true,"href":"https:\/\/zojopackaging.com\/es\/wp-json\/wp\/v2\/product_cat?post=8044"},{"taxonomy":"product_tag","embeddable":true,"href":"https:\/\/zojopackaging.com\/es\/wp-json\/wp\/v2\/product_tag?post=8044"}],"curies":[{"name":"wp","href":"https:\/\/api.w.org\/{rel}","templated":true}]}}