{"id":8050,"date":"2025-03-23T14:37:18","date_gmt":"2025-03-23T06:37:18","guid":{"rendered":"https:\/\/zojopackaging.com\/?post_type=product&#038;p=8050"},"modified":"2025-03-23T14:47:26","modified_gmt":"2025-03-23T06:47:26","slug":"high-quality-low-moq-car-fragrance-packaging-box-gift-package","status":"publish","type":"product","link":"https:\/\/zojopackaging.com\/es\/product\/high-quality-low-moq-car-fragrance-packaging-box-gift-package\/","title":{"rendered":"Alta Calidad Bajo MOQ Car Fragancia Caja de embalaje Paquete de regalo"},"content":{"rendered":"<h2 id=\"high-end-car-perfume-packaging-customization-guide-7-innovations-in-environmental-protection-texture-and-experience\">Gu\u00eda de personalizaci\u00f3n de envases para perfumes de coche de gama alta: 7 innovaciones en protecci\u00f3n medioambiental, textura y experiencia<\/h2>\n<h3 id=\"introduction\">Introducci\u00f3n<\/h3>\n<p>Impulsado por el doble impulso de la mejora del consumo y la protecci\u00f3n del medio ambiente, el envase de los perfumes para coches est\u00e1 experimentando un cambio cualitativo, pasando de ser un \"envase funcional\" a un \"soporte de marca\". Los datos muestran que la tasa de recompra de las marcas de perfumes para coches que utilizan envases sostenibles ha aumentado en 37%, y los dise\u00f1os con una elevada experiencia de unboxing pueden incrementar la capacidad de prima en 50%. Este art\u00edculo combina las tendencias de la industria y las pr\u00e1cticas de producci\u00f3n para analizar c\u00f3mo lograr un equilibrio entre la protecci\u00f3n del medio ambiente, la funci\u00f3n y el valor de marca mediante soluciones de personalizaci\u00f3n de baja MOQ.<\/p>\n<h3 id=\"1-minimalist-design-pioneer-practice-of-sustainable-packaging\">1. Dise\u00f1o minimalista: Pr\u00e1ctica pionera del envasado sostenible<\/h3>\n<p><strong>Innovaci\u00f3n en materiales respetuosos con el medio ambiente<\/strong><\/p>\n<ul>\n<li><strong>Sistema reciclable<\/strong>: Utilizando cart\u00f3n ondulado con certificaci\u00f3n FSC y pl\u00e1stico PET reciclado, la tasa de reciclaje de cajas de embalaje puede alcanzar 92%, y las emisiones de carbono del transporte pueden reducirse en 30% (consulte\u00a0<a href=\"https:\/\/sustainablepackaging.org\/\" target=\"_blank\" rel=\"noopener\">Norma de certificaci\u00f3n sostenible SEA<\/a>).<\/li>\n<li><strong>Soluci\u00f3n degradable<\/strong>: Bandeja interior de material mixto PLA+PBAT, completamente descompuesto en 120 d\u00edas bajo ambiente de compostaje industrial, evitando la contaminaci\u00f3n por micropl\u00e1sticos.<\/li>\n<li><strong>Dise\u00f1o de reducci\u00f3n<\/strong>: Gracias a la ingenier\u00eda estructural, el volumen del embalaje se comprime en 18%, y se utiliza un tipo de caja de tap\u00f3n sin cola (como la caja de avi\u00f3n, la caja de fondo de gancho) para reducir el desperdicio de material.<\/li>\n<\/ul>\n<p><strong>Minimalismo visual<\/strong><\/p>\n<ul>\n<li>Base de color s\u00f3lido de estilo n\u00f3rdico con LOGO de oro mate caliente, mostrando un sentido de la tecnolog\u00eda como Dyson caja de disecci\u00f3n transparente;<\/li>\n<li>El dise\u00f1o parcial de la ventana utiliza acr\u00edlico de base biol\u00f3gica, que no s\u00f3lo muestra la forma del frasco de perfume, sino que tambi\u00e9n reduce el uso de tinta.<\/li>\n<\/ul>\n<h3 id=\"2-box-matrix-8-major-structures-to-adapt-to-all-scene-needs\">2. Matriz de cajas: 8 grandes estructuras para adaptarse a todas las necesidades de la escena<\/h3>\n<ol>\n<li><strong>Caja de cabeza y tapa<\/strong>\u00a0(l\u00ednea de gama alta): Cart\u00f3n gris de 2 mm de grosor recubierto de pel\u00edcula t\u00e1ctil, amortiguaci\u00f3n de apertura y cierre comparable a la de los productos Apple, adecuado para escenas de regalos de empresa.<\/li>\n<li><strong>Cajonera<\/strong>\u00a0(colecci\u00f3n): anidado de doble capa + pista magn\u00e9tica, error de suavidad de extracci\u00f3n &lt;0,3 mm, adecuado para juegos de perfumes de edici\u00f3n limitada.<\/li>\n<li><strong>Caja en forma de libro<\/strong>\u00a0(uni\u00f3n IP cultural): estructura magn\u00e9tica de apertura lateral + estampaci\u00f3n en caliente en relieve, se puede incrustar con chip AR para mostrar la historia de la marca.<\/li>\n<li><strong>Caja de forma especial<\/strong>\u00a0(mercado joven): Caja l\u00e1ser hexagonal con barniz local UV, reconocimiento reflectante nocturno aumentado por 60%.<\/li>\n<li><strong>Caja combinada modular<\/strong>\u00a0(paquete multibotella): De 3 a 6 botellas pueden combinarse libremente mediante hebillas para reducir los costes de almacenamiento.<\/li>\n<\/ol>\n<h3 id=\"3-the-revolution-of-inner-support-4-types-of-materials-protect-product-safety\">3. La revoluci\u00f3n del soporte interior: 4 tipos de materiales protegen la seguridad del producto<\/h3>\n<table>\n<thead>\n<tr>\n<th>Tipo de material<\/th>\n<th>Caracter\u00edsticas<\/th>\n<th>Escenarios aplicables<\/th>\n<\/tr>\n<\/thead>\n<tbody>\n<tr>\n<td><strong>Punzonado EVA<\/strong><\/td>\n<td>Acolchado de densidad 30D, resistencia a los golpes superior al algod\u00f3n perlado<\/td>\n<td>Transporte de botellas de vidrio o de formas especiales<\/td>\n<\/tr>\n<tr>\n<td><strong>Moldeo de pasta alveolar<\/strong><\/td>\n<td>Rodamiento 8kg\/m\u00b2, te\u00f1ido de fibra vegetal personalizable<\/td>\n<td>Edici\u00f3n limitada sobre el tema de la protecci\u00f3n del medio ambiente<\/td>\n<\/tr>\n<tr>\n<td><strong>Espuma con memoria<\/strong><\/td>\n<td>Curva del cuerpo de la botella adaptable, precisi\u00f3n de apertura del molde \u00b10,1 mm<\/td>\n<td>Botella para tallar cristal de alta gama<\/td>\n<\/tr>\n<tr>\n<td><strong>Terciopelo recubierto de seda<\/strong><\/td>\n<td>Microfibra de malla 300, resistente a los ara\u00f1azos y mejora la sensaci\u00f3n al abrir la caja<\/td>\n<td>Modelo conjunto de lujo<\/td>\n<\/tr>\n<\/tbody>\n<\/table>\n<h3 id=\"4-brand-imprint-texture-upgrade-of-hot-stamping-process\">4. Impresi\u00f3n de marca: Mejora de la textura del proceso de estampaci\u00f3n en caliente<\/h3>\n<ul>\n<li><strong>Estampaci\u00f3n en caliente tridimensional<\/strong>: Utiliza papel de aluminio electroqu\u00edmico ultrafino de 0,1 mm para conseguir un efecto de relieve en 3D (como el estampado en caliente a cuadros de BURBERRY);<\/li>\n<li><strong>L\u00e1ser de colores<\/strong>: Gracias a la tecnolog\u00eda de nanotransferencia, el LOGO puede presentar un degradado iridiscente con la luz;<\/li>\n<li><strong>UV t\u00e1ctil<\/strong>: Recubrimiento mate de serigraf\u00eda parcial, frotando con la punta de los dedos para producir una textura similar al ante.\u00a0<em>Caso<\/em>: Una marca alemana de fragancias para autom\u00f3viles utiliza la tecnolog\u00eda de estampaci\u00f3n en caliente + gofrado para aumentar el reconocimiento de su marca en 43%.<\/li>\n<\/ul>\n<h3 id=\"5-unboxing-experience-5-major-accessories-to-create-memory-points\">5. Experiencia unboxing: 5 grandes accesorios para crear puntos de memoria<\/h3>\n<ol>\n<li><strong>Cinta magn\u00e9tica<\/strong>: Cinta de 6 mm de ancho incrustada con imanes de neodimio, puede embalarse repetidamente y soportar hasta 2 kg;<\/li>\n<li><strong>Tarjeta ecol\u00f3gica de fragancia<\/strong>: Tarjetas de semillas impresas con tinta de soja, el riego puede cultivar plantas como la lavanda;<\/li>\n<li><strong>Anilla de tiro inteligente<\/strong>: Chip NFC incrustado en el asa, escanea directamente a la p\u00e1gina de afiliaci\u00f3n de la marca;<\/li>\n<li><strong>Soporte plegable<\/strong>: La caja de embalaje se convierte instant\u00e1neamente en un expositor de coches, y el revestimiento UV resiste el amarilleamiento por la luz solar;<\/li>\n<li><strong>Sello olfativo<\/strong>: Las microc\u00e1psulas est\u00e1n preconfiguradas en la caja, y la fragancia de madera de cedro se libera al abrir la caja.<\/li>\n<\/ol>\n<h3 id=\"vi-flexible-customization-3-major-modes-to-solve-the-minimum-order-quantity-dilemma\">6. Personalizaci\u00f3n flexible: 3 modos principales para resolver el dilema de la cantidad m\u00ednima de pedido.<\/h3>\n<ol>\n<li><strong>50 piezas de personalizaci\u00f3n ligera<\/strong>Impresi\u00f3n digital + troquelado l\u00e1ser, entrega en 72 horas, admite 1 imagen principal + 3 tipos de caja intercambiables;<\/li>\n<li><strong>Sistema din\u00e1mico de precios<\/strong>Oferta escalonada: utilice la oferta escalonada para menos de 500 piezas y reduzca la tasa de apertura de moldes en 30% mediante moldes compartidos;<\/li>\n<li><strong>Colaboraci\u00f3n en el dise\u00f1o de IA<\/strong>: cargue el tama\u00f1o de la botella para generar autom\u00e1ticamente soluciones de envasado en 3D, con m\u00e1s de 200 combinaciones de materiales y procesos.<\/li>\n<\/ol>\n<h3 id=\"vii-factory-direct-sales-4-fold-guarantee-to-build-a-closed-loop-of-trust\">7. Venta directa de f\u00e1brica: cu\u00e1druple garant\u00eda para crear un c\u00edrculo cerrado de confianza<\/h3>\n<ol>\n<li><strong>Prueba y error a coste cero<\/strong>: Se suministran gratuitamente 3 muestras blancas + 2 muestras de color, que soportan las pruebas destructivas de transporte;<\/li>\n<li><strong>Producci\u00f3n transparente<\/strong>retransmisi\u00f3n en directo del taller las 24 horas del d\u00eda, impulso de los avances por WeChat en los nodos clave;<\/li>\n<li><strong>Compromiso de calidad<\/strong>: 21 procesos de inspecci\u00f3n de calidad, compromiso de indemnizaci\u00f3n \u00edntegra por da\u00f1os de transporte tasa&gt;1%;<\/li>\n<li><strong>Finanzas verdes<\/strong>acceso a la plataforma de financiaci\u00f3n de la cadena de suministro, 30% pago anticipado puede iniciar la producci\u00f3n<\/li>\n<\/ol>\n<h3 id=\"conclusion\">Conclusi\u00f3n<\/h3>\n<p>Cuando la protecci\u00f3n del medio ambiente deja de ser una carga de costes, y cuando el \"unboxing\" se sublima en un ritual de marca, el envase de los perfumes para coches se est\u00e1 convirtiendo en un silencioso asesor de ventas. Desde las bandejas interiores de nido de abeja degradable hasta las cintas magn\u00e9ticas, desde la colorida estampaci\u00f3n en caliente por l\u00e1ser hasta la personalizaci\u00f3n inteligente con IA, cada innovaci\u00f3n est\u00e1 redefiniendo el l\u00edmite de valor del \"envase\". Elegir una soluci\u00f3n de envasado que resuene con la tecnolog\u00eda punta no es solo una decisi\u00f3n empresarial, sino tambi\u00e9n un compromiso responsable con un futuro sostenible.<\/p>","protected":false},"excerpt":{"rendered":"<p>Cuando la protecci\u00f3n del medio ambiente deja de ser una carga econ\u00f3mica y el unboxing se sublima en un ritual de marca, el envase de los perfumes de coche se convierte en un silencioso asesor de ventas.<\/p>","protected":false},"featured_media":8051,"template":"","meta":[],"product_brand":[],"product_cat":[31,30,417,425],"product_tag":[483,485,484],"class_list":{"0":"post-8050","1":"product","2":"type-product","3":"status-publish","4":"has-post-thumbnail","6":"product_cat-paper-box-style","7":"product_cat-by-industry","8":"product_cat-custom-perfume-boxes-by-industry","9":"product_cat-lid-and-base-gift-box","10":"product_tag-car-fragrance-box","11":"product_tag-fragrance-gift-packaging","12":"product_tag-fragrance-packaging-box","14":"first","15":"instock","16":"shipping-taxable","17":"product-type-simple"},"_links":{"self":[{"href":"https:\/\/zojopackaging.com\/es\/wp-json\/wp\/v2\/product\/8050","targetHints":{"allow":["GET"]}}],"collection":[{"href":"https:\/\/zojopackaging.com\/es\/wp-json\/wp\/v2\/product"}],"about":[{"href":"https:\/\/zojopackaging.com\/es\/wp-json\/wp\/v2\/types\/product"}],"version-history":[{"count":1,"href":"https:\/\/zojopackaging.com\/es\/wp-json\/wp\/v2\/product\/8050\/revisions"}],"predecessor-version":[{"id":8057,"href":"https:\/\/zojopackaging.com\/es\/wp-json\/wp\/v2\/product\/8050\/revisions\/8057"}],"wp:featuredmedia":[{"embeddable":true,"href":"https:\/\/zojopackaging.com\/es\/wp-json\/wp\/v2\/media\/8051"}],"wp:attachment":[{"href":"https:\/\/zojopackaging.com\/es\/wp-json\/wp\/v2\/media?parent=8050"}],"wp:term":[{"taxonomy":"product_brand","embeddable":true,"href":"https:\/\/zojopackaging.com\/es\/wp-json\/wp\/v2\/product_brand?post=8050"},{"taxonomy":"product_cat","embeddable":true,"href":"https:\/\/zojopackaging.com\/es\/wp-json\/wp\/v2\/product_cat?post=8050"},{"taxonomy":"product_tag","embeddable":true,"href":"https:\/\/zojopackaging.com\/es\/wp-json\/wp\/v2\/product_tag?post=8050"}],"curies":[{"name":"wp","href":"https:\/\/api.w.org\/{rel}","templated":true}]}}