{"id":8220,"date":"2025-03-25T17:19:48","date_gmt":"2025-03-25T09:19:48","guid":{"rendered":"https:\/\/zojopackaging.com\/?post_type=product&#038;p=8220"},"modified":"2025-03-25T17:19:50","modified_gmt":"2025-03-25T09:19:50","slug":"premium-custom-made-headphone-packaging-boxes-wholesale","status":"publish","type":"product","link":"https:\/\/zojopackaging.com\/es\/product\/premium-custom-made-headphone-packaging-boxes-wholesale\/","title":{"rendered":"Cajas de embalaje para auriculares de primera calidad hechas a medida al por mayor"},"content":{"rendered":"<h1>Cajas de embalaje para auriculares de primera calidad hechas a medida al por mayor<\/h1>\n<h3 id=\"-1-double-sided-printed-airplane-box-environmental-protection-and-brand-dual-effect-empowerment-\"><strong>1. Caja postal impresa a doble cara: protecci\u00f3n del medio ambiente y potenciaci\u00f3n del doble efecto de la marca.<\/strong><\/h3>\n<p>La caja postal impresa por las dos caras, fabricada con papel respetuoso con el medio ambiente, se basa en papel de pasta cruda con certificaci\u00f3n FSC y cumple la norma de protecci\u00f3n medioambiental RoHS de la UE. La tecnolog\u00eda de impresi\u00f3n a doble cara puede mostrar simult\u00e1neamente el logotipo de la marca, los puntos de venta del producto y un dise\u00f1o visual art\u00edstico, formando una cobertura de informaci\u00f3n de marca de 360\u00b0. Por ejemplo, el embalaje moldeado en pasta de los auriculares Sony WF-1000XM4 reduce el uso de tinta gracias a la tecnolog\u00eda de gofrado, logrando un equilibrio entre la protecci\u00f3n del medio ambiente y la est\u00e9tica. Este dise\u00f1o puede aumentar el reconocimiento de la marca en 20%-30%, especialmente adecuado para productos electr\u00f3nicos de consumo de gama alta.<\/p>\n<h3 id=\"-2-tearable-unboxing-design-extremely-fast-experience-upgrade-\"><strong>2. Dise\u00f1o con cremallera: Actualizaci\u00f3n de experiencia extremadamente r\u00e1pida<\/strong><\/h3>\n<p>Innovadora estructura rasgable (como l\u00ednea de precorte + dise\u00f1o de tira de rasgado de cremallera f\u00e1cil) para lograr 1 segundo unboxing, los usuarios pueden acceder r\u00e1pidamente a los productos sin herramientas. Este dise\u00f1o hace referencia al concepto de proceso de \"capa hidr\u00f3foba de hoja de loto\" del estuche protector de los AirPods de Donglaiye, y mejora la eficiencia de interacci\u00f3n mediante la optimizaci\u00f3n de la estructura f\u00edsica. Seg\u00fan las estad\u00edsticas, este tipo de dise\u00f1o puede aumentar la satisfacci\u00f3n de unboxing del usuario en 35%, especialmente en l\u00ednea con las necesidades de los escenarios de consumo de ritmo r\u00e1pido.<\/p>\n<h3 id=\"-three-full-size-customization-service-precise-adaptation-to-multiple-categories-\"><strong>3. Servicio de personalizaci\u00f3n a medida: adaptaci\u00f3n precisa a m\u00faltiples categor\u00edas.<\/strong><\/h3>\n<p>Admite la personalizaci\u00f3n por tama\u00f1os de todas las categor\u00edas de productos electr\u00f3nicos de consumo, que abarcan:<\/p>\n<ul>\n<li><strong>Auriculares<\/strong>: Adaptable a los auriculares TWS (de 150\u00d7100\u00d740 mm a 300\u00d7200\u00d7100 mm)<\/li>\n<li><strong>Accesorios<\/strong>como contenedores de carga, cajas de almacenamiento de cables de datos<\/li>\n<li><strong>Extensiones<\/strong>: Soluciones de embalaje compuesto, como relojes inteligentes y altavoces Bluetooth A trav\u00e9s de la tecnolog\u00eda de modelado de escaneado 3D, garantizar que el error de espacio de la cavidad interior es \u22640,3 mm, cumpliendo con el alto est\u00e1ndar de la industria de compresi\u00f3n de volumen 66% para el embalaje de tel\u00e9fonos m\u00f3viles Sony Xperia.<\/li>\n<\/ul>\n<h3 id=\"-fourth-matte-film-coating-process-triple-protection-system-\"><strong>4. Proceso de recubrimiento con pel\u00edcula mate: sistema de triple protecci\u00f3n<\/strong><\/h3>\n<p>Adopta la tecnolog\u00eda alemana importada de recubrimiento de pel\u00edcula mate a base de agua para lograr:<\/p>\n<ul>\n<li><strong>Protecci\u00f3n f\u00edsica<\/strong>: El nivel de impermeabilidad alcanza IPX4, y el rendimiento antiaceite supera la prueba est\u00e1ndar ASTM D618<\/li>\n<li><strong>Optimizaci\u00f3n visual<\/strong>: 7H dureza superficie anti-ara\u00f1azos, el mantenimiento de la marca de impresi\u00f3n diferencia de color \u0394E\u22641.5<\/li>\n<li><strong>Mejora t\u00e1ctil<\/strong>: Textura mate similar a la piel, formando competencia diferenciada con el tacto de silicona l\u00edquida del estuche protector Apple AirPods Pro.<\/li>\n<\/ul>\n<h3 id=\"-five-smart-lining-customization-brand-and-function-resonance-\"><strong>5. Personalizaci\u00f3n inteligente del forro: resonancia de marca y funci\u00f3n<\/strong><\/h3>\n<p>Proporcione una soluci\u00f3n paso a paso:<\/p>\n<ol>\n<li><strong>Versi\u00f3n b\u00e1sica<\/strong>: Revestimiento antichoque EVA (reducci\u00f3n del coste de 15%-20%)<\/li>\n<li><strong>Versi\u00f3n avanzada<\/strong>: Troquelado especial de algod\u00f3n flocado\/perlado (se adapta al contorno de los auriculares curvados)<\/li>\n<li><strong>Versi\u00f3n definitiva<\/strong>: Estructura magn\u00e9tica inteligente en capas (funci\u00f3n de almacenamiento de accesorios integrada) Admite la implantaci\u00f3n de colores de marca (tasa de cobertura de colores planos Pantone 98%), haciendo realidad la experiencia inmersiva de \"fuera de la caja est\u00e1 la marca\"<\/li>\n<\/ol>\n<h3 id=\"-sixth-corrugated-material-application-cost-and-protection-\"><strong>6. Aplicaci\u00f3n del material ondulado: coste y protecci\u00f3n<\/strong><\/h3>\n<p>Se selecciona cart\u00f3n ondulado doble BC (grosor 3,5-5 mm), que presenta las siguientes caracter\u00edsticas:<\/p>\n<ul>\n<li><strong>Econ\u00f3mico<\/strong>: 30% menor coste que el bl\u00edster tradicional<\/li>\n<li><strong>Protecci\u00f3n<\/strong>: Resistencia a la presi\u00f3n en los bordes \u22658KN\/m, conforme a las normas de ensayo de transporte ISTA 3A.<\/li>\n<li><strong>Medio ambiente<\/strong>: La tasa de reciclado de materiales supera los 95%, las emisiones de carbono se reducen en 62% en comparaci\u00f3n con los envases de pl\u00e1stico Gracias al dise\u00f1o de la estructura de nido de abeja, la tasa de da\u00f1os durante el transporte es inferior a 0,5%.<\/li>\n<\/ul>\n<h3 id=\"-seventh-all-black-minimalist-aesthetics-high-end-visual-language-\"><strong>7. Est\u00e9tica minimalista totalmente negra: lenguaje visual de alta gama<\/strong><\/h3>\n<p>Adopta tecnolog\u00eda de impresi\u00f3n UV de 8 colores, puede lograr:<\/p>\n<ul>\n<li><strong>Rendimiento del color<\/strong>: Pureza del negro Valor L* \u22642,5, que alcanza el est\u00e1ndar de la carta de colores RAL 9005.<\/li>\n<li><strong>Combinaci\u00f3n de procesos<\/strong>: Plata mate en caliente parcial + gofrado en relieve (como el tratamiento tridimensional del logotipo de la marca)<\/li>\n<li><strong>Ampliaci\u00f3n de estilo<\/strong>: Remitirse al concepto de dise\u00f1o minimalista del embalaje de los auriculares Huawei para reforzar la asociaci\u00f3n de marca de \"negro tecnol\u00f3gico\" y \"lujo ligero\".<\/li>\n<\/ul>\n<h3 id=\"-eight-china-smart-manufacturing-service-zero-risk-cooperation-model-\"><strong>8. Servicio de Fabricaci\u00f3n Inteligente de China: Modelo de cooperaci\u00f3n de riesgo cero<\/strong><\/h3>\n<p>Las f\u00e1bricas que operan directamente en el Cintur\u00f3n Industrial del Delta del R\u00edo Perla proporcionan:<\/p>\n<ul>\n<li><strong>Asistencia gratuita<\/strong>: Presupuesto r\u00e1pido en 48 horas + pruebas en 72 horas + dise\u00f1o original (incluye 3 juegos de propuestas)<\/li>\n<li><strong>Sistema de control de calidad<\/strong>: Certificaci\u00f3n ISO9001\/BSCI superada, tasa de cualificaci\u00f3n de lotes de producci\u00f3n en masa \u2265 99,3%<\/li>\n<li><strong>Garant\u00eda de capacidad<\/strong>20 l\u00edneas de producci\u00f3n automatizadas, con pedidos flexibles de 500.000 piezas al mes. Apoy\u00e1ndonos en la dilatada experiencia de empresas locales como Chengguang Color Printing, ofrecemos una soluci\u00f3n integral desde el dise\u00f1o hasta la log\u00edstica.<\/li>\n<\/ul>\n<p><strong>Acci\u00f3n inmediata<\/strong>:<\/p>\n<ol>\n<li>Informe exclusivo de optimizaci\u00f3n de costes<\/li>\n<li>Efecto maqueta 3D<\/li>\n<li>Servicio de entrega de muestras en 48 horas<\/li>\n<\/ol>\n<p>Gracias a un envase personalizado, la prima de la marca aumenta en 40%+, lo que convierte cada momento de desembalaje en un punto de contacto de oro para la comunicaci\u00f3n de la marca.<\/p>","protected":false},"excerpt":{"rendered":"<p>Caja de papel corrugado con cremallera para auriculares, personalizaci\u00f3n ilimitada de tama\u00f1o, suministro directo de f\u00e1bricas chinas, env\u00edo plano ahorra 60% de espacio, la marca de impresi\u00f3n de doble cara es m\u00e1s llamativa.<\/p>","protected":false},"featured_media":8222,"template":"","meta":[],"product_brand":[],"product_cat":[413,433],"product_tag":[625,626,627],"class_list":{"0":"post-8220","1":"product","2":"type-product","3":"status-publish","4":"has-post-thumbnail","6":"product_cat-consumer-electronics-boxes","7":"product_cat-shipping-mailer-boxes","8":"product_tag-custom-headphone-packaging","9":"product_tag-headphone-packaging-boxes","10":"product_tag-premium-headphone-boxes-wholesale","12":"first","13":"instock","14":"shipping-taxable","15":"product-type-simple"},"_links":{"self":[{"href":"https:\/\/zojopackaging.com\/es\/wp-json\/wp\/v2\/product\/8220","targetHints":{"allow":["GET"]}}],"collection":[{"href":"https:\/\/zojopackaging.com\/es\/wp-json\/wp\/v2\/product"}],"about":[{"href":"https:\/\/zojopackaging.com\/es\/wp-json\/wp\/v2\/types\/product"}],"version-history":[{"count":2,"href":"https:\/\/zojopackaging.com\/es\/wp-json\/wp\/v2\/product\/8220\/revisions"}],"predecessor-version":[{"id":8230,"href":"https:\/\/zojopackaging.com\/es\/wp-json\/wp\/v2\/product\/8220\/revisions\/8230"}],"wp:featuredmedia":[{"embeddable":true,"href":"https:\/\/zojopackaging.com\/es\/wp-json\/wp\/v2\/media\/8222"}],"wp:attachment":[{"href":"https:\/\/zojopackaging.com\/es\/wp-json\/wp\/v2\/media?parent=8220"}],"wp:term":[{"taxonomy":"product_brand","embeddable":true,"href":"https:\/\/zojopackaging.com\/es\/wp-json\/wp\/v2\/product_brand?post=8220"},{"taxonomy":"product_cat","embeddable":true,"href":"https:\/\/zojopackaging.com\/es\/wp-json\/wp\/v2\/product_cat?post=8220"},{"taxonomy":"product_tag","embeddable":true,"href":"https:\/\/zojopackaging.com\/es\/wp-json\/wp\/v2\/product_tag?post=8220"}],"curies":[{"name":"wp","href":"https:\/\/api.w.org\/{rel}","templated":true}]}}