{"id":8241,"date":"2025-03-25T17:56:39","date_gmt":"2025-03-25T09:56:39","guid":{"rendered":"https:\/\/zojopackaging.com\/?post_type=product&#038;p=8241"},"modified":"2025-03-25T18:34:06","modified_gmt":"2025-03-25T10:34:06","slug":"premium-aquarius-crystal-healing-stones-gift-set-box-factory","status":"publish","type":"product","link":"https:\/\/zojopackaging.com\/es\/product\/premium-aquarius-crystal-healing-stones-gift-set-box-factory\/","title":{"rendered":"Premium Acuario Cristal Piedras Curativas Set de Regalo Caja de F\u00e1brica"},"content":{"rendered":"<h2 id=\"-customized-plan-for-aquarius-crystal-healing-stone-gift-set-box\">Plan personalizado para acuario cristal curativo piedra regalo set caja<\/h2>\n<h3><strong>1. cierre magn\u00e9tico <\/strong><strong>box: est\u00e9tica sencilla y sentido ritual<\/strong><\/h3>\n<ul>\n<li><strong>Caja con cierre magn\u00e9tico <\/strong>: El cuerpo de la caja adopta un dise\u00f1o de im\u00e1n invisible, sin accesorios met\u00e1licos expuestos, apertura y cierre suaves y silenciosos, evitando el problema de desgaste de las hebillas magn\u00e9ticas tradicionales, destacando la calidad de los detalles.<\/li>\n<li><strong>Significado del cierre magn\u00e9tico<\/strong>: Caja de cierre magn\u00e9tico de tapa dura de imitaci\u00f3n, en consonancia con las caracter\u00edsticas de la constelaci\u00f3n de Acuario \"sabidur\u00eda y espiritualidad\", el proceso de apertura es como hojear un libro, realzando el sentido ritual de la experiencia del usuario.<\/li>\n<li><strong>Combinaci\u00f3n estable de materiales<\/strong>: Cart\u00f3n gris 1200 GSM + papel art\u00edstico estucado 157 GSM, resistente a la presi\u00f3n y a las ca\u00eddas, uso prolongado sin deformaci\u00f3n, adecuado para la protecci\u00f3n del almacenamiento y el transporte de cristales preciosos.<\/li>\n<\/ul>\n<h3 id=\"-2-double-sided-high-definition-printing-macaron-healing-color-system-\"><strong>2. Sistema de color de curaci\u00f3n macaron de impresi\u00f3n de alta definici\u00f3n de doble cara.<\/strong><\/h3>\n<ul>\n<li><strong>Impresi\u00f3n de alta precisi\u00f3n a doble cara<\/strong>Impresi\u00f3n: se utiliza tecnolog\u00eda de impresi\u00f3n por ambas caras, la resoluci\u00f3n del motivo alcanza los 300 ppp, la transici\u00f3n de color es natural, y los elementos de Aquarius, como el cielo estrellado y el flujo de agua, aparecen v\u00edvidos en la superficie de la caja, con un fuerte impacto visual.<\/li>\n<li><strong>Macaron degradado de colores<\/strong>: Azul claro, morado claro, gris niebla y otros colores de baja saturaci\u00f3n son los tonos principales, que alivian suavemente la fatiga visual y transmiten al producto la connotaci\u00f3n de \"aliviar las emociones y purificar la energ\u00eda\".<\/li>\n<li><strong>Tecnolog\u00eda de pel\u00edcula mate superficial<\/strong>: Anti-huellas dactilares, anti-ara\u00f1azos, tacto delicado, garantizar que el patr\u00f3n impreso es de larga duraci\u00f3n y clara, sin diferencia de color, y el sentido de la calidad mejora el espacio premium de la marca.<\/li>\n<\/ul>\n<h3 id=\"-3-deep-customization-service-exclusive-adaptation-from-lining-to-outer-box-\"><strong>3. Servicio de personalizaci\u00f3n profunda: adaptaci\u00f3n exclusiva desde el forro hasta la caja exterior.<\/strong><\/h3>\n<ol>\n<li><strong>Dise\u00f1o flexible del revestimiento<\/strong><\/li>\n<li><strong>Forro fijo<\/strong>: Personalizaci\u00f3n de la ranura de esponja o franela EPE, ajuste preciso a la forma de las piedras curativas (como pir\u00e1mides, p\u00e9ndulos y piedras en bruto), reduciendo el desgaste por sacudidas.<\/li>\n<li><strong>Forro de la pantalla<\/strong>: soporte acr\u00edlico transparente + estructura en capas, presentaci\u00f3n tridimensional de la textura y el brillo del cristal, que refuerza el argumento de venta de la \"visualizaci\u00f3n de la energ\u00eda\".<\/li>\n<li><strong>Decoraci\u00f3n personalizada de la caja exterior<\/strong><\/li>\n<li><strong>S\u00edmbolo de constelaci\u00f3n personalizado<\/strong>Estampaci\u00f3n en caliente\/impresi\u00f3n en plata caliente del mapa de la constelaci\u00f3n de Acuario o del amuleto del guardi\u00e1n de la constelaci\u00f3n, a\u00f1adiendo misterio.<\/li>\n<li><strong>Accesorios adicionales<\/strong>: se pueden incrustar marcap\u00e1ginas met\u00e1licos, tarjetas de interpretaci\u00f3n de constelaciones, para aumentar el valor a\u00f1adido del conjunto.<\/li>\n<\/ol>\n<h3 id=\"-fourth-the-core-advantages-of-china-s-source-factory-\"><strong>4. Las principales ventajas de la f\u00e1brica de origen chino<\/strong><\/h3>\n<ul>\n<li><strong>Muestra de coste cero<\/strong>: dise\u00f1o de renderizado 3D gratuito, entrega de muestras de material, tras la confirmaci\u00f3n, producci\u00f3n, riesgo cero para iniciar la cooperaci\u00f3n.<\/li>\n<li><strong>Reducci\u00f3n del precio del 40%<\/strong>: suministro directo de f\u00e1brica sin diferencia de precio intermedio, 500 piezas de precio de la orden tan bajo como XX yuanes, el apoyo de peque\u00f1os lotes de pedido flexible.<\/li>\n<li><strong>Entrega r\u00e1pida en 15 d\u00edas<\/strong>L\u00ednea de producci\u00f3n propia + almacenamiento inteligente, los pedidos nacionales se env\u00edan en un plazo de 7 d\u00edas, soluciones log\u00edsticas globales (DHL\/FedEx) opcionales.<\/li>\n<\/ul>\n<h3 id=\"-highlights-of-commercial-value-\"><strong>Aspectos destacados del valor comercial<\/strong><\/h3>\n<p>\u2705\u00a0<strong>Aumentar el tipo de recompra<\/strong>: Las cajas regalo de gran valor estimulan el deseo de coleccionar de los usuarios y promueven la estrategia de marketing \"set collection\". \u2705\u00a0<strong>Reducir los costes posventa<\/strong>: Tipo de caja resistente a la presi\u00f3n + revestimiento personalizado controla la tasa de da\u00f1os de transporte por debajo de 0,5%. \u2705\u00a0<strong>Fisi\u00f3n de la comunicaci\u00f3n social<\/strong>: El color macaron + el dise\u00f1o curativo incitan f\u00e1cilmente a los usuarios a hacer fotos y compartirlas, ampliando la exposici\u00f3n de la marca.<\/p>\n<p><strong>\u00a1Act\u00fae ahora para hacerse con el mercado tem\u00e1tico de Aquarius!\u00a0<\/strong>Proporcione el tama\u00f1o de su producto, concepto de dise\u00f1o y cantidad m\u00ednima de pedido, y reciba planos de dise\u00f1o y presupuestos gratuitos en 24 horas. Con precios de origen y artesan\u00eda, \u00a1d\u00e9 a sus piedras curativas un \"contenedor de energ\u00eda\" insustituible!<\/p>\n<p><strong>Escenarios de aplicaci\u00f3n del aterrizaje<\/strong><\/p>\n<ol>\n<li><strong>Caja de regalo de alta gama para un solo producto<\/strong>: Emparejado con una \u00fanica piedra curativa de alta energ\u00eda (como aguamarina, amatista), se centra en el mercado de regalos de cumplea\u00f1os\/zod\u00edaco.<\/li>\n<li><strong>Combinaci\u00f3n de sets de curaci\u00f3n<\/strong>: Contiene 7 cristales con diferentes funciones (conjunto de chakras), con un manual de instrucciones adicional, dirigido a los entusiastas del cuerpo, la mente y el esp\u00edritu.<\/li>\n<li><strong>Art\u00edculos de marca compartida<\/strong>: Cooperar con astr\u00f3logos y blogueros energ\u00e9ticos para lanzar cajas de regalo de edici\u00f3n limitada, a\u00f1adiendo el efecto econ\u00f3mico del ventilador IP.<\/li>\n<\/ol>","protected":false},"excerpt":{"rendered":"<p>\u00a1Caja de regalo con cierre magn\u00e9tico impresa en color de alta definici\u00f3n por las dos caras, colores curativos macaron adaptados a las piedras curativas de cristal, suministro directo de f\u00e1brica admite dise\u00f1o exclusivo, apertura y cierre visualmente sencillos y suaves!<\/p>","protected":false},"featured_media":8242,"template":"","meta":[],"product_brand":[],"product_cat":[30,423,424],"product_tag":[633,632,631],"class_list":{"0":"post-8241","1":"product","2":"type-product","3":"status-publish","4":"has-post-thumbnail","6":"product_cat-by-industry","7":"product_cat-custom-presentation-boxes-by-industry","8":"product_cat-magnetic-closure-boxes","9":"product_tag-crystal-gift-box-factory","10":"product_tag-crystal-healing-gift-set-box","11":"product_tag-crystal-healing-stones-box","13":"first","14":"instock","15":"shipping-taxable","16":"product-type-simple"},"_links":{"self":[{"href":"https:\/\/zojopackaging.com\/es\/wp-json\/wp\/v2\/product\/8241","targetHints":{"allow":["GET"]}}],"collection":[{"href":"https:\/\/zojopackaging.com\/es\/wp-json\/wp\/v2\/product"}],"about":[{"href":"https:\/\/zojopackaging.com\/es\/wp-json\/wp\/v2\/types\/product"}],"version-history":[{"count":1,"href":"https:\/\/zojopackaging.com\/es\/wp-json\/wp\/v2\/product\/8241\/revisions"}],"predecessor-version":[{"id":8247,"href":"https:\/\/zojopackaging.com\/es\/wp-json\/wp\/v2\/product\/8241\/revisions\/8247"}],"wp:featuredmedia":[{"embeddable":true,"href":"https:\/\/zojopackaging.com\/es\/wp-json\/wp\/v2\/media\/8242"}],"wp:attachment":[{"href":"https:\/\/zojopackaging.com\/es\/wp-json\/wp\/v2\/media?parent=8241"}],"wp:term":[{"taxonomy":"product_brand","embeddable":true,"href":"https:\/\/zojopackaging.com\/es\/wp-json\/wp\/v2\/product_brand?post=8241"},{"taxonomy":"product_cat","embeddable":true,"href":"https:\/\/zojopackaging.com\/es\/wp-json\/wp\/v2\/product_cat?post=8241"},{"taxonomy":"product_tag","embeddable":true,"href":"https:\/\/zojopackaging.com\/es\/wp-json\/wp\/v2\/product_tag?post=8241"}],"curies":[{"name":"wp","href":"https:\/\/api.w.org\/{rel}","templated":true}]}}