{"id":8261,"date":"2025-03-25T19:04:36","date_gmt":"2025-03-25T11:04:36","guid":{"rendered":"https:\/\/zojopackaging.com\/?post_type=product&#038;p=8261"},"modified":"2025-03-25T19:08:32","modified_gmt":"2025-03-25T11:08:32","slug":"custom-printed-quality-pen-packaging-gift-boxes-wholesale","status":"publish","type":"product","link":"https:\/\/zojopackaging.com\/es\/product\/custom-printed-quality-pen-packaging-gift-boxes-wholesale\/","title":{"rendered":"Cajas de regalo para el embalaje de bol\u00edgrafos de calidad con impresi\u00f3n personalizada al por mayor"},"content":{"rendered":"<h2 id=\"-wholesale-instructions-for-customized-gift-boxes-for-high-end-pens-dual-empowerment-of-craftsmanship-and-brand-value-\"><strong>Instrucciones para la venta al por mayor de cajas de regalo personalizadas para bol\u00edgrafos de gama alta<\/strong><\/h2>\n<h3 id=\"-1-environmentally-friendly-and-sturdy-materials-laying-a-high-end-tone-\"><strong>1. Materiales resistentes y respetuosos con el medio ambiente, que dan un tono de gama alta<\/strong><\/h3>\n<ul>\n<li><strong>Cart\u00f3n gris 1200 GSM + papel estucado 157 GSM<\/strong>: Los materiales dobles de alto peso garantizan que el cuerpo de la caja sea resistente a la presi\u00f3n y a la ca\u00edda, con una capacidad de carga de m\u00e1s de 5 kg, resistiendo eficazmente los impactos externos durante el transporte y reduciendo el \u00edndice de da\u00f1os a la carga.<\/li>\n<li><strong>Certificaci\u00f3n medioambiental<\/strong>: El papel ha superado la certificaci\u00f3n FSC, la tinta cumple la norma REACH de la UE, es reciclable y degradable, y se ajusta a la estrategia de desarrollo sostenible de la empresa.<\/li>\n<\/ul>\n<h3 id=\"-2-magnetic-book-shaped-box-design-luxury-in-simplicity-\"><strong>2. Dise\u00f1o de caja con cierre magn\u00e9tico: lujo en la sencillez<\/strong><\/h3>\n<ul>\n<li><strong>Cierre magn\u00e9tico invisible<\/strong>: Dise\u00f1o de cierre magn\u00e9tico no expuesto, apertura y cierre suaves y silenciosos, evitando el problema del desgaste y la ca\u00edda de la hebilla magn\u00e9tica tradicional, y la vida \u00fatil aumenta m\u00e1s de 3 veces.<\/li>\n<li><strong>Estructura de caja con cierre magn\u00e9tico<\/strong>: Abrir la caja es como hojear un libro, lo que da a los usuarios una sensaci\u00f3n de ritual, y el cuerpo de la caja puede reutilizarse como caja de almacenamiento y caja expositora para ampliar el ciclo de exposici\u00f3n de la marca.<\/li>\n<li><strong>Fondo negro mate<\/strong>: Impresi\u00f3n en negro con colores planos Pantone, superpuestos con finas part\u00edculas nacaradas, de bajo perfil y textura, adecuados para negocios, lujo ligero, arte y otros tonos de marca.<\/li>\n<\/ul>\n<h3 id=\"-three-high-definition-printing-deep-customization-accurate-delivery-of-brand-value-\"><strong>Tres, impresi\u00f3n de alta definici\u00f3n + personalizaci\u00f3n profunda, entrega precisa del valor de la marca<\/strong><\/h3>\n<ol>\n<li><strong>Impresi\u00f3n con doble diferencia de color cero<\/strong><\/li>\n<li>Al utilizar una m\u00e1quina de impresi\u00f3n UV de 8 colores, la precisi\u00f3n del patr\u00f3n alcanza los 300 ppp, las l\u00edneas de texto son claras y sin rebabas, y la transici\u00f3n de gradiente es natural, lo que garantiza la presentaci\u00f3n perfecta de detalles como el LOGO de la marca y la textura de estampaci\u00f3n en caliente.<\/li>\n<li>La superficie est\u00e1 cubierta con una pel\u00edcula mate\/t\u00e1ctil, resistente a los ara\u00f1azos y al desgaste, que no se decolora tras un uso prolongado.<\/li>\n<li><strong>Protecci\u00f3n personalizada de forro EVA<\/strong><\/li>\n<li><strong>Amortiguador antichoque<\/strong>: Material EVA de alta densidad (dureza 40\u00b0-50\u00b0) cuerpo de bol\u00edgrafo fijo ranurado, adecuado para m\u00faltiples conjuntos como plumas estilogr\u00e1ficas, botellas de tinta, certificados, etc., y la tasa de da\u00f1os durante el transporte es cercana a cero.<\/li>\n<li><strong>Actualizaci\u00f3n visual<\/strong>: flocado opcional, forro envuelto en seda para aumentar la sensaci\u00f3n de lujo al abrir la caja, o soporte acr\u00edlico transparente para resaltar los detalles artesanales, como el tallado de la punta del bol\u00edgrafo.<\/li>\n<\/ol>\n<h3 id=\"-fourth-direct-supply-from-chinese-factories-0-risk-customized-service-\"><strong>4. Suministro directo de f\u00e1bricas chinas, servicio personalizado sin riesgos.<\/strong><\/h3>\n<ul>\n<li><strong>Soporte de dise\u00f1o gratuito<\/strong>: Proporcionar representaciones en 3D, pruebas f\u00edsicas, apoyar soluciones personalizadas como LOGO estampaci\u00f3n en caliente, textura en relieve, cinta de color a juego, etc, y poner en producci\u00f3n 72 horas despu\u00e9s de la confirmaci\u00f3n.<\/li>\n<li><strong>Reducci\u00f3n del precio de 35%<\/strong>: La f\u00e1brica de origen elimina la diferencia de precio de los intermediarios, y el precio de pedido de 500 piezas es tan bajo como XX yuanes, y 10.000 piezas de pedidos disfrutan de un descuento escalonado.<\/li>\n<li><strong>Entrega mundial en 15 d\u00edas<\/strong>: Los pedidos nacionales se entregan en 7 d\u00edas, el apoyo DHL \/ FedEx log\u00edstica internacional, y la escolta de seguro de transporte completo.<\/li>\n<\/ul>\n<h3 id=\"-highlights-of-cooperation-value-\"><strong>Aspectos destacados del valor de la cooperaci\u00f3n<\/strong><\/h3>\n<p>\u2705\u00a0<strong>Marca superior<\/strong>: El envase de gama alta aumenta el precio unitario de los bol\u00edgrafos en 20%-50%, especialmente adecuado para ediciones limitadas y marketing de marca compartida; \u2705\u00a0<strong>Fidelidad de los usuarios<\/strong>: La sensaci\u00f3n de abrir la caja + dise\u00f1o de reutilizaci\u00f3n estimula el intercambio social de los usuarios y forma una difusi\u00f3n secundaria; \u2705\u00a0<strong>Coste controlable<\/strong>: Los materiales resistentes a la alta presi\u00f3n reducen las p\u00e9rdidas por transporte, y la reutilizaci\u00f3n del forro de EVA reduce el coste de adquisici\u00f3n de accesorios.<\/p>\n<p><strong>Obtenga ya soluciones exclusivas\u00a0<\/strong>Indique el tama\u00f1o del bol\u00edgrafo, el estilo de dise\u00f1o y la cantidad m\u00ednima de pedido, y reciba renders y presupuestos gratuitos en 24 horas. Con la mejor artesan\u00eda y precio de origen, \u00a1deje que su bol\u00edgrafo conquiste el mercado de gama alta desde el embalaje!<\/p>\n<p><strong>El\u00edjanos y deje que el embalaje se convierta en su vendedor silencioso.<\/strong><\/p>","protected":false},"excerpt":{"rendered":"<p>La caja de regalo para bol\u00edgrafo con cierre magn\u00e9tico est\u00e1 fabricada con material ecol\u00f3gico de cart\u00f3n gary de 1200GSM, impresi\u00f3n en negro de alta definici\u00f3n sin colores, forro personalizable, suministro directo de f\u00e1bricas chinas, \u00a1dise\u00f1o gratuito!<\/p>","protected":false},"featured_media":8255,"template":"","meta":[],"product_brand":[],"product_cat":[30,413,424],"product_tag":[487,634,635],"class_list":{"0":"post-8261","1":"product","2":"type-product","3":"status-publish","4":"has-post-thumbnail","6":"product_cat-by-industry","7":"product_cat-consumer-electronics-boxes","8":"product_cat-magnetic-closure-boxes","9":"product_tag-custom-pen-packaging","10":"product_tag-pen-boxes-wholesale","11":"product_tag-pen-packaging-gift-boxes","13":"first","14":"instock","15":"shipping-taxable","16":"product-type-simple"},"_links":{"self":[{"href":"https:\/\/zojopackaging.com\/es\/wp-json\/wp\/v2\/product\/8261","targetHints":{"allow":["GET"]}}],"collection":[{"href":"https:\/\/zojopackaging.com\/es\/wp-json\/wp\/v2\/product"}],"about":[{"href":"https:\/\/zojopackaging.com\/es\/wp-json\/wp\/v2\/types\/product"}],"version-history":[{"count":1,"href":"https:\/\/zojopackaging.com\/es\/wp-json\/wp\/v2\/product\/8261\/revisions"}],"predecessor-version":[{"id":8262,"href":"https:\/\/zojopackaging.com\/es\/wp-json\/wp\/v2\/product\/8261\/revisions\/8262"}],"wp:featuredmedia":[{"embeddable":true,"href":"https:\/\/zojopackaging.com\/es\/wp-json\/wp\/v2\/media\/8255"}],"wp:attachment":[{"href":"https:\/\/zojopackaging.com\/es\/wp-json\/wp\/v2\/media?parent=8261"}],"wp:term":[{"taxonomy":"product_brand","embeddable":true,"href":"https:\/\/zojopackaging.com\/es\/wp-json\/wp\/v2\/product_brand?post=8261"},{"taxonomy":"product_cat","embeddable":true,"href":"https:\/\/zojopackaging.com\/es\/wp-json\/wp\/v2\/product_cat?post=8261"},{"taxonomy":"product_tag","embeddable":true,"href":"https:\/\/zojopackaging.com\/es\/wp-json\/wp\/v2\/product_tag?post=8261"}],"curies":[{"name":"wp","href":"https:\/\/api.w.org\/{rel}","templated":true}]}}