{"id":8264,"date":"2025-03-25T19:09:07","date_gmt":"2025-03-25T11:09:07","guid":{"rendered":"https:\/\/zojopackaging.com\/?post_type=product&#038;p=8264"},"modified":"2025-03-25T20:35:58","modified_gmt":"2025-03-25T12:35:58","slug":"custom-printed-comb-accessories-packaging-boxes-wholesale","status":"publish","type":"product","link":"https:\/\/zojopackaging.com\/es\/product\/custom-printed-comb-accessories-packaging-boxes-wholesale\/","title":{"rendered":"Cajas de embalaje de accesorios para peines con impresi\u00f3n personalizada al por mayor"},"content":{"rendered":"<h2 id=\"-magnetic-book-shaped-healing-comb-packaging-box-customization-plan\">Caja con cierre magn\u00e9tico plan de personalizaci\u00f3n de la caja de embalaje del peine curativo<\/h2>\n<h3 id=\"-1-high-weight-environmentally-friendly-materials-both-safe-and-textured-\"><strong>1. Materiales respetuosos con el medio ambiente de alto peso, tanto seguros como con textura.<\/strong><\/h3>\n<ul>\n<li><strong>Cart\u00f3n gris 1200 GSM + papel estucado 157 GSM<\/strong>: Compresi\u00f3n y resistencia al desgaste, soporta cargas de hasta 3 kg, perfecto para peines, accesorios para el cabello, herramientas de belleza y otras combinaciones de productos.<\/li>\n<li><strong>Papel certificado FSC + tinta al agua<\/strong>: Cumple las normas medioambientales REACH de la UE, es reciclable y degradable, lo que contribuye a configurar una imagen de marca ecol\u00f3gica.<\/li>\n<\/ul>\n<h3 id=\"-2-magnetic-book-box-design-simple-and-practical-long-term-exposure-\"><strong>2. Dise\u00f1o de caja de cierre magn\u00e9tico: sencillo y pr\u00e1ctico, exposici\u00f3n a largo plazo.<\/strong><\/h3>\n<ul>\n<li><strong>Cierre magn\u00e9tico invisible<\/strong>: No hay piezas met\u00e1licas expuestas desgaste, apertura y cierre suave y silencioso, y la vida \u00fatil es 200% m\u00e1s largo que las cajas de hebilla magn\u00e9tica tradicionales.<\/li>\n<li><strong>M\u00faltiples escenarios de reutilizaci\u00f3n<\/strong>: Las cajas vac\u00edas pueden utilizarse como cajas para guardar joyas y como adornos de escritorio para reforzar continuamente el recuerdo de la marca.<\/li>\n<\/ul>\n<h3 id=\"-three-double-sided-color-printing-macaron-healing-color-system-igniting-the-hearts-of-girls-\"><strong>3. Impresi\u00f3n en color a doble cara + sistema de colores curativos macaron, encendiendo los corazones de las ni\u00f1as.<\/strong><\/h3>\n<ul>\n<li><strong>Impresi\u00f3n UV de alta definici\u00f3n a doble cara<\/strong>: impresi\u00f3n completa de flores de cerezo, nubes y otros motivos curativos por ambas caras, con una resoluci\u00f3n de 300 ppp, sin diferencia de color ni desenfoque.<\/li>\n<li><strong>Macaron degradado de colores<\/strong>: los tonos de baja saturaci\u00f3n, como el rosa claro, el morado claro y el verde menta, reducen la fatiga visual, llegan con precisi\u00f3n a las clientas de entre 18 y 35 a\u00f1os y se adaptan a las necesidades de comunicaci\u00f3n de las redes sociales.<\/li>\n<\/ul>\n<h3 id=\"-four-eva-lining-deep-customization-protecting-product-safety-\"><strong>4. Forro de EVA + personalizaci\u00f3n profunda, proteger la seguridad del producto.<\/strong><\/h3>\n<ol>\n<li><strong>Soluci\u00f3n de revestimiento antis\u00edsmico<\/strong><\/li>\n<li><strong>Ranura de EVA de alta densidad<\/strong>: ranura precisa de 5 mm de espesor, dientes de peine fijos, lentes y otras partes vulnerables, y la tasa de da\u00f1os de transporte es cercana a cero.<\/li>\n<li><strong>Compatibilidad multicategor\u00eda<\/strong>: Admite el dise\u00f1o de forro combinado de peine + botella de aceite esencial + manual de instrucciones para aumentar el valor a\u00f1adido del conjunto.<\/li>\n<li><strong>Flexibilidad de personalizaci\u00f3n del aspecto<\/strong><\/li>\n<li><strong>Estampaci\u00f3n en caliente\/serigraf\u00eda LOGO<\/strong>: El logotipo de la marca puede implantarse tanto en la superficie de la caja como en el forro;<\/li>\n<li><strong>Transformaci\u00f3n de cajas de forma especial<\/strong>: Las cajas circulares, en forma de coraz\u00f3n y otras formas especiales son opcionales, as\u00ed como los estantes de exposici\u00f3n diferenciados.<\/li>\n<\/ol>\n<h3 id=\"-v-direct-supply-from-chinese-factories-0-cost-to-start-cooperation-\"><strong>5. Suministro directo de las f\u00e1bricas chinas, 0 coste para iniciar la cooperaci\u00f3n.<\/strong><\/h3>\n<ul>\n<li><strong>Soporte de dise\u00f1o gratuito<\/strong>: Proporcione renderizados en 3D y pruebas f\u00edsicas, y p\u00f3ngalos en producci\u00f3n en un plazo de 72 horas tras la confirmaci\u00f3n;<\/li>\n<li><strong>Bajo precio y transparencia<\/strong>: El precio de pedido de 1.000 piezas es tan bajo como XX yuanes, que es 40% m\u00e1s bajo que el precio de mercado;<\/li>\n<li><strong>Entrega extrema<\/strong>: Entrega en 10-15 d\u00edas, apoyando DHL \/ FedEx entrega directa global.<\/li>\n<\/ul>\n<h3 id=\"-commercial-value-analysis-\"><strong>An\u00e1lisis del valor comercial<\/strong><\/h3>\n<p>\u2705\u00a0<strong>Aumentar el espacio premium<\/strong>: El envase curativo aumenta el precio unitario del peine en 30%-100%, especialmente adecuado para productos de gama media-alta, como los peines de madera de estilo chino y los peines port\u00e1tiles con bolsa de aire; \u2705\u00a0<strong>Reducir los costes de explotaci\u00f3n<\/strong>: La tasa de reutilizaci\u00f3n del revestimiento de EVA es tan alta como 90%, lo que reduce las compras secundarias; el tipo de caja resistente a la presi\u00f3n reduce la compensaci\u00f3n de transporte; \u2705\u00a0<strong>Herramienta de fisi\u00f3n del usuario<\/strong>: El dise\u00f1o estilo Instagram estimula el contenido UGC y aporta su propio tr\u00e1fico de comunicaci\u00f3n.<\/p>\n<p><strong>Obtenga ya soluciones exclusivas\u00a0<\/strong>Env\u00ede el tama\u00f1o del producto y los requisitos de dise\u00f1o, y obtenga renders y presupuestos gratuitos en 24 horas. Con precios de origen y artesan\u00eda extrema, \u00a1deje que su peine destaque sobre el embalaje!<\/p>","protected":false},"excerpt":{"rendered":"<p>La caja de cierre magn\u00e9tico impresa en color de alta definici\u00f3n por las dos caras se combina con colores curativos macaron y forro flocado personalizable, compatible con piedras curativas de cristal. Permite una visualizaci\u00f3n sin p\u00e9rdidas y mejora el valor de la marca y la experiencia del usuario.<\/p>","protected":false},"featured_media":8265,"template":"","meta":[],"product_brand":[],"product_cat":[30,390,424],"product_tag":[637,636,638],"class_list":{"0":"post-8264","1":"product","2":"type-product","3":"status-publish","4":"has-post-thumbnail","6":"product_cat-by-industry","7":"product_cat-custom-cosmetics-boxes","8":"product_cat-magnetic-closure-boxes","9":"product_tag-comb-boxes-wholesale","10":"product_tag-custom-comb-packaging","11":"product_tag-printed-comb-packaging","13":"first","14":"instock","15":"shipping-taxable","16":"product-type-simple"},"_links":{"self":[{"href":"https:\/\/zojopackaging.com\/es\/wp-json\/wp\/v2\/product\/8264","targetHints":{"allow":["GET"]}}],"collection":[{"href":"https:\/\/zojopackaging.com\/es\/wp-json\/wp\/v2\/product"}],"about":[{"href":"https:\/\/zojopackaging.com\/es\/wp-json\/wp\/v2\/types\/product"}],"version-history":[{"count":1,"href":"https:\/\/zojopackaging.com\/es\/wp-json\/wp\/v2\/product\/8264\/revisions"}],"predecessor-version":[{"id":8270,"href":"https:\/\/zojopackaging.com\/es\/wp-json\/wp\/v2\/product\/8264\/revisions\/8270"}],"wp:featuredmedia":[{"embeddable":true,"href":"https:\/\/zojopackaging.com\/es\/wp-json\/wp\/v2\/media\/8265"}],"wp:attachment":[{"href":"https:\/\/zojopackaging.com\/es\/wp-json\/wp\/v2\/media?parent=8264"}],"wp:term":[{"taxonomy":"product_brand","embeddable":true,"href":"https:\/\/zojopackaging.com\/es\/wp-json\/wp\/v2\/product_brand?post=8264"},{"taxonomy":"product_cat","embeddable":true,"href":"https:\/\/zojopackaging.com\/es\/wp-json\/wp\/v2\/product_cat?post=8264"},{"taxonomy":"product_tag","embeddable":true,"href":"https:\/\/zojopackaging.com\/es\/wp-json\/wp\/v2\/product_tag?post=8264"}],"curies":[{"name":"wp","href":"https:\/\/api.w.org\/{rel}","templated":true}]}}