{"id":8271,"date":"2025-03-25T20:36:16","date_gmt":"2025-03-25T12:36:16","guid":{"rendered":"https:\/\/zojopackaging.com\/?post_type=product&#038;p=8271"},"modified":"2025-03-25T21:06:13","modified_gmt":"2025-03-25T13:06:13","slug":"custom-glitter-fake-press-on-nail-packaging-box-wholesale","status":"publish","type":"product","link":"https:\/\/zojopackaging.com\/es\/product\/custom-glitter-fake-press-on-nail-packaging-box-wholesale\/","title":{"rendered":"Custom Glitter Fake Press On Nail caja de embalaje al por mayor"},"content":{"rendered":"<h2 id=\"-customized-flashing-false-nails-magnetic-book-shaped-packaging-box-wholesale-instructions\">Customized intermitente u\u00f1as postizas cierre magn\u00e9tico caja de embalaje instrucciones al por mayor<\/h2>\n<h3 id=\"-1-military-grade-material-sturdy-and-durable-worry-free-transportation-\"><strong>1. Material de grado militar: resistente y duradero, transporte sin preocupaciones.<\/strong><\/h3>\n<ul>\n<li><strong>Cart\u00f3n gris 1200 GSM + papel estucado 157 GSM<\/strong>: El cuerpo de la caja puede soportar hasta 5 kg, y la resistencia a la compresi\u00f3n supera en 2 veces la norma nacional, resistiendo eficazmente la extrusi\u00f3n del transporte y la colisi\u00f3n, y es adecuado para embalar objetos pesados como juegos de clavos falsos y juegos de herramientas de diversas especificaciones.<\/li>\n<li><strong>Papel estucado nacarado<\/strong>: La superficie adopta la tecnolog\u00eda de revestimiento nacarado, que presenta un delicado efecto de estrella bajo la luz, y el atractivo visual aumenta en 60% en comparaci\u00f3n con el papel ordinario, lo que puede captar r\u00e1pidamente la atenci\u00f3n de los consumidores cuando se expone en los estantes.<\/li>\n<\/ul>\n<h3 id=\"-2-magnetic-book-box-design-simple-and-practical-long-term-reuse-\"><strong>2. Dise\u00f1o de caja con cierre magn\u00e9tico: sencillo y pr\u00e1ctico, reutilizaci\u00f3n a largo plazo.<\/strong><\/h3>\n<ul>\n<li><strong>Cierre magn\u00e9tico invisible<\/strong>: Sin cierre magn\u00e9tico expuesto, la tapa de la caja se abre y cierra suave y silenciosamente, evitando los problemas de arrugas y roturas de las cajas abatibles tradicionales, y la vida \u00fatil de apertura y cierre supera las 1.000 veces.<\/li>\n<li><strong>Reutilizaci\u00f3n multifunci\u00f3n<\/strong>: La caja vac\u00eda se puede utilizar como caja de almacenamiento de joyas y como caja de almacenamiento de cosm\u00e9ticos de sobremesa para mejorar continuamente la exposici\u00f3n de la marca y la adherencia del usuario.<\/li>\n<\/ul>\n<h3 id=\"-three-pink-healing-aesthetics-window-function-design-igniting-the-hearts-of-girls-\"><strong>3. Est\u00e9tica curativa rosa + dise\u00f1o de funci\u00f3n de ventana, encendiendo los corazones de las ni\u00f1as.<\/strong><\/h3>\n<ol>\n<li><strong>Plan de personalizaci\u00f3n visual<\/strong><\/li>\n<li><strong>Sistema de color rosa<\/strong>Colores principales de baja saturaci\u00f3n, como el rosa flor de cerezo y el morado taro, superpuestos con textura nacarada degradada, reducen la fatiga visual y llegan con precisi\u00f3n a las clientas de 18 a 30 a\u00f1os.<\/li>\n<li><strong>Cinta\/colgante<\/strong>: pueden combinarse con cintas, cadenas de metal o colgantes acr\u00edlicos del mismo color, la apertura de la caja realza al instante la sensaci\u00f3n de ceremonia, y el \u00edndice de compartici\u00f3n en las redes sociales aumenta en 45%.<\/li>\n<li><strong>Estructura de ventana transparente<\/strong><\/li>\n<li><strong>Ventana parcial<\/strong>: La superficie de la caja est\u00e1 incrustada con PVC de alta transparencia o tablero acr\u00edlico para mostrar de forma intuitiva los puntos de venta, como los estilos de u\u00f1as postizas y las decoraciones de strass, al tiempo que se mantiene la integridad del cuerpo de la caja.<\/li>\n<li><strong>Dise\u00f1o de ventana con forma especial<\/strong>: admite formas de ventana creativas, como en forma de coraz\u00f3n o de estrella, para mejorar el reconocimiento de los estantes.<\/li>\n<\/ol>\n<h3 id=\"-fourth-environmentally-friendly-inner-tray-deep-customization-protect-products-and-the-earth-\"><strong>4. Bandeja interior respetuosa con el medio ambiente + personalizaci\u00f3n profunda, proteger los productos y la tierra.<\/strong><\/h3>\n<ul>\n<li><strong>Bandeja interior de pl\u00e1stico reciclable<\/strong>: Hecho de material PET\/PP de grado alimenticio, cada u\u00f1a postiza est\u00e1 ranurada para fijar, resistente a los golpes y resistente a los ara\u00f1azos, reutilizable despu\u00e9s de la limpieza, y 30% menos pl\u00e1stico que el forro de EVA.<\/li>\n<li><strong>Sistema de adaptaci\u00f3n flexible<\/strong>: \u2705\u00a0<strong>Compatibilidad con varios tama\u00f1os<\/strong>: bandeja de exhibici\u00f3n de u\u00f1as individuales, bandeja de combinaci\u00f3n de 10 piezas, bandeja de capa de herramientas se pueden combinar libremente; \u2705\u00a0<strong>Impresi\u00f3n de marca<\/strong>: Serigraf\u00eda LOGO o gu\u00eda de cuidados en la superficie de la bandeja interior para reforzar la imagen profesional de la marca.<\/li>\n<\/ul>\n<h3 id=\"-five-direct-supply-from-chinese-factories-high-end-customization-for-0-yuan-\"><strong>5. Suministro directo de f\u00e1bricas chinas, personalizaci\u00f3n de alta gama por 0 yuanes.<\/strong><\/h3>\n<ul>\n<li><strong>Servicio de dise\u00f1o gratuito<\/strong>: Un equipo profesional proporciona renderizados en 3D, pruebas en imagen real, admite m\u00e1s de 20 combinaciones de procesos, como estampaci\u00f3n en caliente, serigraf\u00eda, ahuecado, etc., y confirma el plan en 72 horas.<\/li>\n<li><strong>Reducci\u00f3n del precio de 50%<\/strong>: El precio de pedido de 1.000 piezas es tan bajo como XX yuanes, y el pedido de 10.000 piezas disfruta de descuentos adicionales, sin intermediarios que a\u00f1adan precio.<\/li>\n<li><strong>Entrega mundial en 15 d\u00edas<\/strong>: Los pedidos nacionales se env\u00edan dentro de 7 d\u00edas, el apoyo DHL \/ FedEx log\u00edstica transfronteriza, y la indemnizaci\u00f3n por da\u00f1os y perjuicios.<\/li>\n<\/ul>\n<h3 id=\"-commercial-value-analysis-\"><strong>An\u00e1lisis del valor comercial<\/strong><\/h3>\n<p>\u2705\u00a0<strong>Mejora del espacio Premium<\/strong>: Los envases de gama alta aumentan el precio unitario para el cliente de los juegos de u\u00f1as postizas en 50%-120%, especialmente adecuados para ediciones limitadas de vacaciones y modelos de marca compartida IP; \u2705\u00a0<strong>Reducir los costes de explotaci\u00f3n<\/strong>: Tipo de caja resistente a la presi\u00f3n + bandeja interior de pl\u00e1stico controla la tasa de p\u00e9rdida de transporte por debajo de 0.3%; \u2705\u00a0<strong>Difusi\u00f3n espont\u00e1nea entre los usuarios<\/strong>: El dise\u00f1o estilo INS impulsa la fisi\u00f3n de contenidos UGC y obtiene tr\u00e1fico natural a bajo coste.<\/p>\n<p><strong>Consigue ya el plan m\u00e1s vendido\u00a0<\/strong>Env\u00ede el tama\u00f1o de su producto y los requisitos de dise\u00f1o, y obtenga renders y presupuestos gratuitos en 24 horas. Con la m\u00e1xima rentabilidad y calidad de origen, \u00a1deje que sus u\u00f1as postizas conquisten el mercado desde el embalaje!<\/p>\n<hr \/>\n<h3 id=\"-technical-parameters-\"><strong>Par\u00e1metros t\u00e9cnicos<\/strong><\/h3>\n<table>\n<thead>\n<tr>\n<th><strong>Proyecto<\/strong><\/th>\n<th><strong>Especificaciones<\/strong><\/th>\n<\/tr>\n<\/thead>\n<tbody>\n<tr>\n<td>Proceso de impresi\u00f3n<\/td>\n<td>Recubrimiento nacarado + Impresi\u00f3n en colores directos \/ Barniz local UV<\/td>\n<\/tr>\n<tr>\n<td>Material de las ventanas<\/td>\n<td>PVC de alta transparencia de 0,5 mm \/ acr\u00edlico de 2 mm<\/td>\n<\/tr>\n<tr>\n<td>Cantidad m\u00ednima de pedido<\/td>\n<td>1000 piezas (admite 100 muestras)<\/td>\n<\/tr>\n<tr>\n<td>Certificaci\u00f3n medioambiental<\/td>\n<td>FSC, REACH, FDA (bandeja interior de calidad alimentaria)<\/td>\n<\/tr>\n<tr>\n<td>Ciclo de personalizaci\u00f3n<\/td>\n<td>5 d\u00edas para las pruebas + 10 d\u00edas para el granel<\/td>\n<\/tr>\n<\/tbody>\n<\/table>","protected":false},"excerpt":{"rendered":"<p>Caja con cierre magn\u00e9tico de cart\u00f3n gris 1200GSM + papel art\u00edstico estucado 157 C2S, apertura y cierre magn\u00e9ticos invisibles, duradera y resistente a los da\u00f1os, la cinta de acabado nacarado realza la textura de la marca, la bandeja interior respetuosa con el medio ambiente es reciclable, la primera elecci\u00f3n para envases ligeros de lujo.<\/p>","protected":false},"featured_media":8272,"template":"","meta":[],"product_brand":[],"product_cat":[30,390,424],"product_tag":[640,641,639],"class_list":{"0":"post-8271","1":"product","2":"type-product","3":"status-publish","4":"has-post-thumbnail","6":"product_cat-by-industry","7":"product_cat-custom-cosmetics-boxes","8":"product_cat-magnetic-closure-boxes","9":"product_tag-custom-press-on-nail-boxes","10":"product_tag-fake-nails-packaging","11":"product_tag-press-on-nail-packaging","13":"first","14":"instock","15":"shipping-taxable","16":"product-type-simple"},"_links":{"self":[{"href":"https:\/\/zojopackaging.com\/es\/wp-json\/wp\/v2\/product\/8271","targetHints":{"allow":["GET"]}}],"collection":[{"href":"https:\/\/zojopackaging.com\/es\/wp-json\/wp\/v2\/product"}],"about":[{"href":"https:\/\/zojopackaging.com\/es\/wp-json\/wp\/v2\/types\/product"}],"version-history":[{"count":1,"href":"https:\/\/zojopackaging.com\/es\/wp-json\/wp\/v2\/product\/8271\/revisions"}],"predecessor-version":[{"id":8278,"href":"https:\/\/zojopackaging.com\/es\/wp-json\/wp\/v2\/product\/8271\/revisions\/8278"}],"wp:featuredmedia":[{"embeddable":true,"href":"https:\/\/zojopackaging.com\/es\/wp-json\/wp\/v2\/media\/8272"}],"wp:attachment":[{"href":"https:\/\/zojopackaging.com\/es\/wp-json\/wp\/v2\/media?parent=8271"}],"wp:term":[{"taxonomy":"product_brand","embeddable":true,"href":"https:\/\/zojopackaging.com\/es\/wp-json\/wp\/v2\/product_brand?post=8271"},{"taxonomy":"product_cat","embeddable":true,"href":"https:\/\/zojopackaging.com\/es\/wp-json\/wp\/v2\/product_cat?post=8271"},{"taxonomy":"product_tag","embeddable":true,"href":"https:\/\/zojopackaging.com\/es\/wp-json\/wp\/v2\/product_tag?post=8271"}],"curies":[{"name":"wp","href":"https:\/\/api.w.org\/{rel}","templated":true}]}}