{"id":8279,"date":"2025-03-25T21:06:31","date_gmt":"2025-03-25T13:06:31","guid":{"rendered":"https:\/\/zojopackaging.com\/?post_type=product&#038;p=8279"},"modified":"2025-03-25T21:27:58","modified_gmt":"2025-03-25T13:27:58","slug":"custom-luxury-hair-extension-gift-packaging-boxes-wholesale","status":"publish","type":"product","link":"https:\/\/zojopackaging.com\/es\/product\/custom-luxury-hair-extension-gift-packaging-boxes-wholesale\/","title":{"rendered":"Cajas de regalo para extensiones de cabello al por mayor"},"content":{"rendered":"<h2 id=\"customized-luxury-hair-extension-gift-box-wholesale-instructions\">Instrucciones al por mayor caja de regalo para extensiones de cabello de lujo personalizadas<\/h2>\n<h3 id=\"-1-military-grade-material-strong-and-load-bearing-fearless-of-transportation-challenges-\"><strong>1. Material de grado militar: fuerte y resistente, sin miedo a los desaf\u00edos del transporte.<\/strong><\/h3>\n<ul>\n<li><strong>Cart\u00f3n gris 1200 GSM + papel estucado 157 GSM<\/strong>\u2705 El cuerpo de la caja puede soportar hasta 8 kg, y la resistencia a la compresi\u00f3n supera la norma nacional en 3 veces, lo que es adecuado para productos de gran volumen, tales como juegos de extensiones de pelo largo y juegos de herramientas pesadas; \u2705 La superficie est\u00e1 cubierta con pel\u00edcula mate \/ pel\u00edcula brillante, que es impermeable, a prueba de aceite y resistente a los ara\u00f1azos, y puede resistir riesgos tales como la humedad de almacenamiento y salpicaduras de log\u00edstica, asegurando que la impresi\u00f3n de la superficie de la caja sea duradera y nueva.<\/li>\n<\/ul>\n<hr \/>\n<h3 id=\"-2-magnetic-book-box-design-the-pinnacle-combination-of-visual-aesthetics-and-practicality-\"><strong>2. Dise\u00f1o de caja con cierre magn\u00e9tico: la combinaci\u00f3n por excelencia de est\u00e9tica visual y practicidad.<\/strong><\/h3>\n<ul>\n<li><strong>Sistema de cierre magn\u00e9tico invisible<\/strong>: Los imanes incorporados evitan el problema de desgaste y desgomado de las hebillas magn\u00e9ticas tradicionales, y la vida \u00fatil de apertura y cierre supera las 5.000 veces, y es silenciosa y suave como antes;<\/li>\n<li><strong>Apariencia minimalista de estilo empresarial<\/strong>: Sin interferencia de accesorios redundantes, base de color s\u00f3lido + dise\u00f1o de LOGO estampado en caliente, en l\u00ednea con el tono de lujo de bajo perfil de las marcas de pelucas de alta gama.<\/li>\n<\/ul>\n<h3 id=\"-three-deep-customization-service-precise-adaptation-from-size-to-inner-tray-\"><strong>3. Servicio de personalizaci\u00f3n profunda: adaptaci\u00f3n precisa desde el tama\u00f1o hasta la bandeja interior.<\/strong><\/h3>\n<ol>\n<li><strong>Personalizaci\u00f3n flexible de tama\u00f1o completo<\/strong><\/li>\n<li>Admite la personalizaci\u00f3n de cajas para extensiones de cabello con longitudes de 30 cm a 150 cm, con estructuras de una capa, doble puerta y tipo caj\u00f3n para elegir libremente;<\/li>\n<li>Compatible con varias piezas: las bandejas interiores en capas se pueden dise\u00f1ar para guardar extensiones de pelo, soluciones de cuidado, herramientas de uso y otros accesorios al mismo tiempo.<\/li>\n<li><strong>Soluci\u00f3n de bandeja interior de gama alta<\/strong><\/li>\n<li><strong>Bandeja interior antis\u00edsmica EPE<\/strong>: Ranuras precisas talladas en 3D para fijar la curvatura de las extensiones de cabello y evitar que se deformen durante el transporte;<\/li>\n<li><strong>Bandeja expositora flocada<\/strong>forro de terciopelo negro\/burdeos para realzar la sensaci\u00f3n de ceremonia al abrir la caja, adecuado para productos de extensiones de pelo de gama alta con un precio superior a 1.000 yuanes.<\/li>\n<li><strong>Tecnolog\u00eda de mejora visual<\/strong><\/li>\n<li><strong>Tecnolog\u00eda de estampaci\u00f3n en caliente\/plata caliente<\/strong>: Estampaci\u00f3n local en caliente del LOGO de la marca, hebilla de cinta, etc., refractando un sutil brillo met\u00e1lico bajo la fuente de luz;<\/li>\n<li><strong>Actualizaci\u00f3n de accesorios de cinta<\/strong>: Puede combinarse con una cinta de seda, un colgante met\u00e1lico con nombre, un envoltorio de regalo que estimula directamente la recompra.<\/li>\n<\/ol>\n<h3 id=\"-fourth-china-s-smart-manufacturing-strength-extremely-fast-response-and-production-capacity-guarantee-\"><strong>4. La fuerza de fabricaci\u00f3n inteligente de China: respuesta extremadamente r\u00e1pida y garant\u00eda de capacidad de producci\u00f3n.<\/strong><\/h3>\n<ul>\n<li><strong>Presupuesto exacto en 10 minutos<\/strong>: Env\u00ede los requisitos (tama\u00f1o, proceso, cantidad) en l\u00ednea, el sistema de IA calcula los costes en tiempo real, precios transparentes sin cargos ocultos;<\/li>\n<li><strong>L\u00ednea de producci\u00f3n totalmente autom\u00e1tica<\/strong>: M\u00e1quina de impresi\u00f3n alemana Heidelberg + troqueladora inteligente, capacidad de producci\u00f3n diaria de 1 mill\u00f3n de piezas, admite la entrega en 72 horas de pedidos urgentes;<\/li>\n<li><strong>Triple garant\u00eda de inspecci\u00f3n de calidad<\/strong>Inspecci\u00f3n de entrada de materias primas, inspecci\u00f3n por muestreo del proceso de producci\u00f3n, inspecci\u00f3n completa del env\u00edo del producto acabado, tasa de defectos controlada por debajo de 0,1%.<\/li>\n<\/ul>\n<h3 id=\"-v-commercial-value-empowerment-\"><strong>5. Potenciaci\u00f3n del valor comercial<\/strong><\/h3>\n<p>\u2705\u00a0<strong>Aumento de la prima de marca<\/strong>: Los envases de lujo aumentan en 30%-80% el precio medio para el cliente de las extensiones de cabello, especialmente en el caso de las l\u00edneas de gama alta, como las versiones en negro y oro y los estilos de las celebridades; \u2705\u00a0<strong>Reducci\u00f3n de costes de transporte<\/strong>: El tipo de caja resistente a la presi\u00f3n + revestimiento impermeable reduce la tasa de da\u00f1os de la carga a 0,5%, reduciendo las disputas posventa; \u2705\u00a0<strong>Propagaci\u00f3n espont\u00e1nea del usuario<\/strong>: El sentido del ritual de unboxing impulsa la publicaci\u00f3n en las redes sociales, atrayendo especialmente a blogueros de belleza y estilistas KOL para una promoci\u00f3n gratuita.<\/p>\n<p><strong>Inicie ya una cooperaci\u00f3n de alto nivel\u00a0<\/strong>Proporcione los requisitos de tama\u00f1o y dise\u00f1o de los productos de extensi\u00f3n capilar, y obtenga un presupuesto + renderizado 3D en 10 minutos. Con una capacidad de producci\u00f3n de un mill\u00f3n de unidades y una calidad militar, las f\u00e1bricas chinas le ayudar\u00e1n a conquistar el mercado de pelucas de gama alta.<\/p>\n<h2 id=\"-technical-parameters-\"><strong>Par\u00e1metros t\u00e9cnicos<\/strong><\/h2>\n<table>\n<thead>\n<tr>\n<th><strong>Proyecto<\/strong><\/th>\n<th><strong>Especificaciones<\/strong><\/th>\n<\/tr>\n<\/thead>\n<tbody>\n<tr>\n<td>Capacidad m\u00e1xima de carga<\/td>\n<td>8 kg (versi\u00f3n mejorada personalizable hasta 12 kg)<\/td>\n<\/tr>\n<tr>\n<td>Proceso de laminaci\u00f3n<\/td>\n<td>Pel\u00edcula mate\/Pel\u00edcula brillante\/Pel\u00edcula t\u00e1ctil (antihuellas)<\/td>\n<\/tr>\n<tr>\n<td>Precisi\u00f3n de estampaci\u00f3n en caliente<\/td>\n<td>Estampaci\u00f3n en caliente de l\u00ednea fina de 0,3 mm sin manchas<\/td>\n<\/tr>\n<tr>\n<td>Cantidad m\u00ednima de pedido<\/td>\n<td>500 Piezas (Soporte 50 Piezas para Prototipos)<\/td>\n<\/tr>\n<tr>\n<td>Ciclo de entrega<\/td>\n<td>7-12 d\u00edas (3 d\u00edas para pedidos urgentes)<\/td>\n<\/tr>\n<\/tbody>\n<\/table>\n<p><strong>El\u00edjanos y deje que cada peluca tenga un \"abrigo de lujo\" a la altura de su valor.<\/strong><\/p>","protected":false},"excerpt":{"rendered":"<p>Caja con cierre magn\u00e9tico de cart\u00f3n gris 1200GSM + papel art\u00edstico recubierto 157, cierre magn\u00e9tico invisible para evitar el desgaste, recubierto de pel\u00edcula para resistir el agua y el aceite, personalizaci\u00f3n de la bandeja interior de tama\u00f1o completo con cinta, soluci\u00f3n profesional de embalaje de pelucas<\/p>","protected":false},"featured_media":8280,"template":"","meta":[],"product_brand":[],"product_cat":[30,421,424],"product_tag":[643,644,642],"class_list":{"0":"post-8279","1":"product","2":"type-product","3":"status-publish","4":"has-post-thumbnail","6":"product_cat-by-industry","7":"product_cat-custom-hair-extension-boxes","8":"product_cat-magnetic-closure-boxes","9":"product_tag-custom-hair-extension-boxes","10":"product_tag-hair-extension-packaging-wholesale","11":"product_tag-luxury-hair-extension-packaging","13":"first","14":"instock","15":"shipping-taxable","16":"product-type-simple"},"_links":{"self":[{"href":"https:\/\/zojopackaging.com\/es\/wp-json\/wp\/v2\/product\/8279","targetHints":{"allow":["GET"]}}],"collection":[{"href":"https:\/\/zojopackaging.com\/es\/wp-json\/wp\/v2\/product"}],"about":[{"href":"https:\/\/zojopackaging.com\/es\/wp-json\/wp\/v2\/types\/product"}],"version-history":[{"count":1,"href":"https:\/\/zojopackaging.com\/es\/wp-json\/wp\/v2\/product\/8279\/revisions"}],"predecessor-version":[{"id":8286,"href":"https:\/\/zojopackaging.com\/es\/wp-json\/wp\/v2\/product\/8279\/revisions\/8286"}],"wp:featuredmedia":[{"embeddable":true,"href":"https:\/\/zojopackaging.com\/es\/wp-json\/wp\/v2\/media\/8280"}],"wp:attachment":[{"href":"https:\/\/zojopackaging.com\/es\/wp-json\/wp\/v2\/media?parent=8279"}],"wp:term":[{"taxonomy":"product_brand","embeddable":true,"href":"https:\/\/zojopackaging.com\/es\/wp-json\/wp\/v2\/product_brand?post=8279"},{"taxonomy":"product_cat","embeddable":true,"href":"https:\/\/zojopackaging.com\/es\/wp-json\/wp\/v2\/product_cat?post=8279"},{"taxonomy":"product_tag","embeddable":true,"href":"https:\/\/zojopackaging.com\/es\/wp-json\/wp\/v2\/product_tag?post=8279"}],"curies":[{"name":"wp","href":"https:\/\/api.w.org\/{rel}","templated":true}]}}