{"id":8318,"date":"2025-03-26T20:58:19","date_gmt":"2025-03-26T12:58:19","guid":{"rendered":"https:\/\/zojopackaging.com\/?post_type=product&#038;p=8318"},"modified":"2025-03-26T21:47:04","modified_gmt":"2025-03-26T13:47:04","slug":"custom-bakery-cupcake-cookie-packaging-box-manufacturer","status":"publish","type":"product","link":"https:\/\/zojopackaging.com\/es\/product\/custom-bakery-cupcake-cookie-packaging-box-manufacturer\/","title":{"rendered":"Fabricante de cajas de embalaje personalizadas para magdalenas y galletas"},"content":{"rendered":"<h1 id=\"-customized-solution-for-high-end-art-baking-packaging-box-\"><strong>Soluci\u00f3n personalizada para caja de embalaje de reposter\u00eda art\u00edstica de alta gama<\/strong><\/h1>\n<h2 id=\"-1-innovative-box-design-the-craft-aesthetics-of-book-shaped-magnetic-suction-box-\"><strong>1. Dise\u00f1o innovador de la caja: la est\u00e9tica artesanal de la caja de cierre magn\u00e9tico<\/strong><\/h2>\n<p>Se adopta el dise\u00f1o patentado de cajas de cierre magn\u00e9tico, y el sistema de cierre con im\u00e1n incorporado se utiliza para realizar la experiencia de apertura de \"pasar p\u00e1ginas\", y el sentido de amortiguaci\u00f3n de apertura y cierre se controla con precisi\u00f3n dentro del rango de 0,5N-m. El dise\u00f1o de proporci\u00f3n \u00e1urea del cuerpo de la caja, combinado con el proceso de dobladillo biselado a 45\u00b0, hace que la caja de embalaje tenga tambi\u00e9n la funci\u00f3n de expositor art\u00edstico. Seg\u00fan las pruebas de laboratorio, la resistencia a la compresi\u00f3n de la estructura alcanza los 120 kg\/\u33a1, lo que supone 40% m\u00e1s que la de las cajas tradicionales.<\/p>\n<h2 id=\"-2-visual-experience-upgrade-macaron-color-double-sided-printing-system-\"><strong>2. Mejora de la experiencia visual: sistema de impresi\u00f3n a doble cara en color macaron.<\/strong><\/h2>\n<p>Bas\u00e1ndose en el equipo alem\u00e1n Heidelberg de impresi\u00f3n UV de 8 colores, realiza la impresi\u00f3n a todo color a doble cara y el proceso de superposici\u00f3n de barniz UV local, y el grado de reproducci\u00f3n del color \u0394E\u22641,2 (se cumple la norma internacional \u0394E\u22643). La \"biblioteca de colores macaron de baja saturaci\u00f3n\" especialmente desarrollada contiene 12 colores principales curativos + 24 colores de transici\u00f3n. La prueba del \u00edndice de fatiga visual muestra que este sistema de color puede prolongar el tiempo de mirada de los consumidores en 30%. La superficie est\u00e1 hecha de papel atr revestido de 157GSM cubierto con una pel\u00edcula mate respetuosa con el medio ambiente, y el valor de neblina se controla en el rango de 28-32GU, equilibrando perfectamente la textura y la claridad de impresi\u00f3n.<\/p>\n<h2 id=\"-three-military-grade-material-system-structural-protection-solution-\"><strong>3. Sistema de material de grado militar: soluci\u00f3n de protecci\u00f3n estructural<\/strong><\/h2>\n<p>El material base adopta una estructura compuesta de cart\u00f3n gris de grado alimentario 1200GSM (densidad 0,85g\/cm\u00b3, \u00edndice de presi\u00f3n de anillo \u226518kN\/m) y papel recubierto a prueba de humedad. Ha sido certificado por la prueba de transporte ISTA 3A y puede soportar cambios de temperatura de -20\u2103 a 50\u2103. El sistema de revestimiento ofrece tres soluciones de amortiguaci\u00f3n de moldeo 3D CNC EPE\/EVA\/PETG, y personaliza las ranuras exclusivas para tarjetas del producto mediante an\u00e1lisis de elementos finitos FEA. La prueba de ca\u00edda muestra que el \u00edndice de protecci\u00f3n de las magdalenas es del 99,7%.<\/p>\n<h2 id=\"-fourth-flexible-intelligent-manufacturing-system-unlimited-customization-driven-by-mes-\"><strong>4. Sistema de fabricaci\u00f3n inteligente y flexible: personalizaci\u00f3n ilimitada impulsada por MES<\/strong><\/h2>\n<p>-\u00a0<strong>Flexibilidad de tama\u00f1o<\/strong>: admite el desarrollo de cualquier tipo de caja, desde 10 mm hasta 600 mm, y el original sistema de modelado param\u00e9trico puede completar las pruebas 3D en 24 horas.\u00a0<strong>Visualizaci\u00f3n de la producci\u00f3n<\/strong>: El taller despliega un cuadro de mandos inteligente 5G+MES, los clientes pueden ver el progreso de los pedidos en 12 procesos en tiempo real, y la tasa de utilizaci\u00f3n de los equipos se incrementa hasta 92% -.\u00a0<strong>Fabricaci\u00f3n inteligente ecol\u00f3gica<\/strong>equipado con un sistema de corte inteligente alimentado por energ\u00eda fotovoltaica, el \u00edndice de utilizaci\u00f3n del material alcanza las 98,5%, es decir, 15% m\u00e1s que la media del sector.<\/p>\n<h2 id=\"-five-source-factory-service-advantages-\"><strong>5. Ventajas del servicio de f\u00e1brica en origen<\/strong><\/h2>\n<p>Como empresa central en el cintur\u00f3n de la industria de envasado de panader\u00eda de China, ofrecemos: \u221a Servicio de dise\u00f1o gratuito: 10 equipos profesionales responden en 48 horas, con m\u00e1s de 2000 casos de dise\u00f1o al a\u00f1o \u221a Sistema de precio escalonado: disfrute del precio de f\u00e1brica para pedidos de 500 piezas, y el coste de los pedidos de m\u00e1s de 5000 piezas se reduce en 18% \u221a Compromiso de calidad: Aprobada la doble certificaci\u00f3n ISO22000\/BRCGS, prometida 72 horas de prueba r\u00e1pida, 30 d\u00edas de trazabilidad de calidad ultralarga.<\/p>\n<h2 id=\"-technical-parameter-comparison-table-\"><strong>Tabla comparativa de par\u00e1metros t\u00e9cnicos<\/strong><\/h2>\n<table>\n<thead>\n<tr>\n<th>\u00cdndice<\/th>\n<th>Este producto<\/th>\n<th>Norma del sector<\/th>\n<th>Tasa de mejora<\/th>\n<\/tr>\n<\/thead>\n<tbody>\n<tr>\n<td>Ciclo de entrega<\/td>\n<td>7-12 d\u00edas laborables<\/td>\n<td>15-25 d\u00edas laborables<\/td>\n<td>40%<\/td>\n<\/tr>\n<tr>\n<td>Estabilidad del color<\/td>\n<td>\u00b12% de diferencia de color<\/td>\n<td>\u00b15% diferencia de color<\/td>\n<td>60%<\/td>\n<\/tr>\n<tr>\n<td>Resistencia a la compresi\u00f3n<\/td>\n<td>120kg\/\u33a1<\/td>\n<td>85kg\/\u33a1<\/td>\n<td>41%<\/td>\n<\/tr>\n<tr>\n<td>Cantidad m\u00ednima de pedido<\/td>\n<td>100 piezas<\/td>\n<td>500 piezas<\/td>\n<td>80%<\/td>\n<\/tr>\n<\/tbody>\n<\/table>","protected":false},"excerpt":{"rendered":"<p>Caja de embalaje con cierre magn\u00e9tico de alta calidad, impresi\u00f3n en color macaron de doble cara estilo girly, logotipo de marca claro, estilo de tama\u00f1o personalizado flexible, especialmente dise\u00f1ada para crear llamativas cajas de regalo para pasteles y galletas.<\/p>","protected":false},"featured_media":8319,"template":"","meta":[],"product_brand":[],"product_cat":[30,422,424,31],"product_tag":[653,652,651],"class_list":{"0":"post-8318","1":"product","2":"type-product","3":"status-publish","4":"has-post-thumbnail","6":"product_cat-by-industry","7":"product_cat-custom-gourmet-boxes-by-industry","8":"product_cat-magnetic-closure-boxes","9":"product_cat-paper-box-style","10":"product_tag-cookie-packaging-box","11":"product_tag-cupcake-box-manufacturer","12":"product_tag-custom-bakery-packaging","14":"first","15":"instock","16":"shipping-taxable","17":"product-type-simple"},"_links":{"self":[{"href":"https:\/\/zojopackaging.com\/es\/wp-json\/wp\/v2\/product\/8318","targetHints":{"allow":["GET"]}}],"collection":[{"href":"https:\/\/zojopackaging.com\/es\/wp-json\/wp\/v2\/product"}],"about":[{"href":"https:\/\/zojopackaging.com\/es\/wp-json\/wp\/v2\/types\/product"}],"version-history":[{"count":1,"href":"https:\/\/zojopackaging.com\/es\/wp-json\/wp\/v2\/product\/8318\/revisions"}],"predecessor-version":[{"id":8324,"href":"https:\/\/zojopackaging.com\/es\/wp-json\/wp\/v2\/product\/8318\/revisions\/8324"}],"wp:featuredmedia":[{"embeddable":true,"href":"https:\/\/zojopackaging.com\/es\/wp-json\/wp\/v2\/media\/8319"}],"wp:attachment":[{"href":"https:\/\/zojopackaging.com\/es\/wp-json\/wp\/v2\/media?parent=8318"}],"wp:term":[{"taxonomy":"product_brand","embeddable":true,"href":"https:\/\/zojopackaging.com\/es\/wp-json\/wp\/v2\/product_brand?post=8318"},{"taxonomy":"product_cat","embeddable":true,"href":"https:\/\/zojopackaging.com\/es\/wp-json\/wp\/v2\/product_cat?post=8318"},{"taxonomy":"product_tag","embeddable":true,"href":"https:\/\/zojopackaging.com\/es\/wp-json\/wp\/v2\/product_tag?post=8318"}],"curies":[{"name":"wp","href":"https:\/\/api.w.org\/{rel}","templated":true}]}}