{"id":8325,"date":"2025-03-26T21:47:14","date_gmt":"2025-03-26T13:47:14","guid":{"rendered":"https:\/\/zojopackaging.com\/?post_type=product&#038;p=8325"},"modified":"2025-03-26T22:26:07","modified_gmt":"2025-03-26T14:26:07","slug":"personalized-custom-wedding-keepsake-gift-boxes-wholesale","status":"publish","type":"product","link":"https:\/\/zojopackaging.com\/es\/product\/personalized-custom-wedding-keepsake-gift-boxes-wholesale\/","title":{"rendered":"Cajas personalizadas para regalos de boda al por mayor"},"content":{"rendered":"<h3 id=\"-1-high-end-material-the-cornerstone-of-solid-protection-and-brand-presentation-\"><strong>Cajas personalizadas para regalos de boda al por mayor<br \/>\n<\/strong><strong>1. Material de alta gama: la piedra angular de la protecci\u00f3n s\u00f3lida y la presentaci\u00f3n de la marca.<\/strong><\/h3>\n<ul>\n<li><strong>Cart\u00f3n gris 1200 GSM + papel estucado 157 GSM<\/strong>: \u2705 La resistencia a la compresi\u00f3n alcanza los 10 kg, adecuada para recuerdos fr\u00e1giles como copas de cristal, \u00e1lbumes de fotos personalizados, velas perfumadas, etc.; \u2705 La superficie del papel es lisa, y la tasa de restauraci\u00f3n de impresi\u00f3n de colores planos Pantone alcanza los 98%, transmitiendo con precisi\u00f3n informaci\u00f3n personalizada como el LOGO de la marca, la fecha del nombre de la pareja, etc.<\/li>\n<\/ul>\n<h3 id=\"-second-the-box-shaped-design-of-the-top-and-bottom-lid-the-first-act-of-happiness-\"><strong>2. La caja de cierre magn\u00e9tico de la tapa y la base: el primer acto de felicidad<\/strong><\/h3>\n<ul>\n<li><strong>Estructura incrustada de los p\u00e1rpados superior e inferior<\/strong>: Tiene una sensaci\u00f3n de amortiguaci\u00f3n al abrirse y cerrarse, que simula la experiencia de apertura de un joyero y refuerza la asociaci\u00f3n emocional de los \"momentos preciosos\";<\/li>\n<li><strong>Mango de cuero humanizado mejorado<\/strong>: \u2705\u00a0<strong>Capa superior de piel de vacuno de PU respetuosa con el medio ambiente<\/strong>: La anchura del mango es de 3 cm, que se adapta a la curvatura de la palma y no aprieta la mano cuando se levanta durante mucho tiempo; \u2705\u00a0<strong>Anillo decorativo de metal<\/strong>: La hebilla de oro rosa chapada en oro une el cuerpo de la caja, con una capacidad de carga de 15 kg, y es a la vez duradera y exquisita.<\/li>\n<\/ul>\n<h3 id=\"-three-macaron-healing-color-system-the-secret-weapon-of-visual-stickiness-\"><strong>3. El sistema de colores curativos de Macaron: el arma secreta de la pegajosidad visual<\/strong><\/h3>\n<ul>\n<li><strong>Igualaci\u00f3n de colores con luz suave y baja saturaci\u00f3n<\/strong>: Mist azul, rosa desnudo, blanco vainilla y otros colores han pasado la certificaci\u00f3n SGS, la visualizaci\u00f3n a largo plazo sin fatiga, adecuado para el bosque, coreano, retro y otros temas de la boda;<\/li>\n<li><strong>Proceso de color de doble canal<\/strong>: \u2705\u00a0<strong>Base mate<\/strong>: Se utiliza tinta al agua respetuosa con el medio ambiente, de tacto delicado y sin reflejos; \u2705\u00a0<strong>Alivio parcial de los rayos UV<\/strong>: La silueta de los reci\u00e9n casados y los votos pueden grabarse en relieve en la tapa de la caja, y se puede presentar un efecto tridimensional de luces y sombras bajo la fuente de luz.<\/li>\n<\/ul>\n<h3 id=\"-four-environmentally-friendly-lining-high-definition-printing-a-balance-between-sustainability-and-aesthetics-\"><strong>4. Forro ecol\u00f3gico e impresi\u00f3n de alta definici\u00f3n: equilibrio entre sostenibilidad y est\u00e9tica<\/strong><\/h3>\n<ol>\n<li><strong>Revestimiento de fibra vegetal<\/strong>:<\/li>\n<li>Bandeja interior moldeada de bagazo de ca\u00f1a de az\u00facar\/pulpa de bamb\u00fa, 100% degradable, la profundidad de la ranura y la curvatura se personalizan seg\u00fan la forma del souvenir, y el rendimiento antis\u00edsmico es comparable al de EVA;<\/li>\n<li>Envoltorio opcional de flocado\/seda para aumentar la sensaci\u00f3n de lujo al desembalar.<\/li>\n<li><strong>Garant\u00eda de impresi\u00f3n sin diferencia de color<\/strong>:<\/li>\n<li>M\u00e1quina de impresi\u00f3n alemana Heidelberg de 8 colores, precisi\u00f3n m\u00ednima de impresi\u00f3n de 0,1 mm, transici\u00f3n de bloques de color degradado sin discontinuidad;<\/li>\n<li>Pel\u00edcula mate\/t\u00e1ctil en la superficie, antihuellas y resistente a los ara\u00f1azos, lo que garantiza que se mantenga tan brillante y limpia como nueva despu\u00e9s de haber circulado por muchas personas en la escena de la boda.<\/li>\n<\/ol>\n<h3 id=\"-v-china-s-smart-manufacturing-strength-extremely-fast-response-and-ultimate-cost-effectiveness-\"><strong>5. La fuerza de la fabricaci\u00f3n inteligente china: respuesta extremadamente r\u00e1pida y m\u00e1xima rentabilidad<\/strong><\/h3>\n<ul>\n<li><strong>Presupuesto exacto en 10 minutos<\/strong>: Env\u00ede los requisitos (tama\u00f1o, color, proceso) en l\u00ednea, y el sistema de IA generar\u00e1 un presupuesto en tiempo real, con una bajada de precios de 40% en comparaci\u00f3n con el mercado;<\/li>\n<li><strong>L\u00ednea de producci\u00f3n totalmente autom\u00e1tica<\/strong>: troqueladora inteligente + equipo de grabado por l\u00e1ser, con una capacidad de producci\u00f3n diaria de 1 mill\u00f3n de piezas, que admite la entrega en 72 horas de los pedidos urgentes;<\/li>\n<li><strong>Triple l\u00ednea de defensa para la inspecci\u00f3n de calidad<\/strong>Inspecci\u00f3n de lotes de materias primas, inspecci\u00f3n de todo el proceso de producci\u00f3n e inspecci\u00f3n por muestreo del env\u00edo del producto acabado, con una tasa de defectos inferior a 0,3%.<\/li>\n<\/ul>\n<h3 id=\"-six-commercial-empowerment-highlights-\"><strong>6, Hechos destacados de la capacitaci\u00f3n comercial<\/strong><\/h3>\n<p>\u2705\u00a0<strong>Aumento de la prima<\/strong>: Las cajas de regalo de alta gama aumentan el precio de los juegos de recuerdos en 50%-150%, adecuadas para escenarios de alta rentabilidad como recuerdos de boda y recuerdos de aniversario; \u2705\u00a0<strong>Pie de imprenta<\/strong>: Los reci\u00e9n casados comparten cajas de regalo personalizadas como moneda social, lo que conlleva su propio tr\u00e1fico de fisi\u00f3n; \u2705\u00a0<strong>Bendici\u00f3n de la certificaci\u00f3n medioambiental<\/strong>: La certificaci\u00f3n FSC+ISO14001 ayuda a las marcas a entrar en el mercado de bodas de gama alta de Europa y Estados Unidos.<\/p>\n<p><strong>Empieza ya la personalizaci\u00f3n rom\u00e1ntica\u00a0<\/strong>Proporcione el tama\u00f1o del regalo y la inspiraci\u00f3n para el dise\u00f1o, y obtenga renderizados en 3D + listas de costes en 10 minutos. Con millones de capacidad de producci\u00f3n y artesan\u00eda art\u00edstica, \u00a1las f\u00e1bricas chinas hacen que cada recuerdo de boda sea digno de una colecci\u00f3n eterna!<\/p>\n<h3 id=\"-technical-parameters-\"><strong>Par\u00e1metros t\u00e9cnicos<\/strong><\/h3>\n<table>\n<thead>\n<tr>\n<th><strong>Proyecto<\/strong><\/th>\n<th><strong>Especificaciones<\/strong><\/th>\n<\/tr>\n<\/thead>\n<tbody>\n<tr>\n<td>Manejar la carga<\/td>\n<td>15kg (cuero de vaca) \/ 10kg (PU)<\/td>\n<\/tr>\n<tr>\n<td>Resoluci\u00f3n de impresi\u00f3n<\/td>\n<td>300 ppp (patr\u00f3n), 600 ppp (texto)<\/td>\n<\/tr>\n<tr>\n<td>Cantidad m\u00ednima de pedido<\/td>\n<td>300 piezas (soporte 50 muestras)<\/td>\n<\/tr>\n<tr>\n<td>Ciclo de personalizaci\u00f3n<\/td>\n<td>5 d\u00edas para las pruebas + 7 d\u00edas para el env\u00edo masivo (admite env\u00edo urgente)<\/td>\n<\/tr>\n<tr>\n<td>Certificaci\u00f3n medioambiental<\/td>\n<td>FSC, SGS, ISO14001<\/td>\n<\/tr>\n<\/tbody>\n<\/table>\n<hr \/>\n<p><strong>El\u00edjanos, \u00a1deje que la dulzura de la boda se extienda desde el momento en que abra la caja de regalo!<\/strong><\/p>","protected":false},"excerpt":{"rendered":"<p>Colores de macaron de baja saturaci\u00f3n, recuerdos personalizados, garant\u00eda de precio directo de f\u00e1brica y entrega precisa en 7-12 d\u00edas.<\/p>","protected":false},"featured_media":8293,"template":"","meta":[],"product_brand":[],"product_cat":[30,423,425,31],"product_tag":[656,655,654],"class_list":{"0":"post-8325","1":"product","2":"type-product","3":"status-publish","4":"has-post-thumbnail","6":"product_cat-by-industry","7":"product_cat-custom-presentation-boxes-by-industry","8":"product_cat-lid-and-base-gift-box","9":"product_cat-paper-box-style","10":"product_tag-custom-wedding-gift-boxes","11":"product_tag-keepsake-boxes-wholesale","12":"product_tag-wedding-gift-boxes","14":"first","15":"instock","16":"shipping-taxable","17":"product-type-simple"},"_links":{"self":[{"href":"https:\/\/zojopackaging.com\/es\/wp-json\/wp\/v2\/product\/8325","targetHints":{"allow":["GET"]}}],"collection":[{"href":"https:\/\/zojopackaging.com\/es\/wp-json\/wp\/v2\/product"}],"about":[{"href":"https:\/\/zojopackaging.com\/es\/wp-json\/wp\/v2\/types\/product"}],"version-history":[{"count":1,"href":"https:\/\/zojopackaging.com\/es\/wp-json\/wp\/v2\/product\/8325\/revisions"}],"predecessor-version":[{"id":8326,"href":"https:\/\/zojopackaging.com\/es\/wp-json\/wp\/v2\/product\/8325\/revisions\/8326"}],"wp:featuredmedia":[{"embeddable":true,"href":"https:\/\/zojopackaging.com\/es\/wp-json\/wp\/v2\/media\/8293"}],"wp:attachment":[{"href":"https:\/\/zojopackaging.com\/es\/wp-json\/wp\/v2\/media?parent=8325"}],"wp:term":[{"taxonomy":"product_brand","embeddable":true,"href":"https:\/\/zojopackaging.com\/es\/wp-json\/wp\/v2\/product_brand?post=8325"},{"taxonomy":"product_cat","embeddable":true,"href":"https:\/\/zojopackaging.com\/es\/wp-json\/wp\/v2\/product_cat?post=8325"},{"taxonomy":"product_tag","embeddable":true,"href":"https:\/\/zojopackaging.com\/es\/wp-json\/wp\/v2\/product_tag?post=8325"}],"curies":[{"name":"wp","href":"https:\/\/api.w.org\/{rel}","templated":true}]}}