{"id":8328,"date":"2025-03-27T09:28:32","date_gmt":"2025-03-27T01:28:32","guid":{"rendered":"https:\/\/zojopackaging.com\/?post_type=product&#038;p=8328"},"modified":"2025-03-27T10:44:18","modified_gmt":"2025-03-27T02:44:18","slug":"custom-boutique-garment-swimwear-underwear-box-wholesale","status":"publish","type":"product","link":"https:\/\/zojopackaging.com\/es\/product\/custom-boutique-garment-swimwear-underwear-box-wholesale\/","title":{"rendered":"Prendas de vestir personalizadas Boutique Caja de ropa interior al por mayor"},"content":{"rendered":"<h3 id=\"customized-boutique-clothing-swimwear-lingerie-box-wholesale-product-description\">Personalizada boutique de ropa de ba\u00f1o ropa interior caja de venta al por mayor descripci\u00f3n del producto<\/h3>\n<h4 id=\"-i-core-materials-and-craftsmanship-\"><strong>I. Materiales b\u00e1sicos y artesan\u00eda<\/strong><\/h4>\n<ol>\n<li><strong>Cart\u00f3n gris de 1200 GSM + estructura compuesta de papel art\u00edstico estucado de 157 GSM<\/strong><\/li>\n<li>Se utiliza cart\u00f3n gris de alto gramaje (como el cart\u00f3n gris de 1200 g de material de grado K5 mencionado en la p\u00e1gina web 2) y la tecnolog\u00eda de compuesto de papel recubierto para tener en cuenta la rigidez y la textura de impresi\u00f3n de la superficie, con un excelente rendimiento de soporte de carga de compresi\u00f3n, adecuado para el transporte a larga distancia y las necesidades de almacenamiento de apilamiento.<\/li>\n<li>El papel estucado de 157 GSM proporciona una superficie de impresi\u00f3n delicada, que puede presentar los efectos finos del LOGOTIPO y los patrones de la marca, a la vez que mejora el rendimiento impermeable y a prueba de humedad.<\/li>\n<\/ol>\n<h4 id=\"-ii-humanized-design-highlights-\"><strong>2. Dise\u00f1o humanizado<\/strong><\/h4>\n<ol>\n<li><strong>Combinaci\u00f3n de colores negro y azul para reducir la ansiedad visual<\/strong><\/li>\n<li>El color principal es una combinaci\u00f3n de azul marino intenso y negro mate, en referencia a la teor\u00eda de la psicolog\u00eda del color, que crea una impresi\u00f3n visual tranquila y profesional, alivia el nerviosismo de los consumidores al desembalar y refuerza la confianza en la marca.<\/li>\n<li><strong>caja de cierre magn\u00e9tico + apertura y cierre magn\u00e9ticos empotrados<\/strong><\/li>\n<li>Innovadora estructura plegable en forma de libro, con dise\u00f1o de hebilla magn\u00e9tica incrustada (consulte el proceso de moldeado tridimensional de la caja del mundo en la p\u00e1gina web 2), f\u00e1cil de abrir y cerrar y art\u00edstica.<\/li>\n<li>Embalaje plano despu\u00e9s del plegado (similar al concepto de optimizaci\u00f3n log\u00edstica de la caja de avi\u00f3n de la p\u00e1gina web 3), lo que reduce el volumen de transporte, aumenta la utilizaci\u00f3n del espacio en 50% y reduce en gran medida los costes de transporte.<\/li>\n<li><strong>Papel de forro de escritura respetuoso con el medio ambiente<\/strong><\/li>\n<li>Construido en cart\u00f3n reciclado respetuoso con el medio ambiente, la superficie puede escribirse a mano con bendiciones o informaci\u00f3n sobre el producto (como la idea de personalizaci\u00f3n de los accesorios de cinta de la p\u00e1gina web 2), favorece la reutilizaci\u00f3n y se ajusta a la tendencia de los envases ecol\u00f3gicos.<\/li>\n<\/ol>\n<h4 id=\"-three-flexible-customization-service-\"><strong>3. Servicio de personalizaci\u00f3n flexible<\/strong><\/h4>\n<ol>\n<li><strong>Adaptaci\u00f3n multidimensional del tama\u00f1o<\/strong><\/li>\n<li>Admite la personalizaci\u00f3n a tama\u00f1o completo (como las especificaciones flexibles de 23<em>16<\/em>7,5 cm en p\u00e1gina web 3), que abarcan diferentes categor\u00edas como ropa interior, trajes de ba\u00f1o, vestidos, etc., para satisfacer las necesidades de envasado independiente o combinaci\u00f3n de conjuntos.<\/li>\n<li><strong>Personalizaci\u00f3n del forro con la marca<\/strong><\/li>\n<li>Proporcione esponja EVA, seda, franela y otras opciones de forro (ampl\u00ede el servicio de personalizaci\u00f3n de accesorios en la p\u00e1gina 2), fije con precisi\u00f3n el producto y mejore la sensaci\u00f3n de ceremonia de desembalaje, ad\u00e1ptese al tono de marca de gama alta.<\/li>\n<\/ol>\n<h4 id=\"-fourth-factory-advantages-and-service-commitments-\"><strong>4. Ventajas de la f\u00e1brica y compromisos de servicio<\/strong><\/h4>\n<ol>\n<li><strong>Garant\u00eda de cadena de suministro \u00fanica<\/strong><\/li>\n<li><strong>Muestras gratuitas<\/strong>: Realice pruebas en un plazo de 3 d\u00edas (consulte el servicio eficaz de \"ciclo de pruebas de 3 d\u00edas\" en la p\u00e1gina 3) para garantizar la visualizaci\u00f3n de los efectos del dise\u00f1o.<\/li>\n<li><strong>Precio y plazo de entrega<\/strong>: La producci\u00f3n a gran escala reduce los costes (como la ventaja del lote de \"10 yuanes\/100.000 piezas\" en la p\u00e1gina 1), los pedidos regulares se entregan en 7 d\u00edas, y las necesidades urgentes pueden acelerarse a 5 d\u00edas.<\/li>\n<li><strong>Garant\u00eda de calidad<\/strong>: Cubre todo el proceso de impresi\u00f3n, laminado y troquelado (descripci\u00f3n del equipo de procesado en la p\u00e1gina 3), promete un control total de los riesgos del proceso, como la compensaci\u00f3n por errores de impresi\u00f3n y la compensaci\u00f3n por retrasos en la entrega.<\/li>\n<\/ol>\n<h4 id=\"-v-application-scenarios-and-competitiveness-\"><strong>5. Escenarios de aplicaci\u00f3n y competitividad<\/strong><\/h4>\n<ul>\n<li><strong>Objetos aplicables<\/strong>: marcas transfronterizas (como las compatibles con Amazon, sitios independientes y otras plataformas en la p\u00e1gina web 2), venta al por menor f\u00edsica y mercados de regalos de gama alta.<\/li>\n<li><strong>Competitividad b\u00e1sica<\/strong>: Mediante la mejora de los materiales, la optimizaci\u00f3n estructural y una profunda personalizaci\u00f3n, se equilibran el control de costes y la experiencia del usuario para ayudar a que la marca sea premium.<\/li>\n<\/ul>","protected":false},"excerpt":{"rendered":"<p>Caja con cierre magn\u00e9tico que se puede plegar para ahorrar 68% de gastos de env\u00edo, forro rotulable con certificado FSC, personalizaci\u00f3n de ropa a medida, entrega en 15 d\u00edas<\/p>","protected":false},"featured_media":8329,"template":"","meta":[],"product_brand":[],"product_cat":[30,414,424,31],"product_tag":[657,658,659],"class_list":{"0":"post-8328","1":"product","2":"type-product","3":"status-publish","4":"has-post-thumbnail","6":"product_cat-by-industry","7":"product_cat-custom-apparel-boxes","8":"product_cat-magnetic-closure-boxes","9":"product_cat-paper-box-style","10":"product_tag-custom-garment-box","11":"product_tag-swimwear-box-wholesale","12":"product_tag-underwear-box-wholesale","14":"first","15":"instock","16":"shipping-taxable","17":"product-type-simple"},"_links":{"self":[{"href":"https:\/\/zojopackaging.com\/es\/wp-json\/wp\/v2\/product\/8328","targetHints":{"allow":["GET"]}}],"collection":[{"href":"https:\/\/zojopackaging.com\/es\/wp-json\/wp\/v2\/product"}],"about":[{"href":"https:\/\/zojopackaging.com\/es\/wp-json\/wp\/v2\/types\/product"}],"version-history":[{"count":3,"href":"https:\/\/zojopackaging.com\/es\/wp-json\/wp\/v2\/product\/8328\/revisions"}],"predecessor-version":[{"id":8337,"href":"https:\/\/zojopackaging.com\/es\/wp-json\/wp\/v2\/product\/8328\/revisions\/8337"}],"wp:featuredmedia":[{"embeddable":true,"href":"https:\/\/zojopackaging.com\/es\/wp-json\/wp\/v2\/media\/8329"}],"wp:attachment":[{"href":"https:\/\/zojopackaging.com\/es\/wp-json\/wp\/v2\/media?parent=8328"}],"wp:term":[{"taxonomy":"product_brand","embeddable":true,"href":"https:\/\/zojopackaging.com\/es\/wp-json\/wp\/v2\/product_brand?post=8328"},{"taxonomy":"product_cat","embeddable":true,"href":"https:\/\/zojopackaging.com\/es\/wp-json\/wp\/v2\/product_cat?post=8328"},{"taxonomy":"product_tag","embeddable":true,"href":"https:\/\/zojopackaging.com\/es\/wp-json\/wp\/v2\/product_tag?post=8328"}],"curies":[{"name":"wp","href":"https:\/\/api.w.org\/{rel}","templated":true}]}}