{"id":8338,"date":"2025-03-27T10:44:33","date_gmt":"2025-03-27T02:44:33","guid":{"rendered":"https:\/\/zojopackaging.com\/?post_type=product&#038;p=8338"},"modified":"2025-03-27T11:06:25","modified_gmt":"2025-03-27T03:06:25","slug":"oem-luxury-hair-tie-accessories-scrunchies-packaging-box","status":"publish","type":"product","link":"https:\/\/zojopackaging.com\/es\/product\/oem-luxury-hair-tie-accessories-scrunchies-packaging-box\/","title":{"rendered":"OEM Accesorios de lujo para el cabello Scrunchies Caja de embalaje"},"content":{"rendered":"<h3 id=\"oem-luxury-headband-accessories-packaging-box-product-description\">OEM de lujo diadema accesorios caja de embalaje descripci\u00f3n del producto<\/h3>\n<h4 id=\"-i-core-materials-and-process-guarantee-\"><strong>I. Materiales b\u00e1sicos y garant\u00eda de proceso<\/strong><\/h4>\n<ol>\n<li><strong>Cart\u00f3n gris de 1200 GSM + estructura compuesta de papel art\u00edstico estucado de 157 GSM<\/strong><\/li>\n<li>Adoptando un cart\u00f3n gris de alta densidad de 1200 GSM y un proceso compuesto de papel art\u00edstico recubierto de 157 GSM, el cart\u00f3n gris proporciona una excelente resistencia a la compresi\u00f3n y al desgaste, y puede soportar m\u00e1s de 5 kg, satisfaciendo las necesidades de transporte a larga distancia y apilamiento de almacenamiento.<\/li>\n<li>La superficie del papel estucado est\u00e1 recubierta con una pel\u00edcula brillante para conseguir una impresi\u00f3n de alta precisi\u00f3n en negro total, con una saturaci\u00f3n del negro superior a 98%, sin manchas ni diferencias de color, y presenta perfectamente el logotipo de la marca y los detalles del dise\u00f1o.<\/li>\n<\/ol>\n<h4 id=\"-ii-luxury-design-and-functional-innovation-\"><strong>2. Dise\u00f1o de lujo e innovaci\u00f3n funcional<\/strong><\/h4>\n<ol>\n<li><strong>Impresi\u00f3n totalmente en negro, interpretando una est\u00e9tica de lujo<\/strong><\/li>\n<li>Todo el cuerpo adopta la tecnolog\u00eda de negro mate o negro brillante, combinada con l\u00e1minas de oro, relieve y otras decoraciones (personalizables), transmitiendo un tono de marca de lujo discreto, que encaja con el posicionamiento de producto de los accesorios de diadema de gama alta.<\/li>\n<li><strong>Caja con cierre magn\u00e9tico, tan bonita como pr\u00e1ctica<\/strong><\/li>\n<li>El dise\u00f1o de la caja de cierre magn\u00e9tico se combina con una hebilla imantada incorporada, que se abre y se cierra suavemente sin atascos. La posici\u00f3n magn\u00e9tica est\u00e1 oculta dentro de la caja para evitar el desgaste externo y mejorar la integridad visual general.<\/li>\n<li>El grosor tras el plegado es de s\u00f3lo 1 cm, y el embalaje plano reduce el volumen de transporte, ahorrando m\u00e1s de 40% de costes log\u00edsticos.<\/li>\n<\/ol>\n<h4 id=\"-three-full-dimensional-customization-service-\"><strong>3. Servicio de personalizaci\u00f3n en todas las dimensiones<\/strong><\/h4>\n<ol>\n<li><strong>Adaptaci\u00f3n flexible del tama\u00f1o y el tipo de caja<\/strong><\/li>\n<li>Admite la personalizaci\u00f3n de cajas rectangulares, cuadradas y otras, con un rango de tama\u00f1o de 5x5x3cm a 50x30x15cm (ampliable), adecuado para diversos accesorios como diademas, accesorios para el pelo, cintas para el pelo, etc.<\/li>\n<li><strong>Exclusivo sistema de protecci\u00f3n del forro<\/strong><\/li>\n<li>Proporcionar materiales de revestimiento como esponja EVA, franela, papel flocado, etc., abrir y personalizar ranuras de acuerdo con la forma del producto, fijar accesorios para evitar sacudidas, y la tasa de da\u00f1os de transporte es inferior a 0,5%.<\/li>\n<li>Admite la impresi\u00f3n en el forro de esl\u00f3ganes o motivos de la marca para mejorar la experiencia de unboxing.<\/li>\n<li><strong>Impresi\u00f3n de alta precisi\u00f3n y realce del logotipo de la marca<\/strong><\/li>\n<li>Utilizando la tecnolog\u00eda de impresi\u00f3n de colores planos CMYK+Pantone, control de la diferencia de color \u0394E\u22641,5, claridad de los bordes del LOGO hasta 300 ppp, para garantizar un alto reconocimiento del logotipo de la marca.<\/li>\n<\/ol>\n<h4 id=\"-fourth-factory-advantages-and-service-commitments-\"><strong>4. Ventajas de la f\u00e1brica y compromisos de servicio<\/strong><\/h4>\n<ol>\n<li><strong>Producci\u00f3n a gran escala y entrega extremadamente r\u00e1pida<\/strong><\/li>\n<li><strong>L\u00ednea de producci\u00f3n totalmente autom\u00e1tica<\/strong>La empresa, con una capacidad de producci\u00f3n diaria de 1.000.000 de piezas, est\u00e1 equipada con equipos integrados de troquelado, laminado y estampaci\u00f3n en caliente, y puede atender sin problemas grandes pedidos y pedidos urgentes.<\/li>\n<li><strong>Muestras gratuitas y precio bajo garantizado<\/strong>: Las pruebas se realizan en un plazo de 3 d\u00edas laborables, los pedidos normales se entregan en un plazo de 7 d\u00edas tras la confirmaci\u00f3n, y los pedidos urgentes pueden acortarse a 5 d\u00edas.<\/li>\n<li><strong>Compromiso de rentabilidad<\/strong>: El precio de pedido para 10.000 piezas es tan bajo como US$0,5\/pieza, apoyando diversos t\u00e9rminos comerciales tales como FOB y EXW.<\/li>\n<\/ol>\n<h4 id=\"-v-application-scenarios-and-competitiveness-\"><strong>5. Escenarios de aplicaci\u00f3n y competitividad<\/strong><\/h4>\n<ul>\n<li><strong>Campos aplicables<\/strong>: comercio electr\u00f3nico transfronterizo (como Amazon, Shopify estaci\u00f3n independiente), venta al por menor de lujo, embalaje de accesorios para el cabello de marca compartida con celebridades.<\/li>\n<li><strong>Principales ventajas<\/strong>: Gracias a la mejora de los materiales, el dise\u00f1o est\u00e9tico totalmente negro y la personalizaci\u00f3n flexible, ayuda a las marcas a lograr la diferenciaci\u00f3n entre productos similares y a aumentar el espacio premium en 20%-30%.<\/li>\n<\/ul>","protected":false},"excerpt":{"rendered":"<p>Todo-negro de lujo caja de cierre magn\u00e9tico, de succi\u00f3n magn\u00e9tica para evitar el desgaste. Dise\u00f1o de forro de tama\u00f1o personalizado, adecuado para la protecci\u00f3n de transporte de accesorios de diadema.<\/p>","protected":false},"featured_media":8339,"template":"","meta":[],"product_brand":[],"product_cat":[30,414,424,31],"product_tag":[660,662,661],"class_list":{"0":"post-8338","1":"product","2":"type-product","3":"status-publish","4":"has-post-thumbnail","6":"product_cat-by-industry","7":"product_cat-custom-apparel-boxes","8":"product_cat-magnetic-closure-boxes","9":"product_cat-paper-box-style","10":"product_tag-hair-tie-packaging","11":"product_tag-oem-scrunchies-packaging","12":"product_tag-tie-accessories-packaging","14":"first","15":"instock","16":"shipping-taxable","17":"product-type-simple"},"_links":{"self":[{"href":"https:\/\/zojopackaging.com\/es\/wp-json\/wp\/v2\/product\/8338","targetHints":{"allow":["GET"]}}],"collection":[{"href":"https:\/\/zojopackaging.com\/es\/wp-json\/wp\/v2\/product"}],"about":[{"href":"https:\/\/zojopackaging.com\/es\/wp-json\/wp\/v2\/types\/product"}],"version-history":[{"count":1,"href":"https:\/\/zojopackaging.com\/es\/wp-json\/wp\/v2\/product\/8338\/revisions"}],"predecessor-version":[{"id":8345,"href":"https:\/\/zojopackaging.com\/es\/wp-json\/wp\/v2\/product\/8338\/revisions\/8345"}],"wp:featuredmedia":[{"embeddable":true,"href":"https:\/\/zojopackaging.com\/es\/wp-json\/wp\/v2\/media\/8339"}],"wp:attachment":[{"href":"https:\/\/zojopackaging.com\/es\/wp-json\/wp\/v2\/media?parent=8338"}],"wp:term":[{"taxonomy":"product_brand","embeddable":true,"href":"https:\/\/zojopackaging.com\/es\/wp-json\/wp\/v2\/product_brand?post=8338"},{"taxonomy":"product_cat","embeddable":true,"href":"https:\/\/zojopackaging.com\/es\/wp-json\/wp\/v2\/product_cat?post=8338"},{"taxonomy":"product_tag","embeddable":true,"href":"https:\/\/zojopackaging.com\/es\/wp-json\/wp\/v2\/product_tag?post=8338"}],"curies":[{"name":"wp","href":"https:\/\/api.w.org\/{rel}","templated":true}]}}