{"id":8346,"date":"2025-03-27T11:06:35","date_gmt":"2025-03-27T03:06:35","guid":{"rendered":"https:\/\/zojopackaging.com\/?post_type=product&#038;p=8346"},"modified":"2025-03-27T11:33:11","modified_gmt":"2025-03-27T03:33:11","slug":"custom-magnetic-closure-jewelry-gift-rigid-boxes-wholesale","status":"publish","type":"product","link":"https:\/\/zojopackaging.com\/es\/product\/custom-magnetic-closure-jewelry-gift-rigid-boxes-wholesale\/","title":{"rendered":"Cajas R\u00edgidas Personalizadas con Cierre Magn\u00e9tico para Regalos de Joyer\u00eda al por Mayor"},"content":{"rendered":"<h3 id=\"customized-magnetic-closure-jewelry-gift-hard-box-wholesale-product-instructions\">Cierre magn\u00e9tico personalizado Joyer\u00eda Regalo Caja r\u00edgida al por mayor<\/h3>\n<h4 id=\"-i-core-materials-and-environmental-certification-\"><strong>I. Materiales b\u00e1sicos y certificaci\u00f3n medioambiental<\/strong><\/h4>\n<ol>\n<li>Cart\u00f3n gris 1200 GSM + papel estucado 157 GSM Proceso compuesto<\/li>\n<li>Utilizando cart\u00f3n gris de alta densidad de 1200 GSM como marco principal, con un proceso de laminado de papel art\u00edstico recubierto de 157 GSM, la dureza del cuerpo de la caja alcanza Shaw D80 o superior, la capacidad de carga supera los 8 kg, y se pueden apilar 5 capas sin deformaci\u00f3n.<\/li>\n<li>El material ha superado la certificaci\u00f3n forestal FSC y las normas de protecci\u00f3n medioambiental RoHS. La superficie del papel estucado est\u00e1 impresa con tinta a base de agua, y no hay residuos de disolvente de benceno, lo que cumple los requisitos de protecci\u00f3n medioambiental de la normativa REACH de la UE para envases de joyer\u00eda.<\/li>\n<\/ol>\n<h4 id=\"-ii-double-sided-visual-system-design-\"><strong>2. Dise\u00f1o del sistema visual de doble cara<\/strong><\/h4>\n<ol>\n<li>Soluci\u00f3n de impresi\u00f3n ecol\u00f3gica a doble cara respetuosa con el medio ambiente<\/li>\n<li>El color principal es una combinaci\u00f3n degradada de verde Morandi y verde hierba claro, con un valor de diferencia de color de \u0394E\u22641,2 (calibraci\u00f3n de la carta de colores Pantone), y la impresi\u00f3n a doble cara a toda p\u00e1gina reduce el contraste visual. Tras las pruebas de ingenier\u00eda de factores humanos, puede reducir el \u00edndice de fatiga de la mirada del consumidor en 37%.<\/li>\n<li>El proceso de impresi\u00f3n utiliza barniz UV local + recubrimiento de pel\u00edcula mate, que no s\u00f3lo resalta el brillo tridimensional del LOGOTIPO de la marca, sino que tambi\u00e9n transmite el concepto de protecci\u00f3n medioambiental a trav\u00e9s de la textura mate.<\/li>\n<\/ol>\n<h4 id=\"-three-branded-package-system-construction-\"><strong>3. Construcci\u00f3n de un sistema de envases de marca<\/strong><\/h4>\n<ol>\n<li>Dise\u00f1o combinado de caja y bolsa de regalo<\/li>\n<li>Desarrollar un sistema de cajas escalonadas (como 1 pieza\/3 piezas\/5 piezas), a juego con la misma serie de bolsas de regalo de tejido no tejido, e imprimir gr\u00e1ficos auxiliares de la marca y declaraciones de protecci\u00f3n medioambiental en el cuerpo de la bolsa para formar una exposici\u00f3n de marca de enlace completo desde el desembalaje hasta el transporte.<\/li>\n<li>Admite la personalizaci\u00f3n simult\u00e1nea de tipos de caja y bolsa, como una caja magn\u00e9tica abatible con una bolsa de mano tipo sobre, o una caja en forma de libro con una bolsa de cord\u00f3n, lo que resulta adecuado para distintos escenarios, como bodas y negocios.<\/li>\n<\/ol>\n<h4 id=\"-four-high-recognition-detail-upgrade-\"><strong>4. Actualizaci\u00f3n de detalles de alto reconocimiento<\/strong><\/h4>\n<ol>\n<li>Sistema de cintas personalizable<\/li>\n<li>Proporciona 6 tipos de materiales de cinta, como sat\u00e9n, hilo de nieve y fibra reciclada, admite la personalizaci\u00f3n gratuita de anchuras de 3 mm a 50 mm, y puede grabar con l\u00e1ser nombres de marcas o grabar en relieve patrones oscuros, lo que aumenta el reconocimiento de 200%.<\/li>\n<li>El original dise\u00f1o de \"hebilla de posicionamiento de la cinta\" garantiza que la cinta permanezca recta tras el plegado, lo que resuelve el problema de que la cinta de embalaje tradicional se afloje con facilidad.<\/li>\n<\/ol>\n<h4 id=\"-v-all-dimensional-protection-system-\"><strong>5. Sistema de protecci\u00f3n multidimensional<\/strong><\/h4>\n<ol>\n<li>Sistema de revestimiento antis\u00edsmico de esponja<\/li>\n<li>Se adopta el forro de esponja EVA dividida con una densidad de 45D\u00b12, y las ranuras se personalizan seg\u00fan el contorno de la joya. La prueba de vibraci\u00f3n muestra que puede soportar el impacto de valor G 0,5, y la tasa de da\u00f1os de transporte es inferior a 0,3%.<\/li>\n<li>El forro admite un dise\u00f1o de estructura de doble capa: la capa superior de tela flocada es a prueba de ara\u00f1azos, y la capa inferior de cart\u00f3n de nido de abeja es amortiguadora, lo que resulta adecuado para joyas fr\u00e1giles y productos de metales preciosos.<\/li>\n<\/ol>\n<h4 id=\"-sixth-factory-direct-supply-advantages-\"><strong>6. Ventajas del suministro directo de f\u00e1brica<\/strong><\/h4>\n<ol>\n<li><strong>Potenciaci\u00f3n de la agrupaci\u00f3n industrial del delta del r\u00edo Perla<\/strong><\/li>\n<li>Apoy\u00e1ndose en cinturones industriales de embalaje como Dongguan y Yiwu (como Dongguan Zhongkai Packaging en la p\u00e1gina 3 y Yiwu Rongshan Packaging en la p\u00e1gina 6), se puede responder a todo el proceso de dise\u00f1o-prueba-producci\u00f3n en serie en 72 horas, lo que supone 5 d\u00edas laborables menos que el modo tradicional.<\/li>\n<li>El precio m\u00ednimo de un pedido de 10.000 piezas es de tan s\u00f3lo 1,2 yuanes\/conjunto (incluido el cuerpo de la caja + forro + cinta), lo que facilita los servicios log\u00edsticos transfronterizos de DDP, y el ciclo de transporte puerta a puerta en Norteam\u00e9rica se acorta a 12 d\u00edas.<\/li>\n<\/ol>\n<h4 id=\"-vii-customized-service-process-\"><strong>7. Proceso de servicio personalizado<\/strong><\/h4>\n<ul>\n<li><strong>Colaboraci\u00f3n en el dise\u00f1o<\/strong>: La marca proporciona im\u00e1genes de inspiraci\u00f3n o palabras clave, y el equipo de dise\u00f1o elabora 3 conjuntos de soluciones (incluidos renders en 3D) en 48 horas.<\/li>\n<li><strong>Producci\u00f3n flexible<\/strong>: M\u00e1quina de troquelado totalmente autom\u00e1tica + l\u00ednea de montaje de succi\u00f3n magn\u00e9tica, con una capacidad de producci\u00f3n diaria de 50.000 juegos, que admite pedidos flexibles de 500-100.000 piezas.<\/li>\n<li><strong>Normas de control de calidad<\/strong>: Certificaci\u00f3n del sistema de calidad ISO9001, equipada con espectrofot\u00f3metro y comprobador de gotas para garantizar la uniformidad de los lotes.<\/li>\n<\/ul>","protected":false},"excerpt":{"rendered":"<p>Impresi\u00f3n a doble cara respetuosa con el medio ambiente en papel reciclado con certificaci\u00f3n FSC, el estuche de regalo contiene una cinta LOGO serigrafiada para reducir la fatiga visual y admite la personalizaci\u00f3n a tama\u00f1o completo.<\/p>","protected":false},"featured_media":8350,"template":"","meta":[],"product_brand":[],"product_cat":[30,415,424,31],"product_tag":[575,663,664],"class_list":{"0":"post-8346","1":"product","2":"type-product","3":"status-publish","4":"has-post-thumbnail","6":"product_cat-by-industry","7":"product_cat-custom-jewelry-boxes-by-industry","8":"product_cat-magnetic-closure-boxes","9":"product_cat-paper-box-style","10":"product_tag-jewelry-boxes-wholesale","11":"product_tag-jewelry-gift-boxes","12":"product_tag-jewelry-rigid-boxes","14":"first","15":"instock","16":"shipping-taxable","17":"product-type-simple"},"_links":{"self":[{"href":"https:\/\/zojopackaging.com\/es\/wp-json\/wp\/v2\/product\/8346","targetHints":{"allow":["GET"]}}],"collection":[{"href":"https:\/\/zojopackaging.com\/es\/wp-json\/wp\/v2\/product"}],"about":[{"href":"https:\/\/zojopackaging.com\/es\/wp-json\/wp\/v2\/types\/product"}],"version-history":[{"count":1,"href":"https:\/\/zojopackaging.com\/es\/wp-json\/wp\/v2\/product\/8346\/revisions"}],"predecessor-version":[{"id":8353,"href":"https:\/\/zojopackaging.com\/es\/wp-json\/wp\/v2\/product\/8346\/revisions\/8353"}],"wp:featuredmedia":[{"embeddable":true,"href":"https:\/\/zojopackaging.com\/es\/wp-json\/wp\/v2\/media\/8350"}],"wp:attachment":[{"href":"https:\/\/zojopackaging.com\/es\/wp-json\/wp\/v2\/media?parent=8346"}],"wp:term":[{"taxonomy":"product_brand","embeddable":true,"href":"https:\/\/zojopackaging.com\/es\/wp-json\/wp\/v2\/product_brand?post=8346"},{"taxonomy":"product_cat","embeddable":true,"href":"https:\/\/zojopackaging.com\/es\/wp-json\/wp\/v2\/product_cat?post=8346"},{"taxonomy":"product_tag","embeddable":true,"href":"https:\/\/zojopackaging.com\/es\/wp-json\/wp\/v2\/product_tag?post=8346"}],"curies":[{"name":"wp","href":"https:\/\/api.w.org\/{rel}","templated":true}]}}