{"id":8354,"date":"2025-03-27T11:34:12","date_gmt":"2025-03-27T03:34:12","guid":{"rendered":"https:\/\/zojopackaging.com\/?post_type=product&#038;p=8354"},"modified":"2025-03-27T12:08:41","modified_gmt":"2025-03-27T04:08:41","slug":"custom-lotion-foundation-cosmetic-makeup-set-box-wholesale","status":"publish","type":"product","link":"https:\/\/zojopackaging.com\/es\/product\/custom-lotion-foundation-cosmetic-makeup-set-box-wholesale\/","title":{"rendered":"Custom Lotion Foundation Cosm\u00e9ticos Maquillaje Set Caja al por mayor"},"content":{"rendered":"<h3 id=\"customized-lotion-foundation-makeup-set-box-wholesale-product-instructions\">Loci\u00f3n personalizada maquillaje conjunto caja al por mayor<\/h3>\n<h4 id=\"-i-innovative-structural-design-and-functional-optimization-\"><strong>I. Dise\u00f1o estructural innovador y optimizaci\u00f3n funcional<\/strong><\/h4>\n<ol>\n<li><strong>Sistema de cajones para papel<\/strong><\/li>\n<li>Adopta una estructura en capas de tipo caj\u00f3n, con un coeficiente de resistencia al deslizamiento de \u22640,15N, y la suavidad de apertura y cierre se incrementa en 60%. La operaci\u00f3n de toma de objetos puede completarse con una sola mano, lo que resulta perfectamente adecuado para productos cil\u00edndricos como frascos de loci\u00f3n y tarros de base de maquillaje.<\/li>\n<li>En el interior del cuerpo de la caja hay una hebilla antideslizante que no se deforma tras 5000 pruebas con papel de caj\u00f3n, tiene una capacidad de carga de 3 kg y puede apilarse para guardar varios art\u00edculos de maquillaje.<\/li>\n<li><strong>Sistema de protecci\u00f3n de revestimiento mate<\/strong><\/li>\n<li>La superficie adopta un proceso de pel\u00edcula mate a base de agua para formar una capa hidr\u00f3foba a nanoescala. Se ha comprobado que resiste la penetraci\u00f3n de l\u00edquidos como el aceite comestible y el sudor, y no se decolora ni deforma tras almacenarse en un ambiente con una humedad del 40\u2103\/75% durante 12 meses.<\/li>\n<li>Combinado con la impresi\u00f3n de tinta de soja respetuosa con el medio ambiente, ha superado las normas de seguridad alimentaria certificadas por SGS y puede entrar en contacto directo con el embalaje exterior de los cosm\u00e9ticos.<\/li>\n<\/ol>\n<h4 id=\"-second-brand-visual-system-construction-\"><strong>2. Construcci\u00f3n del sistema visual Drand<\/strong><\/h4>\n<ol>\n<li><strong>Impresi\u00f3n de alta precisi\u00f3n para la visualizaci\u00f3n de ingredientes<\/strong><\/li>\n<li>Gracias a la tecnolog\u00eda de impresi\u00f3n offset de seis colores (CMYK+color directo), la diferencia de color se controla a \u0394E\u22641,0, y el diagrama de la estructura molecular y la descripci\u00f3n de la eficacia de los ingredientes activos (como el \u00e1cido hialur\u00f3nico y la niacinamida) se imprimen directamente en la superficie de la caja, lo que aumenta la confianza del consumidor en 45%.<\/li>\n<li>El original dise\u00f1o de \"etiqueta de ingredientes con ventana transparente\" abre una ventana transparente en el lateral de la caja para mostrar simult\u00e1neamente el producto real y los datos de los ingredientes en su interior.<\/li>\n<li><strong>Sistema de identificaci\u00f3n de cintas personalizado<\/strong><\/li>\n<li>Proporciona 8 tipos de materiales de cinta, como sat\u00e9n, hilo de nieve y pel\u00edcula l\u00e1ser, admite la personalizaci\u00f3n de 3 mm a 30 mm de ancho y puede grabar con l\u00e1ser esl\u00f3ganes de marca o grabar en relieve patrones oscuros contra la falsificaci\u00f3n.<\/li>\n<li>Innovadora estructura de \"ranura de tarjeta de posicionamiento de la cinta\" para garantizar que la tasa de retenci\u00f3n de la rigidez de la cinta despu\u00e9s del plegado sea \u226590%, resolviendo el problema de la f\u00e1cil arruga de las cintas de embalaje tradicionales.<\/li>\n<\/ol>\n<h4 id=\"-three-full-dimensional-protection-and-customization-services-\"><strong>3. Servicios de protecci\u00f3n y personalizaci\u00f3n de dimensiones completas<\/strong><\/h4>\n<ol>\n<li><strong>Sistema de revestimiento antis\u00edsmico EVA<\/strong><\/li>\n<li>Adopta forro de EVA dividido (densidad 35D\u00b12), y personaliza la capa amortiguadora de nido de abeja seg\u00fan la forma del producto. La prueba de vibraci\u00f3n muestra que puede soportar el impacto de valor G 0,7, y la tasa de da\u00f1os de transporte es inferior a 0,2%.<\/li>\n<li>El forro soporta una estructura compuesta de doble capa: la capa superior de tela flocada es a prueba de ara\u00f1azos (coeficiente de fricci\u00f3n \u2264 0,3), y la capa inferior de almohadilla de silicona es antideslizante, adecuada para productos fr\u00e1giles como la esencia de botellas de vidrio.<\/li>\n<li><strong>Soluci\u00f3n flexible de fabricaci\u00f3n inteligente<\/strong><\/li>\n<li><strong>Adaptaci\u00f3n flexible del tama\u00f1o<\/strong>: Soporta la personalizaci\u00f3n de tama\u00f1o completo de 5x5x3cm a 30x20x15cm, cubriendo las necesidades de conjuntos de barras de labios individuales a cajas de regalo de maquillaje de diez piezas.<\/li>\n<\/ol>\n<h4 id=\"-fourth-factory-direct-supply-service-guarantee-\"><strong>4. Garant\u00eda de servicio de suministro directo de f\u00e1brica<\/strong><\/h4>\n<ol>\n<li><strong>Potenciaci\u00f3n de la cadena de suministro integrada<\/strong><\/li>\n<li><strong>Respuesta r\u00e1pida<\/strong>: El equipo de dise\u00f1o elabora renderizados en 3D en 24 horas, completa las pruebas en 72 horas y el ciclo de producci\u00f3n en serie se acorta a 7 d\u00edas laborables.<\/li>\n<li><strong>Sistema de control de calidad<\/strong>: Certificaci\u00f3n de calidad ISO9001 superada.<\/li>\n<\/ol>","protected":false},"excerpt":{"rendered":"<p>1. El dise\u00f1o de la caja de papel del caj\u00f3n y la apertura deslizante hacen que sea f\u00e1cil para los usuarios abrir y cerrar, lo que puede reducir el tiempo de operaci\u00f3n del usuario y mejorar la experiencia de unboxing<br \/>\n2. La superficie est\u00e1 cubierta con una pel\u00edcula mate, que es impermeable y resistente al aceite, por lo que su producto puede estar intacto, incluso despu\u00e9s de almacenamiento a largo plazo<br \/>\n3. Los accesorios de cinta realzan la belleza y el reconocimiento de la marca, y refuerzan la impresi\u00f3n que los consumidores tienen de su marca.<br \/>\n4. El forro de EVA puede amortiguar y resistir los golpes durante el transporte, protegiendo sus productos para que lleguen seguros a sus manos.<\/p>","protected":false},"featured_media":8357,"template":"","meta":[],"product_brand":[],"product_cat":[30,390,31,426],"product_tag":[667,665,666],"class_list":{"0":"post-8354","1":"product","2":"type-product","3":"status-publish","4":"has-post-thumbnail","6":"product_cat-by-industry","7":"product_cat-custom-cosmetics-boxes","8":"product_cat-paper-box-style","9":"product_cat-paper-drawer-boxes","10":"product_tag-cosmetic-makeup-set-box","11":"product_tag-custom-lotion-box","12":"product_tag-foundation-box-wholesale","14":"first","15":"instock","16":"shipping-taxable","17":"product-type-simple"},"_links":{"self":[{"href":"https:\/\/zojopackaging.com\/es\/wp-json\/wp\/v2\/product\/8354","targetHints":{"allow":["GET"]}}],"collection":[{"href":"https:\/\/zojopackaging.com\/es\/wp-json\/wp\/v2\/product"}],"about":[{"href":"https:\/\/zojopackaging.com\/es\/wp-json\/wp\/v2\/types\/product"}],"version-history":[{"count":1,"href":"https:\/\/zojopackaging.com\/es\/wp-json\/wp\/v2\/product\/8354\/revisions"}],"predecessor-version":[{"id":8361,"href":"https:\/\/zojopackaging.com\/es\/wp-json\/wp\/v2\/product\/8354\/revisions\/8361"}],"wp:featuredmedia":[{"embeddable":true,"href":"https:\/\/zojopackaging.com\/es\/wp-json\/wp\/v2\/media\/8357"}],"wp:attachment":[{"href":"https:\/\/zojopackaging.com\/es\/wp-json\/wp\/v2\/media?parent=8354"}],"wp:term":[{"taxonomy":"product_brand","embeddable":true,"href":"https:\/\/zojopackaging.com\/es\/wp-json\/wp\/v2\/product_brand?post=8354"},{"taxonomy":"product_cat","embeddable":true,"href":"https:\/\/zojopackaging.com\/es\/wp-json\/wp\/v2\/product_cat?post=8354"},{"taxonomy":"product_tag","embeddable":true,"href":"https:\/\/zojopackaging.com\/es\/wp-json\/wp\/v2\/product_tag?post=8354"}],"curies":[{"name":"wp","href":"https:\/\/api.w.org\/{rel}","templated":true}]}}