{"id":8362,"date":"2025-03-27T12:10:51","date_gmt":"2025-03-27T04:10:51","guid":{"rendered":"https:\/\/zojopackaging.com\/?post_type=product&#038;p=8362"},"modified":"2025-03-27T13:49:20","modified_gmt":"2025-03-27T05:49:20","slug":"high-quality-custom-drawer-paper-jewellery-boxes-wholesale","status":"publish","type":"product","link":"https:\/\/zojopackaging.com\/es\/product\/high-quality-custom-drawer-paper-jewellery-boxes-wholesale\/","title":{"rendered":"Cajas de joyer\u00eda de papel de caj\u00f3n personalizado de alta calidad al por mayor"},"content":{"rendered":"<h3 id=\"high-end-custom-drawer-type-jewelry-box-wholesale-product-instructions\">Caja de joyer\u00eda de papel de caj\u00f3n personalizado de alta calidad al por mayor<\/h3>\n<h4 id=\"-i-innovative-structure-and-material-technology-\"><strong>I. Estructura y tecnolog\u00eda de materiales innovadoras<\/strong><\/h4>\n<ol>\n<li><strong>Caj\u00f3n de papel Sistema de caja deslizante<\/strong>\u00a0Adopta una estructura de extracci\u00f3n por capas, con un coeficiente de resistencia al deslizamiento de \u22640,15N, y puede abrirse y cerrarse suavemente con una sola mano. El cuerpo de la caja est\u00e1 equipado con un dise\u00f1o de hebilla anti-ca\u00edda. No se deforma tras 5000 pruebas de extracci\u00f3n, y su capacidad de carga alcanza los 3 kg. Es adecuado para anillos, collares, pulseras y otras joyas.<\/li>\n<li><strong>Refuerzo de materiales<\/strong>: Cart\u00f3n gris de alta densidad de 1200 GSM y proceso compuesto de papel art\u00edstico recubierto de 157 GSM, la dureza del cuerpo de la caja alcanza Shaw D85, ha superado la certificaci\u00f3n forestal FSC y las normas de protecci\u00f3n medioambiental RoHS, y admite el almacenamiento apilado en 5 capas.<\/li>\n<li><strong>Tecnolog\u00eda de curado Spot UV de alta eficacia<\/strong>\u00a0El proceso de barnizado UV local puede lograr 3 segundos de curado r\u00e1pido. Combinado con la l\u00ednea de laminaci\u00f3n totalmente autom\u00e1tica, la eficiencia de secado se incrementa en 70%, y soporta impresi\u00f3n continua y estampaci\u00f3n en caliente y gofrado. La operaci\u00f3n de sincronizaci\u00f3n posterior al proceso, la capacidad de producci\u00f3n diaria supera las 50.000 piezas.<\/li>\n<\/ol>\n<h4 id=\"-2-brand-identification-and-protection-system-\"><strong>2. Sistema de identificaci\u00f3n y protecci\u00f3n de la marca<\/strong><\/h4>\n<ol>\n<li><strong>Sistema visual de cintas personalizado<\/strong>\u00a0Proporcionar 8 tipos de materiales de la cinta, tales como sat\u00e9n, hilo de nieve, pel\u00edcula l\u00e1ser, etc, apoyar la libre personalizaci\u00f3n de 3 mm-50 mm de ancho, puede grabar con l\u00e1ser LOGO de la marca o en relieve contra la falsificaci\u00f3n patr\u00f3n oscuro, original \"cinta de posicionamiento ranura de la tarjeta\" de dise\u00f1o, y la tasa de retenci\u00f3n de la rigidez despu\u00e9s de doblar es \u226590%.<\/li>\n<li><strong>Forro antis\u00edsmico de flocado EVA<\/strong>\u00a0Forro de flocado de EVA dividido (densidad 45D\u00b12), ranuras personalizadas seg\u00fan el molde del contorno de la joya, puede soportar la fuerza de impacto de valor G 0,7, y el \u00edndice de da\u00f1os por transporte es inferior a 0,3%. El coeficiente de fricci\u00f3n de la capa superficial de flocado es \u22640,3 para evitar ara\u00f1azos en metales preciosos y piedras preciosas.<\/li>\n<\/ol>\n<h4 id=\"-iii-printing-technology-and-environmental-protection-adaptation-\"><strong>3. Tecnolog\u00eda de impresi\u00f3n y adaptaci\u00f3n a la protecci\u00f3n del medio ambiente<\/strong><\/h4>\n<ol>\n<li><strong>Impresi\u00f3n de alta precisi\u00f3n CMYK<\/strong>\u00a0Se utiliza la tecnolog\u00eda de impresi\u00f3n offset de seis colores (CMYK+color directo), y el control de diferencia de color \u0394E\u22641.0 admite la impresi\u00f3n de diagramas de estructura molecular de ingredientes activos y el dise\u00f1o de gradientes, y se empareja con tinta de soja respetuosa con el medio ambiente. Ha superado la certificaci\u00f3n de seguridad alimentaria SGS y puede entrar en contacto directo con joyas.<\/li>\n<li><strong>Tinta respetuosa con el medio ambiente y proceso degradable<\/strong>\u00a0La tinta a base de agua representa m\u00e1s de 80%, las emisiones de COV son inferiores a 50g\/L, en l\u00ednea con la normativa REACH de la UE, y el material de revestimiento favorece la biodegradaci\u00f3n, practicando el concepto de envasado ecol\u00f3gico.<\/li>\n<\/ol>\n<h4 id=\"-iv-flexible-customization-and-production-guarantee-\"><strong>4. Personalizaci\u00f3n flexible y garant\u00eda de producci\u00f3n<\/strong><\/h4>\n<ol>\n<li><strong>Servicio de personalizaci\u00f3n dimensional ilimitada<\/strong><\/li>\n<li><strong>Adaptaci\u00f3n del tama\u00f1o<\/strong>: Cubre todas las especificaciones, desde 5x5x3 cm hasta 30x20x15 cm, y admite el desarrollo simult\u00e1neo de m\u00faltiples tipos de cajas, como las de tipo libro, tapa abatible y tapa superior e inferior;<\/li>\n<li><strong>Colaboraci\u00f3n en el dise\u00f1o<\/strong>: La marca proporciona im\u00e1genes de inspiraci\u00f3n o palabras clave, y el equipo de dise\u00f1o elabora renderizados en 3D las 24 horas del d\u00eda, lo que permite personalizar completamente el logotipo, los motivos y el texto.<\/li>\n<li><strong>Entrega extremadamente r\u00e1pida y ventajas econ\u00f3micas<\/strong><\/li>\n<li><strong>Suministro directo desde la f\u00e1brica de origen<\/strong>: Bas\u00e1ndose en el cl\u00faster industrial del delta del r\u00edo Perla, el precio unitario de 10.000 piezas de pedidos es tan bajo como 1,2 yuanes\/set, ahorrando 30% del coste en comparaci\u00f3n con el modelo tradicional;<\/li>\n<li><strong>Sistema de verificaci\u00f3n de muestras<\/strong>: La creaci\u00f3n de prototipos y la inspecci\u00f3n de calidad se completan en 3 d\u00edas laborables, y la entrega de la producci\u00f3n en masa se completa en 5-7 d\u00edas laborables despu\u00e9s de la confirmaci\u00f3n, y los pedidos urgentes se pueden acortar a 72 horas.<\/li>\n<\/ol>\n<h4 id=\"-v-application-scenarios-and-competitiveness-\"><strong>5. Escenarios de aplicaci\u00f3n y competitividad<\/strong><\/h4>\n<ul>\n<li><strong>Valor fundamental<\/strong>: A trav\u00e9s de la innovaci\u00f3n de la caja de cajones, el sistema de cinta de marca y el revestimiento antis\u00edsmico, ayudan a las marcas de joyer\u00eda a aumentar su prima en 20%-30%;<\/li>\n<li><strong>Campos aplicables<\/strong>: comercio electr\u00f3nico transfronterizo, mostradores de lujo, personalizaci\u00f3n de joyas de boda.<\/li>\n<\/ul>","protected":false},"excerpt":{"rendered":"<p>1. Caj\u00f3n Dise\u00f1o de la caja de papel, deslizante para abrir hace que sea f\u00e1cil para los usuarios abrir y cerrar, mejorar la experiencia de unboxing del usuario.<br \/>\n2. Accesorios para cintas Las cintas realzan la belleza y el reconocimiento de la marca, y refuerzan la impresi\u00f3n que los consumidores tienen de su marca.<br \/>\n3. Spot UV, totalmente curado en pocos segundos, acortando en gran medida el tiempo de secado, apoyando la impresi\u00f3n continua y post-procesamiento, mejorando significativamente la eficiencia de la producci\u00f3n.<\/p>","protected":false},"featured_media":8365,"template":"","meta":[],"product_brand":[],"product_cat":[30,415,31,426],"product_tag":[669,668,670],"class_list":{"0":"post-8362","1":"product","2":"type-product","3":"status-publish","4":"has-post-thumbnail","6":"product_cat-by-industry","7":"product_cat-custom-jewelry-boxes-by-industry","8":"product_cat-paper-box-style","9":"product_cat-paper-drawer-boxes","10":"product_tag-custom-jewellery-boxes","11":"product_tag-jewellery-boxes-wholesale","12":"product_tag-jewellery-drawer-paper-boxes","14":"first","15":"instock","16":"shipping-taxable","17":"product-type-simple"},"_links":{"self":[{"href":"https:\/\/zojopackaging.com\/es\/wp-json\/wp\/v2\/product\/8362","targetHints":{"allow":["GET"]}}],"collection":[{"href":"https:\/\/zojopackaging.com\/es\/wp-json\/wp\/v2\/product"}],"about":[{"href":"https:\/\/zojopackaging.com\/es\/wp-json\/wp\/v2\/types\/product"}],"version-history":[{"count":1,"href":"https:\/\/zojopackaging.com\/es\/wp-json\/wp\/v2\/product\/8362\/revisions"}],"predecessor-version":[{"id":8369,"href":"https:\/\/zojopackaging.com\/es\/wp-json\/wp\/v2\/product\/8362\/revisions\/8369"}],"wp:featuredmedia":[{"embeddable":true,"href":"https:\/\/zojopackaging.com\/es\/wp-json\/wp\/v2\/media\/8365"}],"wp:attachment":[{"href":"https:\/\/zojopackaging.com\/es\/wp-json\/wp\/v2\/media?parent=8362"}],"wp:term":[{"taxonomy":"product_brand","embeddable":true,"href":"https:\/\/zojopackaging.com\/es\/wp-json\/wp\/v2\/product_brand?post=8362"},{"taxonomy":"product_cat","embeddable":true,"href":"https:\/\/zojopackaging.com\/es\/wp-json\/wp\/v2\/product_cat?post=8362"},{"taxonomy":"product_tag","embeddable":true,"href":"https:\/\/zojopackaging.com\/es\/wp-json\/wp\/v2\/product_tag?post=8362"}],"curies":[{"name":"wp","href":"https:\/\/api.w.org\/{rel}","templated":true}]}}