{"id":8370,"date":"2025-03-27T13:49:35","date_gmt":"2025-03-27T05:49:35","guid":{"rendered":"https:\/\/zojopackaging.com\/?post_type=product&#038;p=8370"},"modified":"2025-03-27T14:26:28","modified_gmt":"2025-03-27T06:26:28","slug":"custom-face-cleanser-skin-care-packaging-boxes-wholesale","status":"publish","type":"product","link":"https:\/\/zojopackaging.com\/es\/product\/custom-face-cleanser-skin-care-packaging-boxes-wholesale\/","title":{"rendered":"Limpiador facial personalizado Cajas de embalaje para el cuidado de la piel al por mayor"},"content":{"rendered":"<h3 id=\"high-end-customized-cleanser-skin-care-product-box-with-lid-and-top-cover-wholesale-product-manual\">Limpiador de alta gama personalizado caja de productos de cuidado de la piel con tapa y base de venta al por mayor<\/h3>\n<h4 id=\"-i-innovative-box-type-and-protection-system-\"><strong>1. Tipo de caja y sistema de protecci\u00f3n innovadores<\/strong><\/h4>\n<ol>\n<li><strong>Caja de tapa y base <\/strong>\u00a0Adopta un dise\u00f1o de cubierta superior e inferior anidada de precisi\u00f3n, con tolerancia controlada de \u00b10,3 mm, coeficiente de resistencia a la apertura y cierre \u22640,2N, y sin deformaci\u00f3n tras 5000 pruebas de apertura y cierre. Las ranuras para tarjetas anticolisi\u00f3n se establecen en la caja para reducir la tasa de colisi\u00f3n de los productos durante el transporte por 90%.<\/li>\n<li><strong>Refuerzo material<\/strong>: 1200 GSM cart\u00f3n r\u00edgido y 157 GSM recubierto arte papel proceso compuesto, la dureza del cuerpo de la caja alcanza Shaw D85, la suavidad de la superficie \u2265300 segundos (m\u00e9todo Bekk), y apoya la impresi\u00f3n precisa de colores planos Pantone y colores degradados.<\/li>\n<li><strong>Sistema de soporte interior de cart\u00f3n respetuoso con el medio ambiente<\/strong>\u00a0Adopta un forro troquelado de cart\u00f3n reciclado de 450 GSM con certificaci\u00f3n FSC, personalizado seg\u00fan la forma de la botella del limpiador, y bordes biselados para evitar ara\u00f1azos. Combinado con la capa de flocado de EVA (coeficiente de fricci\u00f3n \u2264 0,3), se consigue una doble protecci\u00f3n amortiguadora, y las pruebas de vibraci\u00f3n demuestran que puede soportar el impacto de valor G 0,6.<\/li>\n<\/ol>\n<h4 id=\"-ii-visual-technology-and-brand-recognition-\"><strong>2. Tecnolog\u00eda visual y reconocimiento de marca<\/strong><\/h4>\n<ol>\n<li><strong>Actualizaci\u00f3n de la tecnolog\u00eda de estampaci\u00f3n en caliente<\/strong>\u00a0Adopta la tecnolog\u00eda de estampaci\u00f3n en caliente por transferencia t\u00e9rmica, el grosor de la l\u00e1mina de oro es de 0,15 mm, la resoluci\u00f3n m\u00ednima del texto es de 0,2 mm, combinado con la tecnolog\u00eda de recubrimiento de pel\u00edcula mate, la resistencia al desgaste es de m\u00e1s de 500 veces. Soporta estampaci\u00f3n en caliente en relieve 3D, la profundidad tridimensional es de 0,5 mm, y la memoria t\u00e1ctil del LOGO de la marca es mayor.<\/li>\n<li><strong>Colores respetuosos con el medio ambiente<\/strong>\u00a0Uso de tinta a base de agua con tecnolog\u00eda de curado UV, el control de la diferencia de color \u0394E\u22641,0 (calibraci\u00f3n espectrofot\u00f3metro), las emisiones de COV son menos de 50 g \/ L, de conformidad con la normativa REACH de la UE. Soporta la impresi\u00f3n de alta definici\u00f3n de diagramas de estructura molecular de los componentes, mejorar la confianza del consumidor por 45%.<\/li>\n<\/ol>\n<h4 id=\"-three-flexible-intelligent-manufacturing-and-production-efficiency-\"><strong>3. Fabricaci\u00f3n inteligente flexible y eficiencia de la producci\u00f3n<\/strong><\/h4>\n<ol>\n<li><strong>Servicio de personalizaci\u00f3n completa<\/strong><\/li>\n<li><strong>Adaptaci\u00f3n del tama\u00f1o<\/strong>: Cubre especificaciones de limpiadores de 50 ml a 200 ml, admite botellas cil\u00edndricas, botellas cuadradas, mangueras y otros envases multiforma;<\/li>\n<li><strong>Desarrollo tipo caja<\/strong>: Proporciona 12 tipos b\u00e1sicos de cajas, como cajas con forma de libro, cajas con cajones, cajas con formas especiales, admite modelado en 3D y pruebas r\u00e1pidas, y entrega muestras f\u00edsicas en 72 horas.<\/li>\n<li><strong>Sistema de gesti\u00f3n de la producci\u00f3n MES<\/strong>\u00a0El taller est\u00e1 equipado con un m\u00f3dulo inteligente de programaci\u00f3n de la producci\u00f3n para lograr la sincronizaci\u00f3n en tiempo real de los datos de pedido-programaci\u00f3n-producci\u00f3n, acortar el tiempo de cambio de molde a 15 minutos y superar las 30 000 piezas al d\u00eda. Gracias a la supervisi\u00f3n de los equipos IoT, la tasa de rendimiento de los procesos clave ha aumentado hasta el 99,6%.<\/li>\n<\/ol>\n<h4 id=\"-fourth-direct-supply-from-the-source-and-cost-advantage-\"><strong>4. Suministro directo desde la fuente y ventaja de costes<\/strong><\/h4>\n<ol>\n<li><strong>Sistema de garant\u00eda de calidad<\/strong>\u00a0Certificaci\u00f3n ISO9001 superada, equipada con probador de ca\u00edda (transporte simulado a 1,2 m de altura) y c\u00e1mara de temperatura y humedad constantes (prueba ambiental 40\u2103\/75%RH), \u00edndice de cualificaci\u00f3n de lotes \u226599,8%.<\/li>\n<\/ol>\n<h4 id=\"-five-application-scenarios-and-competitiveness-\"><strong>5. Escenarios de aplicaci\u00f3n y competitividad<\/strong><\/h4>\n<ul>\n<li><strong>Valor fundamental<\/strong>: A trav\u00e9s de la estructura protectora de la cubierta superior e inferior, el proceso de estampaci\u00f3n en caliente y la producci\u00f3n flexible, ayudan a aumentar la prima de la marca en 25%-40%;<\/li>\n<li><strong>Categor\u00edas aplicables<\/strong>: Crema limpiadora en botella, manguera limpiadora en mousse, gel limpiador tama\u00f1o viaje;<\/li>\n<li><strong>Verificaci\u00f3n del mercado<\/strong>: Ha servido a marcas emergentes como UNNY y AOEO, y la tasa de recompra transfronteriza de comercio electr\u00f3nico supera los 82%.<\/li>\n<\/ul>","protected":false},"excerpt":{"rendered":"<p>1. El tipo de caja con tapa y base adopta las estructuras de tapa superior e inferior, que pueden evitar eficazmente que los art\u00edculos del paquete choquen entre s\u00ed y causen da\u00f1os a la superficie del producto.<br \/>\n2. Hecho de cart\u00f3n r\u00edgido 1200 GSM y papel estucado 157 GSM, la superficie es lisa y f\u00e1cil de colorear.<br \/>\n3. El proceso de estampado en caliente de oro puede mostrar claramente textos peque\u00f1os, adecuado para marcas de gama alta.<br \/>\n4. El cart\u00f3n fija y protege los art\u00edculos de da\u00f1os durante el transporte, y la bandeja interior es ecol\u00f3gica y bonita<\/p>","protected":false},"featured_media":8371,"template":"","meta":[],"product_brand":[],"product_cat":[30,390,425,31],"product_tag":[673,671,672],"class_list":{"0":"post-8370","1":"product","2":"type-product","3":"status-publish","4":"has-post-thumbnail","6":"product_cat-by-industry","7":"product_cat-custom-cosmetics-boxes","8":"product_cat-lid-and-base-gift-box","9":"product_cat-paper-box-style","10":"product_tag-face-cleanser-boxes-wholesale","11":"product_tag-face-cleanser-packaging","12":"product_tag-skin-care-packaging","14":"first","15":"instock","16":"shipping-taxable","17":"product-type-simple"},"_links":{"self":[{"href":"https:\/\/zojopackaging.com\/es\/wp-json\/wp\/v2\/product\/8370","targetHints":{"allow":["GET"]}}],"collection":[{"href":"https:\/\/zojopackaging.com\/es\/wp-json\/wp\/v2\/product"}],"about":[{"href":"https:\/\/zojopackaging.com\/es\/wp-json\/wp\/v2\/types\/product"}],"version-history":[{"count":1,"href":"https:\/\/zojopackaging.com\/es\/wp-json\/wp\/v2\/product\/8370\/revisions"}],"predecessor-version":[{"id":8377,"href":"https:\/\/zojopackaging.com\/es\/wp-json\/wp\/v2\/product\/8370\/revisions\/8377"}],"wp:featuredmedia":[{"embeddable":true,"href":"https:\/\/zojopackaging.com\/es\/wp-json\/wp\/v2\/media\/8371"}],"wp:attachment":[{"href":"https:\/\/zojopackaging.com\/es\/wp-json\/wp\/v2\/media?parent=8370"}],"wp:term":[{"taxonomy":"product_brand","embeddable":true,"href":"https:\/\/zojopackaging.com\/es\/wp-json\/wp\/v2\/product_brand?post=8370"},{"taxonomy":"product_cat","embeddable":true,"href":"https:\/\/zojopackaging.com\/es\/wp-json\/wp\/v2\/product_cat?post=8370"},{"taxonomy":"product_tag","embeddable":true,"href":"https:\/\/zojopackaging.com\/es\/wp-json\/wp\/v2\/product_tag?post=8370"}],"curies":[{"name":"wp","href":"https:\/\/api.w.org\/{rel}","templated":true}]}}