{"id":8394,"date":"2025-03-27T16:04:37","date_gmt":"2025-03-27T08:04:37","guid":{"rendered":"https:\/\/zojopackaging.com\/?post_type=product&#038;p=8394"},"modified":"2025-03-27T16:26:19","modified_gmt":"2025-03-27T08:26:19","slug":"custom-luxury-adult-sex-toys-packaging-boxes-manufacturer","status":"publish","type":"product","link":"https:\/\/zojopackaging.com\/es\/product\/custom-luxury-adult-sex-toys-packaging-boxes-manufacturer\/","title":{"rendered":"Fabricante de cajas de lujo a medida para juguetes sexuales para adultos"},"content":{"rendered":"<h3 id=\"high-end-customized-luxury-adult-sex-toy-packaging-box-product-manual\">Caja de embalaje de lujo para juguetes sexuales para adultos de alta gama personalizada<\/h3>\n<h4 id=\"-i-magnetic-box-system-and-visual-aesthetics-\"><strong>I. Sistema de caja de cierre magn\u00e9tico y est\u00e9tica visual<\/strong><\/h4>\n<ol>\n<li><strong>Tecnolog\u00eda de cierre magn\u00e9tico invisible<\/strong>\u00a0Adoptando el dise\u00f1o incrustado de imanes de neodimio hierro boro, la fuerza de atracci\u00f3n magn\u00e9tica se controla con precisi\u00f3n en el rango de 1,0-1,5N, realizando una estructura cerrada minimalista sin metal expuesto. Tras 5000 pruebas de apertura y cierre, el im\u00e1n no presenta ning\u00fan fen\u00f3meno de desplazamiento o desmagnetizaci\u00f3n, y la vida \u00fatil aumenta en 45% en comparaci\u00f3n con la caja de aspiraci\u00f3n magn\u00e9tica tradicional.<\/li>\n<li><strong>Optimizaci\u00f3n de la amortiguaci\u00f3n deslizante<\/strong>: El carril gu\u00eda est\u00e1 hecho de material de policarbonato, y el coeficiente de resistencia al deslizamiento es \u22640,15N. Puede abrirse suavemente con una sola mano, y la experiencia operativa es comparable a la de un embalaje de lujo.<\/li>\n<li><strong>Lenguaje de dise\u00f1o de lujo totalmente negro<\/strong>\u00a0La superficie se compone de una pel\u00edcula t\u00e1ctil mate (coeficiente de fricci\u00f3n 0,3-0,5), combinada con un proceso de estampaci\u00f3n en caliente con tinta blanca, con una precisi\u00f3n m\u00ednima de 0,2 mm. Seg\u00fan la verificaci\u00f3n de la psicolog\u00eda del color, el envase negro puede aumentar la percepci\u00f3n de gama alta de los productos por parte de los consumidores en 35%.<\/li>\n<\/ol>\n<h4 id=\"-2-environmentally-friendly-materials-and-intelligent-protection-\"><strong>2. Materiales respetuosos con el medio ambiente y protecci\u00f3n inteligente<\/strong><\/h4>\n<ol>\n<li><strong>Sistema de materiales sostenible<\/strong> El cuerpo de la caja adopta una estructura compuesta de papel art\u00edstico estucado C2S de 157 g y cart\u00f3n r\u00edgido de 1200 g con certificaci\u00f3n FSC, con una dureza de Shaw D85 y ha superado la prueba de transporte ISTA 3A. Para la impresi\u00f3n se utiliza tinta UV a base de agua (emisi\u00f3n de COV &lt;50 g\/l), que cumple la doble certificaci\u00f3n REACH y RoHS de la UE.<\/li>\n<li><strong>Sistema inteligente de revestimiento antis\u00edsmico<\/strong>\u00a0Proporcionamos revestimiento de espuma EVA de densidad 45D, bandeja bl\u00edster PS, bandeja moldeada de fibra reciclada y otras soluciones:<\/li>\n<li><strong>Capa de espuma EVA<\/strong>: moldeado seg\u00fan el contorno del producto, \u00edndice de absorci\u00f3n de impactos \u226585%, superficie compuesta de microfibra de franela (coeficiente de fricci\u00f3n \u22640,2);<\/li>\n<li><strong>Bandeja bl\u00edster<\/strong>: admite ventana transparente de PVC de 0,5 mm de espesor, transmitancia de luz \u226592%, puede ver a trav\u00e9s de los detalles del producto.<\/li>\n<\/ol>\n<h4 id=\"-three-flexible-intelligent-manufacturing-and-global-services-\"><strong>3. Fabricaci\u00f3n inteligente flexible y servicios globales<\/strong><\/h4>\n<ol>\n<li><strong>Dimensiones de personalizaci\u00f3n ilimitadas<\/strong><\/li>\n<li><strong>Adaptaci\u00f3n del tama\u00f1o<\/strong>: Cubriendo toda la gama de especificaciones de 10 cm a 50 cm, apoyando el desarrollo de 12 tipos de cajas, como cajas de formas especiales, cajas de cajones y cajas con forma de libro;<\/li>\n<li><strong>Proceso de impresi\u00f3n<\/strong>: Proporcionar 20 soluciones de tratamiento de superficies, como estampaci\u00f3n en caliente en relieve 3D (profundidad tridimensional de 0,5 mm), barnizado UV local y laminaci\u00f3n con pel\u00edcula l\u00e1ser.<\/li>\n<li><strong>Sistema de fabricaci\u00f3n inteligente de Shenzhen<\/strong>\u00a0Aprovechando las ventajas de la agrupaci\u00f3n industrial del delta del r\u00edo Perla, el taller est\u00e1 equipado con un sistema de gesti\u00f3n MES para realizar la visualizaci\u00f3n de todo el proceso de producci\u00f3n:<\/li>\n<li><strong>Garant\u00eda de control de calidad<\/strong>: Certificaci\u00f3n ISO9001 aprobada, equipada con un probador de ca\u00edda de 1,2 m y una c\u00e1mara de temperatura y humedad constantes, con una tasa de cualificaci\u00f3n de lotes de \u226599,8%;<\/li>\n<li><strong>Ventaja de productividad<\/strong>: M\u00e1quina de troquelado totalmente autom\u00e1tica (precisi\u00f3n \u00b10,1 mm) y l\u00ednea de vinculaci\u00f3n de impresi\u00f3n offset de seis colores, con una capacidad de producci\u00f3n diaria de m\u00e1s de 50.000 piezas.<\/li>\n<\/ol>\n<h4 id=\"-fourth-application-scenarios-and-market-verification-\"><strong>4, Escenarios de aplicaci\u00f3n y verificaci\u00f3n del mercado<\/strong><\/h4>\n<ul>\n<li><strong>Valor fundamental<\/strong>: A trav\u00e9s del dise\u00f1o minimalista magn\u00e9tico, sistema est\u00e9tico negro y sistema de producci\u00f3n flexible, ayudar a las marcas de adultos aumentar su prima por 40%-60%;<\/li>\n<li><strong>Categor\u00edas aplicables<\/strong>juguetes er\u00f3ticos inteligentes, mu\u00f1ecas er\u00f3ticas de silicona, cajas de regalo de preservativos de alta gama;<\/li>\n<li><strong>Casos de \u00e9xito<\/strong>: Ha servido al proveedor principal de Durex, Dingfu Plastic, al comercio electr\u00f3nico transfronterizo de productos acabados Chunmeng y a otras marcas, con una tasa de recompra de 89%.<\/li>\n<\/ul>","protected":false},"excerpt":{"rendered":"<p>1. Caja de embalaje de cierre magn\u00e9tico, im\u00e1n incrustado dise\u00f1o para evitar el desgaste externo, simplicidad visual, puede resaltar las caracter\u00edsticas del producto en mayor medida.<br \/>\n2. El cuerpo de la caja est\u00e1 dise\u00f1ado totalmente en negro, lo que combina a la perfecci\u00f3n el s\u00edmbolo del lujo y la modernidad<br \/>\n3. Fabricado con papel art\u00edstico estucado C2S de 157 g+cart\u00f3n r\u00edgido de 1200 g, materiales sostenibles y ecol\u00f3gicos para proteger el medio ambiente de la contaminaci\u00f3n.<br \/>\n4. Personalizar el forro de producto adecuado para usted en funci\u00f3n de su producto y del posicionamiento de su marca en el mercado.<\/p>","protected":false},"featured_media":8395,"template":"","meta":[],"product_brand":[],"product_cat":[30,413,424,31],"product_tag":[682,680,681],"class_list":{"0":"post-8394","1":"product","2":"type-product","3":"status-publish","4":"has-post-thumbnail","6":"product_cat-by-industry","7":"product_cat-consumer-electronics-boxes","8":"product_cat-magnetic-closure-boxes","9":"product_cat-paper-box-style","10":"product_tag-adult-sex-toy-packaging","11":"product_tag-custom-sex-toy-boxes","12":"product_tag-sex-toys-packaging","14":"first","15":"instock","16":"shipping-taxable","17":"product-type-simple"},"_links":{"self":[{"href":"https:\/\/zojopackaging.com\/es\/wp-json\/wp\/v2\/product\/8394","targetHints":{"allow":["GET"]}}],"collection":[{"href":"https:\/\/zojopackaging.com\/es\/wp-json\/wp\/v2\/product"}],"about":[{"href":"https:\/\/zojopackaging.com\/es\/wp-json\/wp\/v2\/types\/product"}],"version-history":[{"count":1,"href":"https:\/\/zojopackaging.com\/es\/wp-json\/wp\/v2\/product\/8394\/revisions"}],"predecessor-version":[{"id":8400,"href":"https:\/\/zojopackaging.com\/es\/wp-json\/wp\/v2\/product\/8394\/revisions\/8400"}],"wp:featuredmedia":[{"embeddable":true,"href":"https:\/\/zojopackaging.com\/es\/wp-json\/wp\/v2\/media\/8395"}],"wp:attachment":[{"href":"https:\/\/zojopackaging.com\/es\/wp-json\/wp\/v2\/media?parent=8394"}],"wp:term":[{"taxonomy":"product_brand","embeddable":true,"href":"https:\/\/zojopackaging.com\/es\/wp-json\/wp\/v2\/product_brand?post=8394"},{"taxonomy":"product_cat","embeddable":true,"href":"https:\/\/zojopackaging.com\/es\/wp-json\/wp\/v2\/product_cat?post=8394"},{"taxonomy":"product_tag","embeddable":true,"href":"https:\/\/zojopackaging.com\/es\/wp-json\/wp\/v2\/product_tag?post=8394"}],"curies":[{"name":"wp","href":"https:\/\/api.w.org\/{rel}","templated":true}]}}