{"id":8401,"date":"2025-03-27T16:26:34","date_gmt":"2025-03-27T08:26:34","guid":{"rendered":"https:\/\/zojopackaging.com\/?post_type=product&#038;p=8401"},"modified":"2025-03-27T17:04:04","modified_gmt":"2025-03-27T09:04:04","slug":"oem-custom-drawer-mini-fragrance-perfume-gift-paper-box","status":"publish","type":"product","link":"https:\/\/zojopackaging.com\/es\/product\/oem-custom-drawer-mini-fragrance-perfume-gift-paper-box\/","title":{"rendered":"OEM Caj\u00f3n Personalizado Mini Perfume Perfume Regalo Caja de Papel"},"content":{"rendered":"<h3 id=\"oem-customized-drawer-style-mini-perfume-gift-box\">OEM Personalizado Caj\u00f3n de Papel Mini Perfume Caja de Regalo<\/h3>\n<h4 id=\"-i-innovative-box-type-and-user-experience-\"><strong>I. Tipo de caja innovadora y experiencia del usuario<\/strong><\/h4>\n<ol>\n<li><strong>Sistema de cajones<\/strong>\u00a0Adopta una estructura de extracci\u00f3n de rieles de precisi\u00f3n, coeficiente de resistencia al deslizamiento \u22640,15N, y puede abrirse y cerrarse suavemente con una sola mano. La hebilla anti-ca\u00edda se fija dentro del cuerpo de la caja, que no tiene ninguna deformaci\u00f3n despu\u00e9s de 5000 pruebas de extracci\u00f3n, y la capacidad de carga es de 2 kg, adecuado para botellas de perfume 1ml-50ml.<\/li>\n<li><strong>Refuerzo de materiales<\/strong>: Cart\u00f3n gris de alta densidad de 1200 GSM y proceso compuesto de papel recubierto de 157 GSM, la dureza alcanza Shaw D80, ha superado la prueba de transporte ISTA 3A y se pueden apilar 5 capas sin deformaci\u00f3n.<\/li>\n<li><strong>Dopamina Color Sistema visual<\/strong>\u00a0Toda la caja est\u00e1 cubierta con el color anual Pantone (como 13-0755 TCX amarillo crema, 16-1546 TPX rosa coral), y el control de la diferencia de color \u0394E\u22640,8. Verificado por la psicolog\u00eda del color, el sistema de color Macron puede aumentar el \u00edndice de placer del usuario en 25%. La superficie est\u00e1 compuesta por una pel\u00edcula t\u00e1ctil mate (coeficiente de fricci\u00f3n 0,3-0,5), que es antihuellas y respetuosa con la piel.<\/li>\n<\/ol>\n<h4 id=\"-second-protection-system-and-brand-recognition-\"><strong>2. Sistema de protecci\u00f3n y reconocimiento de marca<\/strong><\/h4>\n<ol>\n<li><strong>Forro antis\u00edsmico inteligente de EVA<\/strong>\u00a0Utilizando un forro de espuma EVA de densidad 45D, la ranura se personaliza seg\u00fan el contorno del frasco de perfume, y el \u00edndice de absorci\u00f3n de impactos es \u226585%. La superficie est\u00e1 compuesta de franela de microfibra (coeficiente de fricci\u00f3n \u22640,2), y el \u00edndice de da\u00f1os por transporte es inferior a 0,3% tras una prueba de ca\u00edda de 1,2 m.<\/li>\n<li><strong>Sistema de cinta muy reconocible<\/strong>\u00a0Ofrece 6 tipos de materiales de cinta, como sat\u00e9n, hilo de nieve y pel\u00edcula l\u00e1ser, y admite la personalizaci\u00f3n gratuita de 3 mm a 30 mm de ancho. El original dise\u00f1o de \"localizador magn\u00e9tico de cinta\" permite grabar con l\u00e1ser el logotipo de la marca (anchura m\u00ednima de l\u00ednea 0,1 mm). Cuando se tira de ella, la cinta cae de forma natural formando un foco visual, y el reconocimiento de la marca aumenta en 200%.<\/li>\n<\/ol>\n<h4 id=\"-iii-printing-technology-and-flexible-intelligent-manufacturing-\"><strong>3. Tecnolog\u00eda de impresi\u00f3n y fabricaci\u00f3n inteligente flexible<\/strong><\/h4>\n<ol>\n<li><strong>Impresi\u00f3n de alta precisi\u00f3n CMYK<\/strong>\u00a0Utiliza tecnolog\u00eda de impresi\u00f3n offset de seis colores (CMYK+color directo), control de diferencia de color \u0394E\u22641,0, compatible con la impresi\u00f3n de alta definici\u00f3n de diagramas de estructura molecular de ingredientes de perfumes y patrones art\u00edsticos. Utiliza tinta de soja respetuosa con el medio ambiente, que cumple las normas de seguridad alimentaria certificadas por SGS y puede entrar en contacto directo con el producto.<\/li>\n<li><strong>Dimensiones personalizadas ilimitadas<\/strong><\/li>\n<li><strong>Adaptaci\u00f3n del tama\u00f1o<\/strong>: Cubre toda la gama de especificaciones, de 5 ml a 100 ml, y admite el desarrollo de botellas cil\u00edndricas, botellas cuadradas y botellas con formas especiales (como en forma de coraz\u00f3n y de diamante);<\/li>\n<li><strong>Tecnolog\u00eda de superficie<\/strong>: Ofrece 15 opciones de proceso, como el estampado en caliente en relieve 3D (profundidad tridimensional de 0,5 mm), el barnizado UV local y el laminado con pel\u00edcula l\u00e1ser;<\/li>\n<li><strong>Respuesta extrema<\/strong>: El modelado 3D est\u00e1 disponible en 24 horas, las muestras f\u00edsicas se entregan en 72 horas y el ciclo de producci\u00f3n en serie se acorta a 7 d\u00edas laborables.<\/li>\n<\/ol>\n<h4 id=\"-fourth-shenzhen-smart-manufacturing-and-cost-advantages-\"><strong>4. Ventajas en costes y fabricaci\u00f3n inteligente en Shenzhen<\/strong><\/h4>\n<ol>\n<li><strong>Sistema de suministro directo desde la f\u00e1brica de origen<\/strong><\/li>\n<li><strong>Garant\u00eda de capacidad<\/strong>: La capacidad de producci\u00f3n diaria supera las 80.000 piezas, soportando pedidos flexibles de 50-100.000 piezas;<\/li>\n<li><strong>Precio ventajoso<\/strong>: El precio unitario de 10.000 piezas es tan bajo como 1,2 yuanes\/set, ahorrando 40% del coste en comparaci\u00f3n con el modelo tradicional.<\/li>\n<\/ol>\n<h4 id=\"-five-market-competitiveness-and-verification-data-\"><strong>5. Competitividad del mercado y datos de verificaci\u00f3n<\/strong><\/h4>\n<ul>\n<li><strong>Valor fundamental<\/strong>: A trav\u00e9s de la innovaci\u00f3n del tipo de caja extra\u00edble, el dise\u00f1o de color dopamina y la producci\u00f3n flexible, ayuda a las marcas de perfumes a aumentar su prima en 30%-50%;<\/li>\n<li><strong>Categor\u00edas aplicables<\/strong>: Perfume ligero EDP, perfume ligero EDT, perfume s\u00f3lido, perfume roller;<\/li>\n<li><strong>Casos de \u00e9xito<\/strong>: Ha servido a marcas como Jo Malone OEM y Bing Xili, y la tasa de recompra del comercio electr\u00f3nico transfronterizo supera los 85%.<\/li>\n<\/ul>","protected":false},"excerpt":{"rendered":"<p>1. El dise\u00f1o de la caja de papel del caj\u00f3n se abre desliz\u00e1ndose, lo que facilita a los usuarios la apertura y el cierre, reduciendo el tiempo de operaci\u00f3n del usuario.<br \/>\n2. Con cinta accesoria, es f\u00e1cil de dibujar y mejorar el reconocimiento de la marca<br \/>\n3. El forro de EVA puede amortiguar y resistir los golpes durante el transporte, protegiendo el producto de da\u00f1os<\/p>","protected":false},"featured_media":8407,"template":"","meta":[],"product_brand":[],"product_cat":[30,417,31,426],"product_tag":[683,685,684],"class_list":{"0":"post-8401","1":"product","2":"type-product","3":"status-publish","4":"has-post-thumbnail","6":"product_cat-by-industry","7":"product_cat-custom-perfume-boxes-by-industry","8":"product_cat-paper-box-style","9":"product_cat-paper-drawer-boxes","10":"product_tag-mini-fragrance-box","11":"product_tag-oem-perfume-packaging","12":"product_tag-perfume-gift-paper-box","14":"first","15":"instock","16":"shipping-taxable","17":"product-type-simple"},"_links":{"self":[{"href":"https:\/\/zojopackaging.com\/es\/wp-json\/wp\/v2\/product\/8401","targetHints":{"allow":["GET"]}}],"collection":[{"href":"https:\/\/zojopackaging.com\/es\/wp-json\/wp\/v2\/product"}],"about":[{"href":"https:\/\/zojopackaging.com\/es\/wp-json\/wp\/v2\/types\/product"}],"version-history":[{"count":1,"href":"https:\/\/zojopackaging.com\/es\/wp-json\/wp\/v2\/product\/8401\/revisions"}],"predecessor-version":[{"id":8408,"href":"https:\/\/zojopackaging.com\/es\/wp-json\/wp\/v2\/product\/8401\/revisions\/8408"}],"wp:featuredmedia":[{"embeddable":true,"href":"https:\/\/zojopackaging.com\/es\/wp-json\/wp\/v2\/media\/8407"}],"wp:attachment":[{"href":"https:\/\/zojopackaging.com\/es\/wp-json\/wp\/v2\/media?parent=8401"}],"wp:term":[{"taxonomy":"product_brand","embeddable":true,"href":"https:\/\/zojopackaging.com\/es\/wp-json\/wp\/v2\/product_brand?post=8401"},{"taxonomy":"product_cat","embeddable":true,"href":"https:\/\/zojopackaging.com\/es\/wp-json\/wp\/v2\/product_cat?post=8401"},{"taxonomy":"product_tag","embeddable":true,"href":"https:\/\/zojopackaging.com\/es\/wp-json\/wp\/v2\/product_tag?post=8401"}],"curies":[{"name":"wp","href":"https:\/\/api.w.org\/{rel}","templated":true}]}}