{"id":8490,"date":"2025-03-28T17:50:25","date_gmt":"2025-03-28T09:50:25","guid":{"rendered":"https:\/\/zojopackaging.com\/?post_type=product&#038;p=8490"},"modified":"2025-03-28T17:55:33","modified_gmt":"2025-03-28T09:55:33","slug":"luxury-custom-nail-polish-packaging-gift-boxes-wholesale","status":"publish","type":"product","link":"https:\/\/zojopackaging.com\/es\/product\/luxury-custom-nail-polish-packaging-gift-boxes-wholesale\/","title":{"rendered":"Lujo personalizado esmalte de u\u00f1as de embalaje cajas de regalo al por mayor"},"content":{"rendered":"<h3 id=\"-luxury-customized-nail-polish-packaging-gift-box-wholesale-product-description-\"><strong>Lujo personalizado esmalte de u\u00f1as Embalaje Caja de regalo al por mayor<\/strong><\/h3>\n<h4 id=\"-i-magnetic-embedded-packaging-box-design-a-double-breakthrough-of-convenience-and-aesthetics-\"><strong>I. Dise\u00f1o de cajas de embalaje con cierre magn\u00e9tico: Un doble avance en comodidad y est\u00e9tica<\/strong><\/h4>\n<ol>\n<li><strong>Cierre magn\u00e9tico Estructura<\/strong>: Adoptando un sistema magn\u00e9tico oculto de apertura y cierre, el im\u00e1n est\u00e1 completamente incrustado en el cuerpo de la caja y en la placa de la tapa para evitar los problemas de desgaste u oxidaci\u00f3n causados por la exposici\u00f3n de los imanes tradicionales y prolongar la vida \u00fatil. El sonido de \"clic\" cuando se cierra la tapa de la caja aporta una sensaci\u00f3n de ritual, y la suavidad de apertura y cierre se ha mejorado con 300%, y los usuarios pueden manejarla con una sola mano.<\/li>\n<li><strong>Propiedades circulares y respetuosas con el medio ambiente<\/strong>: La estructura magn\u00e9tica admite la apertura y cierre ilimitados sin da\u00f1os. Con el dise\u00f1o de forro reemplazable, la caja de embalaje puede transformarse en joyero, caja de almacenamiento de papeler\u00eda, etc., haciendo realidad el concepto de actualizaci\u00f3n del consumidor de \"el embalaje es el producto\".<\/li>\n<\/ol>\n<h4 id=\"-ii-environmentally-friendly-material-system-sustainable-development-from-raw-materials-to-process-\"><strong>2. Sistema de materiales respetuoso con el medio ambiente: desarrollo sostenible desde las materias primas hasta el proceso<\/strong><\/h4>\n<ol>\n<li><strong>Combinaci\u00f3n de materiales<\/strong>:<\/li>\n<li><strong>Capa exterior<\/strong>: Papel art\u00edstico estucado C2S de 157 g (papel estucado a doble cara), con tacto de seda y alta reproducci\u00f3n del color<\/li>\n<li><strong>Capa interior<\/strong>: Cart\u00f3n r\u00edgido de 1200 g (cart\u00f3n gris de alta resistencia), resistencia a la compresi\u00f3n de 15 kg\/cm\u00b2.<\/li>\n<li><strong>Norma de certificaci\u00f3n<\/strong>: Certificaci\u00f3n forestal FSC, impreso con tinta ecol\u00f3gica a base de agua, conforme a la directiva medioambiental REACH de la UE.<\/li>\n<li><strong>Logotipo de protecci\u00f3n visual del medio ambiente<\/strong>:<\/li>\n<li>El cuerpo de la caja utiliza como color principal el Pantone PANTONE 17-5936 TPG (verde ecol\u00f3gico), que ha sido reconocido como s\u00edmbolo de protecci\u00f3n del medio ambiente por 87% de consumidores de todo el mundo.<\/li>\n<li>La parte inferior de la caja lleva impreso un logotipo degradable y un c\u00f3digo QR de la huella de carbono, que puede escanearse para rastrear los datos de protecci\u00f3n medioambiental de todo el ciclo de vida del envase.<\/li>\n<\/ol>\n<h4 id=\"-iii-eva-anti-seismic-lining-system-a-scientific-solution-for-transportation-safety-\"><strong>3. Sistema de revestimiento antis\u00edsmico EVA: una soluci\u00f3n cient\u00edfica para la seguridad del transporte<\/strong><\/h4>\n<ol>\n<li><strong>Rendimiento del buffering<\/strong>:<\/li>\n<li>Forro personalizado de espuma EVA de alta densidad de 3 mm, \u00edndice de absorci\u00f3n de impactos \u226585%<\/li>\n<li>La estructura de ranura moldeada con precisi\u00f3n puede fijar de 6 a 12 botellas de esmalte de u\u00f1as para evitar colisiones y desplazamientos durante el transporte<\/li>\n<li><strong>Mejora medioambiental<\/strong>:<\/li>\n<li>Material EVA biodegradable opcional a base de almid\u00f3n de ma\u00edz, la tasa de descomposici\u00f3n natural supera los 90% en 180 d\u00edas.<\/li>\n<li>La superficie del forro est\u00e1 recubierta de tela flocada para aumentar la sensaci\u00f3n visual de lujo y la comodidad t\u00e1ctil al desembalar.<\/li>\n<\/ol>\n<h4 id=\"-fourth-full-dimensional-customization-service-seamless-connection-from-concept-to-finished-product-\"><strong>4. Servicio de personalizaci\u00f3n en todas las dimensiones: conexi\u00f3n sin fisuras desde el concepto hasta el producto acabado.<\/strong><\/h4>\n<ol>\n<li><strong>Innovaci\u00f3n estructural<\/strong>:<\/li>\n<li>Admite 27 tipos de personalizaci\u00f3n de cajas, como cajones, cajas con forma de libro y tapas, con una precisi\u00f3n de corte de formas especiales de \u00b10,3 mm.<\/li>\n<li><strong>Personalizaci\u00f3n visual del sistema<\/strong>:<\/li>\n<li>Adopta la m\u00e1quina de impresi\u00f3n offset alemana Heidelberg de 7 colores, diferencia de color \u0394E\u22641,5 (norma internacional \u0394E\u22643).<\/li>\n<li>Admite 12 procesos de superficie, como estampaci\u00f3n en caliente\/UV\/gofrado, y la adherencia de la textura met\u00e1lica en estampaci\u00f3n en caliente alcanza el nivel 5B (norma ASTM D3359).<\/li>\n<\/ol>\n<h3 id=\"-v-china-s-smart-manufacturing-advantages-flexible-production-capacity-of-the-source-factory-\"><strong>5. Ventajas de la fabricaci\u00f3n inteligente en China: capacidad de producci\u00f3n flexible de la f\u00e1brica de origen<\/strong><\/h3>\n<ol>\n<li><strong>Garant\u00eda de capacidad de producci\u00f3n<\/strong>:<\/li>\n<li>12 l\u00edneas de producci\u00f3n totalmente autom\u00e1ticas, con una capacidad de producci\u00f3n diaria de m\u00e1s de 100.000 cajas, que admiten pruebas ultrarr\u00e1pidas en 48 horas.<\/li>\n<li>1000+SKU base de datos de correspondencia inteligente para reducir el coste de desarrollo de nuevos clientes<\/li>\n<li><strong>Sistema de control de calidad<\/strong>:<\/li>\n<li>Aplicaci\u00f3n de las normas de calidad de impresi\u00f3n GB\/T 7705-2023, 36 procedimientos de inspecci\u00f3n de calidad en todo el proceso<\/li>\n<li>Equipado con espectrofot\u00f3metro X-Rite para controlar el color en tiempo real y garantizar la uniformidad de los lotes<\/li>\n<\/ol>\n<p><strong>Valor de la cooperaci\u00f3n<\/strong>\u00a0Como empresa central en el cintur\u00f3n de la industria de envasado de China, utilizamos el pensamiento del \"envasado como medio\" para ayudar a las marcas a conseguir lo siguiente a trav\u00e9s de tres m\u00f3dulos innovadores: apertura y cierre magn\u00e9ticos, materiales respetuosos con el medio ambiente y revestimiento antis\u00edsmico:<\/p>\n<ul>\n<li><strong>Prima de producto<\/strong>: El coste de envasado supone \u226415%, y el precio final puede aumentar entre 40 y 60%.<\/li>\n<li><strong>Retenci\u00f3n de usuarios<\/strong>92% de los consumidores est\u00e1n dispuestos a guardar cajas de envases reutilizables (datos de la encuesta Nielsen 2024)<\/li>\n<li><strong>Valor ESG<\/strong>: Reducir las emisiones de carbono en 3,2 toneladas por cada 100.000 cajas, ayudando a las marcas a alcanzar sus objetivos de neutralidad de carbono.<\/li>\n<\/ul>","protected":false},"excerpt":{"rendered":"<p>1. Caja de embalaje con cierre magn\u00e9tico, dise\u00f1o con im\u00e1n incrustado para evitar el desgaste externo, f\u00e1cil de abrir y cerrar, respetuosa con el medio ambiente y reutilizable.<br \/>\n2. Papel estucado C2S de 157 g + cart\u00f3n r\u00edgido de 1200 g, caja de embalaje de desarrollo sostenible<br \/>\n3. El color verde de protecci\u00f3n del medio ambiente del cuerpo de la caja es universal como un s\u00edmbolo de protecci\u00f3n del medio ambiente, que puede establecer r\u00e1pidamente las marcas y el desarrollo sostenible<br \/>\n4. El forro de EVA puede amortiguar los golpes durante el transporte y proteger el envase del esmalte de u\u00f1as de posibles da\u00f1os<br \/>\n5. El tipo de caja, el material, el color y el tama\u00f1o se pueden personalizar para adaptarse a su caja de regalo de empaquetado de esmalte de u\u00f1as.<\/p>","protected":false},"featured_media":8491,"template":"","meta":[],"product_brand":[],"product_cat":[30,390,424,31],"product_tag":[837,838,839],"class_list":{"0":"post-8490","1":"product","2":"type-product","3":"status-publish","4":"has-post-thumbnail","6":"product_cat-by-industry","7":"product_cat-custom-cosmetics-boxes","8":"product_cat-magnetic-closure-boxes","9":"product_cat-paper-box-style","10":"product_tag-custom-nail-polish-packaging","11":"product_tag-luxury-nail-polish-boxes","12":"product_tag-nail-polish-gift-boxes-wholesale","14":"first","15":"instock","16":"shipping-taxable","17":"product-type-simple"},"_links":{"self":[{"href":"https:\/\/zojopackaging.com\/es\/wp-json\/wp\/v2\/product\/8490","targetHints":{"allow":["GET"]}}],"collection":[{"href":"https:\/\/zojopackaging.com\/es\/wp-json\/wp\/v2\/product"}],"about":[{"href":"https:\/\/zojopackaging.com\/es\/wp-json\/wp\/v2\/types\/product"}],"version-history":[{"count":2,"href":"https:\/\/zojopackaging.com\/es\/wp-json\/wp\/v2\/product\/8490\/revisions"}],"predecessor-version":[{"id":8493,"href":"https:\/\/zojopackaging.com\/es\/wp-json\/wp\/v2\/product\/8490\/revisions\/8493"}],"wp:featuredmedia":[{"embeddable":true,"href":"https:\/\/zojopackaging.com\/es\/wp-json\/wp\/v2\/media\/8491"}],"wp:attachment":[{"href":"https:\/\/zojopackaging.com\/es\/wp-json\/wp\/v2\/media?parent=8490"}],"wp:term":[{"taxonomy":"product_brand","embeddable":true,"href":"https:\/\/zojopackaging.com\/es\/wp-json\/wp\/v2\/product_brand?post=8490"},{"taxonomy":"product_cat","embeddable":true,"href":"https:\/\/zojopackaging.com\/es\/wp-json\/wp\/v2\/product_cat?post=8490"},{"taxonomy":"product_tag","embeddable":true,"href":"https:\/\/zojopackaging.com\/es\/wp-json\/wp\/v2\/product_tag?post=8490"}],"curies":[{"name":"wp","href":"https:\/\/api.w.org\/{rel}","templated":true}]}}