{"id":8494,"date":"2025-03-28T17:55:43","date_gmt":"2025-03-28T09:55:43","guid":{"rendered":"https:\/\/zojopackaging.com\/?post_type=product&#038;p=8494"},"modified":"2025-03-28T21:44:01","modified_gmt":"2025-03-28T13:44:01","slug":"custom-printed-presentation-boxes-wholesale-with-logo","status":"publish","type":"product","link":"https:\/\/zojopackaging.com\/es\/product\/custom-printed-presentation-boxes-wholesale-with-logo\/","title":{"rendered":"Cajas De Presentacion Personalizadas Al Por Mayor Con Logotipo"},"content":{"rendered":"<h3 id=\"custom-printed-display-box-wholesale-with-logo-product-description\">Mayorista de cajas expositoras personalizadas con logotipo<\/h3>\n<h4 id=\"-i-environmentally-friendly-material-system-dual-guarantee-of-sustainability-and-quality-\"><strong>I. Sistema de materiales respetuosos con el medio ambiente: doble garant\u00eda de sostenibilidad y calidad<\/strong><\/h4>\n<ol>\n<li><strong>Combinaci\u00f3n de papel estucado C2S de 157 g + cart\u00f3n gris de alta resistencia de 1200 g<\/strong>:<\/li>\n<li><strong>Capa exterior<\/strong>: Se utiliza papel estucado de doble cara de 157 g (papel estucado art\u00edstico C2S), la superficie tiene un tacto sedoso, la reproducci\u00f3n del color es tan alta como 98%, y admite la impresi\u00f3n de alta definici\u00f3n de logotipos de marca y patrones complejos.<\/li>\n<li><strong>Capa interior<\/strong>: El cart\u00f3n gris de alta resistencia (cart\u00f3n r\u00edgido) de 1200 g proporciona un rendimiento de compresi\u00f3n s\u00faper fuerte (\u226515kg\/cm\u00b2), lo que garantiza que el cuerpo de la caja no se deforme durante el transporte y el apilamiento.<\/li>\n<li><strong>Certificaci\u00f3n medioambiental<\/strong>: El material ha superado la certificaci\u00f3n forestal FSC, y la impresi\u00f3n utiliza tinta ecol\u00f3gica a base de agua, que cumple la directiva REACH de la UE, teniendo en cuenta tanto la imagen de marca como las necesidades de desarrollo sostenible.<\/li>\n<li><strong>Logotipo de protecci\u00f3n visual del medio ambiente<\/strong>: El color principal de la caja puede seleccionarse entre el Pantone Classic Blue. Las investigaciones han demostrado que este color reduce la fatiga visual y crea una atm\u00f3sfera de marca relajada y reparadora. Al mismo tiempo, se complementa con un logotipo degradable y un c\u00f3digo QR de la huella de carbono para reforzar la difusi\u00f3n de conceptos de protecci\u00f3n medioambiental.<\/li>\n<\/ol>\n<h4 id=\"-second-the-design-of-the-top-and-bottom-lid-box-type-the-perfect-combination-of-ritual-sense-and-functionality-\"><strong>2. El dise\u00f1o de la tapa superior e inferior tipo caja: la combinaci\u00f3n perfecta de sentido ritual y funcionalidad<\/strong><\/h4>\n<ol>\n<li><strong>Optimizaci\u00f3n de la estructura del p\u00e1rpado superior e inferior<\/strong>:<\/li>\n<li>Se adopta el tipo de caja con tapa superior e inferior, y las tapas superior e inferior se cierran con una precisi\u00f3n de \u00b10,5 mm. Al abrir y cerrar, la succi\u00f3n magn\u00e9tica ayuda al posicionamiento. Los usuarios pueden operar con una sola mano, y la experiencia de unboxing es m\u00e1s suave por 40%.<\/li>\n<li>El borde del cuerpo de la caja adopta un dise\u00f1o redondeado antiara\u00f1azos, combinado con una ranura para tarjetas con forro de 3 mm de grosor para mejorar el efecto de fijaci\u00f3n y exposici\u00f3n de los productos hechos a mano.<\/li>\n<li><strong>Ampliaci\u00f3n personalizada<\/strong>: Admite 27 tipos de cajas, como las de tipo caj\u00f3n, las de forma de libro y las de corte de forma especial. La precisi\u00f3n de la estructura de forma especial es de \u00b10,3 mm, lo que puede adaptarse a los requisitos de tama\u00f1o y forma de diferentes productos hechos a mano, como joyas, cer\u00e1mica y telas.<\/li>\n<\/ol>\n<h4 id=\"-iii-eva-anti-seismic-lining-system-all-round-protection-solution-\"><strong>3. Sistema de revestimiento antis\u00edsmico EVA: soluci\u00f3n de protecci\u00f3n integral<\/strong><\/h4>\n<ol>\n<li><strong>Revestimiento amortiguador a medida<\/strong>:<\/li>\n<li>Utilizando espuma EVA de alta densidad de 3 mm, la tasa de absorci\u00f3n de impactos es \u226585%, y la ranura de molde precisa puede fijar art\u00edculos fr\u00e1giles para evitar colisiones y desplazamientos durante el transporte.<\/li>\n<li>La superficie del forro puede flocarse o cubrirse con una pel\u00edcula mate, delicada y antideslizante, que protege de ara\u00f1azos la superficie de los productos hechos a mano.<\/li>\n<li><strong>Mejora medioambiental<\/strong>: Proporcionar material EVA biodegradable a base de almid\u00f3n de ma\u00edz, con una tasa de descomposici\u00f3n natural superior a 90% en 180 d\u00edas, lo que se ajusta al posicionamiento de protecci\u00f3n medioambiental de la marca.<\/li>\n<\/ol>\n<h4 id=\"-iv-high-precision-printing-and-craftsmanship-luxurious-presentation-of-brand-vision-\"><strong>4. Impresi\u00f3n y artesan\u00eda de alta precisi\u00f3n: presentaci\u00f3n lujosa de la visi\u00f3n de marca.<\/strong><\/h4>\n<ol>\n<li><strong>Tecnolog\u00eda de impresi\u00f3n con diferencia de color cero<\/strong>:<\/li>\n<li>Utilizando la m\u00e1quina de impresi\u00f3n offset alemana Heidelberg de 7 colores, el control de diferencia de color \u0394E\u22641,5 (est\u00e1ndar internacional \u0394E\u22643) garantiza que el LOGO de la marca y la impresi\u00f3n del patr\u00f3n sean claros y n\u00edtidos.<\/li>\n<li>Admite la impresi\u00f3n de colores directos y efectos de degradado, y la saturaci\u00f3n del color alcanza los 98% de las cartas de colores Pantone.<\/li>\n<li><strong>La tecnolog\u00eda de estampaci\u00f3n en caliente potencia la textura<\/strong>:<\/li>\n<li>La estampaci\u00f3n parcial en caliente utiliza l\u00e1minas de oro de 24 quilates con una adherencia de nivel 5B (norma ASTM D3359), que pueden presentar m\u00faltiples texturas como relieve y escarcha, lo que confiere al envase una sensaci\u00f3n de lujo y valor de colecci\u00f3n.<\/li>\n<li>La resistencia al desgaste de la zona de estampaci\u00f3n en caliente aumenta con 50%, y no se decolora tras un uso prolongado, lo que refuerza la imagen de gama alta de la marca.<\/li>\n<\/ol>\n<h4 id=\"-v-direct-supply-from-china-s-source-factory-flexible-production-and-efficient-response-\"><strong>5. Suministro directo desde la f\u00e1brica de origen de China: producci\u00f3n flexible y respuesta eficiente.<\/strong><\/h4>\n<ol>\n<li><strong>Garant\u00eda del sistema de control de calidad<\/strong>:<\/li>\n<li>Aplicamos las normas de calidad de productos impresos GB\/T 7705-2023, 36 procedimientos de inspecci\u00f3n de calidad en todo el proceso y estamos equipados con un espectrofot\u00f3metro X-Rite para controlar la uniformidad del color en tiempo real.<\/li>\n<li>Apoye la inspecci\u00f3n de terceros y el seguimiento log\u00edstico para garantizar la transparencia y el control desde la producci\u00f3n hasta la entrega.<\/li>\n<\/ol>\n<p><strong>Valor de la cooperaci\u00f3n<\/strong>\u00a0A trav\u00e9s de los cuatro m\u00f3dulos principales de materiales respetuosos con el medio ambiente, estructura de la tapa, revestimiento personalizado y tecnolog\u00eda de estampaci\u00f3n en caliente, la marca puede lograr:<\/p>\n<ul>\n<li><strong>Prima de producto<\/strong>: El coste de envasado supone \u226412%, y el precio de venta final puede aumentar entre 30 y 50%;<\/li>\n<li><strong>Mejora de la experiencia de usuario<\/strong>92% de los usuarios tienen puntos de memoria de marca para el embalaje de alta calidad;<\/li>\n<li><strong>Valor medioambiental<\/strong>: Reducir 2,8 toneladas de emisiones de carbono por cada 100.000 cajas, ayudando a la empresa a alcanzar sus objetivos ESG.<\/li>\n<\/ul>","protected":false},"excerpt":{"rendered":"<p>1. Papel estucado C2S de 157 g + cart\u00f3n r\u00edgido de 1200 g, materiales ecol\u00f3gicos y sostenibles<br \/>\n2. tipo de caja con tapa y base, con estructura de tapa superior e inferior para mejorar la experiencia de desembalaje del cliente<br \/>\n3. Personalizaci\u00f3n ilimitada de tipo de caja, material, color y tama\u00f1o para adaptarse a su caja de regalo hecha a mano.<\/p>","protected":false},"featured_media":8496,"template":"","meta":[],"product_brand":[],"product_cat":[30,423,425,31],"product_tag":[857,859,858],"class_list":{"0":"post-8494","1":"product","2":"type-product","3":"status-publish","4":"has-post-thumbnail","6":"product_cat-by-industry","7":"product_cat-custom-presentation-boxes-by-industry","8":"product_cat-lid-and-base-gift-box","9":"product_cat-paper-box-style","10":"product_tag-custom-presentation-boxes","11":"product_tag-presentation-boxes","12":"product_tag-presentation-boxes-wholesale","14":"first","15":"instock","16":"shipping-taxable","17":"product-type-simple"},"_links":{"self":[{"href":"https:\/\/zojopackaging.com\/es\/wp-json\/wp\/v2\/product\/8494","targetHints":{"allow":["GET"]}}],"collection":[{"href":"https:\/\/zojopackaging.com\/es\/wp-json\/wp\/v2\/product"}],"about":[{"href":"https:\/\/zojopackaging.com\/es\/wp-json\/wp\/v2\/types\/product"}],"version-history":[{"count":1,"href":"https:\/\/zojopackaging.com\/es\/wp-json\/wp\/v2\/product\/8494\/revisions"}],"predecessor-version":[{"id":8508,"href":"https:\/\/zojopackaging.com\/es\/wp-json\/wp\/v2\/product\/8494\/revisions\/8508"}],"wp:featuredmedia":[{"embeddable":true,"href":"https:\/\/zojopackaging.com\/es\/wp-json\/wp\/v2\/media\/8496"}],"wp:attachment":[{"href":"https:\/\/zojopackaging.com\/es\/wp-json\/wp\/v2\/media?parent=8494"}],"wp:term":[{"taxonomy":"product_brand","embeddable":true,"href":"https:\/\/zojopackaging.com\/es\/wp-json\/wp\/v2\/product_brand?post=8494"},{"taxonomy":"product_cat","embeddable":true,"href":"https:\/\/zojopackaging.com\/es\/wp-json\/wp\/v2\/product_cat?post=8494"},{"taxonomy":"product_tag","embeddable":true,"href":"https:\/\/zojopackaging.com\/es\/wp-json\/wp\/v2\/product_tag?post=8494"}],"curies":[{"name":"wp","href":"https:\/\/api.w.org\/{rel}","templated":true}]}}