{"id":8509,"date":"2025-03-28T21:44:24","date_gmt":"2025-03-28T13:44:24","guid":{"rendered":"https:\/\/zojopackaging.com\/?post_type=product&#038;p=8509"},"modified":"2025-03-29T10:02:44","modified_gmt":"2025-03-29T02:02:44","slug":"custom-luxury-medal-gold-coin-gift-packaging-boxes-wholesale","status":"publish","type":"product","link":"https:\/\/zojopackaging.com\/es\/product\/custom-luxury-medal-gold-coin-gift-packaging-boxes-wholesale\/","title":{"rendered":"Medalla de Oro de Lujo Personalizada Cajas de Embalaje para Regalos al por mayor"},"content":{"rendered":"<h3 id=\"-customized-luxury-medal-gold-coin-gift-packaging-box-wholesale-\"><strong>Medalla de lujo personalizada moneda de oro caja de embalaje de regalo al por mayor<\/strong><\/h3>\n<h4 id=\"-1-top-and-bottom-cover-box-type-full-wrapping-structure-ultimate-protection-\"><strong>1. Tipo de caja de tapa y base: estructura de envoltura completa, protecci\u00f3n definitiva.<\/strong><\/h4>\n<p>Adoptando el dise\u00f1o cl\u00e1sico de caja con tapa y base, la tapa superior y la caja base est\u00e1n anidadas con precisi\u00f3n para formar una estructura envolvente completa, que es eficazmente antipolvo y antiextrusi\u00f3n, evitando el riesgo de deformaci\u00f3n o fugas causadas por fuerzas externas durante el transporte o el almacenamiento. El tipo de caja se inspira en el concepto de embalaje de boutique de gama alta, que no s\u00f3lo satisface las necesidades funcionales, sino que tambi\u00e9n confiere al producto una sensaci\u00f3n de dignidad. Por ejemplo, el dise\u00f1o de la tapa superior puede reservar espacio de apertura, y el dise\u00f1o de la tapa inferior utiliza la estructura de refuerzo del borde interior para garantizar la estabilidad de la caja cuando est\u00e1 cerrada. Adem\u00e1s, admite tipos personalizados de boca oblicua, cintura expuesta o cajas con formas especiales (como hexagonal, circular) para satisfacer las necesidades de la exposici\u00f3n art\u00edstica.<\/p>\n<h4 id=\"-second-unlimited-customization-comprehensive-adaptation-of-materials-sizes-and-processes-\"><strong>2. Personalizaci\u00f3n ilimitada: adaptaci\u00f3n integral de materiales, tama\u00f1os y procesos.<\/strong><\/h4>\n<ol>\n<li><strong>Selecci\u00f3n flexible de materiales<\/strong><\/li>\n<li><strong>Material b\u00e1sico<\/strong>: Papel Soft Touch de 120 g (tacto delicado) + Cart\u00f3n de 1200 g (cart\u00f3n de alta densidad), respetuoso con el medio ambiente y con capacidad de carga, en l\u00ednea con la tendencia de los envases sostenibles.<\/li>\n<li><strong>Adaptaci\u00f3n precisa del tama\u00f1o y el color<\/strong>\u00a0Admite la personalizaci\u00f3n milim\u00e9trica del tama\u00f1o, adapt\u00e1ndose a las especificaciones especiales de diversas medallas, monedas de oro u obras de arte. El dise\u00f1o de caja roja de alto contraste puede mejorar significativamente el atractivo de la exposici\u00f3n en estanter\u00edas de venta al por menor, y con el proceso de laminado mate, puede evitar los reflejos que interfieren con el enfoque visual.<\/li>\n<li><strong>Proceso de impresi\u00f3n y tratamiento de la superficie<\/strong><\/li>\n<li><strong>Impresi\u00f3n de alta definici\u00f3n<\/strong>: Utilizando el grabado CNC y la tecnolog\u00eda de impresi\u00f3n offset para asegurar que el patr\u00f3n y el texto son claros y sin efecto fantasma, el apoyo a la estampaci\u00f3n en caliente, gofrado UV, serigraf\u00eda y otros procesos, restaurar con precisi\u00f3n el logotipo de la marca.<\/li>\n<li><strong>Revestimiento de pel\u00edcula mate<\/strong>: La superficie est\u00e1 recubierta de una pel\u00edcula mate, impermeable y resistente al aceite, que prolonga la vida \u00fatil del envase, al tiempo que conserva la delicada textura del papel t\u00e1ctil.<\/li>\n<\/ol>\n<h4 id=\"-iii-eva-customized-lining-shock-resistant-cushioning-and-brand-value-added-\"><strong>3. Forro personalizado de EVA: amortiguaci\u00f3n resistente a los golpes y valor a\u00f1adido de la marca.<\/strong><\/h4>\n<ol>\n<li><strong>Protecci\u00f3n del n\u00facleo<\/strong>: El forro de EVA es est\u00e1ndar en la caja, que se ajusta al contorno de la medalla\/moneda a trav\u00e9s de una abertura de molde precisa para proporcionar una protecci\u00f3n amortiguadora resistente a los golpes y evitar da\u00f1os en el producto causados por los golpes del transporte.<\/li>\n<li><strong>Personalizaci\u00f3n de la marca<\/strong>: Admite la actualizaci\u00f3n a esponja de terciopelo, flocado o forro ecol\u00f3gico degradable. La superficie del forro puede imprimirse con esl\u00f3ganes de marca o motivos narrativos para realzar la sensaci\u00f3n de ceremonia de desembalaje y los puntos de recuerdo del cliente.<\/li>\n<\/ol>\n<h4 id=\"-iv-advantages-of-china-s-source-factory-one-stop-service-guarantee-\"><strong>4. Ventajas de la f\u00e1brica de origen de China: garant\u00eda de servicio integral.<\/strong><\/h4>\n<p>Como f\u00e1brica de cajas de embalaje de origen en China, integramos toda la cadena de dise\u00f1o, pruebas y producci\u00f3n para ofrecer una respuesta eficaz:<\/p>\n<ol>\n<li><strong>Pruebas r\u00e1pidas<\/strong>: El modelado en 3D y las muestras f\u00edsicas son paralelos, y el estricto proceso de calibraci\u00f3n del color evita las diferencias de color para garantizar la coherencia de los bocetos de dise\u00f1o y los productos acabados.<\/li>\n<li><strong>Producci\u00f3n en serie<\/strong>: Apoy\u00e1ndose en l\u00edneas de producci\u00f3n automatizadas y cadenas de suministro flexibles, admite pedidos m\u00ednimos de 500 piezas y entregas expr\u00e9s en 72 horas para satisfacer las necesidades urgentes de los clientes mayoristas.<\/li>\n<li><strong>Compromiso medioambiental<\/strong>: Utilizan papel certificado FSC y tinta al agua, cumplen las normas de exportaci\u00f3n y ayudan a las marcas a practicar la responsabilidad social.<\/li>\n<\/ol>\n<h4 id=\"-v-application-scenarios-and-successful-cases-\"><strong>5. Escenarios de aplicaci\u00f3n y casos de \u00e9xito<\/strong><\/h4>\n<ul>\n<li><strong>Distinciones empresariales<\/strong>: Personalizaci\u00f3n de una caja hexagonal de color negro mate para una conocida empresa tecnol\u00f3gica, con una estructura magn\u00e9tica de apertura y cierre incorporada y un LOGO plateado en caliente, para la entrega anual de medallas a los empleados.<\/li>\n<li><strong>Colecci\u00f3n de arte<\/strong>: Caja redonda de acr\u00edlico personalizada para exposici\u00f3n de monedas, con tapa superior transparente que muestra intuitivamente los detalles de la moneda de oro, y forro inferior de terciopelo impreso con el n\u00famero de la colecci\u00f3n.<\/li>\n<li><strong>Expositor comercial<\/strong>: La caja de regalo roja se combina con un sello de cintura dorado, que ayud\u00f3 a que la serie de monedas de oro de edici\u00f3n limitada de una marca de lujo se agotara el primer d\u00eda de su lanzamiento.<\/li>\n<\/ul>","protected":false},"excerpt":{"rendered":"<p>1. La tapa y la base de la caja est\u00e1n estrechamente anidadas para formar una estructura totalmente envuelta, que es eficaz para evitar el polvo y la extrusi\u00f3n, y proteger el contenido de fugas<br \/>\n2. El tipo de caja, el material, el color, el tama\u00f1o y el proceso de impresi\u00f3n de la superficie se pueden personalizar para adaptarse a su medalla, moneda de oro, regalo y embalaje de obras de arte.<br \/>\n3. Somos la f\u00e1brica de cajas de embalaje de origen en China, dedicada principalmente a diversas cajas de regalo, cajas de color, cajas de tarjetas, latas de papel cil\u00edndricas, bolsos de etiqueta y otros productos de embalaje de papel.<\/p>","protected":false},"featured_media":8511,"template":"","meta":[],"product_brand":[],"product_cat":[30,423,425,31],"product_tag":[871,872,873],"class_list":{"0":"post-8509","1":"product","2":"type-product","3":"status-publish","4":"has-post-thumbnail","6":"product_cat-by-industry","7":"product_cat-custom-presentation-boxes-by-industry","8":"product_cat-lid-and-base-gift-box","9":"product_cat-paper-box-style","10":"product_tag-custom-medal-packaging-boxes","11":"product_tag-gold-coin-boxes-wholesale","12":"product_tag-medal-gold-coin-packaging","14":"first","15":"instock","16":"shipping-taxable","17":"product-type-simple"},"_links":{"self":[{"href":"https:\/\/zojopackaging.com\/es\/wp-json\/wp\/v2\/product\/8509","targetHints":{"allow":["GET"]}}],"collection":[{"href":"https:\/\/zojopackaging.com\/es\/wp-json\/wp\/v2\/product"}],"about":[{"href":"https:\/\/zojopackaging.com\/es\/wp-json\/wp\/v2\/types\/product"}],"version-history":[{"count":2,"href":"https:\/\/zojopackaging.com\/es\/wp-json\/wp\/v2\/product\/8509\/revisions"}],"predecessor-version":[{"id":8523,"href":"https:\/\/zojopackaging.com\/es\/wp-json\/wp\/v2\/product\/8509\/revisions\/8523"}],"wp:featuredmedia":[{"embeddable":true,"href":"https:\/\/zojopackaging.com\/es\/wp-json\/wp\/v2\/media\/8511"}],"wp:attachment":[{"href":"https:\/\/zojopackaging.com\/es\/wp-json\/wp\/v2\/media?parent=8509"}],"wp:term":[{"taxonomy":"product_brand","embeddable":true,"href":"https:\/\/zojopackaging.com\/es\/wp-json\/wp\/v2\/product_brand?post=8509"},{"taxonomy":"product_cat","embeddable":true,"href":"https:\/\/zojopackaging.com\/es\/wp-json\/wp\/v2\/product_cat?post=8509"},{"taxonomy":"product_tag","embeddable":true,"href":"https:\/\/zojopackaging.com\/es\/wp-json\/wp\/v2\/product_tag?post=8509"}],"curies":[{"name":"wp","href":"https:\/\/api.w.org\/{rel}","templated":true}]}}