{"id":8524,"date":"2025-03-29T10:02:57","date_gmt":"2025-03-29T02:02:57","guid":{"rendered":"https:\/\/zojopackaging.com\/?post_type=product&#038;p=8524"},"modified":"2025-03-29T10:25:48","modified_gmt":"2025-03-29T02:25:48","slug":"custom-game-controller-joystick-packaging-paper-box-wholesale","status":"publish","type":"product","link":"https:\/\/zojopackaging.com\/es\/product\/custom-game-controller-joystick-packaging-paper-box-wholesale\/","title":{"rendered":"Caja de Papel para Embalaje de Joystick de Mando de Juego Personalizado al por Mayor"},"content":{"rendered":"<h2 id=\"controller-joystick-packaging-paper-box-wholesale-product-description-\">Juego personalizado joystick Controller embalaje caja de papel al por mayor<\/h2>\n<h3 id=\"-1-350g-high-weight-cardboard-substrate-professional-grade-printing-and-protection-\"><strong>1. Sustrato de cart\u00f3n de alto gramaje de 350 g: impresi\u00f3n y protecci\u00f3n de calidad profesional.<\/strong><\/h3>\n<p>Utilizando cart\u00f3n de alta densidad de 350 g como material b\u00e1sico, la superficie se pule con precisi\u00f3n y la suavidad alcanza el est\u00e1ndar de nivel de impresi\u00f3n para garantizar la presentaci\u00f3n de alta definici\u00f3n de patrones, textos y logotipos de marca. Caracter\u00edsticas del material<\/p>\n<ul>\n<li><strong>Gran capacidad de carga<\/strong>: El grosor y la densidad del cart\u00f3n se adaptan al peso del mando de juego (como media, 0,2-0,55 kg de mango de material ABS), y la resistencia a la compresi\u00f3n es 1,5 veces superior a la norma del sector para evitar deformaciones durante el transporte.<\/li>\n<li><strong>Reproducci\u00f3n del color<\/strong>: Soporte Pantone spot color impresi\u00f3n, control de diferencia de color \u22645%, marca perfecta coincidencia VI sistema, como el dise\u00f1o de gradiente azul y blanco puede reducir la fatiga visual y crear un ambiente relajante.<\/li>\n<li><strong>Certificaci\u00f3n medioambiental<\/strong>: Ha superado la certificaci\u00f3n de gesti\u00f3n forestal FSC, cumple las normas de exportaci\u00f3n europeas y americanas, y ayuda a las marcas a practicar el concepto de desarrollo sostenible.<\/li>\n<\/ul>\n<h3 id=\"-second-full-dimensional-customized-design-exclusive-adaptation-from-box-type-to-lining-\"><strong>2. Dise\u00f1o personalizado en todas las dimensiones: adaptaci\u00f3n exclusiva desde el tipo de caja hasta el forro.<\/strong><\/h3>\n<ol>\n<li><strong>Innovaci\u00f3n en el tipo y la estructura de las cajas<\/strong><\/li>\n<li><strong>Personalizaci\u00f3n ilimitada del tipo de caja<\/strong>: Admite tipos b\u00e1sicos de cajas, como tapas superiores e inferiores, flip-top, cajas de cajones, etc., y tambi\u00e9n puede desarrollar estructuras con formas especiales (como hex\u00e1gonos adaptados a los estilos retro arcade), y el dise\u00f1o de gancho optimiza la utilizaci\u00f3n del espacio de exposici\u00f3n vertical.<\/li>\n<li><strong>Integraci\u00f3n de funciones<\/strong>: Puede incrustar apertura y cierre magn\u00e9ticos, ventanas transparentes (como cubiertas superiores acr\u00edlicas para mostrar intuitivamente los detalles del joystick) o reservar aberturas de interfaz USB-C para adaptarse a las necesidades de carga del mando inal\u00e1mbrico.<\/li>\n<li><strong>Mejora del proceso de superficie<\/strong><\/li>\n<li><strong>Revestimiento de pel\u00edcula brillante<\/strong>: La superficie est\u00e1 cubierta con una pel\u00edcula de alto brillo para mejorar la saturaci\u00f3n del color y la resistencia a los ara\u00f1azos, y el proceso mate resalta el sentido tecnol\u00f3gico de los productos e-sports.<\/li>\n<li><strong>Efectos especiales<\/strong>: Admite el gofrado UV local (como la simulaci\u00f3n de la textura de botones), el estampado en caliente de plata\/oro (como el LOGO tridimensional de la marca) y mejora el valor a\u00f1adido del envase.<\/li>\n<li><strong>Adaptaci\u00f3n precisa del revestimiento<\/strong><\/li>\n<li><strong>Revestimiento antivibraciones<\/strong>: El forro moldeado de EVA es est\u00e1ndar, que se ajusta al contorno del joystick (como la protuberancia del joystick y la depresi\u00f3n del gatillo), y el rendimiento de amortiguaci\u00f3n alcanza el est\u00e1ndar ASTM D4169.<\/li>\n<li><strong>Actualizaci\u00f3n de la marca<\/strong>: Forro flocado opcional (posicionamiento de gama alta) o forro de papel de nido de abeja degradable (posicionamiento medioambiental), la superficie del forro puede serigrafiarse con motivos de IP de personajes de juegos.<\/li>\n<\/ol>\n<h3 id=\"-three-blue-and-white-visual-system-deep-empowerment-from-psychology-to-marketing-\"><strong>3. Sistema visual azul y blanco: potenciaci\u00f3n profunda de la psicolog\u00eda al marketing<\/strong><\/h3>\n<ol>\n<li><strong>Aplicaci\u00f3n de la ciencia del color<\/strong><\/li>\n<li><strong>Tono principal azul y blanco<\/strong>: Gracias a la combinaci\u00f3n de azul de baja saturaci\u00f3n (Pantone 14-4123) y blanco marfil, se reduce la fatiga visual causada por el juego prolongado, lo que concuerda con el concepto de deportes electr\u00f3nicos saludables.<\/li>\n<li><strong>Gradiente din\u00e1mico<\/strong>: La tecnolog\u00eda de impresi\u00f3n UV se utiliza para conseguir un efecto de sombreado azul y blanco, simulando el tema del \"cielo estrellado\" o la \"aurora\" para realzar la narrativa del envase.<\/li>\n<li><strong>Optimizaci\u00f3n de la exposici\u00f3n minorista<\/strong><\/li>\n<li><strong>Adaptabilidad del gancho<\/strong>: Los ganchos de pl\u00e1stico PP est\u00e1n incrustados en la parte superior de la caja, que es compatible con escenas verticales, tales como estantes de supermercados y vitrinas de e-sports, y aumenta la tasa de alcance del flujo de clientes por 30% en comparaci\u00f3n con la pantalla plana tradicional.<\/li>\n<li><strong>Combinaci\u00f3n multi-SKU<\/strong>: Admite el dise\u00f1o de envases en serie (como la caja b\u00e1sica azul y blanca), formando un efecto de matriz de estanter\u00eda.<\/li>\n<\/ol>\n<h3 id=\"-fourth-china-s-source-factory-advantages-extreme-cost-performance-and-rapid-response-\"><strong>4. Ventajas de la f\u00e1brica de origen de China: rendimiento de costes extremo y respuesta r\u00e1pida.<\/strong><\/h3>\n<p>Como f\u00e1brica de origen del cintur\u00f3n central de la industria del envasado en el delta del r\u00edo Perla de China, integramos las ventajas de la cadena industrial:<\/p>\n<ol>\n<li><strong>Control de costes<\/strong>: Gracias al aprovisionamiento a gran escala (el consumo anual de cart\u00f3n supera las 5.000 toneladas) y a las l\u00edneas de producci\u00f3n automatizadas, el precio de la misma calidad es 15%-20% inferior al del mercado.<\/li>\n<li><strong>Entrega \u00e1gil<\/strong><\/li>\n<li><strong>Ciclo de pruebas<\/strong>: Proporcione renderizados en 3D + cajas de muestras f\u00edsicas en un plazo de 3 d\u00edas laborables, y apoye la inspecci\u00f3n remota por v\u00eddeo.<\/li>\n<li><strong>Producci\u00f3n en serie<\/strong>: 1.000 piezas de pedidos, 72 horas de entrega extremadamente r\u00e1pida, apoyar el modo de \"producci\u00f3n de pedidos + consignaci\u00f3n\", y reducir la presi\u00f3n de inventario del cliente.<\/li>\n<li><strong>Sistema de control de calidad<\/strong><\/li>\n<li>Pruebas de control de calidad de todo el proceso (incluido color\u00edmetro, comprobador de ca\u00eddas, etc.), tasa de rendimiento \u2265 99,2%.<\/li>\n<li>Proporcionar soluciones log\u00edsticas transfronterizas (como la entrega en cabecera de Amazon FBA), cubriendo mercados principales como Europa, Am\u00e9rica y el Sudeste Asi\u00e1tico.<\/li>\n<\/ol>\n<p><strong>Casos de \u00e9xito y adaptaci\u00f3n de escenarios<\/strong><\/p>\n<ul>\n<li><strong>Marca de perif\u00e9ricos para deportes electr\u00f3nicos<\/strong>: Caja de pel\u00edcula brillante hexagonal personalizado para un fabricante de mango dom\u00e9stico, forrado con flocado + equipo de estampaci\u00f3n en caliente LOGO, ayudando a la prima del producto por 30%.<\/li>\n<li><strong>Consola de juegos retro<\/strong>: Adaptado a los kits de arcade impresos en 3D, utilizando el tipo de caja de ventana transparente para mostrar la estructura interna, con forro extra\u00edble para realizar el almacenamiento de m\u00faltiples accesorios.<\/li>\n<li><strong>Venta transfronteriza en caliente<\/strong>: Caja de gancho azul y blanca con forro acolchado de EVA, convirti\u00e9ndose en el TOP3 de productos individuales en la categor\u00eda de Amazon \"caja de almacenamiento con asas\", con una tasa de recompra de m\u00e1s de 40%.<\/li>\n<\/ul>","protected":false},"excerpt":{"rendered":"<p>1. Cart\u00f3n de 350 g, superficie lisa, adecuado para impresi\u00f3n de alta calidad, colores brillantes, detalles claros.<br \/>\n2. Personalizaci\u00f3n ilimitada del tipo de caja, material, color, tama\u00f1o, proceso de impresi\u00f3n de la superficie para adaptarse a su embalaje joystick controlador de juego.<br \/>\n3. Somos la f\u00e1brica de la caja de embalaje de la fuente en China y podemos proporcionar el precio bajo y la mejor calidad<\/p>","protected":false},"featured_media":8527,"template":"","meta":[],"product_brand":[],"product_cat":[30,413,430,31],"product_tag":[876,874,875],"class_list":{"0":"post-8524","1":"product","2":"type-product","3":"status-publish","4":"has-post-thumbnail","6":"product_cat-by-industry","7":"product_cat-consumer-electronics-boxes","8":"product_cat-folding-cartons","9":"product_cat-paper-box-style","10":"product_tag-custom-game-controller-box","11":"product_tag-custom-game-controller-packaging","12":"product_tag-joystick-packaging-wholesale","14":"first","15":"instock","16":"shipping-taxable","17":"product-type-simple"},"_links":{"self":[{"href":"https:\/\/zojopackaging.com\/es\/wp-json\/wp\/v2\/product\/8524","targetHints":{"allow":["GET"]}}],"collection":[{"href":"https:\/\/zojopackaging.com\/es\/wp-json\/wp\/v2\/product"}],"about":[{"href":"https:\/\/zojopackaging.com\/es\/wp-json\/wp\/v2\/types\/product"}],"version-history":[{"count":1,"href":"https:\/\/zojopackaging.com\/es\/wp-json\/wp\/v2\/product\/8524\/revisions"}],"predecessor-version":[{"id":8531,"href":"https:\/\/zojopackaging.com\/es\/wp-json\/wp\/v2\/product\/8524\/revisions\/8531"}],"wp:featuredmedia":[{"embeddable":true,"href":"https:\/\/zojopackaging.com\/es\/wp-json\/wp\/v2\/media\/8527"}],"wp:attachment":[{"href":"https:\/\/zojopackaging.com\/es\/wp-json\/wp\/v2\/media?parent=8524"}],"wp:term":[{"taxonomy":"product_brand","embeddable":true,"href":"https:\/\/zojopackaging.com\/es\/wp-json\/wp\/v2\/product_brand?post=8524"},{"taxonomy":"product_cat","embeddable":true,"href":"https:\/\/zojopackaging.com\/es\/wp-json\/wp\/v2\/product_cat?post=8524"},{"taxonomy":"product_tag","embeddable":true,"href":"https:\/\/zojopackaging.com\/es\/wp-json\/wp\/v2\/product_tag?post=8524"}],"curies":[{"name":"wp","href":"https:\/\/api.w.org\/{rel}","templated":true}]}}