{"id":8532,"date":"2025-03-29T10:26:01","date_gmt":"2025-03-29T02:26:01","guid":{"rendered":"https:\/\/zojopackaging.com\/?post_type=product&#038;p=8532"},"modified":"2025-03-29T10:51:54","modified_gmt":"2025-03-29T02:51:54","slug":"custom-printed-hair-extension-packaging-boxes-wholesale","status":"publish","type":"product","link":"https:\/\/zojopackaging.com\/es\/product\/custom-printed-hair-extension-packaging-boxes-wholesale\/","title":{"rendered":"Cajas de embalaje para extensiones de cabello con impresi\u00f3n personalizada al por mayor"},"content":{"rendered":"<h2 id=\"product-description-of-printed-hair-extension-packaging-box-wholesale-\">Caja de embalaje para extensiones de cabello con impresi\u00f3n personalizada al por mayor<\/h2>\n<h3 id=\"-1-350g-high-weight-white-card-substrate-double-guarantee-of-printing-accuracy-and-protection-\"><strong>1. Sustrato de cartulina blanca de 350 g de alto gramaje: doble garant\u00eda de precisi\u00f3n de impresi\u00f3n y protecci\u00f3n.<\/strong><\/h3>\n<p>Utilizando cart\u00f3n blanco de 350 g como material de n\u00facleo, la superficie se pule con precisi\u00f3n y la suavidad alcanza el est\u00e1ndar de nivel de impresi\u00f3n (\u226590% de brillo), que puede presentar perfectamente gr\u00e1ficos de alta definici\u00f3n y colores degradados. Entre sus caracter\u00edsticas se incluyen:<\/p>\n<ul>\n<li><strong>Gran capacidad de carga<\/strong>: Adecuado para el peso de los productos de peluca (peso de la extensi\u00f3n de cabello convencional 0,1-0,5kg), la resistencia a la compresi\u00f3n alcanza 1,2 veces el est\u00e1ndar de la industria, asegurando que el cuerpo de la caja no se deforme durante el transporte.<\/li>\n<li><strong>Certificaci\u00f3n medioambiental<\/strong>: Ha superado la certificaci\u00f3n de gesti\u00f3n forestal FSC, cumple las normas de exportaci\u00f3n europeas y americanas y responde a las necesidades de desarrollo sostenible de la marca.<\/li>\n<li><strong>Reproducci\u00f3n del color<\/strong>: Admite la impresi\u00f3n de colores planos Pantone, control de diferencia de color \u22643%, coincide con precisi\u00f3n con la serie verde macaron (como Pantone 13-0110 Green Ash), reduce la fatiga visual y crea una atm\u00f3sfera de curaci\u00f3n natural.<\/li>\n<\/ul>\n<h3 id=\"-second-window-design-macaron-color-system-a-deep-combination-of-aesthetics-and-function-\"><strong>2. Dise\u00f1o de ventanas + sistema de color macaron: una profunda combinaci\u00f3n de est\u00e9tica y funci\u00f3n<\/strong><\/h3>\n<ol>\n<li><strong>La ventana transparente optimiza la experiencia del consumidor<\/strong><\/li>\n<li><strong>Material para ventanas<\/strong>: Pel\u00edcula transparente de PVC personalizable o toldo acr\u00edlico, espesor opcional de 0,5-1,2 mm, transmitancia de luz \u226590%, mostrando intuitivamente el color y la textura de los productos de extensi\u00f3n de cabello.<\/li>\n<li><strong>Forma de la ventana<\/strong>: Admite dise\u00f1os circulares, en forma de coraz\u00f3n y huecos con formas especiales, y el borde de la ventana adopta la tecnolog\u00eda de estampado en caliente\/bordeado UV para mejorar la resistencia al desgarro y la sofisticaci\u00f3n visual.<\/li>\n<li><strong>La psicolog\u00eda del color da poder a las marcas<\/strong><\/li>\n<li><strong>Tono principal verde macaron<\/strong>: Mediante la combinaci\u00f3n de verde de baja saturaci\u00f3n y blanco marfil degradado, simula la imagen visual de \"bar de ox\u00edgeno del bosque\" y se ajusta al concepto de cuidado saludable del cabello.<\/li>\n<li><strong>Proceso de impresi\u00f3n din\u00e1mico<\/strong>: Mediante impresi\u00f3n offset + tecnolog\u00eda UV local para conseguir un relieve de textura de hoja verde o un efecto de contraste mate, mejorar la narrativa del envase y el atractivo de los estantes.<\/li>\n<\/ol>\n<h3 id=\"-three-full-dimensional-customized-services-exclusive-adaptation-from-box-type-to-lining-\"><strong>3. Servicios personalizados en todas las dimensiones: adaptaci\u00f3n exclusiva desde el tipo de caja hasta el forro.<\/strong><\/h3>\n<ol>\n<li><strong>Tipo de caja e innovaci\u00f3n estructural<\/strong><\/li>\n<li><strong>Tipo de caja b\u00e1sica<\/strong>Cubierta superior e inferior (a prueba de polvo y apretones), caja de cajones (c\u00f3modo acceso), caja abatible en forma de libro (fuerte sentido de la ceremonia), dise\u00f1o de gancho de soporte para adaptarse a la exposici\u00f3n vertical en supermercados.<\/li>\n<li><strong>Desarrollo de formas especiales<\/strong>hex\u00e1gono (estilo retro), trapecio redondeado (agarre ergon\u00f3mico), tapa abatible magn\u00e9tica (experiencia de apertura y cierre de alta gama), tama\u00f1o milim\u00e9trico que se ajusta con precisi\u00f3n a las especificaciones de los productos de alargamiento del cabello.<\/li>\n<li><strong>Matriz del proceso de superficie<\/strong><\/li>\n<li><strong>Capa protectora<\/strong>: revestimiento de pel\u00edcula brillante (antiara\u00f1azos), tacto de pel\u00edcula mate (antihuellas), revestimiento nanoimpermeable opcional para prolongar la vida \u00fatil del embalaje.<\/li>\n<li><strong>Proceso de valor a\u00f1adido<\/strong>LOGOTIPO estampado en caliente, patr\u00f3n de marca en relieve, eslogan fluorescente serigrafiado, soporte de implantaci\u00f3n de c\u00f3digo QR\/chip NFC para lograr la trazabilidad antifalsificaci\u00f3n.<\/li>\n<\/ol>\n<h3 id=\"-fourth-branded-lining-system-an-advanced-solution-from-protection-to-value-added-\"><strong>4. Sistema de forro de marca: una soluci\u00f3n avanzada que va de la protecci\u00f3n al valor a\u00f1adido<\/strong><\/h3>\n<ol>\n<li><strong>Configuraci\u00f3n de la protecci\u00f3n del n\u00facleo<\/strong><\/li>\n<li><strong>Revestimiento antis\u00edsmico<\/strong>: El molde de precisi\u00f3n de EVA se ajusta al contorno de la extensi\u00f3n de cabello, y el rendimiento de amortiguaci\u00f3n cumple con la norma ASTM D4169, que es adecuada para las necesidades de transporte transfronterizo.<\/li>\n<li><strong>Tratamiento antiest\u00e1tico<\/strong>: La resistencia superficial del forro de flocado es \u226410^6\u03a9, lo que impide la adsorci\u00f3n est\u00e1tica de las fibras de peluca debido a la fricci\u00f3n.<\/li>\n<li><strong>Ampliaci\u00f3n del valor de la marca<\/strong><\/li>\n<li><strong>Posicionamiento medioambiental<\/strong>: Revestimiento de papel de nido de abeja degradable + impresi\u00f3n con tinta de soja, conforme a la certificaci\u00f3n medioambiental REACH de la UE.<\/li>\n<li><strong>Posicionamiento de gama alta<\/strong>: Forro de algod\u00f3n aterciopelado + ilustraci\u00f3n de la historia de la marca en plata caliente, realzan el sentido de la ceremonia de unboxing y el punto de memoria del cliente.<\/li>\n<\/ol>\n<h3 id=\"-five-china-s-source-factory-advantages-extreme-cost-effectiveness-and-agile-delivery-\"><strong>5. Ventajas de las f\u00e1bricas de origen chinas: extrema rentabilidad y agilidad de entrega<\/strong><\/h3>\n<p>Como f\u00e1brica de origen del cintur\u00f3n central de la industria del envasado en el delta del r\u00edo Perla, integramos los recursos de toda la cadena:<\/p>\n<ol>\n<li><strong>Ventaja de costes<\/strong>: Al contar con una l\u00ednea de producci\u00f3n automatizada con una capacidad de producci\u00f3n anual de m\u00e1s de 5.000 toneladas, el precio de la misma calidad es 15%-20% inferior al precio medio del mercado.<\/li>\n<li><strong>Respuesta \u00e1gil<\/strong><\/li>\n<li><strong>Ciclo de pruebas<\/strong>: Los renderizados en 3D y las cajas de muestras f\u00edsicas se entregan en 48 horas, y se admite la inspecci\u00f3n remota mediante RA.<\/li>\n<li><strong>Producci\u00f3n en serie<\/strong>: Se admite un pedido m\u00ednimo de 1.000 piezas, 72 horas de entrega extremadamente r\u00e1pida y env\u00edo log\u00edstico transfronterizo FOB\/DDP.<\/li>\n<li><strong>Sistema de control de calidad<\/strong><\/li>\n<li>Pruebas de control de calidad de todo el proceso (color\u00edmetro, probador de gotas), tasa de rendimiento \u2265 99,5%.<\/li>\n<li>Proporcionar documentos de certificaci\u00f3n ISO9001 e informes de materiales de SGS para ayudar a las marcas a salir al extranjero cumpliendo la normativa.<\/li>\n<\/ol>\n<p><strong>Casos de \u00e9xito y adaptaci\u00f3n del escenario<\/strong><\/p>\n<ul>\n<li><strong>Golpe al comercio electr\u00f3nico transfronterizo<\/strong>: Caja de gancho de ventana verde macarr\u00f3n personalizada para una marca de pelucas norteamericana, con forro de EVA a prueba de golpes, la tasa de recompra de la misma categor\u00eda de Amazon aument\u00f3 en 35%.<\/li>\n<li><strong>Exclusivo para salones de alta gama<\/strong>: Caja de succi\u00f3n magn\u00e9tica hexagonal + forro de flocado + LOGO estampado en caliente, ayudando a las marcas nacionales de extensiones de cabello a alcanzar una prima terminal de 40%.<\/li>\n<li><strong>Concepto de producto respetuoso con el medio ambiente<\/strong>: forro de papel de nido de abeja biodegradable + impresi\u00f3n con tinta de soja, aprobado para la compra a granel por marcas europeas con certificaci\u00f3n B Corp.<\/li>\n<\/ul>","protected":false},"excerpt":{"rendered":"<p>1. Cart\u00f3n blanco de 350 g, superficie lisa apta para impresi\u00f3n de alta calidad.<br \/>\n2. El dise\u00f1o de la ventana permite a los consumidores observar directamente los productos internos,<br \/>\n3. El color verde macarr\u00f3n reduce la fatiga visual y crea un ambiente relajante y curativo<br \/>\n4. El tipo de caja, el material, el color, el tama\u00f1o y el proceso de impresi\u00f3n de la superficie se pueden personalizar infinitamente para adaptarse a su embalaje de peluca de extensi\u00f3n de cabello.<\/p>","protected":false},"featured_media":8533,"template":"","meta":[],"product_brand":[],"product_cat":[30,421,430,31],"product_tag":[877,879,878],"class_list":{"0":"post-8532","1":"product","2":"type-product","3":"status-publish","4":"has-post-thumbnail","6":"product_cat-by-industry","7":"product_cat-custom-hair-extension-boxes","8":"product_cat-folding-cartons","9":"product_cat-paper-box-style","10":"product_tag-custom-hair-extension-packaging","11":"product_tag-hair-extension-boxes-wholesale","12":"product_tag-hair-extension-packaging","14":"first","15":"instock","16":"shipping-taxable","17":"product-type-simple"},"_links":{"self":[{"href":"https:\/\/zojopackaging.com\/es\/wp-json\/wp\/v2\/product\/8532","targetHints":{"allow":["GET"]}}],"collection":[{"href":"https:\/\/zojopackaging.com\/es\/wp-json\/wp\/v2\/product"}],"about":[{"href":"https:\/\/zojopackaging.com\/es\/wp-json\/wp\/v2\/types\/product"}],"version-history":[{"count":1,"href":"https:\/\/zojopackaging.com\/es\/wp-json\/wp\/v2\/product\/8532\/revisions"}],"predecessor-version":[{"id":8539,"href":"https:\/\/zojopackaging.com\/es\/wp-json\/wp\/v2\/product\/8532\/revisions\/8539"}],"wp:featuredmedia":[{"embeddable":true,"href":"https:\/\/zojopackaging.com\/es\/wp-json\/wp\/v2\/media\/8533"}],"wp:attachment":[{"href":"https:\/\/zojopackaging.com\/es\/wp-json\/wp\/v2\/media?parent=8532"}],"wp:term":[{"taxonomy":"product_brand","embeddable":true,"href":"https:\/\/zojopackaging.com\/es\/wp-json\/wp\/v2\/product_brand?post=8532"},{"taxonomy":"product_cat","embeddable":true,"href":"https:\/\/zojopackaging.com\/es\/wp-json\/wp\/v2\/product_cat?post=8532"},{"taxonomy":"product_tag","embeddable":true,"href":"https:\/\/zojopackaging.com\/es\/wp-json\/wp\/v2\/product_tag?post=8532"}],"curies":[{"name":"wp","href":"https:\/\/api.w.org\/{rel}","templated":true}]}}