{"id":8548,"date":"2025-03-29T11:18:27","date_gmt":"2025-03-29T03:18:27","guid":{"rendered":"https:\/\/zojopackaging.com\/?post_type=product&#038;p=8548"},"modified":"2025-03-29T11:36:38","modified_gmt":"2025-03-29T03:36:38","slug":"custom-vitamin-nutritional-dietary-supplement-packaging-box","status":"publish","type":"product","link":"https:\/\/zojopackaging.com\/es\/product\/custom-vitamin-nutritional-dietary-supplement-packaging-box\/","title":{"rendered":"Caja de embalaje personalizada para suplementos diet\u00e9ticos vitam\u00ednicos y nutricionales"},"content":{"rendered":"<h2 id=\"product-description-of-vitamin-nutrition-dietary-supplement-packaging-box-\">Caja de embalaje personalizada para suplementos vitam\u00ednicos y diet\u00e9ticos<\/h2>\n<h3 id=\"-1-fsc-certified-environmentally-friendly-material-system-industrial-grade-protection-and-green-commitment-\"><strong>1. Sistema de materiales respetuosos con el medio ambiente con certificaci\u00f3n FSC: protecci\u00f3n de calidad industrial y compromiso ecol\u00f3gico.<\/strong><\/h3>\n<p>Adopte\u00a0<strong>Papel estucado C2S de 157 g + cart\u00f3n duro de 1200 g<\/strong>\u00a0para lograr un doble avance en protecci\u00f3n medioambiental y funcionalidad:<\/p>\n<ul>\n<li><strong>Caracter\u00edsticas de los materiales<\/strong>: La suavidad de la superficie del papel estucado C2S alcanza el est\u00e1ndar de grado de impresi\u00f3n (\u226590% brillo), restaura con precisi\u00f3n los colores de alta saturaci\u00f3n; la resistencia a la compresi\u00f3n del cart\u00f3n duro de 1200g alcanza 1,8 veces el est\u00e1ndar de la industria, y puede soportar la presi\u00f3n de apilamiento de transporte (&gt;50kg\/m\u00b2), adecuado para vitaminas embotelladas, embolsadas y otras formas de producto.<\/li>\n<li><strong>Certificaci\u00f3n medioambiental<\/strong>: Superada la certificaci\u00f3n de gesti\u00f3n forestal FSC, la tasa de reciclabilidad del material es superior a 95%, lo que cumple los requisitos normativos de los mercados europeo y estadounidense en materia de envases sostenibles.<\/li>\n<\/ul>\n<h3 id=\"-second-the-box-design-of-the-top-and-bottom-cover-full-protection-and-ritual-experience-\"><strong>2. El dise\u00f1o de la caja de la cubierta superior e inferior: protecci\u00f3n completa y experiencia ritual.<\/strong><\/h3>\n<ol>\n<li><strong>Estructura de protecci\u00f3n de doble capa<\/strong><\/li>\n<li><strong>Proceso de anidado de precisi\u00f3n<\/strong>: La cubierta superior y la caja inferior se controlan mediante tolerancia milim\u00e9trica, y se forma una estructura de envoltura completa despu\u00e9s del cierre, lo que mejora la resistencia al polvo y la humedad en 40%, y es adecuado para el transporte transfronterizo y las necesidades de almacenamiento.<\/li>\n<li><strong>Optimizaci\u00f3n ergon\u00f3mica<\/strong>: Admite tapa abatible magn\u00e9tica (posicionamiento de alta gama) o gu\u00edas de deslizamiento tipo caj\u00f3n (acceso c\u00f3modo), con una vida \u00fatil de apertura y cierre de m\u00e1s de 5.000 veces, cumpliendo los escenarios de uso de alta frecuencia.<\/li>\n<li><strong>Integraci\u00f3n visual y funcional<\/strong><\/li>\n<li><strong>El tipo de caja de la tapa superior e inferior<\/strong>\u00a0puede incrustarse con una ventana acr\u00edlica transparente (transmitancia de luz \u2265 90%), que puede mostrar intuitivamente la etiqueta de la botella o el color de la c\u00e1psula y aumentar la confianza del consumidor.<\/li>\n<\/ol>\n<h3 id=\"-three-emboss-hot-stamping-silver-process-luxurious-texture-and-brand-recognition-\"><strong>3. Relieve + proceso de estampaci\u00f3n en caliente en plata: textura lujosa y reconocimiento de marca.<\/strong><\/h3>\n<ol>\n<li><strong>Proceso de relieve tridimensional (Emboss)<\/strong><\/li>\n<li>A trav\u00e9s de la tecnolog\u00eda de grabado CNC para lograr efectos de relieve en 3D, tales como LOGO de la marca, la estructura molecular de la vitamina, etc, con un toque delicado y 60% aumento de la resistencia al desgaste, en consonancia con el posicionamiento de los productos de salud de gama alta.<\/li>\n<li><strong>Potenciaci\u00f3n del proceso de plata estampada en caliente<\/strong><\/li>\n<li>El uso de la tecnolog\u00eda de estampaci\u00f3n en caliente de l\u00e1mina de plata espejo, control de diferencia de color \u22643%, Pantone color especial que coincida con la marca VI sistema, como el gradiente de plata-gris puede mejorar el \"sentido de la tecnolog\u00eda\", oro estampaci\u00f3n en caliente es adecuado para el concepto de \"org\u00e1nico natural\".<\/li>\n<li><strong>Sistema de protecci\u00f3n de superficies<\/strong><\/li>\n<li>Revestimiento de pel\u00edcula brillante (antiara\u00f1azos) combinado con revestimiento nanoimpermeable para prolongar la vida \u00fatil del envase, adecuado para productos en polvo a los que afecta f\u00e1cilmente la humedad.<\/li>\n<\/ol>\n<h3 id=\"-fourth-full-dimensional-customization-solution-precise-adaptation-from-box-type-to-lining-\"><strong>4. Soluci\u00f3n de personalizaci\u00f3n en todas las dimensiones: adaptaci\u00f3n precisa del tipo de caja al revestimiento.<\/strong><\/h3>\n<ol>\n<li><strong>Matriz de innovaci\u00f3n tipo caja<\/strong><\/li>\n<li><strong>Tipo de caja b\u00e1sica<\/strong>: tapa superior e inferior, solapa en forma de libro, ventosa magn\u00e9tica hexagonal, dise\u00f1o de gancho de soporte para optimizar el \u00edndice de utilizaci\u00f3n del espacio de exposici\u00f3n vertical en los supermercados.<\/li>\n<li><strong>Desarrollo de formas especiales<\/strong>: caja bi\u00f3nica de contorno de c\u00e1psula, paquete de viaje plegable, tama\u00f1o milim\u00e9trico adecuado para un solo frasco a un juego combinado de varios frascos.<\/li>\n<li><strong>Matriz del proceso de impresi\u00f3n<\/strong><\/li>\n<li>Admite relieve parcial UV, eslogan fluorescente serigrafiado, implantaci\u00f3n de chip NFC (trazabilidad antifalsificaci\u00f3n) e incluso enlace personalizado de c\u00f3digo QR a p\u00e1gina de servicio de nutricionista.<\/li>\n<li><strong>Mejora del sistema de revestimiento<\/strong><\/li>\n<li><strong>Protecci\u00f3n del n\u00facleo<\/strong>: Forro de molde de precisi\u00f3n EVA, el rendimiento de amortiguaci\u00f3n cumple con la norma ASTM D4169, adecuado para botellas de vidrio o c\u00e1psulas blandas fr\u00e1giles.<\/li>\n<li><strong>Valor a\u00f1adido de la marca<\/strong>: Forro de flocado (antiest\u00e1tico) impreso con ilustraciones de la historia de la marca, o forro de papel de nido de abeja degradable con impresi\u00f3n de tinta de soja, en consonancia con el concepto de protecci\u00f3n del medio ambiente.<\/li>\n<\/ol>\n<h3 id=\"-v-advantages-of-china-s-source-factory-extreme-cost-effectiveness-and-agile-service-\"><strong>5. Ventajas de la f\u00e1brica de origen chino: rentabilidad extrema y servicio \u00e1gil<\/strong><\/h3>\n<p>Como f\u00e1brica situada en el cintur\u00f3n industrial central del delta del r\u00edo Perla, integramos los recursos de toda la cadena:<\/p>\n<ol>\n<li><strong>Puesta en marcha a coste cero<\/strong><\/li>\n<li><strong>Pruebas gratuitas<\/strong>: Los renderizados en 3D y las cajas de muestras f\u00edsicas se proporcionan en 48 horas, y se admite la inspecci\u00f3n remota por RA.<\/li>\n<li><strong>Dise\u00f1o libre<\/strong>: Un equipo profesional ofrece soluciones de fusi\u00f3n VI, como el degradado azul y blanco para reducir la fatiga visual, o el color macarr\u00f3n para crear una sensaci\u00f3n de curaci\u00f3n.<\/li>\n<li><strong>Ventaja de costes<\/strong><\/li>\n<li>La capacidad de producci\u00f3n anual supera las 8.000 toneladas, y el aprovisionamiento a gran escala hace que el precio 15%-20% sea inferior al precio medio del mercado, soportando un pedido m\u00ednimo de 1.000 piezas.<\/li>\n<li><strong>Entrega \u00e1gil<\/strong><\/li>\n<li>Producci\u00f3n r\u00e1pida en serie en 72 horas, apoyo al env\u00edo transfronterizo FOB\/DDP y suministro de informes de pruebas SGS y documentos de conformidad para la exportaci\u00f3n.<\/li>\n<\/ol>\n<p><strong>Escenarios de aplicaci\u00f3n y casos de \u00e9xito<\/strong><\/p>\n<ul>\n<li><strong>Productos m\u00e1s vendidos en el comercio electr\u00f3nico transfronterizo<\/strong>: Ventosas magn\u00e9ticas hexagonales plateadas personalizadas para una marca norteamericana, con forro de flocado, la tasa de recompra de Amazon aument\u00f3 un 35%.<\/li>\n<li><strong>Exclusivo para cl\u00ednicas de gama alta<\/strong>: Caja gofrada + forro biodegradable, que ayuda a las marcas europeas de vitaminas ecol\u00f3gicas a conseguir una prima terminal 50%.<\/li>\n<li><strong>Servicio de suscripci\u00f3n<\/strong>: Las cajas de la tapa superior e inferior llevan incorporados chips NFC, y puedes escanear el c\u00f3digo para obtener directamente un plan de nutrici\u00f3n personalizado, y hacer compras al por mayor de marcas personalizadas como HandLove.<\/li>\n<\/ul>","protected":false},"excerpt":{"rendered":"<p>1. Papel estucado C2S de 157 g + cart\u00f3n r\u00edgido de 1200 g con certificaci\u00f3n FSC<br \/>\n2. El tipo de caja con tapa y base utiliza la tapa superior y la caja inferior para anidarlas firmemente y formar una estructura totalmente envuelta, y la doble capa protege su producto de da\u00f1os<br \/>\n3. La tecnolog\u00eda de relieve confiere al envase una sensaci\u00f3n de lujo y una presentaci\u00f3n visual de alta calidad<br \/>\n4. La tecnolog\u00eda de l\u00e1mina plateada de estampaci\u00f3n en caliente tiene una excelente expresi\u00f3n visual y puede resaltar el lujo de la caja<\/p>","protected":false},"featured_media":8550,"template":"","meta":[],"product_brand":[],"product_cat":[30,422,425,31],"product_tag":[882,883,884],"class_list":{"0":"post-8548","1":"product","2":"type-product","3":"status-publish","4":"has-post-thumbnail","6":"product_cat-by-industry","7":"product_cat-custom-gourmet-boxes-by-industry","8":"product_cat-lid-and-base-gift-box","9":"product_cat-paper-box-style","10":"product_tag-custom-vitamin-packaging","11":"product_tag-nutritional-packaging-box","12":"product_tag-supplement-packaging-box","14":"first","15":"instock","16":"shipping-taxable","17":"product-type-simple"},"_links":{"self":[{"href":"https:\/\/zojopackaging.com\/es\/wp-json\/wp\/v2\/product\/8548","targetHints":{"allow":["GET"]}}],"collection":[{"href":"https:\/\/zojopackaging.com\/es\/wp-json\/wp\/v2\/product"}],"about":[{"href":"https:\/\/zojopackaging.com\/es\/wp-json\/wp\/v2\/types\/product"}],"version-history":[{"count":1,"href":"https:\/\/zojopackaging.com\/es\/wp-json\/wp\/v2\/product\/8548\/revisions"}],"predecessor-version":[{"id":8554,"href":"https:\/\/zojopackaging.com\/es\/wp-json\/wp\/v2\/product\/8548\/revisions\/8554"}],"wp:featuredmedia":[{"embeddable":true,"href":"https:\/\/zojopackaging.com\/es\/wp-json\/wp\/v2\/media\/8550"}],"wp:attachment":[{"href":"https:\/\/zojopackaging.com\/es\/wp-json\/wp\/v2\/media?parent=8548"}],"wp:term":[{"taxonomy":"product_brand","embeddable":true,"href":"https:\/\/zojopackaging.com\/es\/wp-json\/wp\/v2\/product_brand?post=8548"},{"taxonomy":"product_cat","embeddable":true,"href":"https:\/\/zojopackaging.com\/es\/wp-json\/wp\/v2\/product_cat?post=8548"},{"taxonomy":"product_tag","embeddable":true,"href":"https:\/\/zojopackaging.com\/es\/wp-json\/wp\/v2\/product_tag?post=8548"}],"curies":[{"name":"wp","href":"https:\/\/api.w.org\/{rel}","templated":true}]}}