{"id":8571,"date":"2025-03-29T13:47:37","date_gmt":"2025-03-29T05:47:37","guid":{"rendered":"https:\/\/zojopackaging.com\/?post_type=product&#038;p=8571"},"modified":"2025-03-29T15:21:51","modified_gmt":"2025-03-29T07:21:51","slug":"elegant-vintage-custom-jewelry-necklace-packaging-ring-boxes","status":"publish","type":"product","link":"https:\/\/zojopackaging.com\/es\/product\/elegant-vintage-custom-jewelry-necklace-packaging-ring-boxes\/","title":{"rendered":"Elegante Vintage Personalizado Joyer\u00eda Collar Embalaje Anillo Cajas"},"content":{"rendered":"<h2 id=\"product-description-of-vintage-customized-jewelry-necklace-packaging-ring-box-\">Elegante Vintage Personalizado Joyer\u00eda Collar Embalaje Anillo Cajas<\/h2>\n<h3 id=\"-1-environmentally-friendly-material-system-sustainability-and-luxury-coexist-\"><strong>1. Sistema de materiales respetuoso con el medio ambiente: sostenibilidad y lujo coexisten<\/strong><\/h3>\n<p>Adopte\u00a0<strong>Papel art\u00edstico especial de 120 g + cart\u00f3n duro de 1200 g<\/strong>\u00a0estructura compuesta, teniendo en cuenta la protecci\u00f3n del medio ambiente y las necesidades est\u00e9ticas:<\/p>\n<ul>\n<li><strong>Caracter\u00edsticas de los materiales<\/strong>: La superficie de papel especial est\u00e1 gofrada con fibras naturales para presentar una textura vintage (como pergamino o tacto de seda), y se combina con cart\u00f3n de alto gramaje de 1200 g. La resistencia a la compresi\u00f3n es 1,5 veces superior a la norma del sector, lo que permite soportar la presi\u00f3n de apilamiento del transporte (&gt;50 kg\/m\u00b2), adecuado para la delicada forma de las joyas.<\/li>\n<li><strong>Certificaci\u00f3n medioambiental<\/strong>: Superada la certificaci\u00f3n de gesti\u00f3n forestal FSC, la tasa de reciclabilidad del material es superior a 95%, lo que cumple los requisitos reglamentarios de envasado sostenible de los mercados europeo y americano.<\/li>\n<\/ul>\n<h3 id=\"-second-the-top-and-bottom-cover-box-design-ritual-sense-and-functional-innovation-\"><strong>2. El dise\u00f1o de la caja de tapa superior e inferior: sentido ritual e innovaci\u00f3n funcional<\/strong><\/h3>\n<ol>\n<li><strong>Estructura de separaci\u00f3n de la cubierta superior<\/strong><\/li>\n<li>La tapa superior y la caja inferior est\u00e1n separadas por succi\u00f3n magn\u00e9tica o ra\u00edles deslizantes, y no es necesario separarlas completamente al abrir y cerrar, lo que no s\u00f3lo evita el defecto de que la tapa superior y la inferior tradicionales se vuelquen con facilidad, sino que tambi\u00e9n mejora la sensaci\u00f3n de ritual al abrir la caja.<\/li>\n<li>Control de tolerancia de precisi\u00f3n (\u00b10,3 mm), tras el cierre se forma un espacio protector totalmente envuelto, y el rendimiento a prueba de polvo y humedad se mejora con 40%.<\/li>\n<li><strong>Detalles de est\u00e9tica retro<\/strong><\/li>\n<li>El borde del cuerpo de la caja adopta un proceso de ribeteado por estampaci\u00f3n en caliente para simular el estilo de encuadernaci\u00f3n de los libros cl\u00e1sicos; la pared interior puede cubrirse con tela de seda mate, que tiene un tacto delicado y reduce el riesgo de que se da\u00f1en las joyas por fricci\u00f3n.<\/li>\n<\/ol>\n<h3 id=\"-three-full-dimensional-customization-solution-precise-adaptation-from-material-to-process-\"><strong>3.Soluci\u00f3n de personalizaci\u00f3n completa: adaptaci\u00f3n precisa del material al proceso<\/strong><\/h3>\n<ol>\n<li><strong>Innovaci\u00f3n en materiales y colores<\/strong><\/li>\n<li><strong>Selecci\u00f3n de papel especial<\/strong>: Proporcionar 20+ texturas tales como papel kraft antiguo, papel de seda de metal, papel de fibra vegetal, etc, apoyo Pantone biblioteca de color especial (como rojo vino vintage Pantone 19-1655) o impresi\u00f3n de degradado, control de diferencia de color \u22643%.<\/li>\n<li><strong>Proceso de superficie<\/strong>Revestimiento de pel\u00edcula mate (antihuellas), relieve UV local (como el efecto estereosc\u00f3pico 3D del t\u00f3tem floral) o proceso de repujado de \u00f3xido de cobre antiguo para realzar la textura retro.<\/li>\n<li><strong>Adaptaci\u00f3n del tipo y tama\u00f1o de caja<\/strong><\/li>\n<li>Tipo de caja b\u00e1sica: redonda, hexagonal, tapa abatible en forma de libro, admite el desarrollo de formas especiales (como la caja de ventana hueca en forma de coraz\u00f3n).<\/li>\n<li>Tama\u00f1o flexible: se adapta desde un solo anillo (tama\u00f1o m\u00ednimo 5\u00d75 cm) hasta varios conjuntos (como caja combinada de collar + pendientes + pulsera).<\/li>\n<\/ol>\n<h3 id=\"-fourth-three-dimensional-display-lining-system-a-deep-combination-of-function-and-aesthetics-\"><strong>4. Sistema de revestimiento de pantalla tridimensional: una profunda combinaci\u00f3n de funci\u00f3n y est\u00e9tica<\/strong><\/h3>\n<ol>\n<li><strong>Tecnolog\u00eda de forro de almohada<\/strong><\/li>\n<li>Utiliza espuma EVA de alta densidad para tallar un soporte tridimensional, recubierto de seda o terciopelo en la superficie, que se ajusta con precisi\u00f3n al contorno de la joya (como la ranura en arco del collar, el soporte en columna del anillo), y consigue un efecto de pantalla \"flotante\".<\/li>\n<li>Divisiones personalizables: a\u00f1ada compartimentos independientes para guardar herramientas de mantenimiento o tarjetas de historia de la marca para aumentar el valor a\u00f1adido.<\/li>\n<li><strong>Opciones de mejora del material<\/strong><\/li>\n<li><strong>Posicionamiento medioambiental<\/strong>: Forro de papel de nido de abeja degradable + impresi\u00f3n con tinta de soja, conforme a las normas de certificaci\u00f3n B Corp.<\/li>\n<li><strong>Posicionamiento de gama alta<\/strong>: Revestimiento de flocado estampaci\u00f3n en caliente de emblemas familiares o motivos pintados a mano para transmitir el patrimonio hist\u00f3rico de la marca.<\/li>\n<\/ol>\n<h3 id=\"-v-hot-stamping-technology-empowerment-luxury-vision-and-brand-narrative-\"><strong>5. Potenciaci\u00f3n de la tecnolog\u00eda de estampaci\u00f3n en caliente: visi\u00f3n de lujo y narrativa de marca<\/strong><\/h3>\n<ol>\n<li><strong>Tecnolog\u00eda de estampaci\u00f3n en caliente en relieve 3D<\/strong><\/li>\n<li>Mediante el estampado en relieve a alta temperatura de moldes CNC, se consiguen efectos de estampado en caliente tridimensionales como LOGO y patrones de vid. El grosor de la l\u00e1mina met\u00e1lica es opcional, de 0,1 a 0,3 mm (como oro bronce y oro rosa), y la resistencia al desgaste aumenta con 60%.<\/li>\n<li>Dise\u00f1o din\u00e1mico: admite el contraste entre la estampaci\u00f3n en caliente y el fondo mate, como la estampaci\u00f3n en caliente del motivo de hierba rizada europea con la base de papel antiguo, recuperando la est\u00e9tica del Renacimiento.<\/li>\n<li><strong>Funciones antifalsificaci\u00f3n y de valor a\u00f1adido<\/strong><\/li>\n<li>Se pueden implantar etiquetas hologr\u00e1ficas de estampaci\u00f3n en caliente o chips NFC, y verificar la autenticidad escaneando el c\u00f3digo y saltando a la p\u00e1gina de cultura de la marca.<\/li>\n<\/ol>\n<h3 id=\"-vi-intelligent-manufacturing-and-service-system-transparent-delivery-and-cost-advantages-\"><strong>6. Sistema inteligente de fabricaci\u00f3n y servicios: entrega transparente y ventajas de costes.<\/strong><\/h3>\n<ol>\n<li><strong>Sistema de gesti\u00f3n MES<\/strong><\/li>\n<li>Seguimiento digital de todo el proceso: desde la entrada del pedido hasta la inspecci\u00f3n de calidad y el embalaje, sincronizaci\u00f3n en tiempo real del progreso de la producci\u00f3n para garantizar la entrega a tiempo en un plazo de 7 a 12 d\u00edas laborables.<\/li>\n<li>Control de calidad: A trav\u00e9s de color\u00edmetro (\u0394E\u22642), probador de ca\u00edda (1,2m de altura no destructiva) y otros equipos, la tasa de rendimiento es \u226599,5%.<\/li>\n<li><strong>Asistencia inicial a coste cero<\/strong><\/li>\n<li><strong>Dise\u00f1o libre<\/strong>: Los renders 3D + la inspecci\u00f3n virtual AR se proporcionan en 48 horas, apoyando propuestas de estilo retro Rococ\u00f3, Art Nouveau y otros.<\/li>\n<li><strong>Muestra de 3 d\u00edas<\/strong>: Adoptamos una l\u00ednea de producci\u00f3n flexible de lotes peque\u00f1os y entregamos las cajas de muestras en un plazo de 72 horas.<\/li>\n<li><strong>Precio ventajoso<\/strong><\/li>\n<li>Confiando en la capacidad de producci\u00f3n a gran escala del cintur\u00f3n industrial del delta del r\u00edo Perla, el precio de la misma calidad es 15%-20% inferior al precio medio del mercado, con un pedido m\u00ednimo de 1.000 piezas.<\/li>\n<\/ol>\n<p><strong>Escenarios de aplicaci\u00f3n y casos de \u00e9xito<\/strong><\/p>\n<ul>\n<li><strong>Marca de joyer\u00eda ligera de lujo<\/strong>: Caja en forma de libro con estampaci\u00f3n en caliente de color rojo vino personalizada para una marca europea, forrada con un soporte tridimensional para exponer collares antiguos, y la prima terminal aumentada en 50%.<\/li>\n<li><strong>Lo m\u00e1s vendido del comercio electr\u00f3nico transfronterizo<\/strong>: Caja de cobre antiguo con textura de \u00f3xido y forro degradable, gan\u00f3 10.000 pedidos de marcas norteamericanas de protecci\u00f3n del medio ambiente.<\/li>\n<li><strong>Personalizaci\u00f3n de bodas<\/strong>: Caja con ventana en forma de coraz\u00f3n + emblema familiar estampado en oro, que se ha convertido en la caja de regalo est\u00e1ndar de las marcas de alianzas de gama alta.<\/li>\n<\/ul>\n<p><strong>Act\u00faa ya<\/strong>\u00a0Desde el dise\u00f1o hasta la entrega, ofrecemos una soluci\u00f3n de envasado integral que permite que cada joya cuente la historia de su marca a trav\u00e9s del envase definitivo.<\/p>","protected":false},"excerpt":{"rendered":"<p>1. Papel especial de 120 g + cart\u00f3n de 1200 g, material respetuoso con el medio ambiente<br \/>\n2. La caja de tapa y base adopta el m\u00e9todo de separaci\u00f3n de la tapa superior para mejorar la experiencia de unboxing del usuario<br \/>\n3. El material de papel especial hace que la caja sea sencilla pero tenga una sensaci\u00f3n de lujo de gama alta<br \/>\n4. Altamente personalizable, material, color, tama\u00f1o, proceso de impresi\u00f3n de superficie para adaptarse a su joyer\u00eda collar anillo de embalaje.<\/p>","protected":false},"featured_media":8573,"template":"","meta":[],"product_brand":[],"product_cat":[30,415,425,31],"product_tag":[890,892,891],"class_list":{"0":"post-8571","1":"product","2":"type-product","3":"status-publish","4":"has-post-thumbnail","6":"product_cat-by-industry","7":"product_cat-custom-jewelry-boxes-by-industry","8":"product_cat-lid-and-base-gift-box","9":"product_cat-paper-box-style","10":"product_tag-custom-jewelry-packaging","11":"product_tag-elegant-necklace-packaging","12":"product_tag-vintage-ring-boxes","14":"first","15":"instock","16":"shipping-taxable","17":"product-type-simple"},"_links":{"self":[{"href":"https:\/\/zojopackaging.com\/es\/wp-json\/wp\/v2\/product\/8571","targetHints":{"allow":["GET"]}}],"collection":[{"href":"https:\/\/zojopackaging.com\/es\/wp-json\/wp\/v2\/product"}],"about":[{"href":"https:\/\/zojopackaging.com\/es\/wp-json\/wp\/v2\/types\/product"}],"version-history":[{"count":1,"href":"https:\/\/zojopackaging.com\/es\/wp-json\/wp\/v2\/product\/8571\/revisions"}],"predecessor-version":[{"id":8579,"href":"https:\/\/zojopackaging.com\/es\/wp-json\/wp\/v2\/product\/8571\/revisions\/8579"}],"wp:featuredmedia":[{"embeddable":true,"href":"https:\/\/zojopackaging.com\/es\/wp-json\/wp\/v2\/media\/8573"}],"wp:attachment":[{"href":"https:\/\/zojopackaging.com\/es\/wp-json\/wp\/v2\/media?parent=8571"}],"wp:term":[{"taxonomy":"product_brand","embeddable":true,"href":"https:\/\/zojopackaging.com\/es\/wp-json\/wp\/v2\/product_brand?post=8571"},{"taxonomy":"product_cat","embeddable":true,"href":"https:\/\/zojopackaging.com\/es\/wp-json\/wp\/v2\/product_cat?post=8571"},{"taxonomy":"product_tag","embeddable":true,"href":"https:\/\/zojopackaging.com\/es\/wp-json\/wp\/v2\/product_tag?post=8571"}],"curies":[{"name":"wp","href":"https:\/\/api.w.org\/{rel}","templated":true}]}}