{"id":8587,"date":"2025-03-29T14:41:35","date_gmt":"2025-03-29T06:41:35","guid":{"rendered":"https:\/\/zojopackaging.com\/?post_type=product&#038;p=8587"},"modified":"2025-03-29T15:21:23","modified_gmt":"2025-03-29T07:21:23","slug":"custom-printed-candle-packaging-boxes-wholesale","status":"publish","type":"product","link":"https:\/\/zojopackaging.com\/es\/product\/custom-printed-candle-packaging-boxes-wholesale\/","title":{"rendered":"Cajas de embalaje para velas con impresi\u00f3n personalizada al por mayor"},"content":{"rendered":"<h3 id=\"custom-printed-candle-packaging-box-wholesale\">Mayorista de cajas de embalaje para velas con impresi\u00f3n personalizada<\/h3>\n<h4 id=\"-i-environmentally-friendly-materials-and-recyclable-design-\"><strong>1. Materiales respetuosos con el medio ambiente y dise\u00f1o reciclable<\/strong><\/h4>\n<ol>\n<li><strong>Cart\u00f3n ondulado<\/strong>\u00a0Utilizando cart\u00f3n ondulado de alta resistencia como material de base, tiene una excelente resistencia a la compresi\u00f3n y rendimiento de amortiguaci\u00f3n, y puede reutilizarse o reciclarse mediante tecnolog\u00eda de pulpa reciclada. Su ciclo de degradaci\u00f3n natural es corto (unos 3-6 meses), lo que cumple las normas medioambientales internacionales y reduce la carga de residuos de envases para el medio ambiente.<\/li>\n<\/ol>\n<h4 id=\"-ii-highly-customized-services-\"><strong>2. Servicios altamente personalizados<\/strong><\/h4>\n<ol>\n<li><strong>Opciones de personalizaci\u00f3n flexibles<\/strong><\/li>\n<li><strong>Material<\/strong>: Adem\u00e1s del papel ondulado, admite materiales compuestos como el cart\u00f3n blanco y el cart\u00f3n kraft para satisfacer diferentes requisitos de carga.<\/li>\n<li><strong>Color<\/strong>: Hay disponibles 42 colores est\u00e1ndar y colores macaron (como el rosa melocot\u00f3n y el morado ar\u00e1ndano). Los tonos de baja saturaci\u00f3n pueden reducir la fatiga visual y mejorar el atractivo de los estantes.<\/li>\n<li><strong>Talla<\/strong>: Admite la personalizaci\u00f3n a tama\u00f1o completo del di\u00e1metro interior\/di\u00e1metro exterior (error \u2264 0,1 mm), adecuado para recipientes de velas cil\u00edndricos, cuadrados y de formas especiales.<\/li>\n<li><strong>Proceso de impresi\u00f3n<\/strong>: Impresi\u00f3n offset opcional, serigraf\u00eda, laminaci\u00f3n UV, estampaci\u00f3n en caliente\/plateado, gofrado, etc., para conseguir logotipos de marca de gran precisi\u00f3n o motivos art\u00edsticos.<\/li>\n<li><strong>Bandeja interior y protecci\u00f3n de la superficie respetuosas con el medio ambiente<\/strong><\/li>\n<li><strong>Bandeja interior moldeada con pasta de papel<\/strong>: La bandeja interior de pulpa degradable se personaliza mediante un proceso de prensado en seco para fijar con precisi\u00f3n la posici\u00f3n de la vela y evitar da\u00f1os durante el transporte.<\/li>\n<li><strong>Tecnolog\u00eda de laminado<\/strong>: La superficie est\u00e1 recubierta con pel\u00edcula de PET o BOPP, que tiene funciones impermeables y a prueba de humedad, y el color impreso se mantiene sin decoloraci\u00f3n durante m\u00e1s de 5 a\u00f1os gracias a la tecnolog\u00eda de recubrimiento UV.<\/li>\n<\/ol>\n<h4 id=\"-iii-intelligent-production-and-fast-delivery-\"><strong>3. Producci\u00f3n inteligente y entrega r\u00e1pida<\/strong><\/h4>\n<ol>\n<li><strong>L\u00ednea de producci\u00f3n totalmente autom\u00e1tica<\/strong>\u00a0La f\u00e1brica est\u00e1 equipada con troqueladoras totalmente autom\u00e1ticas, laminadoras y equipos de impresi\u00f3n de alta velocidad, con una capacidad de producci\u00f3n diaria de 1 mill\u00f3n de piezas, que soportan una producci\u00f3n continua de 24 horas. Por ejemplo, la l\u00ednea de producci\u00f3n de cart\u00f3n plegable de Qingdao Shimei Packaging puede alcanzar una producci\u00f3n estandarizada de 100.000 piezas al d\u00eda.<\/li>\n<li><strong>Proceso de respuesta r\u00e1pido<\/strong><\/li>\n<li><strong>Muestra de 3 d\u00edas<\/strong>: Despu\u00e9s de que el cliente proporcione el borrador del dise\u00f1o o la muestra, la confirmaci\u00f3n de la muestra se completar\u00e1 en un plazo de 72 horas.<\/li>\n<li><strong>Entrega en 7-14 d\u00edas<\/strong>: Bas\u00e1ndose en el sistema ERP para optimizar la programaci\u00f3n de la producci\u00f3n, s\u00f3lo se tarda 7 d\u00edas laborables desde la confirmaci\u00f3n del pedido hasta el env\u00edo del lote, cumpliendo los requisitos de puntualidad del comercio electr\u00f3nico transfronterizo y las promociones navide\u00f1as.<\/li>\n<\/ol>\n<h4 id=\"-iv-value-added-services-and-cost-advantages-\"><strong>4. Servicios de valor a\u00f1adido y ventajas econ\u00f3micas<\/strong><\/h4>\n<ol>\n<li><strong>Asistencia t\u00e9cnica gratuita<\/strong><\/li>\n<li><strong>Apoyo al dise\u00f1o<\/strong>: La f\u00e1brica pone a su disposici\u00f3n un equipo de dise\u00f1o profesional para optimizar gratuitamente la estructura de la caja, el dise\u00f1o y las soluciones visuales de la marca.<\/li>\n<li><strong>Ejemplo de experiencia<\/strong>: Los clientes que hagan su primer pedido pueden solicitar muestras gratuitas (limitadas a 3 modelos) para comprobar la adaptabilidad del envase y sus prestaciones de protecci\u00f3n.<\/li>\n<li><strong>Competitividad de precios<\/strong>\u00a0Mediante la adquisici\u00f3n a gran escala de materias primas (como la reducci\u00f3n de 15% en los costes de adquisici\u00f3n a granel de cart\u00f3n blanco) y la producci\u00f3n automatizada, el coste por pieza es tan bajo como 0,1 yuanes (pedido m\u00ednimo de 5.000 piezas), lo que supone 30% menos que el coste global de los envases tradicionales.<\/li>\n<\/ol>\n<h4 id=\"-v-application-scenarios-and-market-adaptation-\"><strong>5. Escenarios de aplicaci\u00f3n y adaptaci\u00f3n al mercado<\/strong><\/h4>\n<ul>\n<li><strong>Expositor comercial<\/strong>: Combinaci\u00f3n de colores macaron con motivos geom\u00e9tricos minimalistas, adecuada para tiendas de regalos, marcas de hogar y mostradores de fragancias de alta gama.<\/li>\n<li><strong>Transporte transfronterizo<\/strong>: Los materiales respetuosos con el medio ambiente que cumplen la certificaci\u00f3n FSC se adaptan a los requisitos de envasado ecol\u00f3gico de la plataforma.<\/li>\n<\/ul>\n<p><strong>Resumen<\/strong>\u00a0Las cajas impresas personalizadas para envasar velas equilibran la imagen de marca, el control de costes y la responsabilidad sostenible mediante materiales respetuosos con el medio ambiente, una producci\u00f3n inteligente y servicios profundamente personalizados. La optimizaci\u00f3n completa desde el dise\u00f1o hasta la entrega ofrece a fabricantes y minoristas de velas soluciones de envasado eficientes y de bajo umbral.<\/p>","protected":false},"excerpt":{"rendered":"<p>1. Material de cart\u00f3n ondulado, puede ser reutilizado o reciclado en pulpa, ciclo de degradaci\u00f3n natural es r\u00e1pido, respetuoso del medio ambiente.<br \/>\n2. Dise\u00f1o plegable, se aplana para guardarlo, reduciendo el espacio de almacenamiento.<br \/>\n3. Altamente personalizable, material, color, tama\u00f1o, proceso de impresi\u00f3n de la superficie para adaptarse a su embalaje de velas.<\/p>","protected":false},"featured_media":8588,"template":"","meta":[],"product_brand":[],"product_cat":[30,416,430,31],"product_tag":[896,898,897],"class_list":{"0":"post-8587","1":"product","2":"type-product","3":"status-publish","4":"has-post-thumbnail","6":"product_cat-by-industry","7":"product_cat-custom-candle-boxes","8":"product_cat-folding-cartons","9":"product_cat-paper-box-style","10":"product_tag-candle-packaging","11":"product_tag-candle-packaging-boxes","12":"product_tag-custom-boxes-wholesale","14":"first","15":"instock","16":"shipping-taxable","17":"product-type-simple"},"_links":{"self":[{"href":"https:\/\/zojopackaging.com\/es\/wp-json\/wp\/v2\/product\/8587","targetHints":{"allow":["GET"]}}],"collection":[{"href":"https:\/\/zojopackaging.com\/es\/wp-json\/wp\/v2\/product"}],"about":[{"href":"https:\/\/zojopackaging.com\/es\/wp-json\/wp\/v2\/types\/product"}],"version-history":[{"count":1,"href":"https:\/\/zojopackaging.com\/es\/wp-json\/wp\/v2\/product\/8587\/revisions"}],"predecessor-version":[{"id":8594,"href":"https:\/\/zojopackaging.com\/es\/wp-json\/wp\/v2\/product\/8587\/revisions\/8594"}],"wp:featuredmedia":[{"embeddable":true,"href":"https:\/\/zojopackaging.com\/es\/wp-json\/wp\/v2\/media\/8588"}],"wp:attachment":[{"href":"https:\/\/zojopackaging.com\/es\/wp-json\/wp\/v2\/media?parent=8587"}],"wp:term":[{"taxonomy":"product_brand","embeddable":true,"href":"https:\/\/zojopackaging.com\/es\/wp-json\/wp\/v2\/product_brand?post=8587"},{"taxonomy":"product_cat","embeddable":true,"href":"https:\/\/zojopackaging.com\/es\/wp-json\/wp\/v2\/product_cat?post=8587"},{"taxonomy":"product_tag","embeddable":true,"href":"https:\/\/zojopackaging.com\/es\/wp-json\/wp\/v2\/product_tag?post=8587"}],"curies":[{"name":"wp","href":"https:\/\/api.w.org\/{rel}","templated":true}]}}