{"id":8595,"date":"2025-03-29T15:22:14","date_gmt":"2025-03-29T07:22:14","guid":{"rendered":"https:\/\/zojopackaging.com\/?post_type=product&#038;p=8595"},"modified":"2025-03-29T15:50:59","modified_gmt":"2025-03-29T07:50:59","slug":"premium-luxury-spirits-whisky-paper-tube-packaging-wholesale","status":"publish","type":"product","link":"https:\/\/zojopackaging.com\/es\/product\/premium-luxury-spirits-whisky-paper-tube-packaging-wholesale\/","title":{"rendered":"Tubo de papel para envasar whisky de lujo al por mayor"},"content":{"rendered":"<h3 id=\"wholesale-instructions-for-premium-luxury-spirits-whiskey-paper-tube-packaging\">Whisky de lujo al por mayor en tubo de papel<\/h3>\n<h4 id=\"-1-structural-advantages-scientific-pressure-bearing-all-round-protection-\"><strong>1. Ventajas estructurales: Soporte de presi\u00f3n cient\u00edfica, protecci\u00f3n integral<\/strong><\/h4>\n<p>El envase de tubo de papel adopta un\u00a0<strong>dise\u00f1o de estructura cil\u00edndrica<\/strong>que consigue una resistencia a la presi\u00f3n de alta eficacia dispersando uniformemente las fuerzas externas, y es especialmente adecuado para productos fr\u00e1giles y de gran valor como licores y whisky. Sus propiedades f\u00edsicas pueden aliviar eficazmente las vibraciones y los impactos durante el transporte. La capa interior puede combinarse con\u00a0<strong>estructura de revestimiento personalizada<\/strong>\u00a0(como el encaje a presi\u00f3n sim\u00e9trico o el forro de rejilla tipo almohada) para mejorar a\u00fan m\u00e1s las prestaciones de fijaci\u00f3n y amortiguaci\u00f3n, garantizando que la botella est\u00e9 segura e intacta en un entorno log\u00edstico complejo.<\/p>\n<h4 id=\"-2-functional-innovation-sealing-and-convenience-coexist-\"><strong>2. Innovaci\u00f3n funcional: Sellado y comodidad coexisten<\/strong><\/h4>\n<p>El envase de tubo de papel admite\u00a0<strong>estructura totalmente sellada o reabrible<\/strong>\u00a0dise\u00f1o:<\/p>\n<ul>\n<li><strong>versi\u00f3n totalmente sellada<\/strong>La tecnolog\u00eda de laminado de calidad alimentaria, combinada con materiales de la capa interior a prueba de humedad (como papel compuesto de aluminio), bloquea la penetraci\u00f3n de ox\u00edgeno y humedad y prolonga la vida \u00fatil del licor.<\/li>\n<li><strong>Versi\u00f3n abierta<\/strong>: Dise\u00f1o de la cubierta magn\u00e9tica o estructura de hebilla roscada, conveniente para los consumidores a tomar varias veces, mientras que el mantenimiento de sellado, la satisfacci\u00f3n de la colecci\u00f3n y las necesidades de visualizaci\u00f3n de alta gama cajas de regalo esp\u00edritus.<\/li>\n<\/ul>\n<h4 id=\"-third-environmental-sustainability-green-technology-empowers-brand-value-\"><strong>3. Sostenibilidad medioambiental: la tecnolog\u00eda verde potencia el valor de la marca<\/strong><\/h4>\n<p>El material de envasado es\u00a0<strong>100% pasta reciclable<\/strong>\u00a0o\u00a0<strong>Fibra de madera certificada FSC<\/strong>y el proceso de producci\u00f3n adopta la tecnolog\u00eda de moldeo por plegado sin adhesivo para reducir la contaminaci\u00f3n qu\u00edmica. Combinado con la impresi\u00f3n de tinta a base de agua y la tecnolog\u00eda de laminado biodegradable, consigue una protecci\u00f3n medioambiental y de bajas emisiones de carbono en todo el ciclo de vida, desde la producci\u00f3n hasta la eliminaci\u00f3n, en l\u00ednea con las normas medioambientales REACH de la UE.<\/p>\n<h4 id=\"-fourth-visual-impact-red-aesthetics-and-brand-memory-enhancement-\"><strong>4. Impacto visual: est\u00e9tica roja y refuerzo de la memoria de marca<\/strong><\/h4>\n<p>El color principal adopta\u00a0<strong>rojo de alta saturaci\u00f3n (teniendo en cuenta el 70%)<\/strong>combinados con un tratamiento mate o brillante, para transmitir un tono de marca lujoso y apasionado. El rojo tiene\u00a0<strong>atractivo visual natural<\/strong>\u00a0en el lineal. Los datos experimentales demuestran que el \u00edndice de atenci\u00f3n del consumidor a los envases rojos es 37% superior al de los colores convencionales. El dise\u00f1o puede incorporar LOGO estampado en caliente, textura en relieve o t\u00f3tem cultural (como patrones de estilo bohemio) para profundizar en el reconocimiento de la marca.<\/p>\n<h4 id=\"-v-efficient-production-process-spot-uv-and-automation-empowerment-\"><strong>5. Proceso de producci\u00f3n eficiente: Spot UV y potenciaci\u00f3n de la automatizaci\u00f3n<\/strong><\/h4>\n<p>Adopte\u00a0<strong>Barnizado local UV localizado<\/strong>En combinaci\u00f3n con la tecnolog\u00eda de composici\u00f3n digital (como el modelado en 3D), el dise\u00f1o del patr\u00f3n puede ajustarse r\u00e1pidamente para satisfacer las necesidades de pedidos personalizados de peque\u00f1os lotes. En combinaci\u00f3n con la tecnolog\u00eda de composici\u00f3n tipogr\u00e1fica digital (como el modelado en 3D), el dise\u00f1o del patr\u00f3n puede ajustarse r\u00e1pidamente para satisfacer las necesidades de los pedidos personalizados de lotes peque\u00f1os.<\/p>\n<h4 id=\"-sixth-highly-customized-service-flexible-adaptation-from-material-to-process-\"><strong>6. Servicio altamente personalizado: adaptaci\u00f3n flexible del material al proceso<\/strong><\/h4>\n<ul>\n<li><strong>Selecci\u00f3n de materiales<\/strong>: Proporcionar una variedad de sustratos tales como papel corrugado, cart\u00f3n duro, papel compuesto de fibra de bamb\u00fa, etc para satisfacer diferentes requisitos de soporte de carga y textura.<\/li>\n<li><strong>Tama\u00f1o y estructura<\/strong>: Admite rangos de personalizaci\u00f3n de 50 mm a 300 mm de di\u00e1metro y de 200 mm a 800 mm de altura, y puede adaptarse a botellas de vino individuales o a juegos combinados de varias botellas.<\/li>\n<li><strong>Tecnolog\u00eda de superficie<\/strong>: estampaci\u00f3n en caliente, gofrado, grabado por l\u00e1ser, laminaci\u00f3n de pel\u00edculas por l\u00e1ser y otros procesos opcionales, e incluso chips NFC incrustados para lograr la trazabilidad antifalsificaci\u00f3n.<\/li>\n<\/ul>\n<h4 id=\"-vii-added-value-enhancement-lamination-and-lamination-technology-upgrade-\"><strong>7. Mejora del valor a\u00f1adido: Actualizaci\u00f3n de la tecnolog\u00eda de laminaci\u00f3n y plastificado<\/strong><\/h4>\n<p>A trav\u00e9s de\u00a0<strong>Laminado BOPP<\/strong>\u00a0o\u00a0<strong>Proceso de laminaci\u00f3n de PETG<\/strong>La resistencia al desgaste, la impermeabilidad y el brillo del envase mejoran notablemente, haciendo que el tubo de papel sea comparable a la textura de las cajas de metal y madera, al tiempo que se reduce el peso total y los costes de transporte. A la capa de laminaci\u00f3n tambi\u00e9n se le puede a\u00f1adir un revestimiento antibacteriano para cumplir las estrictas normas de higiene y seguridad de los alcoholes de alta gama.<\/p>\n<h4 id=\"-viii-one-stop-service-support-zero-cost-cooperation-start-\"><strong>8. Asistencia de servicio integral: inicio de la cooperaci\u00f3n a coste cero<\/strong><\/h4>\n<p>Como f\u00e1brica profesional de envasado de bebidas espirituosas, ofrecemos:<\/p>\n<ul>\n<li><strong>Dise\u00f1o libre<\/strong>: Un equipo galardonado con premios internacionales de dise\u00f1o adapta soluciones de envasado, integrando la cultura de la marca y las tendencias del mercado.<\/li>\n<li><strong>Muestras gratuitas<\/strong>: En un plazo de 48 horas se facilitan representaciones en 3D y pruebas f\u00edsicas, que respaldan las pruebas de rendimiento (como simulaci\u00f3n de ca\u00eddas o humedad).<\/li>\n<li><strong>Asistencia t\u00e9cnica<\/strong>: Gu\u00eda completa desde la optimizaci\u00f3n estructural hasta el proceso de producci\u00f3n en serie para garantizar la tasa de rendimiento \u2265 99,5%.<\/li>\n<li><strong>Precio ventajoso<\/strong>: El aprovisionamiento a gran escala y la producci\u00f3n automatizada reducen los costes, y el precio de calidad similar es 15%-20% inferior a la media del mercado.<\/li>\n<\/ul>","protected":false},"excerpt":{"rendered":"<p>1. El tubo cil\u00edndrico de papel dispersa uniformemente las fuerzas externas. 2. La estructura es estable y protectora.<br \/>\n2. Puede dise\u00f1arse como una estructura totalmente sellada o reabrible seg\u00fan las necesidades, evitando eficazmente la humedad y la oxidaci\u00f3n.<br \/>\n3. Puede personalizarse en t\u00e9rminos de material, color, tama\u00f1o y proceso de impresi\u00f3n de la superficie para adaptarse a sus envases de licores, whisky y vino tinto.<\/p>","protected":false},"featured_media":8598,"template":"","meta":[],"product_brand":[],"product_cat":[30,419,31,429],"product_tag":[900,899,901],"class_list":{"0":"post-8595","1":"product","2":"type-product","3":"status-publish","4":"has-post-thumbnail","6":"product_cat-by-industry","7":"product_cat-custom-wines-spirits-boxes","8":"product_cat-paper-box-style","9":"product_cat-paper-tube-boxes","10":"product_tag-luxury-whisky-packaging-wholesale","11":"product_tag-premium-spirits-paper-tube","12":"product_tag-spirits-whisky-packaging-wholesale","14":"first","15":"instock","16":"shipping-taxable","17":"product-type-simple"},"_links":{"self":[{"href":"https:\/\/zojopackaging.com\/es\/wp-json\/wp\/v2\/product\/8595","targetHints":{"allow":["GET"]}}],"collection":[{"href":"https:\/\/zojopackaging.com\/es\/wp-json\/wp\/v2\/product"}],"about":[{"href":"https:\/\/zojopackaging.com\/es\/wp-json\/wp\/v2\/types\/product"}],"version-history":[{"count":1,"href":"https:\/\/zojopackaging.com\/es\/wp-json\/wp\/v2\/product\/8595\/revisions"}],"predecessor-version":[{"id":8602,"href":"https:\/\/zojopackaging.com\/es\/wp-json\/wp\/v2\/product\/8595\/revisions\/8602"}],"wp:featuredmedia":[{"embeddable":true,"href":"https:\/\/zojopackaging.com\/es\/wp-json\/wp\/v2\/media\/8598"}],"wp:attachment":[{"href":"https:\/\/zojopackaging.com\/es\/wp-json\/wp\/v2\/media?parent=8595"}],"wp:term":[{"taxonomy":"product_brand","embeddable":true,"href":"https:\/\/zojopackaging.com\/es\/wp-json\/wp\/v2\/product_brand?post=8595"},{"taxonomy":"product_cat","embeddable":true,"href":"https:\/\/zojopackaging.com\/es\/wp-json\/wp\/v2\/product_cat?post=8595"},{"taxonomy":"product_tag","embeddable":true,"href":"https:\/\/zojopackaging.com\/es\/wp-json\/wp\/v2\/product_tag?post=8595"}],"curies":[{"name":"wp","href":"https:\/\/api.w.org\/{rel}","templated":true}]}}