{"id":8603,"date":"2025-03-29T15:51:07","date_gmt":"2025-03-29T07:51:07","guid":{"rendered":"https:\/\/zojopackaging.com\/?post_type=product&#038;p=8603"},"modified":"2025-03-29T16:22:10","modified_gmt":"2025-03-29T08:22:10","slug":"custom-child-proof-1ml-vape-cartridge-packaging-boxes","status":"publish","type":"product","link":"https:\/\/zojopackaging.com\/es\/product\/custom-child-proof-1ml-vape-cartridge-packaging-boxes\/","title":{"rendered":"Cajas personalizadas a prueba de ni\u00f1os para cartuchos de 1 ml"},"content":{"rendered":"<h3 id=\"customized-child-proof-1ml-electronic-cigarette-cartridge-packaging-box-description\">Personalizado a prueba de ni\u00f1os 1ml cartucho de cigarrillo electr\u00f3nico caja de embalaje descripci\u00f3n<\/h3>\n<h4 id=\"-2-child-proof-opening-and-humanized-design-\"><strong>1. Apertura a prueba de ni\u00f1os y dise\u00f1o humanizado<\/strong><\/h4>\n<ol>\n<li><strong>Estructura de la caja de papel del caj\u00f3n<\/strong>: Adopta un\u00a0<strong>dise\u00f1o de apertura deslizante<\/strong>, gracias a la precisa cooperaci\u00f3n de la hebilla entre el cuerpo de la caja y la tapa, no s\u00f3lo garantiza que a los ni\u00f1os les resulte dif\u00edcil abrirla con una sola mano (se necesitan ambas manos para presionar las ranuras de ambos lados y deslizar al mismo tiempo), sino que tambi\u00e9n proporciona una experiencia de apertura y cierre suave para los adultos, teniendo en cuenta la seguridad y la comodidad.<\/li>\n<li><strong>Optimizaci\u00f3n de la ranura del pulgar<\/strong>: Ergon\u00f3mico\u00a0<strong>ranuras de arco<\/strong>\u00a0se colocan a ambos lados del cuerpo de la caja. La profundidad y la anchura se adaptan al tama\u00f1o de los pulgares de los adultos, lo que resulta c\u00f3modo para abrirlos con fuerza. Al mismo tiempo, los bordes de las ranuras son redondeados y sin rebabas para evitar ara\u00f1azos.<\/li>\n<\/ol>\n<h4 id=\"-iii-visual-and-brand-communication-\"><strong>2. Comunicaci\u00f3n visual y de marca<\/strong><\/h4>\n<ol>\n<li><strong>Aplicaci\u00f3n de la psicolog\u00eda del color<\/strong>: El color principal es\u00a0<strong>amarillo brillante<\/strong>, que promueve la secreci\u00f3n de dopamina a trav\u00e9s de la estimulaci\u00f3n visual de alta saturaci\u00f3n, transmite vitalidad y placer, y es especialmente adecuado para aliviar las emociones depresivas de los usuarios cuando consumen CBD o cannabis vape.<\/li>\n<li><strong>Proceso UV parcial<\/strong>:\u00a0<strong>Revestimiento UV parcial<\/strong>\u00a0se utiliza en logotipos de marcas, textos clave y motivos para crear un efecto de contraste entre superficies mates y brillantes y realzar la textura; el \u00e1rea UV es resistente a los ara\u00f1azos y antihuellas, lo que resulta adecuado para las necesidades de visualizaci\u00f3n en escenarios de consumo de gama alta.<\/li>\n<\/ol>\n<h4 id=\"-fourth-highly-customized-services-\"><strong>3.Servicios altamente personalizados<\/strong><\/h4>\n<ol>\n<li><strong>Necesidades de adaptaci\u00f3n flexibles<\/strong>: Admite la personalizaci\u00f3n completa, desde materiales (como papel mate, papel corrugado), colores (personalizaci\u00f3n de tarjetas de color Pantone), tama\u00f1os (adaptaci\u00f3n a cartuchos de distinta capacidad) hasta procesos de superficie (estampaci\u00f3n en caliente, gofrado, l\u00e1ser), para satisfacer el posicionamiento de diferenciaci\u00f3n de la marca.<\/li>\n<li><strong>Asistencia t\u00e9cnica de f\u00e1brica<\/strong>: La f\u00e1brica cooperativa proporciona\u00a0<strong>dise\u00f1o libre<\/strong>\u00a0(incluidos el modelado 3D y la optimizaci\u00f3n estructural),\u00a0<strong>prueba de muestras gratuita<\/strong>\u00a0y\u00a0<strong>orientaci\u00f3n t\u00e9cnica para todo el proceso de producci\u00f3n<\/strong>\u00a0para garantizar una ejecuci\u00f3n precisa desde los planos hasta los productos acabados. En cuanto al precio, bas\u00e1ndose en la producci\u00f3n a gran escala y las ventajas de la cadena de suministro, puede ofrecer la soluci\u00f3n de menor coste del sector.<\/li>\n<\/ol>\n<h4 id=\"-five-compliance-and-safety-standards-\"><strong>4. Cumplimiento y normas de seguridad<\/strong><\/h4>\n<ol>\n<li><strong>Certificaci\u00f3n de protecci\u00f3n de la infancia<\/strong>: El envase ha superado la prueba de la norma internacional ASTM, y los ni\u00f1os menores de 5 a\u00f1os no pueden abrirlo en 5 minutos en la prueba de simulaci\u00f3n, lo que cumple los requisitos normativos de la FDA para envases a prueba de ni\u00f1os.<\/li>\n<li><strong>Resistencia qu\u00edmica y durabilidad<\/strong>: El material ha superado las pruebas de resistencia a la corrosi\u00f3n, resistencia a altas temperaturas (adapt\u00e1ndose al entorno de transporte) y resistencia a la penetraci\u00f3n de tinta para garantizar la estabilidad del almacenamiento a largo plazo.<\/li>\n<\/ol>\n<h4 id=\"-vi-application-scenarios-and-added-value-\"><strong>5. Escenarios de aplicaci\u00f3n y valor a\u00f1adido<\/strong><\/h4>\n<p>Este tipo de envase no s\u00f3lo es adecuado para los cartuchos de cigarrillos electr\u00f3nicos, sino que tambi\u00e9n puede ampliarse a los atomizadores de CBD, los medicamentos y otros \u00e1mbitos que requieren protecci\u00f3n infantil. Al integrar historias de marca (como conceptos de protecci\u00f3n del medio ambiente o alegaciones de salud) y etiquetas inteligentes (como c\u00f3digos de trazabilidad RFID), se puede reforzar a\u00fan m\u00e1s la confianza del consumidor y el valor a\u00f1adido del producto.<\/p>","protected":false},"excerpt":{"rendered":"<p>1. Papel art\u00edstico estucado C2S de 157 g, cart\u00f3n r\u00edgido de 1200 g, superficie lisa, material respetuoso con el medio ambiente.<br \/>\n2. Spot UV destaca la escena de alta gama del logotipo de la marca y la experiencia del usuario.<br \/>\n3. Altamente personalizable, material, color, tama\u00f1o, proceso de impresi\u00f3n de la superficie para adaptarse a su 1ml e-cigarrillo cartucho de embalaje.<\/p>","protected":false},"featured_media":8606,"template":"","meta":[],"product_brand":[],"product_cat":[30,431,420,31],"product_tag":[903,902,792],"class_list":{"0":"post-8603","1":"product","2":"type-product","3":"status-publish","4":"has-post-thumbnail","6":"product_cat-by-industry","7":"product_cat-child-resistant-packaging","8":"product_cat-custom-cannabis-boxes","9":"product_cat-paper-box-style","10":"product_tag-1ml-vape-boxes","11":"product_tag-1ml-vape-cartridge-packaging","12":"product_tag-child-proof-vape-packaging","14":"first","15":"instock","16":"shipping-taxable","17":"product-type-simple"},"_links":{"self":[{"href":"https:\/\/zojopackaging.com\/es\/wp-json\/wp\/v2\/product\/8603","targetHints":{"allow":["GET"]}}],"collection":[{"href":"https:\/\/zojopackaging.com\/es\/wp-json\/wp\/v2\/product"}],"about":[{"href":"https:\/\/zojopackaging.com\/es\/wp-json\/wp\/v2\/types\/product"}],"version-history":[{"count":1,"href":"https:\/\/zojopackaging.com\/es\/wp-json\/wp\/v2\/product\/8603\/revisions"}],"predecessor-version":[{"id":8610,"href":"https:\/\/zojopackaging.com\/es\/wp-json\/wp\/v2\/product\/8603\/revisions\/8610"}],"wp:featuredmedia":[{"embeddable":true,"href":"https:\/\/zojopackaging.com\/es\/wp-json\/wp\/v2\/media\/8606"}],"wp:attachment":[{"href":"https:\/\/zojopackaging.com\/es\/wp-json\/wp\/v2\/media?parent=8603"}],"wp:term":[{"taxonomy":"product_brand","embeddable":true,"href":"https:\/\/zojopackaging.com\/es\/wp-json\/wp\/v2\/product_brand?post=8603"},{"taxonomy":"product_cat","embeddable":true,"href":"https:\/\/zojopackaging.com\/es\/wp-json\/wp\/v2\/product_cat?post=8603"},{"taxonomy":"product_tag","embeddable":true,"href":"https:\/\/zojopackaging.com\/es\/wp-json\/wp\/v2\/product_tag?post=8603"}],"curies":[{"name":"wp","href":"https:\/\/api.w.org\/{rel}","templated":true}]}}