{"id":8611,"date":"2025-03-29T16:22:17","date_gmt":"2025-03-29T08:22:17","guid":{"rendered":"https:\/\/zojopackaging.com\/?post_type=product&#038;p=8611"},"modified":"2025-03-29T16:55:13","modified_gmt":"2025-03-29T08:55:13","slug":"high-quality-customized-jewelry-drawer-paper-box-manufacturer","status":"publish","type":"product","link":"https:\/\/zojopackaging.com\/es\/product\/high-quality-customized-jewelry-drawer-paper-box-manufacturer\/","title":{"rendered":"Alta calidad personalizado joyer\u00eda caj\u00f3n de papel fabricante"},"content":{"rendered":"<h2 id=\"manufacturer-s-description-of-high-quality-custom-jewelry-drawer-paper-boxes\">Descripci\u00f3n del fabricante de cajas de papel para cajones de joyer\u00eda personalizadas de alta calidad<\/h2>\n<h3 id=\"-1-innovative-box-design-and-environmental-sustainability-\"><strong>1. Dise\u00f1o innovador de cajas y sostenibilidad medioambiental<\/strong><\/h3>\n<p>Como f\u00e1brica principal especializada en la fabricaci\u00f3n de cajas de embalaje para joyer\u00eda, adoptamos d<strong>dise\u00f1o de la caja rawer<\/strong>, con una estructura de apertura deslizante como n\u00facleo, combinada con la ergonom\u00eda para optimizar la experiencia de apertura y cierre. El cuerpo de la caja y el caj\u00f3n interior est\u00e1n conectados por ra\u00edles de precisi\u00f3n, y la apertura y el cierre son suaves y la amortiguaci\u00f3n moderada, lo que no s\u00f3lo puede evitar deslizamientos accidentales, sino tambi\u00e9n verificar su durabilidad a trav\u00e9s de repetidas aperturas y cierres. El material es\u00a0<strong>Papel estucado C2S de 157 g + cart\u00f3n duro de 1200 g<\/strong>La superficie, tratada con un proceso de revestimiento de alto brillo, tiene un tacto delicado y suave, y una excelente adherencia de impresi\u00f3n, lo que permite presentar con precisi\u00f3n motivos complejos y logotipos de marca. Adem\u00e1s, el cart\u00f3n ha superado la certificaci\u00f3n forestal FSC para garantizar que la fuente de materias primas cumple las normas de protecci\u00f3n del medio ambiente y favorece el reciclaje.<\/p>\n<h3 id=\"-second-luxury-details-and-brand-value-enhancement-\"><strong>2. Detalles de lujo y valorizaci\u00f3n de la marca<\/strong><\/h3>\n<p>Para realzar el atractivo visual y el reconocimiento de marca del envase, incrustamos\u00a0<strong>perlas naturales o accesorios de imitaci\u00f3n de perlas<\/strong> en la parte superior del cuerpo de la caja, y se fijan mediante tecnolog\u00eda de incrustaci\u00f3n a mano, que no s\u00f3lo conserva el brillo natural, sino que tambi\u00e9n realza el lujo general. La impresi\u00f3n de la superficie adopta CMKY<strong>\u00a0tecnolog\u00eda de impresi\u00f3n de alta precisi\u00f3n<\/strong>, admite la personalizaci\u00f3n de colores planos Pantone y se combina parcialmente con la tecnolog\u00eda de estampaci\u00f3n en caliente, laminaci\u00f3n UV o gofrado. Por ejemplo, se utilizan abultamientos UV tridimensionales en el logotipo de la marca para formar un doble punto de memoria t\u00e1ctil y visual. El forro est\u00e1 hecho de\u00a0<strong>material de flocado a medida<\/strong>y el contorno de las joyas se adapta con precisi\u00f3n mediante modelado 3D. Por ejemplo, la ranura del anillo adopta una ranura ondulada de terciopelo, y el soporte del collar adopta una estructura colgante ajustable, que no solo protege el producto de ara\u00f1azos, sino que tambi\u00e9n mejora la est\u00e9tica de la pantalla.<\/p>\n<h3 id=\"-three-full-link-customized-service-capabilities-\"><strong>3.Capacidades de servicio personalizado de enlace completo<\/strong><\/h3>\n<p>Confiar en\u00a0<strong>16 a\u00f1os de experiencia en la fabricaci\u00f3n de envases de joyer\u00eda<\/strong>Ofrecemos un servicio integral de personalizaci\u00f3n, desde el dise\u00f1o hasta la producci\u00f3n:<\/p>\n<ol>\n<li><strong>Adaptaci\u00f3n flexible de la caja<\/strong>: Admite una variedad de tipos de cajas derivadas, como tapas superiores e inferiores, tapas abatibles, cierres magn\u00e9ticos, etc., con un rango de tama\u00f1o de 30 mm\u00d730 mm a 300 mm\u00d7300 mm, satisfaciendo las necesidades de almacenamiento de joyas individuales a juegos completos de joyas.<\/li>\n<li><strong>Soluci\u00f3n de mejora del material<\/strong>: Adem\u00e1s del cart\u00f3n est\u00e1ndar, pueden seleccionarse materiales especiales como el cart\u00f3n dorado y plateado, el papel nacarado y el papel relleno de cuero, o superponerse procesos compuestos como el ribeteado met\u00e1lico y la chapa de cuero para adaptarse a escenarios personalizados de gama alta.<\/li>\n<li><strong>Ampliaci\u00f3n inteligente de funciones<\/strong>: Puede integrar chips RFID antifalsificaci\u00f3n, etiquetas sensoras NFC, etc. Los usuarios pueden obtener informaci\u00f3n sobre la trazabilidad de los productos tocando sus tel\u00e9fonos m\u00f3viles para aumentar la confianza de los consumidores.<\/li>\n<\/ol>\n<h3 id=\"-fourth-large-scale-production-and-quality-control-guarantee-\"><strong>4. Producci\u00f3n a gran escala y garant\u00eda de control de calidad<\/strong><\/h3>\n<p>La f\u00e1brica ha\u00a0<strong>20 l\u00edneas de producci\u00f3n totalmente autom\u00e1ticas<\/strong>Con una capacidad de producci\u00f3n media diaria de 100.000 piezas, que permite realizar pruebas ultrarr\u00e1pidas en 48 horas y entregas a gran escala en un plazo de 15 d\u00edas. El sistema de control de calidad ha pasado\u00a0<strong>Certificaci\u00f3n de gesti\u00f3n de calidad ISO 9001<\/strong>\u00a0y\u00a0<strong>Certificaci\u00f3n medioambiental FSC<\/strong>y aplica un triple proceso de pruebas:<\/p>\n<ul>\n<li><strong>Pruebas de materias primas<\/strong>: Pruebas en laboratorio del gramaje del cart\u00f3n, la resistencia al plegado y el contenido de metales pesados de la tinta;<\/li>\n<li><strong>Supervisi\u00f3n del proceso de producci\u00f3n<\/strong>: Utilice un color\u00edmetro para calibrar los colores de impresi\u00f3n en tiempo real y garantizar la uniformidad de los lotes;<\/li>\n<li><strong>Pruebas de presi\u00f3n del producto acabado<\/strong>: Simular el entorno de transporte para probar la caja de embalaje a la compresi\u00f3n, la ca\u00edda y los ciclos de temperatura y humedad, con una resistencia a la carga de m\u00e1s de 20 kg.<\/li>\n<\/ul>\n<h4 id=\"-five-one-stop-service-and-industry-solutions-\"><strong>5. Servicio integral y soluciones industriales<\/strong><\/h4>\n<p>Nuestro equipo profesional ofrece\u00a0<strong>soporte de dise\u00f1o gratuito<\/strong>, incluyendo renderizado estructural en 3D, soluciones de integraci\u00f3n de la marca VI y sugerencias de optimizaci\u00f3n de costes. Orientaci\u00f3n a diferentes posicionamientos de mercado:<\/p>\n<ul>\n<li><strong>Clientes del comercio electr\u00f3nico transfronterizo<\/strong>: Proporcionar soluciones log\u00edsticas de embalaje ligero y a prueba de golpes que cumplan los requisitos de las plataformas Amazon y eBay;<\/li>\n<li><strong>Marcas de joyer\u00eda de alta gama<\/strong>: Cooperar con equipos de dise\u00f1o italianos para desarrollar cajas de regalo art\u00edsticas de edici\u00f3n limitada, integrando la artesan\u00eda oriental del lacado con la est\u00e9tica minimalista occidental;<\/li>\n<li><strong>Necesidades de actividades de promoci\u00f3n<\/strong>: Admite pedidos de lotes peque\u00f1os (m\u00ednimo 500 unidades), y puede combinarse con bolsos personalizados, tarjetas de garant\u00eda y otros materiales perif\u00e9ricos.<\/li>\n<\/ul>\n<p><strong>Valor de la cooperaci\u00f3n<\/strong>: El\u00edjanos, obtendr\u00e1 una soluci\u00f3n de envasado de joyas que combina funcionalidad, arte y responsabilidad medioambiental, transmitir\u00e1 historias de marca a trav\u00e9s de los medios de envasado y aumentar\u00e1 el espacio premium del producto.<\/p>","protected":false},"excerpt":{"rendered":"<p>1. Papel estucado C2S de 157 g, cart\u00f3n r\u00edgido de 1200 g, superficie lisa, gran adherencia, impresi\u00f3n n\u00edtida.<br \/>\n2. Con accesorios de perlas, aumenta la sensaci\u00f3n de lujo y el atractivo visual, y mejora el reconocimiento de la marca.<br \/>\n3. El tipo de caja, el tama\u00f1o, el material y la impresi\u00f3n de la superficie pueden ser altamente personalizados para adaptarse a su caja de embalaje de joyer\u00eda<\/p>","protected":false},"featured_media":8612,"template":"","meta":[],"product_brand":[],"product_cat":[30,415,31,426],"product_tag":[906,904,905],"class_list":{"0":"post-8611","1":"product","2":"type-product","3":"status-publish","4":"has-post-thumbnail","6":"product_cat-by-industry","7":"product_cat-custom-jewelry-boxes-by-industry","8":"product_cat-paper-box-style","9":"product_cat-paper-drawer-boxes","10":"product_tag-customized-jewelry-box","11":"product_tag-high-quality-logo-customized-jewelry-drawer-paper-box-manufacturer-jewelry-drawer-paper-box","12":"product_tag-jewelry-box-manufacturer","14":"first","15":"instock","16":"shipping-taxable","17":"product-type-simple"},"_links":{"self":[{"href":"https:\/\/zojopackaging.com\/es\/wp-json\/wp\/v2\/product\/8611","targetHints":{"allow":["GET"]}}],"collection":[{"href":"https:\/\/zojopackaging.com\/es\/wp-json\/wp\/v2\/product"}],"about":[{"href":"https:\/\/zojopackaging.com\/es\/wp-json\/wp\/v2\/types\/product"}],"version-history":[{"count":1,"href":"https:\/\/zojopackaging.com\/es\/wp-json\/wp\/v2\/product\/8611\/revisions"}],"predecessor-version":[{"id":8623,"href":"https:\/\/zojopackaging.com\/es\/wp-json\/wp\/v2\/product\/8611\/revisions\/8623"}],"wp:featuredmedia":[{"embeddable":true,"href":"https:\/\/zojopackaging.com\/es\/wp-json\/wp\/v2\/media\/8612"}],"wp:attachment":[{"href":"https:\/\/zojopackaging.com\/es\/wp-json\/wp\/v2\/media?parent=8611"}],"wp:term":[{"taxonomy":"product_brand","embeddable":true,"href":"https:\/\/zojopackaging.com\/es\/wp-json\/wp\/v2\/product_brand?post=8611"},{"taxonomy":"product_cat","embeddable":true,"href":"https:\/\/zojopackaging.com\/es\/wp-json\/wp\/v2\/product_cat?post=8611"},{"taxonomy":"product_tag","embeddable":true,"href":"https:\/\/zojopackaging.com\/es\/wp-json\/wp\/v2\/product_tag?post=8611"}],"curies":[{"name":"wp","href":"https:\/\/api.w.org\/{rel}","templated":true}]}}