{"id":8650,"date":"2025-03-29T18:38:04","date_gmt":"2025-03-29T10:38:04","guid":{"rendered":"https:\/\/zojopackaging.com\/?post_type=product&#038;p=8650"},"modified":"2025-03-29T18:51:30","modified_gmt":"2025-03-29T10:51:30","slug":"custom-hard-packing-wax-figure-statue-ceramic-packaging-box","status":"publish","type":"product","link":"https:\/\/zojopackaging.com\/es\/product\/custom-hard-packing-wax-figure-statue-ceramic-packaging-box\/","title":{"rendered":"Embalaje duro personalizado Figura de cera Estatua de cer\u00e1mica Caja de embalaje"},"content":{"rendered":"<h3 id=\"customized-hard-packaging-wax-statue-ceramic-packaging-box-product-description\">Caja de embalaje personalizada de cera dura para estatuas de cer\u00e1mica<\/h3>\n<h4 id=\"1-environmentally-friendly-and-sustainable-materials-a-balance-between-nature-and-technology-\">1.\u00a0<strong>Materiales ecol\u00f3gicos y sostenibles: equilibrio entre naturaleza y tecnolog\u00eda<\/strong><\/h4>\n<p>Este producto utiliza\u00a0<strong>Papel estucado C2S de 157 g (papel estucado) y cart\u00f3n r\u00edgido de 1200 g (cartulina)<\/strong>\u00a0materiales combinados, que son a la vez est\u00e9ticos y funcionales.<\/p>\n<ul>\n<li><strong>Ventajas medioambientales<\/strong>: Todas las materias primas cuentan con la certificaci\u00f3n FSC y apoyan el reciclaje. El cart\u00f3n interior adopta un proceso de pegado sin cola para reducir la contaminaci\u00f3n qu\u00edmica; el papel estucado exterior est\u00e1 recubierto con una capa mate para evitar la contaminaci\u00f3n reflectante y mejorar el tacto delicado.<\/li>\n<li><strong>Dise\u00f1o sostenible<\/strong>: Al optimizar la estructura para reducir los residuos de material, la caja de embalaje puede reciclarse o degradarse por completo, de acuerdo con las normas de protecci\u00f3n medioambiental REACH de la UE.<\/li>\n<\/ul>\n<h4 id=\"2-head-and-earth-cover-box-type-dual-upgrade-of-ritual-sense-and-protection-\">2. Tapa y base<strong>\u00a0tipo de caja: doble mejora de sentido ritual y protecci\u00f3n<\/strong><\/h4>\n<p>Adoptando el cl\u00e1sico\u00a0<strong>estructura de la cubierta superior e inferior<\/strong>combinadas con las exquisitas propiedades de las estatuas de cera, para crear una experiencia envolvente.<\/p>\n<ul>\n<li><strong>Ventajas estructurales<\/strong>: El tipo de caja con tapa superior e inferior tiene un amplio espacio interior y puede alojar estatuas de cer\u00e1mica de hasta 50 cm de altura. El dise\u00f1o de las ranuras de revestimiento, calculado con precisi\u00f3n, garantiza un desplazamiento nulo durante el transporte.<\/li>\n<li><strong>Valor est\u00e9tico<\/strong>: Cuando se abre la tapa, presenta un efecto visual \"escenogr\u00e1fico\", como si se descubriera una obra de arte. El logotipo de la marca o el t\u00f3tem personalizado se estampan en caliente en la superficie, y el color principal azul mate crea una atm\u00f3sfera curativa.<\/li>\n<\/ul>\n<h4 id=\"3-unlimited-customization-comprehensive-adaptation-from-function-to-art-\">3.\u00a0<strong>Personalizaci\u00f3n ilimitada: Adaptaci\u00f3n integral de la funci\u00f3n al arte<\/strong><\/h4>\n<ol>\n<li><strong>Tipo y tama\u00f1o de caja<\/strong>: Admite el corte de formas especiales (como arco, ventana de perspectiva hueca), estructura de caj\u00f3n de capas, y es adecuado para figuras de cera y esculturas de cer\u00e1mica de diferentes tama\u00f1os.<\/li>\n<li><strong>Color y artesan\u00eda<\/strong>:<\/li>\n<li><strong>Color principal<\/strong>: Adopte\u00a0<strong>Azul Morandi<\/strong>, ajustar con precisi\u00f3n el color a trav\u00e9s de la tarjeta de color Pantone, reducir la fatiga visual, y que coincida con el temperamento de la artesan\u00eda de gama alta.<\/li>\n<li><strong>Tecnolog\u00eda de impresi\u00f3n<\/strong>: Impresi\u00f3n offset de alta definici\u00f3n + tecnolog\u00eda UV local, para conseguir que no haya diferencias de color en el patr\u00f3n, una nitidez de texto de 300 ppp y presentar perfectamente los detalles pintados a mano y los logotipos de la marca.<\/li>\n<li><strong>Protecci\u00f3n del forro interior<\/strong>:<\/li>\n<li><strong>Bandeja interior personalizada<\/strong>: Se utiliza esponja EVA o papel de nido de abeja degradable, troquelado seg\u00fan el contorno del producto, y el rendimiento de amortiguaci\u00f3n alcanza la norma ASTM D4169, que es a prueba de golpes y resistente a la presi\u00f3n.<\/li>\n<li><strong>Dise\u00f1o en capas<\/strong>: Se pueden a\u00f1adir barreras independientes para proteger los accesorios (como certificados, herramientas de mantenimiento).<\/li>\n<\/ol>\n<h4 id=\"4-direct-connection-to-the-source-factory-double-guarantee-of-efficiency-and-quality-\">4.\u00a0<strong>Conexi\u00f3n directa con la f\u00e1brica de origen: doble garant\u00eda de eficacia y calidad<\/strong><\/h4>\n<ul>\n<li><strong>Cadena de producci\u00f3n<\/strong>: Conectado directamente al\u00a0<strong>f\u00e1brica profesional de cajas de embalaje para productos hechos a mano<\/strong>\u00a0en la regi\u00f3n china del delta del r\u00edo Perla, utilizando una m\u00e1quina de envasado de tapas superiores e inferiores totalmente autom\u00e1tica, con una capacidad de producci\u00f3n media diaria de 5000+ y una tasa de error de &lt;0,1 mm.<\/li>\n<li><strong>Ventajas del servicio<\/strong>:<\/li>\n<li>Los archivos de prueba en 3D se entregan en 48 horas, y la entrega f\u00edsica de la caja de muestras se completa en 72 horas;<\/li>\n<li>Admite la personalizaci\u00f3n de peque\u00f1os lotes (pedido m\u00ednimo de 50 piezas), sin costes adicionales de versi\u00f3n.<\/li>\n<\/ul>\n<h4 id=\"5-application-scenarios-and-brand-empowerment-\">5.\u00a0<strong>Escenarios de aplicaci\u00f3n y potenciaci\u00f3n de la marca<\/strong><\/h4>\n<ul>\n<li><strong>Adaptaci\u00f3n del escenario<\/strong>: Aplicable al transporte de figuras de cera a nivel de museo, colecciones de arte de cer\u00e1mica de alta gama, cajas de regalo de edici\u00f3n limitada hechas a mano, etc.<\/li>\n<li><strong>Valor de marca<\/strong>: A trav\u00e9s de la\u00a0<strong>\"funci\u00f3n \"pantalla secundaria<\/strong>\u00a0de la caja de envasado (como el cuerpo de la caja colgable, el dise\u00f1o de expositor combinado), ampl\u00edan el ciclo de exposici\u00f3n de la marca y mejoran la disposici\u00f3n de los usuarios a compartir en las redes sociales.<\/li>\n<\/ul>\n<h4 id=\"6-technical-parameters-and-after-sales-commitment-\">6.\u00a0<strong>Par\u00e1metros t\u00e9cnicos y compromiso posventa<\/strong><\/h4>\n<table>\n<thead>\n<tr>\n<th>Proyecto<\/th>\n<th>Par\u00e1metros\/compromisos<\/th>\n<\/tr>\n<\/thead>\n<tbody>\n<tr>\n<td>Capacidad de carga<\/td>\n<td>Carga est\u00e1tica \u226520kg, altura din\u00e1mica antica\u00edda 1,2m<\/td>\n<\/tr>\n<tr>\n<td>Certificaci\u00f3n medioambiental<\/td>\n<td>FSC, SGS, RoHS<\/td>\n<\/tr>\n<tr>\n<td>Norma de diferencia de color<\/td>\n<td>\u0394E\u22641,5 (ISO 12647-2)<\/td>\n<\/tr>\n<tr>\n<td>Garant\u00eda posventa<\/td>\n<td>Indemnizaci\u00f3n completa por da\u00f1os de transporte, almacenamiento gratuito de archivos de dise\u00f1o de por vida<\/td>\n<\/tr>\n<\/tbody>\n<\/table>\n<p><strong>Elegirnos no es s\u00f3lo elegir un envase, sino dar a su obra de arte una vitalidad sostenible.<\/strong><\/p>","protected":false},"excerpt":{"rendered":"<p>1. Papel estucado C2S de 157 g + cart\u00f3n r\u00edgido de 1200 g, materiales ecol\u00f3gicos y sostenibles<br \/>\n2. Tipo de caja con tapa superior e inferior, con estructura de tapa superior e inferior para mejorar la experiencia de desembalaje del cliente.<br \/>\n3. Personalizaci\u00f3n ilimitada del tipo, material, color y tama\u00f1o de la caja para adaptarla a sus envases de cer\u00e1mica para estatuas de cera.<\/p>","protected":false},"featured_media":8651,"template":"","meta":[],"product_brand":[],"product_cat":[30,423,425,31],"product_tag":[931,929,930],"class_list":{"0":"post-8650","1":"product","2":"type-product","3":"status-publish","4":"has-post-thumbnail","6":"product_cat-by-industry","7":"product_cat-custom-presentation-boxes-by-industry","8":"product_cat-lid-and-base-gift-box","9":"product_cat-paper-box-style","10":"product_tag-ceramic-packaging-box","11":"product_tag-hard-packing-wax-figure","12":"product_tag-statue-packaging","14":"first","15":"instock","16":"shipping-taxable","17":"product-type-simple"},"_links":{"self":[{"href":"https:\/\/zojopackaging.com\/es\/wp-json\/wp\/v2\/product\/8650","targetHints":{"allow":["GET"]}}],"collection":[{"href":"https:\/\/zojopackaging.com\/es\/wp-json\/wp\/v2\/product"}],"about":[{"href":"https:\/\/zojopackaging.com\/es\/wp-json\/wp\/v2\/types\/product"}],"version-history":[{"count":1,"href":"https:\/\/zojopackaging.com\/es\/wp-json\/wp\/v2\/product\/8650\/revisions"}],"predecessor-version":[{"id":8660,"href":"https:\/\/zojopackaging.com\/es\/wp-json\/wp\/v2\/product\/8650\/revisions\/8660"}],"wp:featuredmedia":[{"embeddable":true,"href":"https:\/\/zojopackaging.com\/es\/wp-json\/wp\/v2\/media\/8651"}],"wp:attachment":[{"href":"https:\/\/zojopackaging.com\/es\/wp-json\/wp\/v2\/media?parent=8650"}],"wp:term":[{"taxonomy":"product_brand","embeddable":true,"href":"https:\/\/zojopackaging.com\/es\/wp-json\/wp\/v2\/product_brand?post=8650"},{"taxonomy":"product_cat","embeddable":true,"href":"https:\/\/zojopackaging.com\/es\/wp-json\/wp\/v2\/product_cat?post=8650"},{"taxonomy":"product_tag","embeddable":true,"href":"https:\/\/zojopackaging.com\/es\/wp-json\/wp\/v2\/product_tag?post=8650"}],"curies":[{"name":"wp","href":"https:\/\/api.w.org\/{rel}","templated":true}]}}