{"id":8662,"date":"2025-03-29T18:52:17","date_gmt":"2025-03-29T10:52:17","guid":{"rendered":"https:\/\/zojopackaging.com\/?post_type=product&#038;p=8662"},"modified":"2025-03-29T19:08:58","modified_gmt":"2025-03-29T11:08:58","slug":"black-small-cardboard-100ml-perfume-spray-packaging-boxes","status":"publish","type":"product","link":"https:\/\/zojopackaging.com\/es\/product\/black-small-cardboard-100ml-perfume-spray-packaging-boxes\/","title":{"rendered":"Cajas Peque\u00f1as de Cart\u00f3n Negro para Perfume en Spray de 100ml"},"content":{"rendered":"<h3 id=\"black-small-cardboard-100ml-perfume-spray-packaging-box-product\">Cart\u00f3n negro peque\u00f1o 100ml perfume aerosol caja de embalaje producto<\/h3>\n<h4 id=\"1-environmentally-friendly-materials-and-sustainable-design-\">1.\u00a0<strong>Materiales respetuosos con el medio ambiente y dise\u00f1o sostenible<\/strong><\/h4>\n<p>Este producto utiliza\u00a0<strong>Papel de polipiel de 120 g (papel con tacto de polipiel) y cart\u00f3n r\u00edgido de 1200 g (cartulina)<\/strong>\u00a0combinaci\u00f3n de materiales, teniendo en cuenta la textura de alta gama y los conceptos de protecci\u00f3n del medio ambiente.<\/p>\n<ul>\n<li><strong>Sustrato verde<\/strong>: El Papel Leatherette se basa en un sustrato de papel reciclable y biodegradable, con un revestimiento de tacto mate en la superficie, que combina la delicada textura del cuero con las caracter\u00edsticas de protecci\u00f3n medioambiental del papel. La capa interior de cart\u00f3n de 1200 g est\u00e1 fabricada con tecnolog\u00eda de uni\u00f3n sin cola, conforme a las normas REACH de la UE, y favorece el reciclaje.<\/li>\n<li><strong>Certificaci\u00f3n sostenible<\/strong>: El material ha superado la certificaci\u00f3n forestal FSC y las pruebas medioambientales SGS, con un ciclo de degradaci\u00f3n de \u2264180 d\u00edas, lo que coincide con la tendencia mundial de consumo ecol\u00f3gico.<\/li>\n<\/ul>\n<h4 id=\"2-magnetic-box-type-precise-alignment-and-efficient-opening-and-closing-\">2.\u00a0<strong>Caja de cierre magn\u00e9tico: alineaci\u00f3n precisa y apertura y cierre eficaces<\/strong><\/h4>\n<p>Innovador\u00a0<strong>caja con cierre magn\u00e9tico<\/strong>, la tapa de la caja se alinea autom\u00e1ticamente y se adsorbe firmemente a trav\u00e9s de imanes incrustados, y la eficiencia de apertura y cierre se incrementa en 50%.<\/p>\n<ul>\n<li><strong>Ventajas funcionales<\/strong>:<\/li>\n<li>Error de separaci\u00f3n entre imanes \u22640,1mm, fuerza de adsorci\u00f3n \u22651,2N, garantizando cero aflojamientos durante el transporte;<\/li>\n<li>La tapa est\u00e1 dise\u00f1ada para no tener juntas cuando est\u00e1 cerrada, lo que a\u00edsla eficazmente el ox\u00edgeno y la humedad y prolonga la vida \u00fatil del perfume.<\/li>\n<li><strong>Experiencia del usuario<\/strong>: La operaci\u00f3n de apertura y cierre se puede completar con una sola mano, y el sonido magn\u00e9tico es n\u00edtido y agradable, dando una sensaci\u00f3n de ritual al desembalar.<\/li>\n<\/ul>\n<h4 id=\"3-hot-stamping-process-dual-empowerment-of-vision-and-value-\">3. L\u00e1mina plateada de estampaci\u00f3n en caliente <strong>proceso: doble potenciaci\u00f3n de la visi\u00f3n y el valor<\/strong><\/h4>\n<p>Adoptar\u00a0<strong>nanotecnolog\u00eda de estampaci\u00f3n en caliente de plata<\/strong>La l\u00e1mina met\u00e1lica se adhiere con precisi\u00f3n a la superficie de la caja mediante un proceso de gofrado a alta temperatura.<\/p>\n<ul>\n<li><strong>Aspectos tecnol\u00f3gicos destacados<\/strong>:<\/li>\n<li>Admite relieve tridimensional, l\u00e1ser de espejo y otros efectos, la resistencia a la fricci\u00f3n de la zona de estampaci\u00f3n en caliente alcanza la dureza 3H y la claridad del patr\u00f3n alcanza los 300 ppp;<\/li>\n<li>LOGO de marca personalizable, t\u00f3tem o texto art\u00edstico, diferencia de color est\u00e1ndar \u0394E\u22641,5 (ISO 12647-2), para aumentar el espacio premium del producto.<\/li>\n<li><strong>Caso de aplicaci\u00f3n<\/strong>: Recurra al dise\u00f1o de envases de lujo, como el proceso de estampaci\u00f3n en caliente del estuche del perfume Dita von Teese Signature, para transformar el logotipo de la marca en un s\u00edmbolo visual coleccionable.<\/li>\n<\/ul>\n<h4 id=\"4-unlimited-customization-comprehensive-adaptation-from-function-to-aesthetics-\">4.\u00a0<strong>Personalizaci\u00f3n ilimitada: adaptaci\u00f3n integral desde la funci\u00f3n hasta la est\u00e9tica<\/strong><\/h4>\n<ol>\n<li><strong>Tipo y tama\u00f1o de caja<\/strong>: Soporta tapa abatible magn\u00e9tica, tapa superior e inferior, tipo caj\u00f3n y otros tipos de caja, apto para frascos de perfume de 30ml a 200ml, con una tasa de error de \u22640,1mm.<\/li>\n<li><strong>Color y material<\/strong>:<\/li>\n<li><strong>Color principal<\/strong>: Proporciona 12 cartas de colores Pantone, como el negro cl\u00e1sico, el azul Morandi, el dorado champ\u00e1n, etc., y se pueden cambiar los efectos mate\/brillo;<\/li>\n<li><strong>Material mejorado<\/strong>: Papel flocado opcional, papel compuesto de l\u00e1mina met\u00e1lica, etc., para satisfacer las necesidades de embalaje de lujo.<\/li>\n<li><strong>Optimizaci\u00f3n del revestimiento interior<\/strong>:<\/li>\n<li><strong>Bandeja interior troquelada de EVA<\/strong>: Precisamente cortado de acuerdo con el contorno de la botella de perfume, el rendimiento de amortiguaci\u00f3n alcanza la norma ASTM D4169, y la relaci\u00f3n de vac\u00edo es \u22645%;<\/li>\n<li><strong>Dise\u00f1o en capas<\/strong>: Se pueden a\u00f1adir bloques independientes para almacenar instrucciones y accesorios de boquillas, y el \u00edndice de utilizaci\u00f3n del espacio aumenta en 30%.<\/li>\n<\/ol>\n<h4 id=\"5-production-strength-and-delivery-guarantee-\">5.\u00a0<strong>Fuerza de producci\u00f3n y garant\u00eda de entrega<\/strong><\/h4>\n<ul>\n<li><strong>Capacidad de la f\u00e1brica<\/strong>: Conectado directamente al\u00a0<strong>f\u00e1brica profesional de envases de cart\u00f3n para perfumes<\/strong>\u00a0en la regi\u00f3n del delta del r\u00edo Perla, equipada con m\u00e1s de 20 l\u00edneas de producci\u00f3n totalmente autom\u00e1ticas, que abarcan la estampaci\u00f3n en caliente, el troquelado, el encolado de cajas y otros procesos, con una capacidad media de producci\u00f3n diaria de m\u00e1s de 100.000 unidades.<\/li>\n<li><strong>Ventajas del servicio<\/strong>:<\/li>\n<li>Los archivos de prueba en 3D se entregan en 48 horas, y las cajas de muestras f\u00edsicas, en 72 horas;<\/li>\n<li>Soporta 50 piezas de pedido m\u00ednimo, sin cuota de versi\u00f3n adicional, y el precio unitario de los pedidos grandes puede ser tan bajo como 3 yuanes\/caja.<\/li>\n<li><strong>Normas de control de calidad<\/strong>: Certificaci\u00f3n del sistema de calidad ISO 9001, capacidad de carga \u226515 kg y altura antica\u00edda de 1,5 m.<\/li>\n<\/ul>\n<h4 id=\"vi-technical-parameters-and-scene-adaptation-\">6. <strong>Par\u00e1metros t\u00e9cnicos y adaptaci\u00f3n de la escena<\/strong><\/h4>\n<table>\n<thead>\n<tr>\n<th>Proyecto<\/th>\n<th>Par\u00e1metros\/compromisos<\/th>\n<\/tr>\n<\/thead>\n<tbody>\n<tr>\n<td>Certificaci\u00f3n medioambiental<\/td>\n<td>FSC, SGS, RoHS, REACH<\/td>\n<\/tr>\n<tr>\n<td>Vida magn\u00e9tica<\/td>\n<td>\u2265100.000 aperturas y cierres<\/td>\n<\/tr>\n<tr>\n<td style=\"text-align: center;\">Adherencia por estampaci\u00f3n en caliente<\/td>\n<td>Nota 4B en la prueba Baige<\/td>\n<\/tr>\n<tr>\n<td>Cantidad m\u00ednima de pedido<\/td>\n<td>500 piezas<\/td>\n<\/tr>\n<tr>\n<td>Ciclo de entrega<\/td>\n<td>7-10 d\u00edas (menos de 10.000 piezas)<\/td>\n<\/tr>\n<\/tbody>\n<\/table>\n<p><strong>Elegirnos no es s\u00f3lo elegir un envase, sino tambi\u00e9n ofrecer a su perfume una experiencia de lujo sostenible.<\/strong><\/p>","protected":false},"excerpt":{"rendered":"<p>1. Papel de polipiel de 120 g, cart\u00f3n r\u00edgido de 1200 g 100% material respetuoso con el medio ambiente<br \/>\n2. La caja de cierre magn\u00e9tico puede realizar la alineaci\u00f3n autom\u00e1tica y la adsorci\u00f3n firme de los imanes, mejorando en gran medida la eficiencia de uso<br \/>\n3. El papel polipiel est\u00e1 fabricado con sustrato de papel reciclable y biodegradable, lo que se ajusta a la tendencia de consumo ecol\u00f3gico<\/p>","protected":false},"featured_media":8665,"template":"","meta":[],"product_brand":[],"product_cat":[30,417,424,31],"product_tag":[943,945,944],"class_list":{"0":"post-8662","1":"product","2":"type-product","3":"status-publish","4":"has-post-thumbnail","6":"product_cat-by-industry","7":"product_cat-custom-perfume-boxes-by-industry","8":"product_cat-magnetic-closure-boxes","9":"product_cat-paper-box-style","10":"product_tag-100ml-perfume-packaging","11":"product_tag-black-perfume-boxes","12":"product_tag-perfume-spray-packaging","14":"first","15":"instock","16":"shipping-taxable","17":"product-type-simple"},"_links":{"self":[{"href":"https:\/\/zojopackaging.com\/es\/wp-json\/wp\/v2\/product\/8662","targetHints":{"allow":["GET"]}}],"collection":[{"href":"https:\/\/zojopackaging.com\/es\/wp-json\/wp\/v2\/product"}],"about":[{"href":"https:\/\/zojopackaging.com\/es\/wp-json\/wp\/v2\/types\/product"}],"version-history":[{"count":1,"href":"https:\/\/zojopackaging.com\/es\/wp-json\/wp\/v2\/product\/8662\/revisions"}],"predecessor-version":[{"id":8675,"href":"https:\/\/zojopackaging.com\/es\/wp-json\/wp\/v2\/product\/8662\/revisions\/8675"}],"wp:featuredmedia":[{"embeddable":true,"href":"https:\/\/zojopackaging.com\/es\/wp-json\/wp\/v2\/media\/8665"}],"wp:attachment":[{"href":"https:\/\/zojopackaging.com\/es\/wp-json\/wp\/v2\/media?parent=8662"}],"wp:term":[{"taxonomy":"product_brand","embeddable":true,"href":"https:\/\/zojopackaging.com\/es\/wp-json\/wp\/v2\/product_brand?post=8662"},{"taxonomy":"product_cat","embeddable":true,"href":"https:\/\/zojopackaging.com\/es\/wp-json\/wp\/v2\/product_cat?post=8662"},{"taxonomy":"product_tag","embeddable":true,"href":"https:\/\/zojopackaging.com\/es\/wp-json\/wp\/v2\/product_tag?post=8662"}],"curies":[{"name":"wp","href":"https:\/\/api.w.org\/{rel}","templated":true}]}}