{"id":8676,"date":"2025-03-29T19:09:27","date_gmt":"2025-03-29T11:09:27","guid":{"rendered":"https:\/\/zojopackaging.com\/?post_type=product&#038;p=8676"},"modified":"2025-03-29T19:35:04","modified_gmt":"2025-03-29T11:35:04","slug":"custom-personalized-rings-necklaces-gift-box-wholesale","status":"publish","type":"product","link":"https:\/\/zojopackaging.com\/es\/product\/custom-personalized-rings-necklaces-gift-box-wholesale\/","title":{"rendered":"Anillos Personalizados Collares Caja de Regalo al por mayor"},"content":{"rendered":"<h3 id=\"customized-personalized-ring-and-necklace-gift-box-wholesale-product-description\">Caja de regalo personalizada para anillos y collares al por mayor<\/h3>\n<h4 id=\"1-head-and-bottom-lid-box-type-the-perfect-balance-of-ritual-and-convenience-\">1.\u00a0<strong>Tipo caja con tapa y base: el equilibrio perfecto entre ritual y comodidad<\/strong><\/h4>\n<p>Este producto adopta\u00a0<strong>tapa y base tipo caja<\/strong>La tapa superior y la caja inferior se abren y cierran con una sola mano gracias a una precisa estructura anidada, que mejora la experiencia de desembalaje a la vez que protege.<\/p>\n<ul>\n<li><strong>Ventajas funcionales<\/strong>: El espacio interior del cuerpo de la caja se adapta al tama\u00f1o de los anillos, collares y otros accesorios, el \u00e1ngulo de apertura de la tapa superior es \u226560\u00b0, y la apertura y el cierre se pueden completar con un solo empuje de la mano, evitando da\u00f1os en el embalaje causados por una operaci\u00f3n engorrosa.<\/li>\n<li><strong>Dise\u00f1o est\u00e9tico<\/strong>: La tapa de la caja encaja a la perfecci\u00f3n cuando est\u00e1 cerrada, y la superficie puede personalizarse con texturas en relieve o t\u00f3tems de la marca, con un color principal azul macarr\u00f3n mate para crear una atm\u00f3sfera curativa.<\/li>\n<\/ul>\n<h4 id=\"2-special-paper-material-a-double-breakthrough-in-environmental-protection-and-high-end-\">2.\u00a0<strong>Material de papel especial: un doble avance en protecci\u00f3n medioambiental y alta gama<\/strong><\/h4>\n<p>Seleccione\u00a0<strong>Papel especial con certificaci\u00f3n FSC<\/strong>, superan las limitaciones del papel tradicional y combinan la tecnolog\u00eda de protecci\u00f3n del medio ambiente para lograr soluciones de envasado sostenibles.<\/p>\n<ul>\n<li><strong>Propiedades de los materiales<\/strong>:<\/li>\n<li>La capa superficial est\u00e1 formada por\u00a0<strong>papel de tacto similar al cuero<\/strong>\u00a0o\u00a0<strong>papel especial con textura estenopeica<\/strong>con un espesor de 0,12 mm, una rigidez conforme a la norma ASTM D774 y una resistencia a la rotura \u226580 kPa;<\/li>\n<li>La capa interior se combina con\u00a0<strong>Cart\u00f3n reciclado de 1200 g<\/strong>, y el proceso de pegado sin cola reduce la contaminaci\u00f3n qu\u00edmica, y el ciclo de degradaci\u00f3n es de \u2264180 d\u00edas.<\/li>\n<li><strong>Escenarios de aplicaci\u00f3n<\/strong>: Adecuado para la exhibici\u00f3n de joyer\u00eda, transporte de comercio electr\u00f3nico, personalizaci\u00f3n de regalos de gama alta y otros escenarios, apoyando el reciclaje.<\/li>\n<\/ul>\n<h4 id=\"3-hot-stamping-process-details-empower-brand-value-\">3. Astilla h<strong>ot stamping foil process: los detalles potencian el valor de la marca<\/strong><\/h4>\n<p>A trav\u00e9s de\u00a0<strong>nanotecnolog\u00eda de estampaci\u00f3n en caliente<\/strong>Se pueden conseguir l\u00edneas de estampaci\u00f3n en caliente y logotipos de hasta 0,1 mm de grosor para aumentar el valor a\u00f1adido del producto.<\/p>\n<ul>\n<li><strong>Aspectos tecnol\u00f3gicos destacados<\/strong>:<\/li>\n<li>Ayuda\u00a0<strong>estampaci\u00f3n en caliente en relieve tridimensional<\/strong>,\u00a0<strong>efecto l\u00e1ser espejo<\/strong>, norma de diferencia de color \u0394E\u22641,5 (ISO 12647-2), la adherencia alcanza el nivel 4B de la prueba Baige;<\/li>\n<li>LOGO de la marca personalizable, texto art\u00edstico o t\u00f3tem cultural, los casos de referencia incluyen Chow Tai Fook ING serie de estampaci\u00f3n en caliente caja del anillo y Tiffany Blue Book dise\u00f1o de la caja de regalo.<\/li>\n<\/ul>\n<h4 id=\"4-unlimited-customization-comprehensive-adaptation-from-function-to-aesthetics-\">4.\u00a0<strong>Personalizaci\u00f3n ilimitada: adaptaci\u00f3n integral desde la funci\u00f3n hasta la est\u00e9tica<\/strong><\/h4>\n<ol>\n<li><strong>Tipo y tama\u00f1o de caja<\/strong>: Admite tipos de caja como tapa superior e inferior, tipo caj\u00f3n, tapa abatible magn\u00e9tica, etc., adaptada a anillos (de 5\u00d75cm a 9\u00d79cm), collares (caja larga de 22\u00d75cm) y otros tama\u00f1os, con una tasa de error de \u22640,1mm.<\/li>\n<li><strong>Color y material<\/strong>:<\/li>\n<li><strong>Color principal<\/strong>: 12 cartas de colores Pantone que incluyen\u00a0<strong>Azul Morandi<\/strong>\u00a0y oro champ\u00e1n, y se pueden cambiar los efectos mate\/brillo;<\/li>\n<li><strong>Opciones de actualizaci\u00f3n<\/strong>: Papel flocado opcional, papel compuesto de l\u00e1minas met\u00e1licas o superficie t\u00e1ctil personalizada en relieve.<\/li>\n<li><strong>Optimizaci\u00f3n del revestimiento interior<\/strong>:<\/li>\n<li><strong>Bandeja interior troquelada de EVA<\/strong>: Precisamente cortado de acuerdo con el contorno del producto, relaci\u00f3n de vac\u00edo \u22645%, el rendimiento de amortiguaci\u00f3n cumple con la norma ASTM D4169;<\/li>\n<li><strong>Dise\u00f1o en capas<\/strong>: Se pueden a\u00f1adir bloques independientes para guardar certificados y herramientas de mantenimiento. Los estuches de referencia incluyen el forro de terciopelo de algod\u00f3n perlado de la serie Peque\u00f1o Pr\u00edncipe.<\/li>\n<\/ol>\n<h4 id=\"5-production-strength-and-delivery-guarantee-\">5.\u00a0<strong>Fuerza de producci\u00f3n y garant\u00eda de entrega<\/strong><\/h4>\n<ul>\n<li><strong>Producci\u00f3n totalmente autom\u00e1tica<\/strong>: Conectado directamente al\u00a0<strong>f\u00e1brica profesional de cajas de embalaje<\/strong>\u00a0en la regi\u00f3n del delta del r\u00edo Perla, equipada con m\u00e1s de 20 l\u00edneas de producci\u00f3n totalmente autom\u00e1ticas, que abarcan la estampaci\u00f3n en caliente, el troquelado, el encolado de cajas y otros procesos, con una capacidad de producci\u00f3n media diaria de m\u00e1s de 100.000 unidades, y la entrega se completa en 7-14 d\u00edas.<\/li>\n<li><strong>Ventajas del servicio<\/strong>:<\/li>\n<li><strong>Muestras y dise\u00f1os gratuitos<\/strong>: Los archivos de prueba en 3D se proporcionan en 48 horas, las cajas de muestras f\u00edsicas se entregan en 72 horas y se admite un pedido m\u00ednimo de 50 piezas sin gastos de versi\u00f3n;<\/li>\n<li><strong>Ventajas de precio<\/strong>: El modelo de venta directa de f\u00e1brica reduce la diferencia de precio entre intermediarios, y el precio unitario es tan bajo como 1,6 yuanes\/caja (negociable para grandes cantidades).<\/li>\n<li><strong>Normas de control de calidad<\/strong>: Certificaci\u00f3n del sistema de calidad ISO 9001 superada, capacidad de carga \u226515 kg, altura antica\u00edda 1,5 m e indemnizaci\u00f3n completa por da\u00f1os de transporte.<\/li>\n<\/ul>\n<h4 id=\"vi-technical-parameters-and-brand-empowerment-\">6. <strong>Par\u00e1metros t\u00e9cnicos y potenciaci\u00f3n de la marca<\/strong><\/h4>\n<table>\n<thead>\n<tr>\n<th>Proyecto<\/th>\n<th>Par\u00e1metros\/compromisos<\/th>\n<\/tr>\n<\/thead>\n<tbody>\n<tr>\n<td>Certificaci\u00f3n medioambiental<\/td>\n<td>FSC, SGS, RoHS, REACH<\/td>\n<\/tr>\n<tr>\n<td>Precisi\u00f3n de estampaci\u00f3n en caliente<\/td>\n<td>Precisi\u00f3n de l\u00ednea 0,1 mm, resoluci\u00f3n del patr\u00f3n 300 ppp<\/td>\n<\/tr>\n<tr>\n<td>Cantidad m\u00ednima de pedido<\/td>\n<td>500 piezas<\/td>\n<\/tr>\n<tr>\n<td>Ciclo de entrega<\/td>\n<td>7-14 d\u00edas (menos de 10.000 piezas)<\/td>\n<\/tr>\n<\/tbody>\n<\/table>\n<p><strong>Elegirnos no es s\u00f3lo elegir envases, sino dar a su marca un gen de lujo sostenible.<\/strong><\/p>","protected":false},"excerpt":{"rendered":"<p>1. La tapa y la caja base est\u00e1n bien encajadas y pueden abrirse con una sola mano para facilitar su manejo<br \/>\n2. El material de papel especial rompe con el uso del papel tradicional y se ajusta a la tendencia del desarrollo sostenible<br \/>\n3. La l\u00e1mina plateada de estampaci\u00f3n en caliente aumenta el valor a\u00f1adido del producto, y tambi\u00e9n se puede visualizar claramente el peque\u00f1o efecto de estampaci\u00f3n en caliente<\/p>","protected":false},"featured_media":8678,"template":"","meta":[],"product_brand":[],"product_cat":[30,415,425,31],"product_tag":[948,947,946],"class_list":{"0":"post-8676","1":"product","2":"type-product","3":"status-publish","4":"has-post-thumbnail","6":"product_cat-by-industry","7":"product_cat-custom-jewelry-boxes-by-industry","8":"product_cat-lid-and-base-gift-box","9":"product_cat-paper-box-style","10":"product_tag-custom-box-wholesale","11":"product_tag-necklaces-gift-box","12":"product_tag-rings-gift-box","14":"first","15":"instock","16":"shipping-taxable","17":"product-type-simple"},"_links":{"self":[{"href":"https:\/\/zojopackaging.com\/es\/wp-json\/wp\/v2\/product\/8676","targetHints":{"allow":["GET"]}}],"collection":[{"href":"https:\/\/zojopackaging.com\/es\/wp-json\/wp\/v2\/product"}],"about":[{"href":"https:\/\/zojopackaging.com\/es\/wp-json\/wp\/v2\/types\/product"}],"version-history":[{"count":2,"href":"https:\/\/zojopackaging.com\/es\/wp-json\/wp\/v2\/product\/8676\/revisions"}],"predecessor-version":[{"id":8683,"href":"https:\/\/zojopackaging.com\/es\/wp-json\/wp\/v2\/product\/8676\/revisions\/8683"}],"wp:featuredmedia":[{"embeddable":true,"href":"https:\/\/zojopackaging.com\/es\/wp-json\/wp\/v2\/media\/8678"}],"wp:attachment":[{"href":"https:\/\/zojopackaging.com\/es\/wp-json\/wp\/v2\/media?parent=8676"}],"wp:term":[{"taxonomy":"product_brand","embeddable":true,"href":"https:\/\/zojopackaging.com\/es\/wp-json\/wp\/v2\/product_brand?post=8676"},{"taxonomy":"product_cat","embeddable":true,"href":"https:\/\/zojopackaging.com\/es\/wp-json\/wp\/v2\/product_cat?post=8676"},{"taxonomy":"product_tag","embeddable":true,"href":"https:\/\/zojopackaging.com\/es\/wp-json\/wp\/v2\/product_tag?post=8676"}],"curies":[{"name":"wp","href":"https:\/\/api.w.org\/{rel}","templated":true}]}}