{"id":8684,"date":"2025-03-29T19:35:52","date_gmt":"2025-03-29T11:35:52","guid":{"rendered":"https:\/\/zojopackaging.com\/?post_type=product&#038;p=8684"},"modified":"2025-03-29T20:12:05","modified_gmt":"2025-03-29T12:12:05","slug":"premium-custom-assorted-loose-teas-gift-boxes-manufacturer","status":"publish","type":"product","link":"https:\/\/zojopackaging.com\/es\/product\/premium-custom-assorted-loose-teas-gift-boxes-manufacturer\/","title":{"rendered":"Cajas de regalo de t\u00e9s sueltos surtidos personalizados de primera calidad Fabricante"},"content":{"rendered":"<h3 id=\"product-description-of-high-quality-customized-assorted-bulk-tea-gift-box\">Caja de regalo de t\u00e9 a granel surtido personalizado de alta calidad<\/h3>\n<h4 id=\"-1-environmentally-friendly-and-sustainable-materials-157g-c2s-coated-art-paper-1200g-hardboard-\"><strong>1. Materiales ecol\u00f3gicos y sostenibles: Papel art\u00edstico estucado C2S de 157 g + tablero duro de 1200 g<\/strong><\/h4>\n<p>La caja de regalo est\u00e1 hecha de papel art\u00edstico estucado C2S de 157 g y tablero duro de 1200 g, teniendo en cuenta tanto la textura como las propiedades de protecci\u00f3n del medio ambiente. La superficie del papel estucado C2S es delicada y suave, por lo que puede presentar efectos de impresi\u00f3n de alta precisi\u00f3n, mientras que el tablero duro proporciona a la caja de regalo un soporte estructural que garantiza su resistencia a la compresi\u00f3n y su durabilidad. El material cumple la certificaci\u00f3n FSC, es degradable y reciclable, y satisface las demandas de envases ecol\u00f3gicos de los consumidores modernos.<\/p>\n<h4 id=\"-2-magnetic-box-design-embedded-magnets-taking-into-account-both-aesthetics-and-functionality-\"><strong>2. Dise\u00f1o de la caja de cierre magn\u00e9tico: imanes incrustados, teniendo en cuenta tanto la est\u00e9tica como la funcionalidad.<\/strong><\/h4>\n<p>La estructura de cierre magn\u00e9tico evita el problema de desgaste de las hebillas magn\u00e9ticas expuestas tradicionales mediante el dise\u00f1o de im\u00e1n incrustado, y mejora la suavidad de apertura y cierre y la vida \u00fatil. La l\u00ednea de la caja es sencilla y ordenada, y queda bien ajustada cuando est\u00e1 cerrada, lo que resulta visualmente m\u00e1s de gama alta. Este dise\u00f1o es especialmente adecuado para las escenas de regalos de empresa, ya que transmite una sensaci\u00f3n de refinamiento y ritual.<\/p>\n<h4 id=\"-3-geometric-design-aesthetic-balance-between-rationality-and-sensibility-\"><strong>3. Dise\u00f1o geom\u00e9trico: Equilibrio est\u00e9tico entre racionalidad y sensibilidad<\/strong><\/h4>\n<p>La superficie de la caja de regalo utiliza gr\u00e1ficos geom\u00e9tricos como lenguaje central de dise\u00f1o, y construye un equilibrio entre el orden racional y la tensi\u00f3n art\u00edstica mediante la deconstrucci\u00f3n y reorganizaci\u00f3n de elementos como tri\u00e1ngulos y c\u00edrculos. Por ejemplo, la l\u00ednea divisoria en forma de diamante simboliza las venas naturales de las hojas de t\u00e9, y el adorno circular estampado en caliente se hace eco del suave sabor de la sopa de t\u00e9. Este dise\u00f1o no s\u00f3lo transmite el estilo minimalista moderno, sino tambi\u00e9n la implicaci\u00f3n cultural del \"cuadrado y el c\u00edrculo\" en la filosof\u00eda oriental.<\/p>\n<h4 id=\"-4-cardboard-lining-both-economical-and-environmentally-friendly-advantages-\"><strong>4. Forro de cart\u00f3n: ventajas econ\u00f3micas y ecol\u00f3gicas<\/strong><\/h4>\n<p>El forro est\u00e1 troquelado con cart\u00f3n de alta densidad, y la protecci\u00f3n contra impactos se consigue mediante una estructura de nido de abeja o un dise\u00f1o en capas. El coste del cart\u00f3n es s\u00f3lo 1\/3 del del forro de EVA, y el procesamiento es flexible, lo que puede satisfacer las necesidades personalizadas de latas de t\u00e9 con formas especiales o bolsas de t\u00e9 a granel. El material no tiene adhesivos qu\u00edmicos, cumple las normas de contacto con alimentos y admite el reciclaje 100%.<\/p>\n<h4 id=\"-5-lamination-process-physical-protection-and-visual-upgrade-in-one-\"><strong>5. Proceso de laminado: protecci\u00f3n f\u00edsica y mejora visual en uno<\/strong><\/h4>\n<p>La superficie adopta un proceso de laminado al agua para formar una capa protectora transparente, a prueba de humedad, antiincrustante y resistente al desgaste. El laminado mate presenta una textura discreta, mientras que el laminado brillante realza la saturaci\u00f3n del color. Por ejemplo, la textura dorada es m\u00e1s tridimensional tras el laminado. El coste del proceso es s\u00f3lo 60% del recubrimiento UV, pero puede lograr efectos visuales de gama alta similares, lo que constituye la mejor soluci\u00f3n rentable.<\/p>\n<h4 id=\"-6-highly-customized-service-comprehensive-adaptation-from-box-type-to-printing-\"><strong>6. Servicio altamente personalizado: adaptaci\u00f3n integral desde el tipo de caja hasta la impresi\u00f3n.<\/strong><\/h4>\n<p>Admite la personalizaci\u00f3n en todas las dimensiones:<\/p>\n<ul>\n<li><strong>Tipo de caja<\/strong>M\u00e1s de 20 tipos de cajas b\u00e1sicas, como tapas superiores e inferiores, cajas con forma de libro, cajas con cajones, etc., y se pueden desarrollar estructuras con formas especiales;<\/li>\n<li><strong>Impresi\u00f3n<\/strong>estampaci\u00f3n en caliente, gofrado, UV local, serigraf\u00eda y otros procesos, compatibles con colores planos Pantone y efectos de degradado;<\/li>\n<li><strong>Funci\u00f3n<\/strong>: dise\u00f1o modular, como ranuras para juegos de t\u00e9 incorporadas, zona de envasado de bolsitas de t\u00e9 independiente y bandeja interior extra\u00edble;<\/li>\n<li><strong>Tema<\/strong>Personalizaci\u00f3n basada en escenas como festivales, negocios y bodas, como la estampaci\u00f3n en caliente de elementos del Festival del Medio Oto\u00f1o o la implantaci\u00f3n del LOGO corporativo.<\/li>\n<\/ul>\n<h4 id=\"-7-chinese-source-manufacturers-free-design-samples-high-cost-performance-\"><strong>7. Fabricantes de origen chino: dise\u00f1o gratuito + muestras + rendimiento de alto coste.<\/strong><\/h4>\n<p>Como empresa de fabricaci\u00f3n china con 10 a\u00f1os de experiencia en el campo del envasado de t\u00e9, ofrecemos:<\/p>\n<ul>\n<li><strong>Servicio de umbral cero<\/strong>Dise\u00f1o y pruebas gratuitos, pedido m\u00ednimo de 1 pieza, entrega en un plazo de 3 a 7 d\u00edas;<\/li>\n<li><strong>Precio ventajoso<\/strong>: La producci\u00f3n a gran escala reduce los costes en 30%, por ejemplo, el precio unitario de una caja magn\u00e9tica de regalo est\u00e1ndar es de s\u00f3lo $0,15 US\/pieza (a partir de 2.000 piezas);<\/li>\n<li><strong>Garant\u00eda de calidad<\/strong>: Certificado HACCP aprobado, equipado con un sistema de inspecci\u00f3n de calidad de proceso completo para garantizar una resistencia a la compresi\u00f3n \u2265200kg\/m\u00b2 y una tolerancia a la humedad \u226585%RH.<\/li>\n<\/ul>\n<h4 id=\"-cooperation-process-\"><strong>Proceso de cooperaci\u00f3n<\/strong><\/h4>\n<ol>\n<li><strong>Comunicaci\u00f3n de la demanda<\/strong>: Facilite informaci\u00f3n como categor\u00edas de t\u00e9, presupuesto, preferencias de dise\u00f1o, etc;<\/li>\n<li><strong>Dise\u00f1o del sistema<\/strong>: Salida de renderizados 3D y muestras de material en un plazo de 3 d\u00edas laborables;<\/li>\n<li><strong>Confirmaci\u00f3n de pruebas<\/strong>: Se env\u00edan muestras f\u00edsicas gratuitas y se admiten 5 ajustes de detalles;<\/li>\n<li><strong>Producci\u00f3n en serie<\/strong>: Entrega dentro de 30 d\u00edas (dentro de 20.000 piezas), apoyar el seguimiento de la log\u00edstica mundial.<\/li>\n<\/ol>\n<h3 id=\"-why-choose-us-\"><strong>\u00bfPor qu\u00e9 elegirnos?<\/strong><\/h3>\n<ul>\n<li><strong>Potenciaci\u00f3n cultural<\/strong>: Incorporar texturas caligr\u00e1ficas y elementos del patrimonio cultural inmaterial en los envases (como nubes estampadas en oro) para realzar el valor cultural de las cajas de regalo;<\/li>\n<li><strong>Servicio de ventanilla \u00fanica<\/strong>: Desde el dise\u00f1o del envase hasta la adquisici\u00f3n del t\u00e9 y el despacho aduanero log\u00edstico, nos encargamos de todo el proceso;<\/li>\n<li><strong>Compromiso sostenible<\/strong>: Sistema de trazabilidad de la huella de carbono + tinta vegetal para ayudar a la estrategia ESG de la marca.<\/li>\n<\/ul>\n<p><strong>Obtenga muestras y presupuestos gratuitos ahora<\/strong>: Env\u00ede un mensaje privado o visite el sitio web oficial para iniciar su exclusivo viaje de personalizaci\u00f3n de cajas de t\u00e9 para regalo.<\/p>","protected":false},"excerpt":{"rendered":"<p>1. Papel estucado C2S de 157 g, cart\u00f3n r\u00edgido de 1200 g, materiales ecol\u00f3gicos y sostenibles<br \/>\n2. Tipo de caja de cierre magn\u00e9tico, dise\u00f1o de im\u00e1n incrustado para evitar el desgaste externo, haciendo que la caja de embalaje parezca de alta gama.<br \/>\n3. El dise\u00f1o geom\u00e9trico equilibra racionalidad y sensibilidad, al tiempo que tiene en cuenta la profundidad est\u00e9tica y el pragmatismo<\/p>","protected":false},"featured_media":8685,"template":"","meta":[],"product_brand":[],"product_cat":[30,422,424,31],"product_tag":[951,949,950],"class_list":{"0":"post-8684","1":"product","2":"type-product","3":"status-publish","4":"has-post-thumbnail","6":"product_cat-by-industry","7":"product_cat-custom-gourmet-boxes-by-industry","8":"product_cat-magnetic-closure-boxes","9":"product_cat-paper-box-style","10":"product_tag-custom-assorted-boxes","11":"product_tag-loose-teas-gift-boxes","12":"product_tag-teas-gift-boxes-manufacturer","14":"first","15":"instock","16":"shipping-taxable","17":"product-type-simple"},"_links":{"self":[{"href":"https:\/\/zojopackaging.com\/es\/wp-json\/wp\/v2\/product\/8684","targetHints":{"allow":["GET"]}}],"collection":[{"href":"https:\/\/zojopackaging.com\/es\/wp-json\/wp\/v2\/product"}],"about":[{"href":"https:\/\/zojopackaging.com\/es\/wp-json\/wp\/v2\/types\/product"}],"version-history":[{"count":1,"href":"https:\/\/zojopackaging.com\/es\/wp-json\/wp\/v2\/product\/8684\/revisions"}],"predecessor-version":[{"id":8690,"href":"https:\/\/zojopackaging.com\/es\/wp-json\/wp\/v2\/product\/8684\/revisions\/8690"}],"wp:featuredmedia":[{"embeddable":true,"href":"https:\/\/zojopackaging.com\/es\/wp-json\/wp\/v2\/media\/8685"}],"wp:attachment":[{"href":"https:\/\/zojopackaging.com\/es\/wp-json\/wp\/v2\/media?parent=8684"}],"wp:term":[{"taxonomy":"product_brand","embeddable":true,"href":"https:\/\/zojopackaging.com\/es\/wp-json\/wp\/v2\/product_brand?post=8684"},{"taxonomy":"product_cat","embeddable":true,"href":"https:\/\/zojopackaging.com\/es\/wp-json\/wp\/v2\/product_cat?post=8684"},{"taxonomy":"product_tag","embeddable":true,"href":"https:\/\/zojopackaging.com\/es\/wp-json\/wp\/v2\/product_tag?post=8684"}],"curies":[{"name":"wp","href":"https:\/\/api.w.org\/{rel}","templated":true}]}}